{"id":6180,"date":"2022-02-11T21:16:38","date_gmt":"2022-02-11T20:16:38","guid":{"rendered":"https:\/\/fengchashop.com\/se\/product\/astragalus-i-pulver-bio-250-g\/"},"modified":"2026-04-30T07:45:58","modified_gmt":"2026-04-30T05:45:58","slug":"astragalus-i-pulver-bio","status":"publish","type":"product","link":"https:\/\/fengchashop.com\/se\/product\/astragalus-i-pulver-bio\/","title":{"rendered":"Astragalus i pulver BIO 250 g"},"content":{"rendered":"<h2><span style=\"color: #000000\">Astragalus pulver BIO<\/span><\/h2>\n<p><span style=\"color: #000000\">Astragalus \u00e4r en buske som faktiskt tillh\u00f6r<strong> baljv\u00e4xtfamiljen.<\/strong> D\u00e4rav namnet \u00e4rta. Den har <strong>anv\u00e4nts<\/strong> som <strong>medicinalv\u00e4xt<\/strong> i TCM i Kina i <strong>mer \u00e4n 2000 \u00e5r<\/strong>. Den nyttiga delen av v\u00e4xten \u00e4r inte frukten eller bladen, utan de soltorkade r\u00f6tterna. De b\u00e4sta r\u00f6tterna \u00e4r de som \u00e4r tjocka, fasta och s\u00f6ta.<\/span><\/p>\n<p><span style=\"color: #000000\">Den anv\u00e4nds traditionellt i Kina som en <strong>tonic f\u00f6r hela kroppen<\/strong> och \u00e4r en extremt kraftfull antioxidant som framg\u00e5ngsrikt bek\u00e4mpar alla typer av inflammation. Den anses ocks\u00e5 vara en adaptogen \u00f6rt, vilket inneb\u00e4r att den st\u00e4rker kroppens alla organsystem. Den st\u00f6r inte deras naturliga funktion. Den \u00f6verstimulerar inte heller organen och \u00e5terst\u00e4ller kroppen till ett obalanserat tillst\u00e5nd. Det \u00e4r d\u00e4rf\u00f6r den ibland kallas<strong>&#8221;den stora beskyddaren<\/strong>&#8221;.<\/span><\/p>\n<p><span style=\"color: #000000\">Astragalus \u00e4r en extremt rik k\u00e4lla till specifika antioxidanter och selen. P\u00e5 grund av dess adaptogenicitet anv\u00e4nds den f\u00f6r olika tillst\u00e5nd i kroppen som indikerar en obalans. Astragalus anv\u00e4nds ocks\u00e5 ofta som en \u00f6rt mot \u00e5ldrande. Den anses ocks\u00e5 reglera blodtryck, blodsocker och kolesterol. Den st\u00e4rker immunf\u00f6rsvaret och fungerar f\u00f6rebyggande mot influensa och f\u00f6rkylning.<\/span><\/p>\n<p><span style=\"color: #000000\">Den kan ocks\u00e5 anv\u00e4ndas mot<strong> nattliga svettningar och klimakteriebesv\u00e4r<\/strong>, ger<strong> energi till cellerna, st\u00e4rker muskulaturen och f\u00f6rb\u00e4ttrar \u00e4mnesoms\u00e4ttningen, st\u00f6der binjurarna och g\u00f6r blodet tunnare<\/strong> (liknande aspirin). I vissa fall kan den ocks\u00e5 anv\u00e4ndas i samr\u00e5d med en l\u00e4kare f\u00f6r att st\u00f6dja cancerpatienter som genomg\u00e5r str\u00e5lbehandling och kemoterapi och aidssjuka.<\/span><\/p>\n<p><span style=\"color: #000000\">Pulvret kan ocks\u00e5 g\u00f6ras till ett te genom att koka en matsked astragaluspulver med en kopp vatten. L\u00e5t st\u00e5 i 1 timme och sila sedan. Drick det i sm\u00e5 klunkar under dagen.<\/span><\/p>\n<p><span style=\"color: #000000\">Astragalus anv\u00e4nds ofta i kombination<strong> med andra \u00f6rter och v\u00e4xter, t.ex. angelika, gurkmeja, ginseng, ashwagandha och spirulina<\/strong>.<\/span><\/p>\n<p><span style=\"color: #000000\">Astragalus f\u00f6rknippas med att f\u00f6rl\u00e4nga livet eftersom:<\/span><\/p>\n<p><span style=\"color: #000000\"> <strong> \ud83d\udc9a den \u00e4r en adaptogen<\/strong> &#8211; den hj\u00e4lper till att \u00f6vervinna alla typer av stress (fysisk, k\u00e4nslom\u00e4ssig och mental),<\/span><\/p>\n<p><span style=\"color: #000000\"> \ud83d\udc9a det \u00e4r en <strong>utm\u00e4rkt antioxidant<\/strong>och hj\u00e4lper till med snabbare \u00e5terh\u00e4mtning och st\u00e4rker sinnet och kroppen,<\/span><\/p>\n<p><span style=\"color: #000000\"> <strong> \ud83d\udc9a skyddar kroppen<\/strong> mot utvecklingen av nya sjukdomar,<\/span><\/p>\n<p><span style=\"color: #000000\"> \ud83d\udc9a stimulerar aptiten och hj\u00e4lper till att \u00f6vervinna <strong>tr\u00f6tthet,<\/strong><\/span><\/p>\n<p><span style=\"color: #000000\"> \ud83d\udc9a stimulerar <strong> immunf\u00f6rsvaret<\/strong> och d\u00e4rmed de vita blodkropparna,<\/span><\/p>\n<p><span style=\"color: #000000\"> <strong>\ud83d\udc9a st\u00e4rker funktionerna i vitala organ<\/strong> som njurar och hj\u00e4rta,<\/span><\/p>\n<p><span style=\"color: #000000\"> \ud83d\udc9a <strong>st\u00e4rker muskulaturen<\/strong> och fr\u00e4mjar den naturliga positioneringen av organen, vilket h\u00e5ller oss uppr\u00e4tta,<\/span><\/p>\n<p><span style=\"color: #000000\"> \ud83d\udc9a p\u00e5skyndar <strong>eliminering av toxiner<\/strong> genom huden, fungerar som ett milt diuretikum och kontrollerar \u00f6verdriven svettning.<\/span><\/p>\n<h2><span style=\"color: #000000\">F\u00f6rvaring och varningar<\/span><\/h2>\n<p><span style=\"color: #000000\">F\u00f6rvaras p\u00e5 en sval och torr plats. F\u00f6rvara kosttillskottet utom r\u00e4ckh\u00e5ll f\u00f6r barn!<\/span><\/p>\n<p><span style=\"color: #000000\">Kom ih\u00e5g vikten av en varierad kost och en h\u00e4lsosam livsstil, ett kosttillskott \u00e4r d\u00e4rf\u00f6r inte en ers\u00e4ttning f\u00f6r en balanserad och varierad kost. Den rekommenderade dagliga m\u00e4ngden eller dosen b\u00f6r inte \u00f6verskridas. Gravida och ammande kvinnor rekommenderas alltid att r\u00e5dg\u00f6ra med l\u00e4kare f\u00f6re anv\u00e4ndning.<\/span><\/p>\n<h2><span style=\"color: #000000\">F\u00f6rpackning<\/span><\/h2>\n<p><span style=\"color: #000000\">Icke-genomsl\u00e4pplig zip-lock-p\u00e5se d\u00e4r produkten beh\u00e5ller all sin fr\u00e4sch\u00f6r och arom. F\u00f6rpackningen skyddar produkten fr\u00e5n ljus och luft, eftersom den best\u00e5r av flera lager av skydd f\u00f6r att bevara inneh\u00e5llets egenskaper.<\/span><\/p>\n<p><span style=\"color: #000000\">F\u00f6rpackningen \u00e4r mycket praktisk och \u00e5tervinningsbar.<\/span><\/p>\n<h2><span style=\"color: #000000\">Ursprung<\/span><\/h2>\n<p><span style=\"color: #000000\">Kina. Vi har mycket p\u00e5litliga leverant\u00f6rer som skickar oss en detaljerad kemisk analys av livsmedlet f\u00f6r varje parti. Under mer \u00e4n tio \u00e5r har vi inte haft n\u00e5gra \u00e5terkallelser eller andra problem med denna vara, inte heller med andra varor fr\u00e5n samma leverant\u00f6r. Artikeln \u00e4r 100 % certifierat ekologisk.<\/span><\/p>\n","protected":false},"excerpt":{"rendered":"<p align=\"JUSTIFY\">Den anv\u00e4nds traditionellt i Kina som en <strong>tonic f\u00f6r hela kroppen<\/strong> och \u00e4r en extremt kraftfull antioxidant som framg\u00e5ngsrikt bek\u00e4mpar alla typer av inflammation. Den anses ocks\u00e5 vara en adaptogen \u00f6rt, vilket inneb\u00e4r att den st\u00e4rker kroppens alla organsystem. Den st\u00f6r inte deras naturliga funktion. Den \u00f6verstimulerar inte heller organen och \u00e5terst\u00e4ller kroppen till ett obalanserat tillst\u00e5nd. Det \u00e4r d\u00e4rf\u00f6r det ibland kallas den<strong>&#8221;stora beskyddaren&#8221; av<\/strong> sot:<\/p>\n<p align=\"JUSTIFY\">\ud83d\udc9a det \u00e4r en adaptogen &#8211; det hj\u00e4lper till att \u00f6vervinna alla typer av stress (fysisk, emotionell och mental),<br \/>\n\ud83d\udc9a det \u00e4r en fantastisk antioxidant och hj\u00e4lper till att p\u00e5skynda \u00e5terh\u00e4mtningen och st\u00e4rker sinnet och kroppen,<br \/>\n\ud83d\udc9a skyddar kroppen mot utvecklingen av nya sjukdomar,<br \/>\n\ud83d\udc9a stimulerar aptiten och hj\u00e4lper till att \u00f6vervinna tr\u00f6tthet,<br \/>\n\ud83d\udc9a stimulerar immunf\u00f6rsvaret och d\u00e4rmed de vita blodkropparna.<\/p>\n","protected":false},"featured_media":5932,"comment_status":"open","ping_status":"closed","template":"","meta":{"_acf_changed":false},"product_brand":[],"product_cat":[225,224,226],"product_tag":[],"class_list":{"0":"post-6180","1":"product","2":"type-product","3":"status-publish","4":"has-post-thumbnail","6":"product_cat-alla-produkter","7":"product_cat-erbjudande","8":"product_cat-supermat","10":"first","11":"instock","12":"sale","13":"taxable","14":"shipping-taxable","15":"purchasable","16":"product-type-simple"},"acf":[],"_links":{"self":[{"href":"https:\/\/fengchashop.com\/se\/wp-json\/wp\/v2\/product\/6180","targetHints":{"allow":["GET"]}}],"collection":[{"href":"https:\/\/fengchashop.com\/se\/wp-json\/wp\/v2\/product"}],"about":[{"href":"https:\/\/fengchashop.com\/se\/wp-json\/wp\/v2\/types\/product"}],"replies":[{"embeddable":true,"href":"https:\/\/fengchashop.com\/se\/wp-json\/wp\/v2\/comments?post=6180"}],"wp:featuredmedia":[{"embeddable":true,"href":"https:\/\/fengchashop.com\/se\/wp-json\/wp\/v2\/media\/5932"}],"wp:attachment":[{"href":"https:\/\/fengchashop.com\/se\/wp-json\/wp\/v2\/media?parent=6180"}],"wp:term":[{"taxonomy":"product_brand","embeddable":true,"href":"https:\/\/fengchashop.com\/se\/wp-json\/wp\/v2\/product_brand?post=6180"},{"taxonomy":"product_cat","embeddable":true,"href":"https:\/\/fengchashop.com\/se\/wp-json\/wp\/v2\/product_cat?post=6180"},{"taxonomy":"product_tag","embeddable":true,"href":"https:\/\/fengchashop.com\/se\/wp-json\/wp\/v2\/product_tag?post=6180"}],"curies":[{"name":"wp","href":"https:\/\/api.w.org\/{rel}","templated":true}]}}