{"id":6165,"date":"2022-02-11T20:17:52","date_gmt":"2022-02-11T19:17:52","guid":{"rendered":"https:\/\/fengchashop.com\/se\/product\/kalcium-500-g\/"},"modified":"2026-04-29T10:23:57","modified_gmt":"2026-04-29T08:23:57","slug":"kalcium","status":"publish","type":"product","link":"https:\/\/fengchashop.com\/se\/product\/kalcium\/","title":{"rendered":"Kalcium 500 g"},"content":{"rendered":"<h2><span style=\"color: #000000\">Kalciumkarbonat <\/span><\/h2>\n<p><span style=\"color: #000000\">Kalcium \u00e4r en av de vanligaste<strong> mineralerna i v\u00e5ra kroppar.<\/strong> \u00c4ven om kalcium fr\u00e4mst f\u00f6rknippas med skelettet har det m\u00e5nga andra viktiga funktioner i m\u00e4nniskokroppen. Faktum \u00e4r att kalcium \u00e4r en komponent i benv\u00e4vnad och d\u00e4rmed p\u00e5verkar benens h\u00e5rdhet. D\u00e4rf\u00f6r \u00e4r det mycket viktigt att \u00e4ta kalciumrika livsmedel under barndomen, n\u00e4r vi v\u00e4xer. Det \u00e4r ocks\u00e5 mycket viktigt under klimakteriet, d\u00e5 den hormonella obalans som detta medf\u00f6r ofta p\u00e5verkar absorptionen av kalcium och d\u00e4rmed minskar bent\u00e4theten. Detsamma g\u00e4ller mer eller mindre f\u00f6r de flesta \u00e4ldre vuxna. Kalcium spelar ocks\u00e5 en viktig roll vid graviditet.<\/span><\/p>\n<p><span style=\"color: #000000\"><strong>Kalcium p\u00e5verkar normal cell- och muskelfunktion, ben- och tandh\u00e4lsa, matsm\u00e4ltningsenzymernas normala funktion, korrekt blodkoagulering, \u00f6verf\u00f6ring av nervimpulser och normal fris\u00e4ttning av energi i \u00e4mnesoms\u00e4ttningen. Brist<\/strong> p\u00e5 dessa \u00e4mnen<strong> leder<\/strong> ofta<strong> till osteoporos<\/strong>, en annan mycket vanlig sjukdom i modern tid.<\/span><\/p>\n<p><span style=\"color: #000000\">Kalcium i form av kalciumkarbonat \u00e4r en<strong> naturlig och s\u00e4ker form av kalcium<\/strong> som kosttillskott. Det absorberas v\u00e4l och har en optimal avkastning.<\/span><\/p>\n<p><span style=\"color: #000000\">Kalcium b\u00f6r tillf\u00f6ras kroppen regelbundet, s\u00e4rskilt under perioder av accelererad tillv\u00e4xt och graviditet. Detta uppn\u00e5s b\u00e4st genom en varierad och balanserad kost som \u00e4r naturligt rik p\u00e5 kalcium. Kosttillskott rekommenderas dock, s\u00e4rskilt f\u00f6r dem som konsumerar mycket lite eller inga mejeriprodukter. Det rekommenderas ocks\u00e5 f\u00f6r kvinnor i klimakteriet och alla \u00e4ldre vuxna.<\/span><\/p>\n<p><span style=\"color: #000000\">Kosttillskottet \u00e4r av mycket h\u00f6g kvalitet och uppn\u00e5r koncentrationer av element\u00e4rt kalcium p\u00e5 upp till 40 %.<\/span><\/p>\n<h2><span style=\"color: #000000\">Varf\u00f6r v\u00e4lja kalciumkarbonat?<\/span><\/h2>\n<p><span style=\"color: #000000\">Det finns flera typer eller former av kalciumtillskott. De kallas kalciumsalter. Det kan vara kalciumglukonat, kalciumkarbonat, kalciumcitrat etc. Kalciumcitrat \u00e4r till exempel utm\u00e4rkt f\u00f6r dem som har problem med f\u00f6r lite magsyra eller som tar magsyrah\u00e4mmare, eftersom det inte beh\u00f6ver syra f\u00f6r att absorberas bra och korrekt. Kalciumkarbonat, \u00e5 andra sidan, \u00e4r den vanligaste formen av kalcium i kosttillskott och har visat sig vara s\u00e4kert och s\u00e4kerst\u00e4lla god absorption. Det rekommenderas att tas omedelbart efter m\u00e5ltid f\u00f6r \u00e4ldre personer och en timme f\u00f6re eller tv\u00e5 timmar efter m\u00e5ltid f\u00f6r yngre personer.<\/span><\/p>\n<h2><span style=\"color: #000000\">Vilken effekt har kalciumintag p\u00e5 kroppen?<\/span><\/h2>\n<p><span style=\"color: #000000\">D-vitamin spelar ocks\u00e5 en viktig roll f\u00f6r korrekt absorption och normala niv\u00e5er av kalcium i blodet. Kalcium hj\u00e4lper sedan till att:<\/span><\/p>\n<p><span style=\"color: #000000\"> \ud83d\udc9a bibeh\u00e5lla<strong> friska t\u00e4nder och ben<\/strong>,<\/span><\/p>\n<p><span style=\"color: #000000\"> \ud83d\udc9a korrekt<strong> blodkoagulering,<\/strong><\/span><\/p>\n<p><span style=\"color: #000000\"> \ud83d\udc9a <strong>frig\u00f6rande av energi f\u00f6r \u00e4mnesoms\u00e4ttningen,<\/strong><\/span><\/p>\n<p><span style=\"color: #000000\"> \ud83d\udc9a normal <strong>\u00f6verf\u00f6ring av nervimpulser och musklernas och matsm\u00e4ltningsenzymernas funktion,<\/strong><\/span><\/p>\n<p><span style=\"color: #000000\"><strong>\ud83d\udc9a celldelning och specialisering<\/strong>.<\/span><\/p>\n<h2><span style=\"color: #000000\">Vilka \u00e4r f\u00f6rdelarna med v\u00e5rt kalciumkarbonat?<\/span><\/h2>\n<p><span style=\"color: #000000\">V\u00e5rt eget kalciumkarbonatpulver \u00e4r naturligt utvunnet. Det inneh\u00e5ller ett mycket rent pulver och en h\u00f6g koncentration av element\u00e4rt kalcium. Samtidigt inneh\u00e5ller det inga o\u00f6nskade tillsatser som socker, gluten, soja etc.<\/span><\/p>\n<h2><span style=\"color: #000000\">F\u00f6rpackning<\/span><\/h2>\n<p><span style=\"color: #000000\">Icke-genomsl\u00e4pplig zip-lock-p\u00e5se d\u00e4r produkten beh\u00e5ller all sin fr\u00e4sch\u00f6r och arom. F\u00f6rpackningen skyddar mot ljus och luft, eftersom den best\u00e5r av flera skyddslager som bevarar inneh\u00e5llets egenskaper.<\/span><\/p>\n<p><span style=\"color: #000000\">F\u00f6rpackningen \u00e4r mycket praktisk och \u00e5tervinningsbar.<\/span><\/p>\n<h2><span style=\"color: #000000\">F\u00f6rvaring och varningar<\/span><\/h2>\n<p><span style=\"color: #000000\">F\u00f6rvaras svalt och torrt vid en temperatur p\u00e5 upp till 25 \u00b0C. F\u00f6rvara kosttillskottet utom r\u00e4ckh\u00e5ll f\u00f6r barn!<\/span><\/p>\n<p><span style=\"color: #000000\">R\u00e5dg\u00f6r med din l\u00e4kare om du samtidigt tar antibiotika eller n\u00e5got annat l\u00e4kemedel.<\/span><\/p>\n<p><span style=\"color: #000000\">Kom ih\u00e5g vikten av en varierad kost och en h\u00e4lsosam livsstil, ett kosttillskott \u00e4r inte ett substitut f\u00f6r en balanserad och varierad kost. Den rekommenderade dagliga m\u00e4ngden eller dosen b\u00f6r inte \u00f6verskridas. Gravida och ammande kvinnor rekommenderas alltid att r\u00e5dg\u00f6ra med l\u00e4kare f\u00f6re anv\u00e4ndning. Ej l\u00e4mplig f\u00f6r barn.<\/span><\/p>\n<h2><span style=\"color: #000000\">Ursprung<\/span><\/h2>\n<p><span style=\"color: #000000\">Italien<\/span><\/p>\n","protected":false},"excerpt":{"rendered":"<p align=\"JUSTIFY\">Kalcium \u00e4r en av de vanligaste <strong>mineralerna i v\u00e5ra kroppar<\/strong>. \u00c4ven om kalcium oftast f\u00f6rknippas med skelettet har det m\u00e5nga andra viktiga funktioner i m\u00e4nniskokroppen. Faktum \u00e4r att kalcium \u00e4r en komponent i benv\u00e4vnad och d\u00e4rmed p\u00e5verkar benens h\u00e5rdhet. Kalcium hj\u00e4lper till att:<\/p>\n<p>\ud83d\udc9a bibeh\u00e5lla friska t\u00e4nder och ben,<br \/>\n\ud83d\udc9a korrekt blodkoagulering,<br \/>\n\ud83d\udc9a fris\u00e4ttning av energi f\u00f6r \u00e4mnesoms\u00e4ttningen,<br \/>\n\ud83d\udc9a normal \u00f6verf\u00f6ring av nervimpulser och musklernas och matsm\u00e4ltningsenzymernas funktion,<br \/>\n\ud83d\udc9a celldelning och specialisering.<\/p>\n","protected":false},"featured_media":5953,"comment_status":"open","ping_status":"closed","template":"","meta":{"_acf_changed":false},"product_brand":[],"product_cat":[225,224,231],"product_tag":[],"class_list":{"0":"post-6165","1":"product","2":"type-product","3":"status-publish","4":"has-post-thumbnail","6":"product_cat-alla-produkter","7":"product_cat-erbjudande","8":"product_cat-mineraler-vitaminer","10":"first","11":"instock","12":"sale","13":"taxable","14":"shipping-taxable","15":"purchasable","16":"product-type-simple"},"acf":[],"_links":{"self":[{"href":"https:\/\/fengchashop.com\/se\/wp-json\/wp\/v2\/product\/6165","targetHints":{"allow":["GET"]}}],"collection":[{"href":"https:\/\/fengchashop.com\/se\/wp-json\/wp\/v2\/product"}],"about":[{"href":"https:\/\/fengchashop.com\/se\/wp-json\/wp\/v2\/types\/product"}],"replies":[{"embeddable":true,"href":"https:\/\/fengchashop.com\/se\/wp-json\/wp\/v2\/comments?post=6165"}],"wp:featuredmedia":[{"embeddable":true,"href":"https:\/\/fengchashop.com\/se\/wp-json\/wp\/v2\/media\/5953"}],"wp:attachment":[{"href":"https:\/\/fengchashop.com\/se\/wp-json\/wp\/v2\/media?parent=6165"}],"wp:term":[{"taxonomy":"product_brand","embeddable":true,"href":"https:\/\/fengchashop.com\/se\/wp-json\/wp\/v2\/product_brand?post=6165"},{"taxonomy":"product_cat","embeddable":true,"href":"https:\/\/fengchashop.com\/se\/wp-json\/wp\/v2\/product_cat?post=6165"},{"taxonomy":"product_tag","embeddable":true,"href":"https:\/\/fengchashop.com\/se\/wp-json\/wp\/v2\/product_tag?post=6165"}],"curies":[{"name":"wp","href":"https:\/\/api.w.org\/{rel}","templated":true}]}}