{"id":6163,"date":"2022-02-11T19:51:31","date_gmt":"2022-02-11T18:51:31","guid":{"rendered":"https:\/\/fengchashop.com\/se\/product\/elixir-mix-bio-125-g\/"},"modified":"2026-04-29T01:47:10","modified_gmt":"2026-04-28T23:47:10","slug":"elixir-mix-bio","status":"publish","type":"product","link":"https:\/\/fengchashop.com\/se\/product\/elixir-mix-bio\/","title":{"rendered":"Elixir mix BIO 125 g"},"content":{"rendered":"<h2><span style=\"color: #000000\">Elixir mix BIO pulver av medicinsk svamp<\/span><\/h2>\n<p><span style=\"color: #000000\">Elixir mix anv\u00e4nds som ett st\u00f6d f\u00f6r<strong>immunsystemstimulering, h\u00e4lsosamt hj\u00e4rta och cirkulation, energiboost, anti-stress, anti-cancer och anti-ageing.<\/strong> <strong>P\u00e5 grund av s\u00e5dana viktiga och allomfattande effekter rekommenderar vi att du tar mixen rent f\u00f6r alla som vill uppfylla villkoren f\u00f6r ett l\u00e5ngt och h\u00e4lsosamt liv.<\/strong> Blandningen erbjuder det bredaste spektrumet av balanserade \u00e5tg\u00e4rder tack vare de hundratals olika aktiva komponenter som den inneh\u00e5ller. Den best\u00e5r av tre svamparter, Ganoderma lucidum, \u00e4ven k\u00e4nd som Reishi, Cordyceps och Inonotus obliquus, \u00e4ven k\u00e4nd som Chaga.<\/span><\/p>\n<p><span style=\"color: #000000\">Elixir Mix erbjuder det bredaste spektrumet av balanserad verkan tack vare de hundratals olika aktiva komponenter som den inneh\u00e5ller.<\/span><\/p>\n<p><span style=\"color: #000000\">Detta breda spektrum av svamparter resulterar i en bredspektrumverkan och p\u00e5skyndad f\u00f6rebyggande verkan mot allm\u00e4n svaghet.<\/span><\/p>\n<p><span style=\"color: #000000\">Anv\u00e4ndningen av produkten \u00e4r ganska enkel och kr\u00e4ver inga f\u00f6rberedelser eller f\u00e4rdigheter. Svamparna mals till ett fint pulver som inte inneh\u00e5ller n\u00e5gra partiklar. Produkten \u00e4r d\u00e4rf\u00f6r klar f\u00f6r anv\u00e4ndning. Dosera helt enkelt direkt fr\u00e5n f\u00f6rpackningen i din favoritdryck, r\u00f6r om och drick.<\/span><\/p>\n<h2><span style=\"color: #000000\">Varf\u00f6r anv\u00e4nda v\u00e5r Elixir-mix?<\/span><\/h2>\n<p><span style=\"color: #000000\">Som namnet antyder \u00e4r mixen ett verkligt elixir f\u00f6r h\u00e4lsa, ungdomlighet och v\u00e4lbefinnande. Den har noggrant formulerats baserat p\u00e5 observationer och resultat fr\u00e5n anv\u00e4ndare av mixen och av medicinska svampar i allm\u00e4nhet. Resultaten av m\u00e5nga nationella och internationella studier har ocks\u00e5 beaktats vid framst\u00e4llningen av denna speciella blandning. Och \u00e4ven om medicinska svampar har mycket komplexa verkningsmekanismer som vetenskapen \u00e4nnu inte har kunnat f\u00f6rklara, vet vi att de har en gynnsam<strong> effekt p\u00e5 v\u00e5rt immunsystem, p\u00e5 v\u00e5rt v\u00e4lbefinnande och p\u00e5 de naturliga processer som \u00e4ger rum i v\u00e5r organism varje dag<\/strong>. Immunsystemet ansvarar f\u00f6r att bek\u00e4mpa fr\u00e4mmande kroppar i v\u00e5r kropp. Oavsett om det \u00e4r ett enkelt virus som orsakar en f\u00f6rkylning eller en samling celler som representerar en cancer. Det \u00e4r d\u00e4rf\u00f6r ett friskt och starkt immunf\u00f6rsvar \u00e4r s\u00e5 viktigt. Lika <strong>viktiga<\/strong> \u00e4r <strong>antioxidanterna som<\/strong> skyddar oss mot den oxidativa stress som orsakar m\u00e5nga sjukdomar och f\u00f6r tidigt \u00e5ldrande. Blandningen inneh\u00e5ller ocks\u00e5 Chaga, som anses vara <strong>adaptogen<\/strong>. Adaptogena v\u00e4xter anpassar sina aktiva ingredienser efter kroppens behov. De ger oss energi och minskar stress.<\/span><\/p>\n<p><span style=\"color: #000000\">Produktionen av v\u00e5ra medicinska svampar \u00e4r strikt kontrollerad, utan anv\u00e4ndning av kemikalier eller bek\u00e4mpningsmedel och<strong> 100 % ekologisk<\/strong>. Alla svampar odlas i Slovenien. <\/span><\/p>\n<h2><span style=\"color: #000000\">Vem \u00e4r Elixir-mixen till f\u00f6r och vilka \u00e4r dess effekter?<\/span><\/h2>\n<p><span style=\"color: #000000\">Elixir-mixen \u00e4r faktiskt till f\u00f6r alla som vill<strong> f\u00f6rb\u00e4ttra sitt allm\u00e4nna v\u00e4lbefinnande genom att \u00f6ka motst\u00e5ndskraften mot sjukdomar, f\u00e5 mer fysisk energi, minska effekterna av stress och f\u00f6rhindra att kroppen \u00e5ldras i f\u00f6rtid<\/strong>. Det \u00e4r ocks\u00e5 f\u00f6r dem som vill prova p\u00e5 medicinska svampar och st\u00e4rka sin kropp p\u00e5 ett naturligt s\u00e4tt. Det \u00e4r ocks\u00e5 ett utm\u00e4rkt naturligt kosttillskott, eftersom svamp har ett h\u00f6gt n\u00e4ringsv\u00e4rde &#8211; v\u00e4rdefulla n\u00e4rings\u00e4mnen, sp\u00e5rmineraler, vitaminer, makromineraler, fibrer, protein. Medicinska svampar har en rik historia inom kinesisk medicin och l\u00e4kekonst, och m\u00e4nniskan v\u00e4nder sig alltmer tillbaka till naturen f\u00f6r att f\u00e5 b\u00e4ttre h\u00e4lsa.<\/span><\/p>\n<p><span style=\"color: #000000\">V\u00e5r Elixir-mix \u00e4r ett riktigt elixir f\u00f6r h\u00e4lsa, v\u00e4lbefinnande och god energi. Dess positiva effekter p\u00e5 kroppen \u00e4r f\u00f6ljande:<\/span><\/p>\n<p><span style=\"color: #000000\"> <strong> \ud83d\udc9a Stimulerar immunf\u00f6rsvaret,<\/strong><\/span><\/p>\n<p><span style=\"color: #000000\"> \ud83d\udc9a arbetar mot cancerceller, <\/span><\/p>\n<p><span style=\"color: #000000\"> \ud83d\udc9a det \u00e4r f\u00f6rdelaktigt f\u00f6r<strong> ett h\u00e4lsosamt hj\u00e4rta och cirkulationssystem,<\/strong><\/span><\/p>\n<p><span style=\"color: #000000\"> \ud83d\udc9a reglerar<strong> blodtrycket,<\/strong><\/span><\/p>\n<p><span style=\"color: #000000\"> \ud83d\udc9a f\u00f6rb\u00e4ttrar<strong> fysisk uth\u00e5llighet,<\/strong><\/span><\/p>\n<p><span style=\"color: #000000\"> \ud83d\udc9a \u00f6kar<strong> fysisk energi,<\/strong><\/span><\/p>\n<p><span style=\"color: #000000\"> \ud83d\udc9a arbetar <strong>mot stress,<\/strong><\/span><\/p>\n<p><span style=\"color: #000000\"> \ud83d\udc9a f\u00f6rb\u00e4ttrar <strong>mentala f\u00f6rm\u00e5gor,<\/strong><\/span><\/p>\n<p><span style=\"color: #000000\"> \ud83d\udc9a det fungerar p\u00e5 kroppen f\u00f6r att bek\u00e4mpa och bek\u00e4mpa \u00e5ldrande,<\/span><\/p>\n<p><span style=\"color: #000000\"> \ud83d\udc9a reglerar muskel- och nervfunktion,<\/span><\/p>\n<p><span style=\"color: #000000\"> \ud83d\udc9a som en<strong> kraftfull antioxidant eliminerar den fria radikaler.<\/strong><\/span><\/p>\n<h2><span style=\"color: #000000\">F\u00f6rpackning<\/span><\/h2>\n<p><span style=\"color: #000000\">Icke-genomsl\u00e4pplig zip-lock-p\u00e5se d\u00e4r produkten beh\u00e5ller all sin fr\u00e4sch\u00f6r och arom. F\u00f6rpackningen skyddar mot ljus och luft, eftersom den best\u00e5r av flera skyddslager som bevarar inneh\u00e5llets egenskaper.<\/span><\/p>\n<p><span style=\"color: #000000\">F\u00f6rpackningen \u00e4r mycket praktisk och \u00e5tervinningsbar.<\/span><\/p>\n<h2><span style=\"color: #000000\">F\u00f6rvaring och varningar<\/span><\/h2>\n<p><span style=\"color: #000000\">F\u00f6rvaras p\u00e5 en sval och torr plats. F\u00f6rvara kosttillskottet utom r\u00e4ckh\u00e5ll f\u00f6r barn!<\/span><\/p>\n<p><span style=\"color: #000000\">Kom ih\u00e5g vikten av en varierad kost och en h\u00e4lsosam livsstil, ett kosttillskott \u00e4r d\u00e4rf\u00f6r inte en ers\u00e4ttning f\u00f6r en balanserad och varierad kost. Den rekommenderade dagliga m\u00e4ngden eller dosen b\u00f6r inte \u00f6verskridas. Gravida och ammande kvinnor rekommenderas alltid att r\u00e5dfr\u00e5ga l\u00e4kare f\u00f6re anv\u00e4ndning.<\/span><\/p>\n<h2><span style=\"color: #000000\">Bra att veta<\/span><\/h2>\n<p><span style=\"color: #000000\">Produkten \u00e4r ocks\u00e5 l\u00e4mplig f\u00f6r djur. I de flesta fall visar sig medicinska svampar vara extremt effektiva f\u00f6r att st\u00e4rka immunf\u00f6rsvaret, eliminera allergier och hudsjukdomar samt virus- och bakterieinfektioner. Elixir mix har ocks\u00e5 en inverkan p\u00e5 djurets allm\u00e4nna v\u00e4lbefinnande. R\u00e5dg\u00f6r med din veterin\u00e4r f\u00f6re anv\u00e4ndning om det \u00e4r l\u00e4mpligt att ta och den rekommenderade dagliga m\u00e4ngden.<\/span><\/p>\n<h2><span style=\"color: #000000\">Ursprung<\/span><\/h2>\n<p><span style=\"color: #000000\">Slovenien<\/span><\/p>\n","protected":false},"excerpt":{"rendered":"<p align=\"JUSTIFY\">Elixirblandningen \u00e4r egentligen till f\u00f6r alla som vill <strong>f\u00f6rb\u00e4ttra sitt allm\u00e4nna v\u00e4lbefinnande genom att \u00f6ka motst\u00e5ndskraften mot sjukdomar, \u00f6ka den fysiska energin, minska effekterna av stress och f\u00f6rhindra att kroppen \u00e5ldras i f\u00f6rtid <\/strong>. Det \u00e4r ocks\u00e5 f\u00f6r dem som vill prova p\u00e5 medicinska svampar och st\u00e4rka sin kropp p\u00e5 ett naturligt s\u00e4tt. Det \u00e4r ocks\u00e5 ett utm\u00e4rkt <strong>naturligt kosttillskott<\/strong>, eftersom svamp har ett h\u00f6gt n\u00e4ringsv\u00e4rde &#8211; v\u00e4rdefulla n\u00e4rings\u00e4mnen, sp\u00e5rmineraler, vitaminer, makromineraler, fibrer, protein.<\/p>\n<p>\ud83d\udc9a Stimulerar immunf\u00f6rsvaret.<br \/>\n\ud83d\udc9a Anti-cancer.<br \/>\n\ud83d\udc9a Arbetar f\u00f6r ett h\u00e4lsosamt kardiovaskul\u00e4rt system.<br \/>\n\ud83d\udc9a F\u00f6rb\u00e4ttrar fysisk uth\u00e5llighet.<br \/>\n\ud83d\udc9a \u00d6kar den fysiska energin.<br \/>\n\ud83d\udc9a Motverkar stress.<\/p>\n","protected":false},"featured_media":5965,"comment_status":"open","ping_status":"closed","template":"","meta":{"_acf_changed":false},"product_brand":[],"product_cat":[225,224,229],"product_tag":[],"class_list":{"0":"post-6163","1":"product","2":"type-product","3":"status-publish","4":"has-post-thumbnail","6":"product_cat-alla-produkter","7":"product_cat-erbjudande","8":"product_cat-medicinska-svampar","10":"first","11":"instock","12":"sale","13":"taxable","14":"shipping-taxable","15":"purchasable","16":"product-type-simple"},"acf":[],"_links":{"self":[{"href":"https:\/\/fengchashop.com\/se\/wp-json\/wp\/v2\/product\/6163","targetHints":{"allow":["GET"]}}],"collection":[{"href":"https:\/\/fengchashop.com\/se\/wp-json\/wp\/v2\/product"}],"about":[{"href":"https:\/\/fengchashop.com\/se\/wp-json\/wp\/v2\/types\/product"}],"replies":[{"embeddable":true,"href":"https:\/\/fengchashop.com\/se\/wp-json\/wp\/v2\/comments?post=6163"}],"wp:featuredmedia":[{"embeddable":true,"href":"https:\/\/fengchashop.com\/se\/wp-json\/wp\/v2\/media\/5965"}],"wp:attachment":[{"href":"https:\/\/fengchashop.com\/se\/wp-json\/wp\/v2\/media?parent=6163"}],"wp:term":[{"taxonomy":"product_brand","embeddable":true,"href":"https:\/\/fengchashop.com\/se\/wp-json\/wp\/v2\/product_brand?post=6163"},{"taxonomy":"product_cat","embeddable":true,"href":"https:\/\/fengchashop.com\/se\/wp-json\/wp\/v2\/product_cat?post=6163"},{"taxonomy":"product_tag","embeddable":true,"href":"https:\/\/fengchashop.com\/se\/wp-json\/wp\/v2\/product_tag?post=6163"}],"curies":[{"name":"wp","href":"https:\/\/api.w.org\/{rel}","templated":true}]}}