{"id":6129,"date":"2022-11-02T19:46:00","date_gmt":"2022-11-02T18:46:00","guid":{"rendered":"https:\/\/fengchashop.com\/se\/product\/cardio-mix-bio-125-g\/"},"modified":"2026-04-27T11:16:48","modified_gmt":"2026-04-27T09:16:48","slug":"cardio-mix-bio","status":"publish","type":"product","link":"https:\/\/fengchashop.com\/se\/product\/cardio-mix-bio\/","title":{"rendered":"Cardio mix BIO 125 g"},"content":{"rendered":"<h2><span style=\"color: #000000\">Cardio mix BIO pulver av medicinska svampar<\/span><\/h2>\n<p><span style=\"color: #000000\">Cardio mix anv\u00e4nds som ett st\u00f6d f\u00f6r att <strong>f\u00f6rb\u00e4ttra hj\u00e4rtfunktionen, blodcirkulationen och de viktigaste blodv\u00e4rdena.<\/strong><\/span><\/p>\n<p><span style=\"color: #000000\">I sj\u00e4lva verket \u00e4r det en blandning som hj\u00e4lper eller tillhandah\u00e5ller alla de villkor som m\u00e5ste uppfyllas f\u00f6r att<strong> hj\u00e4rtsystemet ska fungera perfekt<\/strong>.<\/span><\/p>\n<p><span style=\"color: #000000\">Blandningen best\u00e5r av fem svamparter, n\u00e4mligen Lentinula edodes, Auricularia auricula, Ganoderma lucidum, Grifola frondosa och Cordyceps. Dessa svampar \u00e4r bland de mest effektiva n\u00e4r det g\u00e4ller att f\u00f6rebygga utvecklingen av hj\u00e4rt-k\u00e4rlsjukdomar, enligt de flesta studier som genomf\u00f6rts v\u00e4rlden \u00f6ver.<\/span><\/p>\n<p><span style=\"color: #000000\">Cardio mix erbjuder det bredaste spektrumet av balanserade \u00e5tg\u00e4rder tack vare de hundratals olika farmakologiska aktiva substanser som den inneh\u00e5ller.<\/span><\/p>\n<p><span style=\"color: #000000\">Detta breda spektrum av svamparter som anv\u00e4nds resulterar i en bredspektrumverkan och p\u00e5skyndad f\u00f6rebyggande verkan mot allm\u00e4n svaghet.<\/span><\/p>\n<p><span style=\"color: #000000\">Anv\u00e4ndningen av produkten \u00e4r ganska enkel och kr\u00e4ver inga f\u00f6rberedelser eller f\u00e4rdigheter. Svamparna mals till ett fint pulver som inte inneh\u00e5ller n\u00e5gra partiklar. Produkten \u00e4r d\u00e4rf\u00f6r klar f\u00f6r anv\u00e4ndning. Dosera helt enkelt direkt fr\u00e5n f\u00f6rpackningen till din favoritdryck, blanda och konsumera.<\/span><\/p>\n<h2><span style=\"color: #000000\">Varf\u00f6r anv\u00e4nda v\u00e5r Cardio Mix och vilka \u00e4r dess effekter?<\/span><\/h2>\n<p><span style=\"color: #000000\">Receptet f\u00f6r mixen har utarbetats noggrant baserat p\u00e5 observationer och resultat fr\u00e5n regelbundna anv\u00e4ndare av mixen och medicinska svampar i allm\u00e4nhet. Resultaten fr\u00e5n m\u00e5nga nationella och internationella forskningsstudier har beaktats vid framst\u00e4llningen av denna speciella blandning. Och \u00e4ven om medicinska svampar har mycket komplexa verkningsmekanismer som vetenskapen \u00e4nnu inte har kunnat f\u00f6rklara, vet vi att de har en gynnsam effekt p\u00e5 v\u00e5rt immunsystem och v\u00e5r organism. <\/span><\/p>\n<p><span style=\"color: #000000\">De positiva effekterna av Cardio Mix, som har en l\u00e4kande effekt p\u00e5 v\u00e5r organism, \u00e4r f\u00f6ljande:<\/span><\/p>\n<p><span style=\"color: #000000\"> \ud83d\udc9a reglerar<strong> blodtrycket,<\/strong><\/span><\/p>\n<p><span style=\"color: #000000\"> \ud83d\udc9a s\u00e4nker<strong> kolesterolniv\u00e5erna,<\/strong><\/span><\/p>\n<p><span style=\"color: #000000\"> \ud83d\udc9a s\u00e4nker<strong> triglyceridniv\u00e5erna,<\/strong><\/span><\/p>\n<p><span style=\"color: #000000\"><strong>\ud83d\udc9a f\u00f6rhindrar koronar hj\u00e4rtsjukdom,<\/strong><\/span><\/p>\n<p><span style=\"color: #000000\"> \ud83d\udc9a s\u00e4nker blodsockret och f\u00f6rhindrar utvecklingen av<strong> diabetes,<\/strong><\/span><\/p>\n<p><span style=\"color: #000000\"> \ud83d\udc9a f\u00f6rhindrar blodproppar<strong>,<\/strong><\/span><\/p>\n<p><span style=\"color: #000000\"> \ud83d\udc9a fr\u00e4mjar <strong>blodfl\u00f6det,<\/strong><\/span><\/p>\n<p><span style=\"color: #000000\"> \ud83d\udc9a stimulerar<strong> immunf\u00f6rsvaret,<\/strong><\/span><\/p>\n<p><span style=\"color: #000000\"> \ud83d\udc9a arbetar mot cancerceller, <\/span><\/p>\n<p><span style=\"color: #000000\"> \ud83d\udc9a a<strong>nti-stress,<\/strong><\/span><\/p>\n<p><span style=\"color: #000000\"> \ud83d\udc9a f\u00f6rb\u00e4ttrar <strong>mentala f\u00f6rm\u00e5gor,<\/strong><\/span><\/p>\n<p><span style=\"color: #000000\"> \ud83d\udc9a som en<strong> kraftfull antioxidant eliminerar den fria radikaler<\/strong> och<strong> f\u00f6rhindrar oxidativ stress<\/strong>.<\/span><\/p>\n<p><span style=\"color: #000000\">Produktionen av v\u00e5ra medicinska svampar \u00e4r strikt kontrollerad, utan anv\u00e4ndning av kemikalier eller bek\u00e4mpningsmedel och <strong>100% ekologisk<\/strong>. Alla svampar odlas i Slovenien.<\/span><\/p>\n<h2><span style=\"color: #000000\">Vem \u00e4r Cardio Mix till f\u00f6r?<\/span><\/h2>\n<p><span style=\"color: #000000\">Cardio Mix \u00e4r faktiskt f\u00f6r alla som vill ge sitt<strong> kardiovaskul\u00e4ra<\/strong> system de b\u00e4sta f\u00f6ruts\u00e4ttningarna<strong> f\u00f6r l\u00e5ngsiktig kardiovaskul\u00e4r h\u00e4lsa<\/strong>. Som ett resultat arbetar den ocks\u00e5 med v\u00e5r allm\u00e4nna h\u00e4lsa och v\u00e4lbefinnande och ett starkt immunf\u00f6rsvar. Det \u00e4r ocks\u00e5 f\u00f6r dem som vill prova verkan av medicinska svampar och st\u00e4rka sin kropp p\u00e5 ett naturligt s\u00e4tt. Det \u00e4r ocks\u00e5 ett utm\u00e4rkt naturligt kosttillskott, eftersom svamp har h\u00f6ga n\u00e4ringsv\u00e4rden &#8211; v\u00e4rdefulla n\u00e4ringsv\u00e4rden, sp\u00e5rmineraler, vitaminer, makromineraler, fibrer, protein. Medicinska svampar har en rik historia inom kinesisk medicin och l\u00e4kekonst, och m\u00e4nniskan v\u00e4nder sig alltmer tillbaka till naturen f\u00f6r att f\u00e5 b\u00e4ttre h\u00e4lsa.<\/span><\/p>\n<p><span style=\"color: #000000\">P\u00e5 grund av svampen Auricularia auricula som ing\u00e5r i blandningen rekommenderas den inte f\u00f6r konsumtion under graviditet och amning.<\/span><\/p>\n<h2><span style=\"color: #000000\">F\u00f6rpackning<\/span><\/h2>\n<p><span style=\"color: #000000\">Icke-genomsl\u00e4pplig zip-lock-p\u00e5se d\u00e4r produkten beh\u00e5ller all sin f\u00e4rskhet och arom. F\u00f6rpackningen skyddar produkten fr\u00e5n ljus och luft, eftersom den best\u00e5r av flera skyddslager som bevarar inneh\u00e5llets egenskaper.<\/span><\/p>\n<p><span style=\"color: #000000\">F\u00f6rpackningen \u00e4r mycket praktisk och \u00e5tervinningsbar.<\/span><\/p>\n<h2><span style=\"color: #000000\">F\u00f6rvaring och varningar<\/span><\/h2>\n<p><span style=\"color: #000000\">F\u00f6rvaras p\u00e5 en sval och torr plats. F\u00f6rvara kosttillskottet utom r\u00e4ckh\u00e5ll f\u00f6r barn!<\/span><\/p>\n<p><span style=\"color: #000000\">Kom ih\u00e5g vikten av en varierad kost och en h\u00e4lsosam livsstil, ett kosttillskott \u00e4r d\u00e4rf\u00f6r inte en ers\u00e4ttning f\u00f6r en balanserad och varierad kost. Den rekommenderade dagliga m\u00e4ngden eller dosen b\u00f6r inte \u00f6verskridas. <\/span><\/p>\n<h2><span style=\"color: #000000\">Det \u00e4r bra att veta<\/span><\/h2>\n<p><span style=\"color: #000000\">Produkten \u00e4r ocks\u00e5 l\u00e4mplig f\u00f6r djur. I de flesta fall visar sig medicinska svampar vara extremt effektiva f\u00f6r att st\u00e4rka immunf\u00f6rsvaret, eliminera allergier och hudsjukdomar samt virus- och bakterieinfektioner. Cardio mix p\u00e5verkar ocks\u00e5 hj\u00e4rtsystemets korrekta funktion. R\u00e5dg\u00f6r med din veterin\u00e4r f\u00f6re anv\u00e4ndning om det \u00e4r l\u00e4mpligt att ta och den rekommenderade dagliga m\u00e4ngden.<\/span><\/p>\n<h2><span style=\"color: #000000\">Ursprung<\/span><\/h2>\n<p><span style=\"color: #000000\">Slovenien<\/span><\/p>\n","protected":false},"excerpt":{"rendered":"<p align=\"JUSTIFY\"><i>Cardio<\/i> mix anv\u00e4nds som ett st\u00f6d f\u00f6r att <b>f\u00f6rb\u00e4ttra hj\u00e4rtfunktionen<\/b>, <b>blodcirkulationen <\/b>och de <b>viktigaste blodv\u00e4rdena<\/b>. I sj\u00e4lva verket \u00e4r det en blandning som hj\u00e4lper eller ger alla de villkor som m\u00e5ste uppfyllas f\u00f6r att <b>hj\u00e4rtsystemet<\/b> ska fungera perfekt.<\/p>\n<p>\ud83d\udc9a St\u00e4rker immunf\u00f6rsvaret.<br \/>\n\ud83d\udc9a Reglerar blodtrycket.<br \/>\n\ud83d\udc9a S\u00e4nker kolesterolniv\u00e5erna.<br \/>\n\ud83d\udc9a S\u00e4nker triglyceridniv\u00e5erna.<\/p>\n","protected":false},"featured_media":5955,"comment_status":"open","ping_status":"closed","template":"","meta":{"_acf_changed":false},"product_brand":[],"product_cat":[225,224,229],"product_tag":[],"class_list":{"0":"post-6129","1":"product","2":"type-product","3":"status-publish","4":"has-post-thumbnail","6":"product_cat-alla-produkter","7":"product_cat-erbjudande","8":"product_cat-medicinska-svampar","10":"first","11":"instock","12":"sale","13":"taxable","14":"shipping-taxable","15":"purchasable","16":"product-type-simple"},"acf":[],"_links":{"self":[{"href":"https:\/\/fengchashop.com\/se\/wp-json\/wp\/v2\/product\/6129","targetHints":{"allow":["GET"]}}],"collection":[{"href":"https:\/\/fengchashop.com\/se\/wp-json\/wp\/v2\/product"}],"about":[{"href":"https:\/\/fengchashop.com\/se\/wp-json\/wp\/v2\/types\/product"}],"replies":[{"embeddable":true,"href":"https:\/\/fengchashop.com\/se\/wp-json\/wp\/v2\/comments?post=6129"}],"wp:featuredmedia":[{"embeddable":true,"href":"https:\/\/fengchashop.com\/se\/wp-json\/wp\/v2\/media\/5955"}],"wp:attachment":[{"href":"https:\/\/fengchashop.com\/se\/wp-json\/wp\/v2\/media?parent=6129"}],"wp:term":[{"taxonomy":"product_brand","embeddable":true,"href":"https:\/\/fengchashop.com\/se\/wp-json\/wp\/v2\/product_brand?post=6129"},{"taxonomy":"product_cat","embeddable":true,"href":"https:\/\/fengchashop.com\/se\/wp-json\/wp\/v2\/product_cat?post=6129"},{"taxonomy":"product_tag","embeddable":true,"href":"https:\/\/fengchashop.com\/se\/wp-json\/wp\/v2\/product_tag?post=6129"}],"curies":[{"name":"wp","href":"https:\/\/api.w.org\/{rel}","templated":true}]}}