{"id":6124,"date":"2022-02-11T19:06:19","date_gmt":"2022-02-11T18:06:19","guid":{"rendered":"https:\/\/fengchashop.com\/se\/product\/maitake-bio-125-g\/"},"modified":"2026-04-21T14:47:54","modified_gmt":"2026-04-21T12:47:54","slug":"maitake-bio","status":"publish","type":"product","link":"https:\/\/fengchashop.com\/se\/product\/maitake-bio\/","title":{"rendered":"Maitake BIO 125 g"},"content":{"rendered":"<h2><span style=\"color: #000000\">Maitake (Grifola frondosa) BIO<\/span><\/h2>\n<p><span style=\"color: #000000\">Grifola frondosa, eller<strong> stor l\u00f6s<\/strong> svamp, \u00e4r en mycket stor \u00e4tlig svamp som fr\u00e4mst anv\u00e4nds i kulinariska sammanhang i Japan. Den har en behaglig konsistens och smak. Den anv\u00e4nds ocks\u00e5 som kosttillskott inom traditionell kinesisk medicin. Matiake anv\u00e4nds <strong>f\u00f6r allsidig h\u00e4lsa och fysisk vitalitet.<\/strong> Den verkar genom att balansera organismen, st\u00e4rka immunf\u00f6rsvaret och f\u00f6rb\u00e4ttra blodv\u00e4rdena. Dess popularitet har ocks\u00e5 \u00f6kat, s\u00e4rskilt p\u00e5 senare tid, p\u00e5 grund av dess potential som hj\u00e4lpmedel vid behandling av olika cancerformer och dess m\u00e5nga andra positiva effekter.<\/span><\/p>\n<p><span style=\"color: #000000\">Produktionen av v\u00e5r medicinska Maitakesvamp \u00e4r strikt kontrollerad, utan anv\u00e4ndning av kemikalier eller bek\u00e4mpningsmedel och<strong> 100 % ekologisk<\/strong>. Svamparnas kvalitet \u00f6vervakas regelbundet av oberoende laboratorier i Slovenien och USA.<\/span><\/p>\n<h2><span style=\"color: #000000\">Vad inneh\u00e5ller den och vem \u00e4r den till f\u00f6r?<\/span><\/h2>\n<p><span style=\"color: #000000\">Maitake \u00e4r rik p\u00e5 mineraler (kalium, kalcium, magnesium etc.), vitaminer (B2, D2, niacin), fibrer, protein, aminosyror, polysackarider (t.ex. \u03b2-glukanprotein) och andra antioxidanter (t.ex. den prebiotiska trehalosen). F\u00f6rutom de olika polysackariderna \u00e4r \u03b2-D-glukan och ergosterol (provitamin D2) k\u00e4llan till champinjonens medicinska effekter. Regelbunden konsumtion av svampen hj\u00e4lper till att uppr\u00e4tth\u00e5lla fysisk vitalitet, och den hj\u00e4lper ocks\u00e5 till med kronisk tr\u00f6tthet och har enast\u00e5ende antioxidantegenskaper. I likhet med Ganoderma lucidum kan maitake klassificeras som en svamp som kan ha en<strong> positiv effekt p\u00e5 v\u00e5rt allm\u00e4nna v\u00e4lbefinnande och immunf\u00f6rsvar genom sina aktiva ingredienser<\/strong>. D\u00e4rf\u00f6r anv\u00e4nds maitake f\u00f6r att f\u00f6rb\u00e4ttra den allm\u00e4nna h\u00e4lsan och den fysiska vitaliteten samt f\u00f6r att f\u00f6rebygga kronisk tr\u00f6tthet.<\/span><\/p>\n<p><span style=\"color: #000000\">Andra positiva medicinska effekter som denna extremt popul\u00e4ra svamp fortfarande har kan hittas i f\u00f6ljande rader:<\/span><\/p>\n<p><span style=\"color: #000000\"> \ud83d\udc9a <strong>St\u00e4rker immunf\u00f6rsvaret<\/strong> och f\u00f6rb\u00e4ttrar det allm\u00e4nna v\u00e4lbefinnandet,<\/span><\/p>\n<p><span style=\"color: #000000\"> \ud83d\udc9a a<strong>ntioxidativa<\/strong> egenskaper <strong>,<\/strong><\/span><\/p>\n<p><span style=\"color: #000000\"> \ud83d\udc9a hj\u00e4lper mot<strong> kronisk tr\u00f6tthet,<\/strong><\/span><\/p>\n<p><span style=\"color: #000000\"> \ud83d\udc9a det kan hj\u00e4lpa oss att<strong> tolerera biverkningarna av kemoterapi och str\u00e5lbehandling,<\/strong><\/span><\/p>\n<p><span style=\"color: #000000\"> \ud83d\udc9a har en positiv effekt p\u00e5 skelettet och st\u00f6djer behandlingen av<strong> osteoporos,<\/strong><\/span><\/p>\n<p><span style=\"color: #000000\"> <strong>\ud83d\udc9a reglerar kolesterol och s\u00e4nker blodtrycket och f\u00f6rhindrar utveckling av diabetes<\/strong>, samtidigt som det har visat sig s\u00e4nka blodsockerniv\u00e5n hos patienter med typ 2-diabetes,<\/span><\/p>\n<p><span style=\"color: #000000\"> \ud83d\udc9a a<strong>ntiviralt och antimikrobiellt,<\/strong><\/span><\/p>\n<p><span style=\"color: #000000\"> \ud83d\udc9a f\u00f6rhindrar tillv\u00e4xt och metastasering av tum\u00f6rer,<\/span><\/p>\n<p><span style=\"color: #000000\"> \ud83d\udc9a hj\u00e4lper till att kontrollera vikten,<\/span><\/p>\n<p><span style=\"color: #000000\"> \ud83d\udc9a ocks\u00e5 effektiv vid behandling av kronisk hepatit B, HIV och tillv\u00e4xten<strong> av Candida albicans<\/strong>.<\/span><\/p>\n<p><span style=\"color: #000000\">Alla element i svampen finns i stora m\u00e4ngder och har en mycket positiv effekt p\u00e5 v\u00e5r kropp.<\/span><\/p>\n<p><span style=\"color: #000000\">I pulverform inneh\u00e5ller den m\u00e5nga n\u00e4rings\u00e4mnen och dess positiva effekter har ocks\u00e5 bevisats vetenskapligt. Studier fr\u00e5n olika l\u00e4nder runt om i v\u00e4rlden har identifierat m\u00e5nga positiva effekter i samband med regelbunden konsumtion av Maitake-svamp.<\/span><\/p>\n<p><span style=\"color: #000000\">Och vad som \u00e4r oerh\u00f6rt viktigt h\u00e4r \u00e4r att Maitake \u00e4r en 100% naturlig produkt som kan hj\u00e4lpa oss p\u00e5 ett naturligt s\u00e4tt. Den f\u00f6rb\u00e4ttrar symptomen p\u00e5 v\u00e5ra problem och har en positiv effekt p\u00e5 v\u00e5rt allm\u00e4nna v\u00e4lbefinnande. Det \u00e4r d\u00e4rf\u00f6r avsett f\u00f6r alla som p\u00e5 n\u00e5got s\u00e4tt vill dra nytta av dess f\u00f6rdelar. Fr\u00e5n att f\u00f6rb\u00e4ttra immunf\u00f6rsvarets funktion, som ett hj\u00e4lpmedel mot candida, f\u00f6r att hj\u00e4lpa till vid behandling av cancer, f\u00f6r allm\u00e4nt v\u00e4lbefinnande etc. Eftersom svampar \u00e4r s\u00e5 effektiva just f\u00f6r att de har f\u00f6rm\u00e5gan att absorbera allt &#8211; bra och d\u00e5ligt &#8211; fr\u00e5n milj\u00f6n, \u00e4r det viktigt att g\u00e5 efter ekologiskt odlade.<\/span><\/p>\n<h2><span style=\"color: #000000\">Varf\u00f6r svamp?<\/span><\/h2>\n<p><span style=\"color: #000000\">Svampar \u00e4r mycket intressanta. De \u00e4r varken v\u00e4xter eller djur, men vad de \u00e4r, de \u00e4r verkligen fantastiska organismer som har lyckats \u00f6verleva, i sj\u00e4lva verket n\u00e4stan sedan v\u00e4rldens b\u00f6rjan. De har utvecklat en speciell \u00f6verlevnadsstrategi som har h\u00e5llit dem vid liv fram till i dag. Och vi m\u00e4nniskor kan ocks\u00e5 dra nytta av dessa f\u00f6rdelar genom att konsumera medicinska svampar. De ger oss balans p\u00e5 ett fysiskt plan och skyddar oss mot m\u00e5nga sjukdomar. De kan vara en<strong> f\u00f6rebyggande<\/strong> eller <strong>st\u00f6djande kurativ behandling<\/strong> f\u00f6r m\u00e5nga (moderna) sjukdomar, oavsett om de \u00e4r konventionella eller p\u00e5 annat s\u00e4tt okonventionella. Traditionellt har svampar tillskrivits sina effekter vid cancer, autoimmuna sjukdomar och allergier. De \u00e4r ocks\u00e5 bra f\u00f6r ett h\u00e4lsosamt och starkt immunf\u00f6rsvar. Medicinsk forskning som utf\u00f6rts under de senaste decennierna, n\u00e4r svampar har blivit av intresse i v\u00e4stv\u00e4rlden, har dock bekr\u00e4ftat m\u00e5nga av deras terapeutiska effekter.<\/span><\/p>\n<p><span style=\"color: #000000\">Eftersom vissa naturliga aktiva substanser \u00e4r osm\u00e4ltbara eller sv\u00e5ra f\u00f6r oss att sm\u00e4lta, \u00e4r det mycket viktigt att endast konsumera de b\u00e4sta svamppulvren. Svampar m\u00e5ste odlas, torkas och beredas p\u00e5 r\u00e4tt s\u00e4tt. De m\u00e5ste malas till ett fint pulver utan n\u00e5gra bitar. F\u00e4rgen p\u00e5 pulvret \u00e4r ljusare, men i \u00f6vrigt beror det ocks\u00e5 p\u00e5 vilken typ av svamp som konsumeras.<\/span><\/p>\n<h2><span style=\"color: #000000\">F\u00f6rpackning<\/span><\/h2>\n<p><span style=\"color: #000000\">Icke-genomsl\u00e4pplig zip-lock-p\u00e5se d\u00e4r produkten beh\u00e5ller all sin fr\u00e4sch\u00f6r och arom. F\u00f6rpackningen skyddar produkten fr\u00e5n ljus och luft, eftersom den best\u00e5r av flera skyddslager som bevarar inneh\u00e5llets egenskaper.<\/span><\/p>\n<p><span style=\"color: #000000\">F\u00f6rpackningen \u00e4r mycket praktisk och \u00e5tervinningsbar.<\/span><\/p>\n<h2><span style=\"color: #000000\">F\u00f6rvaring och varningar<\/span><\/h2>\n<p><span style=\"color: #000000\">F\u00f6rvaras p\u00e5 en sval och torr plats. F\u00f6rvara kosttillskottet utom r\u00e4ckh\u00e5ll f\u00f6r barn!<\/span><\/p>\n<p><span style=\"color: #000000\">Kom ih\u00e5g vikten av en varierad kost och en h\u00e4lsosam livsstil, ett kosttillskott \u00e4r d\u00e4rf\u00f6r inte en ers\u00e4ttning f\u00f6r en balanserad och varierad kost. Den rekommenderade dagliga m\u00e4ngden eller dosen b\u00f6r inte \u00f6verskridas. Gravida och ammande kvinnor rekommenderas alltid att r\u00e5dfr\u00e5ga l\u00e4kare f\u00f6re anv\u00e4ndning.<\/span><\/p>\n<h2><span style=\"color: #000000\">Bra att veta<\/span><\/h2>\n<p><span style=\"color: #000000\">Produkten \u00e4r ocks\u00e5 l\u00e4mplig f\u00f6r djur. I de flesta fall visar sig medicinska svampar vara extremt effektiva f\u00f6r att st\u00e4rka immunf\u00f6rsvaret, eliminera allergier och hudbesv\u00e4r samt virus- och bakterieinfektioner. R\u00e5dg\u00f6r med din veterin\u00e4r f\u00f6re anv\u00e4ndning om det \u00e4r l\u00e4mpligt att ta och den rekommenderade dagliga m\u00e4ngden.<\/span><\/p>\n<h2><span style=\"color: #000000\">Ursprung<\/span><\/h2>\n<p><span style=\"color: #000000\">Slovenien<\/span><\/p>\n","protected":false},"excerpt":{"rendered":"<p align=\"JUSTIFY\">Grifola frondosa, eller <strong>stor l\u00f6sbladig svamp<\/strong>, \u00e4r en mycket stor \u00e4tlig svamp. Den anv\u00e4nds ocks\u00e5 som kosttillskott inom traditionell kinesisk medicin. Matiacs anv\u00e4nds <strong>f\u00f6r att f\u00f6rb\u00e4ttra h\u00e4lsan och fysisk vitalitet i allm\u00e4nhet<\/strong>.<\/p>\n<p>\ud83d\udc9a St\u00e4rker immunf\u00f6rsvaret.<br \/>\n\ud83d\udc9a F\u00f6rb\u00e4ttrar det allm\u00e4nna v\u00e4lbefinnandet.<br \/>\n\ud83d\udc9a Den har antioxidativa egenskaper.<br \/>\n\ud83d\udc9a Hj\u00e4lper till med kronisk tr\u00f6tthet.<\/p>\n","protected":false},"featured_media":5905,"comment_status":"open","ping_status":"closed","template":"","meta":{"_acf_changed":false},"product_brand":[],"product_cat":[225,224,229,226],"product_tag":[],"class_list":{"0":"post-6124","1":"product","2":"type-product","3":"status-publish","4":"has-post-thumbnail","6":"product_cat-alla-produkter","7":"product_cat-erbjudande","8":"product_cat-medicinska-svampar","9":"product_cat-supermat","11":"first","12":"instock","13":"taxable","14":"shipping-taxable","15":"purchasable","16":"product-type-simple"},"acf":[],"_links":{"self":[{"href":"https:\/\/fengchashop.com\/se\/wp-json\/wp\/v2\/product\/6124","targetHints":{"allow":["GET"]}}],"collection":[{"href":"https:\/\/fengchashop.com\/se\/wp-json\/wp\/v2\/product"}],"about":[{"href":"https:\/\/fengchashop.com\/se\/wp-json\/wp\/v2\/types\/product"}],"replies":[{"embeddable":true,"href":"https:\/\/fengchashop.com\/se\/wp-json\/wp\/v2\/comments?post=6124"}],"wp:featuredmedia":[{"embeddable":true,"href":"https:\/\/fengchashop.com\/se\/wp-json\/wp\/v2\/media\/5905"}],"wp:attachment":[{"href":"https:\/\/fengchashop.com\/se\/wp-json\/wp\/v2\/media?parent=6124"}],"wp:term":[{"taxonomy":"product_brand","embeddable":true,"href":"https:\/\/fengchashop.com\/se\/wp-json\/wp\/v2\/product_brand?post=6124"},{"taxonomy":"product_cat","embeddable":true,"href":"https:\/\/fengchashop.com\/se\/wp-json\/wp\/v2\/product_cat?post=6124"},{"taxonomy":"product_tag","embeddable":true,"href":"https:\/\/fengchashop.com\/se\/wp-json\/wp\/v2\/product_tag?post=6124"}],"curies":[{"name":"wp","href":"https:\/\/api.w.org\/{rel}","templated":true}]}}