{"id":5835,"date":"2022-01-21T05:20:50","date_gmt":"2022-01-21T04:20:50","guid":{"rendered":"https:\/\/fengchashop.com\/se\/product\/zeolit\/"},"modified":"2026-04-22T19:55:21","modified_gmt":"2026-04-22T17:55:21","slug":"zeolit","status":"publish","type":"product","link":"https:\/\/fengchashop.com\/se\/product\/zeolit\/","title":{"rendered":"Zeolit 500 g"},"content":{"rendered":"<h2><span style=\"color: #000000\">Zeolit klinoptilolit pulver<\/span><\/h2>\n<p><span style=\"color: #000000\">Den vulkaniska bergarten zeolit \u00e4r ett av <strong>v\u00e4rldens mest kraftfulla naturliga avgiftningsmedel<\/strong>. Den naturliga stenzeoliten, i form av det \u00e4tbara vulkaniska mineralet clinoptilolite,<strong> hj\u00e4lper till att rensa kroppen fr\u00e5n <\/strong>milj\u00f6- och kosttoxiner.<\/span><\/p>\n<p><span style=\"color: #000000\">Den bildades under stora vulkanutbrott och har <strong>f\u00f6rm\u00e5gan att binda toxiner<\/strong>, rester av bek\u00e4mpningsmedel och tungmetaller. Det kan ocks\u00e5 vara ett utm\u00e4rkt alternativ till vissa l\u00e4kemedel. Det finns flera typer av zeoliter, varav den aktiverade kristallina formen<strong> clinoptilolite<\/strong> \u00e4r den<strong> mest uppskattade och beforskade<\/strong>. Kristallerna inneh\u00e5ller viktiga<strong> mineraler<\/strong>: natrium, kalcium, kalium, magnesium, j\u00e4rn och andra grund\u00e4mnen.<\/span><\/p>\n<p><span style=\"color: #000000\">Den har en speciell egenskap p\u00e5 grund av sina negativa jonbytaregenskaper. Zeoliten clinoptilolite<strong> anv\u00e4nds f\u00f6r att eliminera gifter och skadliga \u00e4mnen<\/strong> som stj\u00e4l v\u00e5r energi: bly, arsenik, kadmium, nickel, uran, kvicksilver, ammoniak etc. Men \u00e4ven l\u00e4kemedelsrester, patogena bakterier och virus.<\/span><\/p>\n<p><span style=\"color: #000000\">Zeolit \u00e4r<strong> redan aktiverad<\/strong> genom en speciell process. Den upphettas till 250-400 grader Celsius. D\u00e4refter mals den flera g\u00e5nger med stenkvarnar till \u00f6nskad granulering. Detta \u00e4r endast <strong>5 \u00b5m<\/strong>. Det \u00e4r betydligt mindre \u00e4n de flesta andra zeoliter p\u00e5 marknaden.<\/span><\/p>\n<p><span style=\"color: #000000\">Det finns en studie d\u00e4r serbisk zeolit rankas som nummer tre i v\u00e4rlden. Det \u00e4r andra bara till japanska och kubanska. Zeolit<strong> fr\u00e5n Serbien \u00e4r en \u00f6verl\u00e4gsen produkt<\/strong>. Zeolit fr\u00e5n Slovakien eller Norge kan ocks\u00e5 erh\u00e5llas p\u00e5 marknaden, men kvaliteten och renheten hos nyckelkomponenten \u00e4r p\u00e5 en l\u00e4gre niv\u00e5. Dessutom \u00e4r bearbetnings- eller aktiveringsmetoden f\u00f6r zeoliten ocks\u00e5 mycket viktig.<\/span><\/p>\n<p><span style=\"color: #000000\">Vi rekommenderar att zeoliten anv\u00e4nds med en <strong>tr\u00e4- eller plastsked<\/strong> och inte med en metallsked.<\/span><\/p>\n<p><img decoding=\"async\" class=\"aligncenter wp-image-3793 \" src=\"https:\/\/fengchashop.com\/se\/wp-content\/uploads\/2025\/07\/16-1.jpg\" alt=\"\" width=\"641\" height=\"537\" \/><\/p>\n<h2><span style=\"color: #000000\">Varf\u00f6r k\u00f6pa v\u00e5r zeolit?<\/span><\/h2>\n<p><span style=\"color: #000000\"> \ud83d\udc9a V\u00e5r vulkaniska mineralzeolit \u00e4r <strong>100 % naturlig och fri fr\u00e5n konstgjorda tillsatser<\/strong>. Den kommer fr\u00e5n en utvald gruva i Serbien, som bevisligen producerar<strong> de b\u00e4sta klinoptilolit-zeoliterna i v\u00e4rlden<\/strong>.<\/span><\/p>\n<p><span style=\"color: #000000\"> \ud83d\udc9a Vi importerar den direkt fr\u00e5n<strong> en<\/strong> utvald gruva i Serbien. Vi k\u00e4nner producenten personligen och har blivit \u00f6vertygade om kvaliteten.<\/span><\/p>\n<p><span style=\"color: #000000\"> \ud83d\udc9a Den \u00e4r <strong>redan aktiverad<\/strong>.<\/span><\/p>\n<p><span style=\"color: #000000\"> \ud83d\udc9a Granuleringen \u00e4r<strong> endast 5 \u00b5m <\/strong>.<\/span><\/p>\n<p><span style=\"color: #000000\"> \ud83d\udc9a Vi erbjuder en<strong> 100% n\u00f6jdhetsgaranti<\/strong>.<\/span><\/p>\n<p><span style=\"color: #000000\"> \ud83d\udc9a Vi har ett <strong>utm\u00e4rkt pris<\/strong>, s\u00e4rskilt per kilopackning.<\/span><\/p>\n<p><span style=\"color: #000000\"> \ud83d\udc9a Produkten har en<strong> obegr\u00e4nsad h\u00e5llbarhetstid.<\/strong><\/span><\/p>\n<p><img decoding=\"async\" class=\"aligncenter wp-image-3794 \" src=\"https:\/\/fengchashop.com\/se\/wp-content\/uploads\/2025\/07\/15-1.jpg\" alt=\"\" width=\"640\" height=\"536\" \/><\/p>\n<h2><span style=\"color: #000000\">F\u00f6rpackning<\/span><\/h2>\n<p><span style=\"color: #000000\">Icke-genomsl\u00e4pplig zip-lock-p\u00e5se d\u00e4r produkten beh\u00e5ller all f\u00e4rskhet och arom. F\u00f6rpackningen skyddar mot ljus och luft, eftersom den best\u00e5r av flera skyddslager f\u00f6r att bevara inneh\u00e5llets egenskaper.<\/span><\/p>\n<p><span style=\"color: #000000\">F\u00f6rpackningen \u00e4r mycket praktisk och \u00e5tervinningsbar.<\/span><\/p>\n<p><img decoding=\"async\" class=\"aligncenter wp-image-3795 \" src=\"https:\/\/fengchashop.com\/se\/wp-content\/uploads\/2025\/07\/12-1.jpg\" alt=\"\" width=\"640\" height=\"536\" \/><\/p>\n<h2><span style=\"color: #000000\">F\u00f6rvaring och varningar<\/span><\/h2>\n<p><span style=\"color: #000000\">F\u00f6rvaras p\u00e5 en sval, torr plats, utom r\u00e4ckh\u00e5ll f\u00f6r barn!<\/span><\/p>\n<h2><span style=\"color: #000000\">Ursprung<\/span><\/h2>\n<p><span style=\"color: #000000\">EU<\/span><\/p>\n<h2><span style=\"color: #000000\">Certifikat<\/span><\/h2>\n<p><span style=\"color: #000000\">Vi har genomf\u00f6rt tungmetallanalyser, radioaktiva analyser och andra n\u00f6dv\u00e4ndiga kemiska analyser. Produkten \u00e4r s\u00e4ker enligt alla dessa kriterier.<\/span><\/p>\n<p><img decoding=\"async\" class=\"alignleft wp-image-3796 \" src=\"https:\/\/fengchashop.com\/se\/wp-content\/uploads\/2025\/07\/14-1.jpg\" alt=\"\" width=\"530\" height=\"444\" \/> <img decoding=\"async\" class=\"alignright wp-image-3797 \" src=\"https:\/\/fengchashop.com\/se\/wp-content\/uploads\/2025\/07\/13-1.jpg\" alt=\"\" width=\"529\" height=\"443\" \/><\/p>\n","protected":false},"excerpt":{"rendered":"<p>Det vulkaniska <strong>mineralet zeolitklinoptilolit<\/strong> \u00e4r v\u00e4rldens mest kraftfulla naturliga avgiftningsmedel. Den naturliga stenen zeolit-klinoptilolit hj\u00e4lper till att rena kroppen fr\u00e5n milj\u00f6- och kosttoxiner. Genom att konsumera denna v\u00e4rdefulla sten f\u00e5r vi styrka f\u00f6r vardagen<strong>, yrkesarbete och sport<\/strong>.<\/p>\n","protected":false},"featured_media":5841,"comment_status":"open","ping_status":"closed","template":"","meta":{"_acf_changed":false},"product_brand":[],"product_cat":[225,230,224,197],"product_tag":[],"class_list":{"0":"post-5835","1":"product","2":"type-product","3":"status-publish","4":"has-post-thumbnail","6":"product_cat-alla-produkter","7":"product_cat-bast-salda","8":"product_cat-erbjudande","9":"product_cat-zeolit","11":"first","12":"instock","13":"sale","14":"taxable","15":"shipping-taxable","16":"purchasable","17":"product-type-simple"},"acf":[],"_links":{"self":[{"href":"https:\/\/fengchashop.com\/se\/wp-json\/wp\/v2\/product\/5835","targetHints":{"allow":["GET"]}}],"collection":[{"href":"https:\/\/fengchashop.com\/se\/wp-json\/wp\/v2\/product"}],"about":[{"href":"https:\/\/fengchashop.com\/se\/wp-json\/wp\/v2\/types\/product"}],"replies":[{"embeddable":true,"href":"https:\/\/fengchashop.com\/se\/wp-json\/wp\/v2\/comments?post=5835"}],"wp:featuredmedia":[{"embeddable":true,"href":"https:\/\/fengchashop.com\/se\/wp-json\/wp\/v2\/media\/5841"}],"wp:attachment":[{"href":"https:\/\/fengchashop.com\/se\/wp-json\/wp\/v2\/media?parent=5835"}],"wp:term":[{"taxonomy":"product_brand","embeddable":true,"href":"https:\/\/fengchashop.com\/se\/wp-json\/wp\/v2\/product_brand?post=5835"},{"taxonomy":"product_cat","embeddable":true,"href":"https:\/\/fengchashop.com\/se\/wp-json\/wp\/v2\/product_cat?post=5835"},{"taxonomy":"product_tag","embeddable":true,"href":"https:\/\/fengchashop.com\/se\/wp-json\/wp\/v2\/product_tag?post=5835"}],"curies":[{"name":"wp","href":"https:\/\/api.w.org\/{rel}","templated":true}]}}