{"id":5832,"date":"2024-11-04T22:24:27","date_gmt":"2024-11-04T21:24:27","guid":{"rendered":"https:\/\/fengchashop.com\/se\/product\/mesima-black-hoof-mushroom-bio-i-pulver-125-g\/"},"modified":"2026-05-07T10:13:39","modified_gmt":"2026-05-07T08:13:39","slug":"mesima-black-hoof-mushroom-bio-i-pulver","status":"publish","type":"product","link":"https:\/\/fengchashop.com\/se\/product\/mesima-black-hoof-mushroom-bio-i-pulver\/","title":{"rendered":"Mesima (Black Hoof) Mushroom BIO i pulver 125 g"},"content":{"rendered":"<h2><span style=\"color: #000000\"><b>Mesima (Black Hoof) Mushroom <\/b><b>BIO<\/b><\/span><\/h2>\n<p><span style=\"color: #000000\"><b>Mesima (Black Hoof) Mushroom BIO<\/b> eller den svarta hovsvampen (Phellinus linteus) \u00e4r en svamp som v\u00e4xer p\u00e5 mullb\u00e4rstr\u00e4d. Det har l\u00e4nge anv\u00e4nts i traditionell asiatisk medicin f\u00f6r att st\u00f6dja h\u00e4lsan och f\u00f6rb\u00e4ttra immunf\u00f6rsvaret. Det \u00e4r ett kosttillskott som v\u00e4rderas fr\u00e4mst f\u00f6r sina antitum\u00f6r-, antiinflammatoriska och immunmodulerande egenskaper.<\/span><\/p>\n<h2><span style=\"color: #000000\">Vad g\u00f6r Mesima Mushroom s\u00e5 speciell och s\u00e5 annorlunda?<\/span><\/h2>\n<p><span style=\"color: #000000\">Mesima (Phellinus linteus) \u00e4r en speciell svamp k\u00e4nd f\u00f6r sina kraftfulla antioxidanter och antiinflammatoriska egenskaper, som traditionellt anv\u00e4nds inom asiatisk medicin f\u00f6r att st\u00f6dja immunf\u00f6rsvaret och bek\u00e4mpa infektioner. Forskning har visat att det har potentiella antitum\u00f6reffekter och kan hj\u00e4lpa till att reglera blodsockret. P\u00e5 grund av dess unika bioaktiva f\u00f6reningar studeras det som ett lovande naturligt h\u00e4lsost\u00f6djande medel.<\/span><\/p>\n<h2><span style=\"color: #000000\">Mesimasvamp har flera potentiella effekter<\/span><\/h2>\n<p><span style=\"color: #000000\">\ud83d\udc9a antioxidantegenskaper,<\/span><br \/>\n<span style=\"color: #000000\">\ud83d\udc9a antiinflammatorisk verkan,<\/span><br \/>\n<span style=\"color: #000000\">\ud83d\udc9a st\u00f6d till immunf\u00f6rsvaret,<\/span><br \/>\n<span style=\"color: #000000\">\ud83d\udc9a reglering av blodsocker,<\/span><br \/>\n<span style=\"color: #000000\">\ud83d\udc9a antibakteriell verkan,<\/span><br \/>\n<span style=\"color: #000000\">\ud83d\udc9a antivirusfunktion,<\/span><br \/>\n<span style=\"color: #000000\">\ud83d\udc9a st\u00f6d f\u00f6r leverh\u00e4lsan,<\/span><br \/>\n<span style=\"color: #000000\">\ud83d\udc9a minskning av allergiska reaktioner,<\/span><br \/>\n<span style=\"color: #000000\">\ud83d\udc9a st\u00f6d f\u00f6r kardiovaskul\u00e4r h\u00e4lsa.<\/span><\/p>\n<h2><span style=\"color: #000000\">F\u00f6rvaring och varningar<\/span><\/h2>\n<p><span style=\"color: #000000\">F\u00f6rvara p\u00e5 en torr och sval plats vid en temperatur p\u00e5 upp till 25 \u00b0C. Kosttillskottet ska vara utom r\u00e4ckh\u00e5ll f\u00f6r barn!<\/span><\/p>\n<p><span style=\"color: #000000\">Gl\u00f6m inte vikten av en varierad kost och en h\u00e4lsosam livsstil, ett n\u00e4ringstillskott \u00e4r d\u00e4rf\u00f6r inte ett substitut f\u00f6r en balanserad och varierad kost. Den rekommenderade dagliga m\u00e4ngden eller dosen f\u00e5r inte \u00f6verskridas.<\/span><\/p>\n<p><span style=\"color: #000000\">Mesimasvamp rekommenderas inte f\u00f6r personer med svampallergier och f\u00f6r personer med autoimmuna sjukdomar, eftersom det kan p\u00e5verka immunsvaret. Dessutom b\u00f6r gravida kvinnor, ammande m\u00f6drar och personer som tar medicin, s\u00e4rskilt de f\u00f6r blodf\u00f6rtunnande eller sockerreglering, r\u00e5dfr\u00e5ga om anv\u00e4ndningen.<\/span><\/p>\n<h2><span style=\"color: #000000\">F\u00f6rpackning<\/span><\/h2>\n<p><span style=\"color: #000000\">En luftt\u00e4t p\u00e5se med dragkedja, d\u00e4r produkten beh\u00e5ller all sin fr\u00e4sch\u00f6r och arom. F\u00f6rpackningen skyddar mot ljus och luft, d\u00e5 den best\u00e5r av flera skyddslager som bevarar inneh\u00e5llets egenskaper.<\/span><\/p>\n<p><span style=\"color: #000000\">F\u00f6rpackningen \u00e4r mycket praktisk och m\u00f6jligg\u00f6r \u00e5tervinning.<\/span><\/p>\n<h2><span style=\"color: #000000\">Ursprung<\/span><\/h2>\n<p><span style=\"color: #000000\">Kina. Vi har mycket p\u00e5litliga leverant\u00f6rer som skickar oss en detaljerad kemisk analys av livsmedlet f\u00f6r varje parti. P\u00e5 mer \u00e4n tio \u00e5r har vi inte haft n\u00e5gra \u00e5terkallelser eller andra problem med denna vara, inte heller med andra varor fr\u00e5n samma leverant\u00f6r. Artikeln har ett 100% ekologiskt certifikat.<\/span><\/p>\n","protected":false},"excerpt":{"rendered":"<p><span style=\"color: #000000\">Mesima (Black Hoof) Mushroom BIO eller svart hovsvamp (Phellinus linteus) \u00e4r en svamp som l\u00e4nge har anv\u00e4nts inom traditionell asiatisk medicin f\u00f6r att st\u00f6dja h\u00e4lsan och f\u00f6rb\u00e4ttra immunf\u00f6rsvaret. Det \u00e4r ocks\u00e5 k\u00e4nt f\u00f6r sina starka antioxidanter och antiinflammatoriska egenskaper.<\/span><\/p>\n<p><span style=\"color: #000000\">\ud83d\udc9a Stimulerar och st\u00e4rker immunf\u00f6rsvaret.<\/span><br \/>\n<span style=\"color: #000000\">\ud83d\udc9a Reglerar blodsockret.<\/span><br \/>\n<span style=\"color: #000000\">\ud83d\udc9a Utm\u00e4rkt k\u00e4lla till antioxidanter.<\/span><br \/>\n<span style=\"color: #000000\">\ud83d\udc9a St\u00f6der kardiovaskul\u00e4r h\u00e4lsa.<\/span><\/p>\n","protected":false},"featured_media":5833,"comment_status":"open","ping_status":"closed","template":"","meta":{"_acf_changed":false},"product_brand":[],"product_cat":[225,224,229,226],"product_tag":[],"class_list":{"0":"post-5832","1":"product","2":"type-product","3":"status-publish","4":"has-post-thumbnail","6":"product_cat-alla-produkter","7":"product_cat-erbjudande","8":"product_cat-medicinska-svampar","9":"product_cat-supermat","11":"first","12":"instock","13":"taxable","14":"shipping-taxable","15":"purchasable","16":"product-type-simple"},"acf":[],"_links":{"self":[{"href":"https:\/\/fengchashop.com\/se\/wp-json\/wp\/v2\/product\/5832","targetHints":{"allow":["GET"]}}],"collection":[{"href":"https:\/\/fengchashop.com\/se\/wp-json\/wp\/v2\/product"}],"about":[{"href":"https:\/\/fengchashop.com\/se\/wp-json\/wp\/v2\/types\/product"}],"replies":[{"embeddable":true,"href":"https:\/\/fengchashop.com\/se\/wp-json\/wp\/v2\/comments?post=5832"}],"wp:featuredmedia":[{"embeddable":true,"href":"https:\/\/fengchashop.com\/se\/wp-json\/wp\/v2\/media\/5833"}],"wp:attachment":[{"href":"https:\/\/fengchashop.com\/se\/wp-json\/wp\/v2\/media?parent=5832"}],"wp:term":[{"taxonomy":"product_brand","embeddable":true,"href":"https:\/\/fengchashop.com\/se\/wp-json\/wp\/v2\/product_brand?post=5832"},{"taxonomy":"product_cat","embeddable":true,"href":"https:\/\/fengchashop.com\/se\/wp-json\/wp\/v2\/product_cat?post=5832"},{"taxonomy":"product_tag","embeddable":true,"href":"https:\/\/fengchashop.com\/se\/wp-json\/wp\/v2\/product_tag?post=5832"}],"curies":[{"name":"wp","href":"https:\/\/api.w.org\/{rel}","templated":true}]}}