{"id":5829,"date":"2024-11-04T15:10:46","date_gmt":"2024-11-04T14:10:46","guid":{"rendered":"https:\/\/fengchashop.com\/se\/product\/tremella-fuciformis-bio-i-pulver-125-g\/"},"modified":"2026-04-30T20:30:07","modified_gmt":"2026-04-30T18:30:07","slug":"tremella-fuciformis-bio-i-pulver","status":"publish","type":"product","link":"https:\/\/fengchashop.com\/se\/product\/tremella-fuciformis-bio-i-pulver\/","title":{"rendered":"Tremella Fuciformis BIO i pulver 125 g"},"content":{"rendered":"<h2 style=\"text-align: justify\"><span style=\"color: #000000\">Tremella Fuciformis BIO<\/span><\/h2>\n<p style=\"text-align: justify\"><span style=\"color: #000000\"><b>Tremella Fuciformis<\/b>, \u00e4ven k\u00e4nd som vit asp eller sn\u00f6svamp, \u00e4r en svamp som har ansetts vara en av de mest uppskattade medicinska svamparna inom traditionell kinesisk medicin i \u00e5rhundraden. I modern tid har det blivit popul\u00e4rt som kosttillskott, s\u00e4rskilt i pulverform, p\u00e5 grund av dess m\u00e5nga gynnsamma effekter p\u00e5 h\u00e4lsa och sk\u00f6nhet.<\/span><\/p>\n<h2><span style=\"color: #000000\">Vad g\u00f6r Tremella fuciformis s\u00e5 speciell och s\u00e5 annorlunda?<\/span><\/h2>\n<p><span style=\"color: #000000\">Tremella fuciformis k\u00e4nnetecknas av sin unika gelliknande struktur och transparenta f\u00e4rg, vilket g\u00f6r den visuellt attraktiv. Det anv\u00e4nds i det asiatiska k\u00f6ket och traditionell medicin eftersom det s\u00e4gs ha medicinska egenskaper som att st\u00e4rka immunf\u00f6rsvaret och f\u00f6rb\u00e4ttra hudens h\u00e4lsa. Dessutom \u00e4r den rik p\u00e5 n\u00e4rings\u00e4mnen, \u00e5terfuktar huden och spelar en viktig ekologisk roll som naturlig nedbrytare.<\/span><\/p>\n<h2><span style=\"color: #000000\">Tremella fuciformis har flera potentiella effekter<\/span><\/h2>\n<p><span style=\"color: #000000\">\ud83d\udc9a stimulering av immunf\u00f6rsvaret,<\/span><br \/>\n<span style=\"color: #000000\">\ud83d\udc9a f\u00f6rb\u00e4ttra hudens h\u00e4lsa,<\/span><br \/>\n<span style=\"color: #000000\">\ud83d\udc9a \u00e5terfuktar huden,<\/span><br \/>\n<span style=\"color: #000000\">\ud83d\udc9a antioxidantegenskaper,<\/span><br \/>\n<span style=\"color: #000000\">\ud83d\udc9a kamp mot \u00e5ldrande,<\/span><br \/>\n<span style=\"color: #000000\">\ud83d\udc9a hj\u00e4lp med \u00e5terfuktning,<\/span><br \/>\n<span style=\"color: #000000\">\ud83d\udc9a matsm\u00e4ltningsst\u00f6d (p\u00e5 grund av fiberinneh\u00e5ll),<\/span><br \/>\n<span style=\"color: #000000\">\ud83d\udc9a minskning av inflammation,<\/span><br \/>\n<span style=\"color: #000000\">\ud83d\udc9a st\u00e4rka andningsh\u00e4lsan,<\/span><br \/>\n<span style=\"color: #000000\">\ud83d\udc9a potentiell f\u00f6rb\u00e4ttring av kognitiva funktioner.<\/span><\/p>\n<h2><span style=\"color: #000000\">F\u00f6rvaring och varningar<\/span><\/h2>\n<p><span style=\"color: #000000\">F\u00f6rvara p\u00e5 en torr och sval plats vid en temperatur p\u00e5 upp till 25 \u00b0C. Kosttillskottet ska vara utom r\u00e4ckh\u00e5ll f\u00f6r barn!<\/span><\/p>\n<p><span style=\"color: #000000\">Gl\u00f6m inte vikten av en varierad kost och en h\u00e4lsosam livsstil, ett n\u00e4ringstillskott \u00e4r d\u00e4rf\u00f6r inte ett substitut f\u00f6r en balanserad och varierad kost. Den rekommenderade dagliga m\u00e4ngden eller dosen f\u00e5r inte \u00f6verskridas.<\/span><\/p>\n<p><span style=\"color: #000000\">Tremella fuciformis rekommenderas inte f\u00f6r personer med svampallergier, immunsupprimerade individer och personer med allvarliga h\u00e4lsotillst\u00e5nd som njursjukdom. Gravida och ammande m\u00f6drar och de som tar medicin b\u00f6r r\u00e5dfr\u00e5ga sin l\u00e4kare f\u00f6re anv\u00e4ndning.<\/span><\/p>\n<h2><span style=\"color: #000000\">F\u00f6rpackning<\/span><\/h2>\n<p><span style=\"color: #000000\">En luftt\u00e4t p\u00e5se med dragkedja, d\u00e4r produkten beh\u00e5ller all sin fr\u00e4sch\u00f6r och arom. F\u00f6rpackningen skyddar mot ljus och luft, d\u00e5 den best\u00e5r av flera skyddslager som bevarar inneh\u00e5llets egenskaper.<\/span><\/p>\n<p><span style=\"color: #000000\">F\u00f6rpackningen \u00e4r mycket praktisk och m\u00f6jligg\u00f6r \u00e5tervinning.<\/span><\/p>\n<h2 style=\"text-align: justify\"><span style=\"color: #000000\">Ursprung<\/span><\/h2>\n<p style=\"text-align: justify\"><span style=\"color: #000000\">Kina. Vi har mycket p\u00e5litliga leverant\u00f6rer som skickar oss en exakt kemisk analys av livsmedlet f\u00f6r varje parti. Vi har inte haft n\u00e5gra \u00e5terkallelser eller andra problem med denna produkt eller andra produkter fr\u00e5n samma leverant\u00f6r p\u00e5 \u00f6ver tio \u00e5r. Artikeln har ett 100% ekologiskt certifikat.<\/span><\/p>\n","protected":false},"excerpt":{"rendered":"<p>Tremella Fuciformis, \u00e4ven k\u00e4nd som vit tremella eller sn\u00f6svamp. Det har medicinska egenskaper som att st\u00e4rka immunf\u00f6rsvaret och f\u00f6rb\u00e4ttra hudens h\u00e4lsa, och \u00e4r ocks\u00e5 rikt p\u00e5 n\u00e4rings\u00e4mnen. Det \u00e4r k\u00e4nt f\u00f6r sina m\u00e5nga effekter p\u00e5 h\u00e4lsa och sk\u00f6nhet.<\/p>\n<p>\ud83d\udc9a Stimulerar och st\u00e4rker immunf\u00f6rsvaret.<br \/>\n\ud83d\udc9a F\u00f6rb\u00e4ttrar hudens h\u00e4lsa.<br \/>\n\ud83d\udc9a Utm\u00e4rkt k\u00e4lla till antioxidanter.<br \/>\n\ud83d\udc9a St\u00f6der matsm\u00e4ltningen.<\/p>\n","protected":false},"featured_media":5830,"comment_status":"open","ping_status":"closed","template":"","meta":{"_acf_changed":false},"product_brand":[],"product_cat":[225,224,229,226],"product_tag":[],"class_list":{"0":"post-5829","1":"product","2":"type-product","3":"status-publish","4":"has-post-thumbnail","6":"product_cat-alla-produkter","7":"product_cat-erbjudande","8":"product_cat-medicinska-svampar","9":"product_cat-supermat","11":"first","12":"instock","13":"taxable","14":"shipping-taxable","15":"purchasable","16":"product-type-simple"},"acf":[],"_links":{"self":[{"href":"https:\/\/fengchashop.com\/se\/wp-json\/wp\/v2\/product\/5829","targetHints":{"allow":["GET"]}}],"collection":[{"href":"https:\/\/fengchashop.com\/se\/wp-json\/wp\/v2\/product"}],"about":[{"href":"https:\/\/fengchashop.com\/se\/wp-json\/wp\/v2\/types\/product"}],"replies":[{"embeddable":true,"href":"https:\/\/fengchashop.com\/se\/wp-json\/wp\/v2\/comments?post=5829"}],"wp:featuredmedia":[{"embeddable":true,"href":"https:\/\/fengchashop.com\/se\/wp-json\/wp\/v2\/media\/5830"}],"wp:attachment":[{"href":"https:\/\/fengchashop.com\/se\/wp-json\/wp\/v2\/media?parent=5829"}],"wp:term":[{"taxonomy":"product_brand","embeddable":true,"href":"https:\/\/fengchashop.com\/se\/wp-json\/wp\/v2\/product_brand?post=5829"},{"taxonomy":"product_cat","embeddable":true,"href":"https:\/\/fengchashop.com\/se\/wp-json\/wp\/v2\/product_cat?post=5829"},{"taxonomy":"product_tag","embeddable":true,"href":"https:\/\/fengchashop.com\/se\/wp-json\/wp\/v2\/product_tag?post=5829"}],"curies":[{"name":"wp","href":"https:\/\/api.w.org\/{rel}","templated":true}]}}