{"id":5812,"date":"2024-08-30T08:23:27","date_gmt":"2024-08-30T06:23:27","guid":{"rendered":"https:\/\/fengchashop.com\/se\/product\/ginseng-panax-bio-60-g\/"},"modified":"2026-04-22T13:19:08","modified_gmt":"2026-04-22T11:19:08","slug":"ginseng-panax-bio","status":"publish","type":"product","link":"https:\/\/fengchashop.com\/se\/product\/ginseng-panax-bio\/","title":{"rendered":"Ginseng Panax BIO 60 g"},"content":{"rendered":"<h2 style=\"text-align: justify\"><span style=\"color: #000000\">Ginseng panax pulver fr\u00e5n ekologisk produktion<\/span><\/h2>\n<p><span style=\"color: #000000\">Ginseng Panax \u00e4r en \u00f6rt som h\u00e4rstammar fr\u00e5n familjen Araliaceae och tillh\u00f6r sl\u00e4ktet Panax. &#8221;Panax&#8221; kommer fr\u00e5n ett grekiskt ord som betyder &#8221;all h\u00e4lsa&#8221; eller &#8221;l\u00e4kning&#8221;, vilket \u00e5terspeglar dess traditionella anv\u00e4ndning inom medicin. Denna \u00f6rt \u00e4r k\u00e4nd f\u00f6r sina potentiella medicinska egenskaper och anv\u00e4nds ofta i traditionell kinesisk, koreansk och amerikansk folkmedicin.<\/span><\/p>\n<p><span style=\"color: #000000\">Ginsengrot \u00e4r en av de viktigaste v\u00e4xterna i traditionell kinesisk och rysk v\u00e4xtodling, d\u00e4r den har anv\u00e4nts som kosttillskott i \u00e5rhundraden, om inte \u00e5rtusenden. I Kina \u00e4r det v\u00e4lk\u00e4nt att ginseng \u00e4r bra f\u00f6r v\u00e5r h\u00e4lsa vad g\u00e4ller livsl\u00e4ngd (h\u00e4mmar \u00e5ldringsprocesser), hj\u00e4lper till att f\u00f6rb\u00e4ttra immunf\u00f6rsvarets funktion, verkar mot tr\u00f6tthet, mot stress och p\u00e5verkar b\u00e4ttre sexuell kraft.<\/span><\/p>\n<p><span style=\"color: #000000\">De aktiva f\u00f6reningarna i ginseng som kallas elevterosider (den inneh\u00e5ller s\u00e5 m\u00e5nga som 7 olika) fungerar p\u00e5 samma s\u00e4tt som steroider. Ginseng \u00e4r ocks\u00e5 en adaptogen v\u00e4xt. Det \u00e4r v\u00e4xter som hj\u00e4lper kroppen att anpassa sig till olika negativa faktorer fr\u00e5n omgivningen. Den har f\u00f6rm\u00e5gan att reglera och kontrollera k\u00f6rtel- och hormonsystemen, nerv- och kardiovaskul\u00e4ra systemen samt musklerna. Adaptogener \u00e4r ett effektivt hj\u00e4lpmedel f\u00f6r kroppen att hantera fysisk, kemisk och biologisk stress.<\/span><\/p>\n<p><span style=\"color: #000000\">V\u00e5r poanax ginseng kommer fr\u00e5n ekologisk odling och inneh\u00e5ller inga fyllmedel eller tillsatser. Efter sk\u00f6rden torkas ginsengr\u00f6tterna och mals sedan till ett pulver med en skonsam process.<\/span><\/p>\n<h2><span style=\"color: #000000\">Nyckelegenskaper hos Panax Ginseng och dess effekter<\/span><\/h2>\n<p><span style=\"color: #000000\">\ud83d\udc9a Det \u00e4r k\u00e4nt som en adaptogen, vilket betyder att det kan hj\u00e4lpa kroppen att anpassa sig till stress och \u00f6ka dess motst\u00e5ndskraft mot skadliga faktorer,<\/span><br \/>\n<span style=\"color: #000000\">\ud83d\udc9a det anv\u00e4nds som ett naturligt medel f\u00f6r att \u00f6ka energi och uth\u00e5llighet,<\/span><br \/>\n<span style=\"color: #000000\">\ud83d\udc9a f\u00f6rb\u00e4ttrar kognitiva funktioner som minne, koncentration och uppm\u00e4rksamhet,<\/span><br \/>\n<span style=\"color: #000000\">\ud83d\udc9a st\u00e4rker immunf\u00f6rsvaret, d\u00e5 det inneh\u00e5ller \u00e4mnen som stimulerar produktionen av vita blodkroppar som bek\u00e4mpar infektioner,<\/span><br \/>\n<span style=\"color: #000000\">\ud83d\udc9a inneh\u00e5ller antioxidanter som hj\u00e4lper till att skydda cellerna fr\u00e5n skador orsakade av fria radikaler,<\/span><br \/>\n<span style=\"color: #000000\">\ud83d\udc9a hj\u00e4lper till att stabilisera blodsockerniv\u00e5erna, vilket \u00e4r f\u00f6rdelaktigt f\u00f6r personer med diabetes,<\/span><br \/>\n<span style=\"color: #000000\">\ud83d\udc9a f\u00f6rb\u00e4ttrar libido hos m\u00e4n,<\/span><br \/>\n<span style=\"color: #000000\">\ud83d\udc9a f\u00f6rb\u00e4ttrar sexuella funktioner,<\/span><br \/>\n<span style=\"color: #000000\">\ud83d\udc9a kan ha antiinflammatoriska egenskaper som kan hj\u00e4lpa till att minska inflammation i kroppen,<\/span><br \/>\n<span style=\"color: #000000\">\ud83d\udc9a p\u00e5verkar det kardiovaskul\u00e4ra systemet positivt genom att s\u00e4nka blodtrycket och f\u00f6rb\u00e4ttra kolesterolniv\u00e5erna.<\/span><\/p>\n<h2><span style=\"color: #000000\">F\u00f6rvaring och varningar<\/span><\/h2>\n<p><span style=\"color: #000000\">F\u00f6rvara p\u00e5 en torr och sval plats. Kosttillskottet ska vara utom r\u00e4ckh\u00e5ll f\u00f6r barn!<\/span><\/p>\n<p><span style=\"color: #000000\">Gl\u00f6m inte vikten av en varierad kost och en h\u00e4lsosam livsstil, ett n\u00e4ringstillskott \u00e4r d\u00e4rf\u00f6r inte ett substitut f\u00f6r en balanserad och varierad kost. Den rekommenderade dagliga m\u00e4ngden eller dosen f\u00e5r inte \u00f6verskridas. Gravida kvinnor, ammande m\u00f6drar och personer som tar medicin b\u00f6r alltid konsultera en l\u00e4kare f\u00f6re anv\u00e4ndning.<\/span><\/p>\n<h2><span style=\"color: #000000\">F\u00f6rpackning<\/span><\/h2>\n<p><span style=\"color: #000000\">En luftt\u00e4t p\u00e5se med dragkedja, d\u00e4r produkten beh\u00e5ller all sin fr\u00e4sch\u00f6r och arom. F\u00f6rpackningen skyddar mot ljus och luft, d\u00e5 den best\u00e5r av flera skyddslager som bevarar inneh\u00e5llets egenskaper.<\/span><\/p>\n<p><span style=\"color: #000000\">F\u00f6rpackningen \u00e4r mycket praktisk och m\u00f6jligg\u00f6r \u00e5tervinning.<\/span><\/p>\n<h2 style=\"text-align: justify\"><span style=\"color: #000000\">Ursprung<\/span><\/h2>\n<p style=\"text-align: justify\"><span style=\"color: #000000\">Kina. Vi har mycket p\u00e5litliga leverant\u00f6rer som skickar oss en exakt kemisk analys av livsmedlet f\u00f6r varje parti. Vi har inte haft n\u00e5gra \u00e5terkallelser eller andra problem med denna produkt eller andra produkter fr\u00e5n samma leverant\u00f6r p\u00e5 \u00f6ver tio \u00e5r. Artikeln har ett 100% ekologiskt certifikat.<\/span><\/p>\n","protected":false},"excerpt":{"rendered":"<p>Ginsengrot \u00e4r en av de viktigaste v\u00e4xterna inom traditionell kinesisk och rysk \u00f6rtmedicin, d\u00e4r den har anv\u00e4nts som kosttillskott i \u00e5rhundraden, om inte \u00e5rtusenden. I Kina \u00e4r det v\u00e4lk\u00e4nt att ginseng \u00e4r bra f\u00f6r v\u00e5r h\u00e4lsa n\u00e4r det g\u00e4ller:<\/p>\n<p>\ud83d\udc9a l\u00e5ng livsl\u00e4ngd (h\u00e4mmar \u00e5ldringsprocesser),<br \/>\n\ud83d\udc9a st\u00e4rker immunf\u00f6rsvaret,<br \/>\n\ud83d\udc9a fungerar mot tr\u00f6tthet,<br \/>\n\ud83d\udc9a mot stress,<br \/>\n\ud83d\udc9a p\u00e5verkar b\u00e4ttre sexuell kraft.<\/p>\n","protected":false},"featured_media":5813,"comment_status":"open","ping_status":"closed","template":"","meta":{"_acf_changed":false},"product_brand":[],"product_cat":[225,224,226],"product_tag":[],"class_list":{"0":"post-5812","1":"product","2":"type-product","3":"status-publish","4":"has-post-thumbnail","6":"product_cat-alla-produkter","7":"product_cat-erbjudande","8":"product_cat-supermat","10":"first","11":"instock","12":"sale","13":"taxable","14":"shipping-taxable","15":"purchasable","16":"product-type-simple"},"acf":[],"_links":{"self":[{"href":"https:\/\/fengchashop.com\/se\/wp-json\/wp\/v2\/product\/5812","targetHints":{"allow":["GET"]}}],"collection":[{"href":"https:\/\/fengchashop.com\/se\/wp-json\/wp\/v2\/product"}],"about":[{"href":"https:\/\/fengchashop.com\/se\/wp-json\/wp\/v2\/types\/product"}],"replies":[{"embeddable":true,"href":"https:\/\/fengchashop.com\/se\/wp-json\/wp\/v2\/comments?post=5812"}],"wp:featuredmedia":[{"embeddable":true,"href":"https:\/\/fengchashop.com\/se\/wp-json\/wp\/v2\/media\/5813"}],"wp:attachment":[{"href":"https:\/\/fengchashop.com\/se\/wp-json\/wp\/v2\/media?parent=5812"}],"wp:term":[{"taxonomy":"product_brand","embeddable":true,"href":"https:\/\/fengchashop.com\/se\/wp-json\/wp\/v2\/product_brand?post=5812"},{"taxonomy":"product_cat","embeddable":true,"href":"https:\/\/fengchashop.com\/se\/wp-json\/wp\/v2\/product_cat?post=5812"},{"taxonomy":"product_tag","embeddable":true,"href":"https:\/\/fengchashop.com\/se\/wp-json\/wp\/v2\/product_tag?post=5812"}],"curies":[{"name":"wp","href":"https:\/\/api.w.org\/{rel}","templated":true}]}}