{"id":3987,"date":"2025-03-11T17:29:15","date_gmt":"2025-03-11T16:29:15","guid":{"rendered":"https:\/\/test-fengcha.dweb.si\/?page_id=3987"},"modified":"2026-02-09T09:02:45","modified_gmt":"2026-02-09T08:02:45","slug":"leverans-betalning","status":"publish","type":"page","link":"https:\/\/fengchashop.com\/se\/leverans-betalning\/","title":{"rendered":"Leverans \u2013 Betalning"},"content":{"rendered":"<div class=\"wpb-content-wrapper\"><p>[vc_row][vc_column][vc_row_inner][vc_column_inner][vc_column_text css=&#8221;&#8221;]<\/p>\r\n<h2 class=\"wp-block-heading\">Vad kostar frakten?<\/h2>\r\n<!-- \/wp:post-content -->\r\n<p>&nbsp;<\/p>\r\n<!-- wp:list -->\r\n<ul class=\"wp-block-list\">\r\n<li style=\"list-style-type: none;\">\r\n<ul class=\"wp-block-list\">\r\n<li style=\"list-style-type: none;\">\r\n<ul class=\"wp-block-list\">\r\n<li style=\"list-style-type: none;\">\r\n<ul class=\"wp-block-list\"><!-- wp:list-item -->\r\n<li>GLS-leverans: f\u00f6r k\u00f6p upp <strong>till 648,99 kr<\/strong> \u00e4r <strong>fraktkostnaden 79 kr<\/strong>.<\/li>\r\n<!-- \/wp:list-item -->\r\n\r\n<!-- wp:list-item -->\r\n<li>Vi erbjuder fri frakt f\u00f6r k\u00f6p<strong> \u00f6ver 649 kr.*<\/strong><\/li>\r\n<\/ul>\r\n<\/li>\r\n<\/ul>\r\n<!-- \/wp:list-item --><\/li>\r\n<\/ul>\r\n<!-- wp:list-item --><\/li>\r\n<\/ul>\r\n<!-- \/wp:list-item --><!-- \/wp:list -->\r\n<p><!-- wp:paragraph --><strong>Fri frakt vid k\u00f6p \u00f6ver <strong>649 kr<\/strong><\/strong><\/p>\r\n<!-- \/wp:paragraph -->\r\n<p>&nbsp;<\/p>\r\n<!-- wp:heading -->\r\n<h2 class=\"wp-block-heading\">Hur kan jag betala?<\/h2>\r\n<!-- \/wp:heading -->\r\n<p>&nbsp;<\/p>\r\n<!-- wp:heading {\"level\":4} -->\r\n<h4 class=\"wp-block-heading\">Paypal<\/h4>\r\n<!-- \/wp:heading -->\r\n<p>&nbsp;<\/p>\r\n<!-- wp:heading {\"level\":4} -->\r\n<h4 class=\"wp-block-heading\">Kreditkort<\/h4>\r\n<!-- \/wp:heading -->\r\n<p>&nbsp;<\/p>\r\n<!-- wp:heading -->\r\n<h2 class=\"wp-block-heading\">Hur g\u00f6r jag ett k\u00f6p?<\/h2>\r\n<!-- \/wp:heading -->\r\n<p>&nbsp;<\/p>\r\n<!-- wp:list -->\r\n<ul class=\"wp-block-list\">\r\n<li style=\"list-style-type: none;\">\r\n<ul class=\"wp-block-list\"><!-- wp:list-item -->\r\n<li><strong>I tre enkla steg: <\/strong>genom att l\u00e4gga till varor i kundkorgen, bekr\u00e4fta k\u00f6pet och fylla i enkla formul\u00e4r.<\/li>\r\n<!-- \/wp:list-item -->\r\n\r\n<!-- wp:list-item -->\r\n<li>Via e-post:<strong> info@fengchashop.com<\/strong><\/li>\r\n<\/ul>\r\n<\/li>\r\n<\/ul>\r\n<!-- \/wp:list-item --><!-- \/wp:list -->\r\n<p>&nbsp;<\/p>\r\n<!-- wp:heading -->\r\n<h2 class=\"wp-block-heading\">N\u00e4r f\u00e5r jag leveransen?<\/h2>\r\n<!-- \/wp:heading -->\r\n<p>&nbsp;<\/p>\r\n<!-- wp:list -->\r\n<ul class=\"wp-block-list\">\r\n<li style=\"list-style-type: none;\">\r\n<ul class=\"wp-block-list\"><!-- wp:list-item -->\r\n<li>Alla best\u00e4llningar som g\u00f6rs f\u00f6re kl. 10.00 skickas samma arbetsdag. Paketet f\u00f6rv\u00e4ntas anl\u00e4nda till din adress inom n\u00e5gra dagar.<\/li>\r\n<!-- \/wp:list-item -->\r\n\r\n<!-- wp:list-item -->\r\n<li>I det ovanliga fallet att vi inte har den best\u00e4llda produkten i lager, meddelar vi dig via e-post om n\u00e4r leveransen f\u00f6rv\u00e4ntas.<\/li>\r\n<!-- \/wp:list-item -->\r\n\r\n<!-- wp:list-item -->\r\n<li>Alla f\u00f6rs\u00e4ndelser levereras tillf\u00f6rlitligt med GLS eller rekommenderad post.<\/li>\r\n<\/ul>\r\n<\/li>\r\n<\/ul>\r\n<!-- \/wp:list-item --><!-- \/wp:list -->\r\n<p><strong>P\u00e5litlig och snabb leverans med GLS-bud eller rekommenderad post.<\/strong><\/p>\r\n<p><!-- \/wp:paragraph -->\u00a0<\/p>\r\n<p>[\/vc_column_text][\/vc_column_inner][\/vc_row_inner][\/vc_column][\/vc_row]<\/p><\/div>","protected":false},"excerpt":{"rendered":"<p>[vc_row][vc_column][vc_row_inner][vc_column_inner][vc_column_text css=&#8221;&#8221;] Vad kostar frakten? &nbsp; GLS-leverans: f\u00f6r k\u00f6p upp till 648,99 kr \u00e4r fraktkostnaden 79 kr. Vi erbjuder fri frakt f\u00f6r k\u00f6p \u00f6ver 649 kr.* Fri frakt vid k\u00f6p \u00f6ver 649 kr &nbsp; Hur kan jag betala? &nbsp; Paypal &nbsp; Kreditkort &nbsp; Hur g\u00f6r jag ett k\u00f6p? &nbsp; I tre enkla steg: genom att [&hellip;]<\/p>\n","protected":false},"author":2,"featured_media":0,"parent":0,"menu_order":0,"comment_status":"closed","ping_status":"closed","template":"","meta":{"_acf_changed":false,"footnotes":""},"class_list":["post-3987","page","type-page","status-publish","hentry"],"acf":[],"_links":{"self":[{"href":"https:\/\/fengchashop.com\/se\/wp-json\/wp\/v2\/pages\/3987","targetHints":{"allow":["GET"]}}],"collection":[{"href":"https:\/\/fengchashop.com\/se\/wp-json\/wp\/v2\/pages"}],"about":[{"href":"https:\/\/fengchashop.com\/se\/wp-json\/wp\/v2\/types\/page"}],"author":[{"embeddable":true,"href":"https:\/\/fengchashop.com\/se\/wp-json\/wp\/v2\/users\/2"}],"replies":[{"embeddable":true,"href":"https:\/\/fengchashop.com\/se\/wp-json\/wp\/v2\/comments?post=3987"}],"version-history":[{"count":6,"href":"https:\/\/fengchashop.com\/se\/wp-json\/wp\/v2\/pages\/3987\/revisions"}],"predecessor-version":[{"id":7361,"href":"https:\/\/fengchashop.com\/se\/wp-json\/wp\/v2\/pages\/3987\/revisions\/7361"}],"wp:attachment":[{"href":"https:\/\/fengchashop.com\/se\/wp-json\/wp\/v2\/media?parent=3987"}],"curies":[{"name":"wp","href":"https:\/\/api.w.org\/{rel}","templated":true}]}}