{"id":7458,"date":"2026-04-15T04:52:11","date_gmt":"2026-04-15T02:52:11","guid":{"rendered":"https:\/\/fengchashop.com\/ro\/product\/kurkumin-c3-kompleks-v-tekocini-150-ml\/"},"modified":"2026-05-01T10:19:06","modified_gmt":"2026-05-01T08:19:06","slug":"curcumin-c3-complex-lichid","status":"publish","type":"product","link":"https:\/\/fengchashop.com\/ro\/product\/curcumin-c3-complex-lichid\/","title":{"rendered":"Curcumin C3 Complex lichid 150 ml"},"content":{"rendered":"<h2><strong>Curcumin C3 Complex lichid<\/strong><\/h2>\n<p><strong>Curcumin C3 Complex lichid<\/strong> este un supliment alimentar modern, conceput pentru a sus\u021bine organismul, a proteja celulele \u0219i a spori vitalitatea general\u0103. Con\u021bine curcumin\u0103 de \u00eenalt\u0103 calitate \u00eentr-o form\u0103 avansat\u0103, care permite o bun\u0103 asimilare \u0219i o ac\u021biune eficient\u0103 \u00een organism.<\/p>\n<p>Curcumina ac\u021bioneaz\u0103 ca un antioxidant \u0219i ajut\u0103 la protejarea celulelor \u00eempotriva stresului oxidativ, sus\u021bin\u00e2nd \u00een acela\u0219i timp sistemul imunitar \u0219i echilibrul general al organismului. Vitamina C ad\u0103ugat\u0103 contribuie suplimentar la func\u021bionarea sistemului imunitar \u0219i \u00eembun\u0103t\u0103\u021be\u0219te absorb\u021bia fierului.<\/p>\n<p>Forma lichid\u0103 permite o utilizare u\u0219oar\u0103 \u0219i o bun\u0103 absorb\u021bie, iar gustul pl\u0103cut de mere asigur\u0103 o consumare zilnic\u0103 pl\u0103cut\u0103.<\/p>\n<h2><strong>Cum ac\u021bioneaz\u0103?<\/strong><\/h2>\n<p>Curcumina contribuie la protejarea celulelor \u00eempotriva radicalilor liberi \u0219i sus\u021bine procesele naturale din organism. \u00cen combina\u021bie cu vitamina C, contribuie la o stare de bine, sus\u021bine sistemul imunitar \u0219i protejeaz\u0103 organismul.<\/p>\n<h2><strong>Ce con\u021bine?<\/strong><\/h2>\n<p><strong><span class=\"ml-1\"><span style=\"color: #000000\">\ud83d\udc9a <\/span><\/span>Curcumin C3 Complex\u00ae<\/strong><\/p>\n<p><strong><span class=\"ml-1\"><span style=\"color: #000000\">\ud83d\udc9a <\/span><\/span>Vitamina C<\/strong><\/p>\n<ul>\n<li>contribuie la func\u021bionarea normal\u0103 a sistemului imunitar<\/li>\n<li>contribuie la protejarea celulelor \u00eempotriva stresului oxidativ<\/li>\n<li>contribuie la reducerea oboselii \u0219i a epuiz\u0103rii<\/li>\n<li>contribuie la metabolismul normal pentru ob\u021binerea de energie<\/li>\n<li>contribuie la func\u021bionarea normal\u0103 a sistemului nervos<\/li>\n<li>contribuie la func\u021bionarea psihologic\u0103 normal\u0103<\/li>\n<li>contribuie la func\u021bionarea normal\u0103 a sistemului imunitar \u00een timpul \u0219i dup\u0103 efortul fizic intens<\/li>\n<li>contribuie la formarea normal\u0103 a colagenului pentru<\/li>\n<li>contribuie la regenerarea formei reduse a vitaminei E<\/li>\n<li>cre\u0219te absorb\u021bia fierului<\/li>\n<\/ul>\n<p><strong><span class=\"ml-1\"><span style=\"color: #000000\">\ud83d\udc9a <\/span><\/span>Vitamina D3<\/strong><\/p>\n<ul>\n<li>contribuie la absorb\u021bia\/utilizarea normal\u0103 a calciului \u0219i a fosforului<\/li>\n<li>contribuie la men\u021binerea unui nivel normal de calciu \u00een s\u00e2nge<\/li>\n<li>contribuie la men\u021binerea s\u0103n\u0103t\u0103\u021bii oaselor<\/li>\n<li>contribuie la men\u021binerea func\u021bion\u0103rii normale a mu\u0219chilor<\/li>\n<li>contribuie la men\u021binerea s\u0103n\u0103t\u0103\u021bii din\u021bilor<\/li>\n<li>contribuie la func\u021bionarea normal\u0103 a sistemului imunitar<\/li>\n<li>are un rol \u00een diviziunea celular\u0103<\/li>\n<\/ul>\n<h2><strong>De ce s\u0103 alege\u021bi complexul de curcumin\u0103 lichid\u0103 C3?<\/strong><\/h2>\n<ul>\n<li>formul\u0103 avansat\u0103 pentru o bun\u0103 absorb\u021bie<\/li>\n<li>contribuie la func\u021bionarea normal\u0103 a sistemului imunitar<\/li>\n<li>sus\u021bine sistemul imunitar \u0219i protejeaz\u0103 celulele<\/li>\n<li>con\u021bine vitamina C ad\u0103ugat\u0103<\/li>\n<li>form\u0103 lichid\u0103 pentru o utilizare u\u0219oar\u0103<\/li>\n<li>gust pl\u0103cut de mere<\/li>\n<li>potrivit pentru vegani<\/li>\n<li>f\u0103r\u0103 gluten, lactoz\u0103 \u0219i OMG<\/li>\n<\/ul>\n<h2 style=\"text-align: justify\"><span style=\"color: #000000\">Depozitare \u0219i avertismente<\/span><\/h2>\n<p>A se p\u0103stra \u00eentr-un loc uscat \u0219i ferit de lumin\u0103, la o temperatur\u0103 de p\u00e2n\u0103 la 25 \u00b0C. Dup\u0103 deschidere, a se p\u0103stra la frigider.<\/p>\n<p>Nu uita\u021bi de importan\u021ba unei alimenta\u021bii variate \u0219i a unui stil de via\u021b\u0103 s\u0103n\u0103tos. Suplimentul alimentar nu \u00eenlocuie\u0219te o alimenta\u021bie echilibrat\u0103 \u0219i variat\u0103. Nu dep\u0103\u0219i\u021bi doza zilnic\u0103 recomandat\u0103. A nu se l\u0103sa la \u00eendem\u00e2na copiilor!<\/p>\n<h2><span style=\"color: #000000\">Ambalaj<\/span><\/h2>\n<p>Sticla de plastic de calitate, de culoare \u00eenchis\u0103, este conceput\u0103 pentru a asigura o protec\u021bie maxim\u0103 a vitaminelor \u0219i mineralelor lichide. Proteje con\u021binutul de lumin\u0103, aer \u0219i factori externi \u0219i ajut\u0103 la men\u021binerea prospe\u021bimii, stabilit\u0103\u021bii \u0219i eficacit\u0103\u021bii pe toat\u0103 durata utiliz\u0103rii.<\/p>\n<p>Ambalajul este foarte practic \u0219i poate fi reciclat.<\/p>\n<h2>Origine<\/h2>\n<p>UE<\/p>\n","protected":false},"excerpt":{"rendered":"<p><strong>Kurkumin C3 Complex \u00een form\u0103 lichid\u0103<\/strong> este un supliment alimentar avansat cu o form\u0103 de curcumin\u0103 cu biodisponibilitate ridicat\u0103, conceput pentru a sus\u021bine protec\u021bia celular\u0103, sistemul imunitar \u0219i starea general\u0103 de bine.<\/p>\n<p><span class=\"ml-1\"><span style=\"color: #000000\">\ud83d\udc9a <\/span><\/span>biodisponibilitate ridicat\u0103 pentru o ac\u021biune eficient\u0103<\/p>\n<p><span class=\"ml-1\"><span style=\"color: #000000\">\ud83d\udc9a <\/span><\/span>contribuie la func\u021bionarea normal\u0103 a sistemului imunitar<\/p>\n<p><span class=\"ml-1\"><span style=\"color: #000000\">\ud83d\udc9a <\/span><\/span>contribuie la protec\u021bia celulelor \u00eempotriva stresului oxidativ<\/p>\n<p><span class=\"ml-1\"><span style=\"color: #000000\">\ud83d\udc9a <\/span><\/span>form\u0103 lichid\u0103 pentru o utilizare u\u0219oar\u0103 \u0219i o bun\u0103 absorb\u021bie<\/p>\n<p><span class=\"ml-1\"><span style=\"color: #000000\">\ud83d\udc9a <\/span><\/span>potrivit pentru vegani<\/p>\n<p><span class=\"ml-1\"><span style=\"color: #000000\">\ud83d\udc9a <\/span><\/span>f\u0103r\u0103 gluten, lactoz\u0103 \u0219i OMG<\/p>\n","protected":false},"featured_media":7457,"comment_status":"open","ping_status":"closed","template":"","meta":{"_acf_changed":false},"product_brand":[],"product_cat":[15,228,235,224,225],"product_tag":[],"class_list":{"0":"post-7458","1":"product","2":"type-product","3":"status-publish","4":"has-post-thumbnail","6":"product_cat-uncategorized","7":"product_cat-minerale-si-vitamine","8":"product_cat-nou","9":"product_cat-oferta","10":"product_cat-toate-produsele","12":"first","13":"instock","14":"sale","15":"taxable","16":"shipping-taxable","17":"purchasable","18":"product-type-simple"},"acf":[],"_links":{"self":[{"href":"https:\/\/fengchashop.com\/ro\/wp-json\/wp\/v2\/product\/7458","targetHints":{"allow":["GET"]}}],"collection":[{"href":"https:\/\/fengchashop.com\/ro\/wp-json\/wp\/v2\/product"}],"about":[{"href":"https:\/\/fengchashop.com\/ro\/wp-json\/wp\/v2\/types\/product"}],"replies":[{"embeddable":true,"href":"https:\/\/fengchashop.com\/ro\/wp-json\/wp\/v2\/comments?post=7458"}],"wp:featuredmedia":[{"embeddable":true,"href":"https:\/\/fengchashop.com\/ro\/wp-json\/wp\/v2\/media\/7457"}],"wp:attachment":[{"href":"https:\/\/fengchashop.com\/ro\/wp-json\/wp\/v2\/media?parent=7458"}],"wp:term":[{"taxonomy":"product_brand","embeddable":true,"href":"https:\/\/fengchashop.com\/ro\/wp-json\/wp\/v2\/product_brand?post=7458"},{"taxonomy":"product_cat","embeddable":true,"href":"https:\/\/fengchashop.com\/ro\/wp-json\/wp\/v2\/product_cat?post=7458"},{"taxonomy":"product_tag","embeddable":true,"href":"https:\/\/fengchashop.com\/ro\/wp-json\/wp\/v2\/product_tag?post=7458"}],"curies":[{"name":"wp","href":"https:\/\/api.w.org\/{rel}","templated":true}]}}