{"id":7456,"date":"2026-04-15T04:37:10","date_gmt":"2026-04-15T02:37:10","guid":{"rendered":"https:\/\/fengchashop.com\/ro\/product\/selen-v-tekocini-150-ml\/"},"modified":"2026-04-25T13:29:19","modified_gmt":"2026-04-25T11:29:19","slug":"seleniu-in-lichid","status":"publish","type":"product","link":"https:\/\/fengchashop.com\/ro\/product\/seleniu-in-lichid\/","title":{"rendered":"Seleniu \u00een lichid 150 ml"},"content":{"rendered":"<h2><strong>Seleniu \u00een lichid<\/strong><\/h2>\n<p><strong>Seleniul lichid <\/strong>este un supliment alimentar modern, destinat sus\u021binerii sistemului imunitar, a tiroidei \u0219i protec\u021biei celulelor. Con\u021bine seleniu, un microelement esen\u021bial care particip\u0103 la procese importante din organism \u2013 de la func\u021bionarea sistemului imunitar p\u00e2n\u0103 la protec\u021bia \u00eempotriva stresului oxidativ.<\/p>\n<p>Seleniul contribuie la func\u021bionarea normal\u0103 a glandei tiroide, la men\u021binerea s\u0103n\u0103t\u0103\u021bii p\u0103rului \u0219i a unghiilor \u0219i la protec\u021bia celulelor \u00eempotriva radicalilor liberi.<\/p>\n<p>Forma lichid\u0103 permite o utilizare u\u0219oar\u0103 \u0219i o absorb\u021bie bun\u0103, iar gustul pl\u0103cut de mango asigur\u0103 o consumare zilnic\u0103 pl\u0103cut\u0103.<\/p>\n<h2><strong>Cum ac\u021bioneaz\u0103?<\/strong><\/h2>\n<p>Seleniul joac\u0103 un rol important \u00een ap\u0103rarea organismului \u00eempotriva stresului oxidativ \u0219i sus\u021bine func\u021bionarea normal\u0103 a sistemului imunitar. De asemenea, particip\u0103 la func\u021bionarea glandei tiroide, care regleaz\u0103 numeroase procese din organism.<\/p>\n<h2><strong>Ce con\u021bine?<\/strong><\/h2>\n<p><strong><span class=\"ml-1\"><span style=\"color: #000000\">\ud83d\udc9a <\/span><\/span>Seleniu<\/strong><\/p>\n<ul>\n<li>contribuie la <strong>spermatogeneza normal\u0103<\/strong><\/li>\n<li>contribuie la <strong>men\u021binerea p\u0103rului s\u0103n\u0103tos<\/strong><\/li>\n<li>contribuie la <strong>men\u021binerea unghiilor s\u0103n\u0103toase<\/strong><\/li>\n<li>contribuie la <strong>func\u021bionarea normal\u0103 a sistemului imunitar<\/strong><\/li>\n<li>contribuie la <strong>func\u021bionarea normal\u0103 a tiroidei<\/strong><\/li>\n<li>contribuie la <strong>protec\u021bia celulelor \u00eempotriva stresului oxidativ<\/strong><\/li>\n<\/ul>\n<h2><strong>De ce s\u0103 alege\u021bi seleniul lichid?<\/strong><\/h2>\n<ul>\n<li>contribuie la func\u021bionarea normal\u0103 a sistemului imunitar \u0219i a glandei tiroide<\/li>\n<li>contribuie la protejarea celulelor \u00eempotriva stresului oxidativ<\/li>\n<li>contribuie la men\u021binerea s\u0103n\u0103t\u0103\u021bii p\u0103rului \u0219i a unghiilor<\/li>\n<li>form\u0103 lichid\u0103 pentru o utilizare u\u0219oar\u0103<\/li>\n<li>gust pl\u0103cut de mango<\/li>\n<li>potrivit pentru vegani<\/li>\n<li>f\u0103r\u0103 gluten, lactoz\u0103 \u0219i OMG<\/li>\n<\/ul>\n<h2 style=\"text-align: justify\"><span style=\"color: #000000\">Depozitare \u0219i avertismente<\/span><\/h2>\n<p>A se p\u0103stra \u00eentr-un loc uscat \u0219i ferit de lumin\u0103, la o temperatur\u0103 de p\u00e2n\u0103 la 25 \u00b0C. Dup\u0103 deschidere, a se p\u0103stra la frigider.<\/p>\n<p>Nu uita\u021bi de importan\u021ba unei alimenta\u021bii variate \u0219i a unui stil de via\u021b\u0103 s\u0103n\u0103tos. Suplimentul alimentar nu \u00eenlocuie\u0219te o alimenta\u021bie echilibrat\u0103 \u0219i variat\u0103. Nu dep\u0103\u0219i\u021bi doza zilnic\u0103 recomandat\u0103. A nu se l\u0103sa la \u00eendem\u00e2na copiilor!<\/p>\n<h2><span style=\"color: #000000\">Ambalaj<\/span><\/h2>\n<p>Sticla de plastic de calitate, de culoare \u00eenchis\u0103, este conceput\u0103 pentru a asigura o protec\u021bie maxim\u0103 a vitaminelor \u0219i mineralelor lichide. Proteje con\u021binutul de lumin\u0103, aer \u0219i factori externi \u0219i ajut\u0103 la men\u021binerea prospe\u021bimii, stabilit\u0103\u021bii \u0219i eficacit\u0103\u021bii pe toat\u0103 durata utiliz\u0103rii.<\/p>\n<p>Ambalajul este foarte practic \u0219i poate fi reciclat.<\/p>\n<h2>Origine<\/h2>\n<p>UE<\/p>\n","protected":false},"excerpt":{"rendered":"<p><strong>Seleniu lichid cu arom\u0103 de mango<\/strong> este un supliment alimentar cu con\u021binut ridicat de seleniu (182 % din VNR), care sus\u021bine glanda tiroid\u0103, sistemul imunitar \u0219i protec\u021bia celular\u0103.<\/p>\n<p><span class=\"ml-1\"><span style=\"color: #000000\">\ud83d\udc9a <\/span><\/span>contribuie la func\u021bionarea normal\u0103 a sistemului imunitar \u0219i a glandei tiroide<\/p>\n<p><span class=\"ml-1\"><span style=\"color: #000000\">\ud83d\udc9a <\/span><\/span>protejeaz\u0103 celulele \u00eempotriva stresului oxidativ<\/p>\n<p><span class=\"ml-1\"><span style=\"color: #000000\">\ud83d\udc9a <\/span><\/span>contribuie la men\u021binerea s\u0103n\u0103t\u0103\u021bii p\u0103rului \u0219i a unghiilor, precum \u0219i a fertilit\u0103\u021bii<\/p>\n<p><span class=\"ml-1\"><span style=\"color: #000000\">\ud83d\udc9a <\/span><\/span>form\u0103 lichid\u0103 pentru o administrare u\u0219oar\u0103 \u0219i o bun\u0103 absorb\u021bie<\/p>\n<p><span class=\"ml-1\"><span style=\"color: #000000\">\ud83d\udc9a <\/span><\/span>gust pl\u0103cut de mango,<\/p>\n<p><span class=\"ml-1\"><span style=\"color: #000000\">\ud83d\udc9a <\/span><\/span>potrivit pentru vegani<\/p>\n<p><span class=\"ml-1\"><span style=\"color: #000000\">\ud83d\udc9a <\/span><\/span>f\u0103r\u0103 gluten, lactoz\u0103 \u0219i OMG<\/p>\n","protected":false},"featured_media":7455,"comment_status":"open","ping_status":"closed","template":"","meta":{"_acf_changed":false},"product_brand":[],"product_cat":[15,228,235,224,225],"product_tag":[],"class_list":{"0":"post-7456","1":"product","2":"type-product","3":"status-publish","4":"has-post-thumbnail","6":"product_cat-uncategorized","7":"product_cat-minerale-si-vitamine","8":"product_cat-nou","9":"product_cat-oferta","10":"product_cat-toate-produsele","12":"first","13":"instock","14":"sale","15":"taxable","16":"shipping-taxable","17":"purchasable","18":"product-type-simple"},"acf":[],"_links":{"self":[{"href":"https:\/\/fengchashop.com\/ro\/wp-json\/wp\/v2\/product\/7456","targetHints":{"allow":["GET"]}}],"collection":[{"href":"https:\/\/fengchashop.com\/ro\/wp-json\/wp\/v2\/product"}],"about":[{"href":"https:\/\/fengchashop.com\/ro\/wp-json\/wp\/v2\/types\/product"}],"replies":[{"embeddable":true,"href":"https:\/\/fengchashop.com\/ro\/wp-json\/wp\/v2\/comments?post=7456"}],"wp:featuredmedia":[{"embeddable":true,"href":"https:\/\/fengchashop.com\/ro\/wp-json\/wp\/v2\/media\/7455"}],"wp:attachment":[{"href":"https:\/\/fengchashop.com\/ro\/wp-json\/wp\/v2\/media?parent=7456"}],"wp:term":[{"taxonomy":"product_brand","embeddable":true,"href":"https:\/\/fengchashop.com\/ro\/wp-json\/wp\/v2\/product_brand?post=7456"},{"taxonomy":"product_cat","embeddable":true,"href":"https:\/\/fengchashop.com\/ro\/wp-json\/wp\/v2\/product_cat?post=7456"},{"taxonomy":"product_tag","embeddable":true,"href":"https:\/\/fengchashop.com\/ro\/wp-json\/wp\/v2\/product_tag?post=7456"}],"curies":[{"name":"wp","href":"https:\/\/api.w.org\/{rel}","templated":true}]}}