{"id":7454,"date":"2026-04-15T04:27:17","date_gmt":"2026-04-15T02:27:17","guid":{"rendered":"https:\/\/fengchashop.com\/ro\/product\/zelezo-v-tekocini-250-ml\/"},"modified":"2026-04-28T15:38:27","modified_gmt":"2026-04-28T13:38:27","slug":"fier-in-lichid","status":"publish","type":"product","link":"https:\/\/fengchashop.com\/ro\/product\/fier-in-lichid\/","title":{"rendered":"Fier \u00een lichid 250 ml"},"content":{"rendered":"<h2><strong>Fier lichid<\/strong><\/h2>\n<p><strong>Fierul lichid <\/strong>este un supliment alimentar modern, conceput pentru a sus\u021bine energia, s\u00e2ngele \u0219i starea general\u0103 de bine. Con\u021bine fier \u0219i o combina\u021bie atent selec\u021bionat\u0103 de vitamine care particip\u0103 la procese importante din organism \u2013 de la formarea globulelor ro\u0219ii p\u00e2n\u0103 la eliberarea energiei \u00een metabolism.<\/p>\n<p>Formula avansat\u0103 combin\u0103 fierul cu vitamina C \u0219i vitaminele din grupa B (B1, B2, B6 \u0219i B12), care contribuie la o mai bun\u0103 asimilare a fierului, la reducerea oboselii \u0219i la sus\u021binerea sistemului imunitar.<\/p>\n<p>Forma lichid\u0103 permite o utilizare u\u0219oar\u0103 \u0219i o absorb\u021bie bun\u0103, ceea ce este deosebit de potrivit pentru persoanele care au dificult\u0103\u021bi \u00een a lua capsule sau comprimate.<\/p>\n<h2><strong>Cum ac\u021bioneaz\u0103?<\/strong><\/h2>\n<p>Fierul joac\u0103 un rol esen\u021bial \u00een formarea globulelor ro\u0219ii \u0219i a hemoglobinei, care permit transportul oxigenului \u00een organism. \u00cempreun\u0103 cu vitaminele, contribuie la eliberarea de energie, la reducerea oboselii \u0219i la func\u021bionarea normal\u0103 a sistemului imunitar.<\/p>\n<h2><strong>Ce con\u021bine?<\/strong><\/h2>\n<p><span class=\"ml-1\"><span style=\"color: #000000\">\ud83d\udc9a <\/span><\/span><strong>Fier<\/strong><\/p>\n<ul>\n<li>contribuie la formarea globulelor ro\u0219ii \u0219i a hemoglobinei, precum \u0219i la reducerea oboselii<\/li>\n<li>are un rol \u00een func\u021biile cognitive.<\/li>\n<li>contribuie la eliberarea de energie \u00een metabolism<\/li>\n<li>are un rol \u00een formarea globulelor ro\u0219ii \u0219i a hemoglobinei.<\/li>\n<li>are un rol \u00een transportul oxigenului \u00een organism.<\/li>\n<li>are un rol \u00een func\u021bionarea sistemului imunitar<\/li>\n<li>contribuie la reducerea oboselii \u0219i a epuiz\u0103rii, are un rol \u00een diviziunea celular\u0103<\/li>\n<\/ul>\n<p><span class=\"ml-1\"><span style=\"color: #000000\">\ud83d\udc9a <\/span><\/span><strong>Vitamina C<\/strong> \u2013 cre\u0219te absorb\u021bia fierului<\/p>\n<p><span class=\"ml-1\"><span style=\"color: #000000\">\ud83d\udc9a <\/span><\/span><strong>Vitamina B1 (tiamina)<\/strong> \u2013 contribuie la metabolismul normal pentru ob\u021binerea de energie<\/p>\n<p><span class=\"ml-1\"><span style=\"color: #000000\">\ud83d\udc9a <\/span><\/span><strong>Vitamina B2 (riboflavin\u0103)<\/strong> \u2013 contribuie la protec\u021bia celulelor \u00eempotriva stresului oxidativ<\/p>\n<p><span class=\"ml-1\"><span style=\"color: #000000\">\ud83d\udc9a <\/span><\/span><strong>Vitamina B6<\/strong> \u2013 contribuie la formarea globulelor ro\u0219ii<\/p>\n<p><span class=\"ml-1\"><span style=\"color: #000000\">\ud83d\udc9a <\/span><\/span><strong>Vitamina B12<\/strong> \u2013 contribuie la reducerea oboselii \u0219i la func\u021bionarea sistemului nervos<\/p>\n<h2><strong>De ce s\u0103 alegi fierul lichid?<\/strong><\/h2>\n<ul>\n<li>contribuie la func\u021bionarea normal\u0103 a sistemului imunitar<\/li>\n<li>combina\u021bie de fier \u0219i vitamine pentru o mai bun\u0103 asimilare<\/li>\n<li>form\u0103 lichid\u0103 pentru o administrare mai u\u0219oar\u0103<\/li>\n<li>gust pl\u0103cut de mere<\/li>\n<li>potrivit pentru vegani<\/li>\n<li>f\u0103r\u0103 gluten, lactoz\u0103 \u0219i OMG<\/li>\n<\/ul>\n<h2 style=\"text-align: justify\"><span style=\"color: #000000\">Depozitare \u0219i avertismente<\/span><\/h2>\n<p>A se p\u0103stra \u00eentr-un loc uscat \u0219i ferit de lumin\u0103, la o temperatur\u0103 de p\u00e2n\u0103 la 25 \u00b0C. Dup\u0103 deschidere, a se p\u0103stra la frigider.<\/p>\n<p>Nu uita\u021bi de importan\u021ba unei alimenta\u021bii variate \u0219i a unui stil de via\u021b\u0103 s\u0103n\u0103tos. Suplimentul alimentar nu \u00eenlocuie\u0219te o alimenta\u021bie echilibrat\u0103 \u0219i variat\u0103. Nu dep\u0103\u0219i\u021bi doza zilnic\u0103 recomandat\u0103. A nu se l\u0103sa la \u00eendem\u00e2na copiilor!<\/p>\n<h2><span style=\"color: #000000\">Ambalaj<\/span><\/h2>\n<p>Sticla de plastic de calitate, de culoare \u00eenchis\u0103, este conceput\u0103 pentru a asigura o protec\u021bie maxim\u0103 a vitaminelor \u0219i mineralelor lichide. Proteje con\u021binutul de lumin\u0103, aer \u0219i factori externi \u0219i ajut\u0103 la men\u021binerea prospe\u021bimii, stabilit\u0103\u021bii \u0219i eficacit\u0103\u021bii pe toat\u0103 durata utiliz\u0103rii.<\/p>\n<p>Ambalajul este foarte practic \u0219i poate fi reciclat.<\/p>\n<h2>Origine<\/h2>\n<p>UE<\/p>\n","protected":false},"excerpt":{"rendered":"<p><strong>Fierul lichid <\/strong>cu vitamine este conceput pentru a sus\u021bine formarea globulelor ro\u0219ii, transportul oxigenului \u00een organism \u0219i reducerea oboselii \u0219i epuiz\u0103rii.<\/p>\n<p><span class=\"ml-1\"><span style=\"color: #000000\">\ud83d\udc9a <\/span><\/span>form\u0103 lichid\u0103 pentru o administrare u\u0219oar\u0103<\/p>\n<p><span class=\"ml-1\"><span style=\"color: #000000\">\ud83d\udc9a <\/span><\/span>absorb\u021bie \u0219i utilizare bun\u0103 a nutrien\u021bilor<\/p>\n<p><span class=\"ml-1\"><span style=\"color: #000000\">\ud83d\udc9a <\/span><\/span>ajut\u0103 la reducerea oboselii \u0219i a epuiz\u0103rii<\/p>\n<p><span class=\"ml-1\"><span style=\"color: #000000\">\ud83d\udc9a<\/span><\/span>contribuie la func\u021bionarea normal\u0103 a sistemului imunitar<\/p>\n<p><span class=\"ml-1\"><span style=\"color: #000000\">\ud83d\udc9a<\/span><\/span>combina\u021bie de fier \u0219i vitamine pentru o mai bun\u0103 asimilare<\/p>\n<p><span class=\"ml-1\"><span style=\"color: #000000\">\ud83d\udc9a <\/span><\/span>potrivit pentru vegani<\/p>\n<p><span class=\"ml-1\"><span style=\"color: #000000\">\ud83d\udc9a <\/span><\/span>f\u0103r\u0103 gluten, lactoz\u0103 \u0219i OMG<\/p>\n","protected":false},"featured_media":7453,"comment_status":"open","ping_status":"closed","template":"","meta":{"_acf_changed":false},"product_brand":[],"product_cat":[15,228,235,224,225],"product_tag":[],"class_list":{"0":"post-7454","1":"product","2":"type-product","3":"status-publish","4":"has-post-thumbnail","6":"product_cat-uncategorized","7":"product_cat-minerale-si-vitamine","8":"product_cat-nou","9":"product_cat-oferta","10":"product_cat-toate-produsele","12":"first","13":"instock","14":"sale","15":"taxable","16":"shipping-taxable","17":"purchasable","18":"product-type-simple"},"acf":[],"_links":{"self":[{"href":"https:\/\/fengchashop.com\/ro\/wp-json\/wp\/v2\/product\/7454","targetHints":{"allow":["GET"]}}],"collection":[{"href":"https:\/\/fengchashop.com\/ro\/wp-json\/wp\/v2\/product"}],"about":[{"href":"https:\/\/fengchashop.com\/ro\/wp-json\/wp\/v2\/types\/product"}],"replies":[{"embeddable":true,"href":"https:\/\/fengchashop.com\/ro\/wp-json\/wp\/v2\/comments?post=7454"}],"wp:featuredmedia":[{"embeddable":true,"href":"https:\/\/fengchashop.com\/ro\/wp-json\/wp\/v2\/media\/7453"}],"wp:attachment":[{"href":"https:\/\/fengchashop.com\/ro\/wp-json\/wp\/v2\/media?parent=7454"}],"wp:term":[{"taxonomy":"product_brand","embeddable":true,"href":"https:\/\/fengchashop.com\/ro\/wp-json\/wp\/v2\/product_brand?post=7454"},{"taxonomy":"product_cat","embeddable":true,"href":"https:\/\/fengchashop.com\/ro\/wp-json\/wp\/v2\/product_cat?post=7454"},{"taxonomy":"product_tag","embeddable":true,"href":"https:\/\/fengchashop.com\/ro\/wp-json\/wp\/v2\/product_tag?post=7454"}],"curies":[{"name":"wp","href":"https:\/\/api.w.org\/{rel}","templated":true}]}}