{"id":7452,"date":"2026-04-15T04:21:19","date_gmt":"2026-04-15T02:21:19","guid":{"rendered":"https:\/\/fengchashop.com\/ro\/product\/vitamin-b12-v-tekocini-150-ml\/"},"modified":"2026-04-21T08:04:17","modified_gmt":"2026-04-21T06:04:17","slug":"vitamina-b12-in-lichid","status":"publish","type":"product","link":"https:\/\/fengchashop.com\/ro\/product\/vitamina-b12-in-lichid\/","title":{"rendered":"Vitamina B12 \u00een lichid 150 ml"},"content":{"rendered":"<h2><strong>Vitamina B12 \u00een lichid<\/strong><\/h2>\n<p><strong>Vitamina B12 lichid\u0103 <\/strong>este un supliment alimentar modern, conceput pentru a sus\u021bine energia, sistemul nervos \u0219i starea general\u0103 de bine. Con\u021bine un con\u021binut ridicat de vitamina B12, care particip\u0103 la procese importante din organism \u2013 de la formarea globulelor ro\u0219ii p\u00e2n\u0103 la func\u021bionarea sistemului nervos.<\/p>\n<p>Vitamina B12 contribuie la reducerea oboselii \u0219i a epuiz\u0103rii \u0219i sus\u021bine func\u021bionarea normal\u0103 a sistemului imunitar.<\/p>\n<p>Forma lichid\u0103 permite o utilizare u\u0219oar\u0103 \u0219i o bun\u0103 asimilare a nutrien\u021bilor, ceea ce este deosebit de potrivit pentru persoanele care au dificult\u0103\u021bi \u00een a lua capsule sau tablete.<\/p>\n<h2><strong>Cum ac\u021bioneaz\u0103?<\/strong><\/h2>\n<p>Vitamina B12 joac\u0103 un rol esen\u021bial \u00een eliberarea energiei \u00een cadrul metabolismului \u0219i contribuie la func\u021bionarea normal\u0103 a sistemului nervos. De asemenea, ajut\u0103 la formarea globulelor ro\u0219ii \u0219i poate contribui la o vitalitate sporit\u0103 \u0219i la reducerea oboselii.<\/p>\n<h2><strong>Ce con\u021bine?<\/strong><\/h2>\n<p><strong><span class=\"ml-1\"><span style=\"color: #000000\">\ud83d\udc9a <\/span><\/span>Vitamina B12 (cianocobalamina)<\/strong><\/p>\n<ul>\n<li>contribuie la metabolismul normal pentru ob\u021binerea de energie<\/li>\n<li>contribuie la func\u021bionarea normal\u0103 a sistemului nervos<\/li>\n<li>contribuie la func\u021bionarea psihologic\u0103 normal\u0103<\/li>\n<li>contribuie la formarea normal\u0103 a globulelor ro\u0219ii<\/li>\n<li>contribuie la func\u021bionarea normal\u0103 a sistemului imunitar<\/li>\n<li>contribuie la reducerea oboselii \u0219i a epuiz\u0103rii<\/li>\n<li>are un rol \u00een diviziunea celular\u0103<\/li>\n<\/ul>\n<h2><strong>De ce s\u0103 alege\u021bi complexul B lichid?<\/strong><\/h2>\n<ul>\n<li>form\u0103 lichid\u0103 pentru o administrare u\u0219oar\u0103<\/li>\n<li>absorb\u021bie \u0219i utilizare bun\u0103 a nutrien\u021bilor<\/li>\n<li>potrivit pentru vegani<\/li>\n<li>f\u0103r\u0103 gluten, lactoz\u0103 \u0219i OMG<\/li>\n<li>practic pentru utilizarea zilnic\u0103<\/li>\n<\/ul>\n<h2 style=\"text-align: justify\"><span style=\"color: #000000\">Depozitare \u0219i avertismente<\/span><\/h2>\n<p>A se p\u0103stra \u00eentr-un loc uscat \u0219i ferit de lumin\u0103, la o temperatur\u0103 de p\u00e2n\u0103 la 25 \u00b0C. Dup\u0103 deschidere, a se p\u0103stra la frigider.<\/p>\n<p>Nu uita\u021bi de importan\u021ba unei alimenta\u021bii variate \u0219i a unui stil de via\u021b\u0103 s\u0103n\u0103tos. Suplimentul alimentar nu \u00eenlocuie\u0219te o alimenta\u021bie echilibrat\u0103 \u0219i variat\u0103. Nu dep\u0103\u0219i\u021bi doza zilnic\u0103 recomandat\u0103. A nu se l\u0103sa la \u00eendem\u00e2na copiilor!<\/p>\n<h2><span style=\"color: #000000\">Ambalaj<\/span><\/h2>\n<p>Sticla de plastic de calitate, de culoare \u00eenchis\u0103, este conceput\u0103 pentru a asigura o protec\u021bie maxim\u0103 a vitaminelor \u0219i mineralelor lichide. Proteje con\u021binutul de lumin\u0103, aer \u0219i factori externi \u0219i ajut\u0103 la men\u021binerea prospe\u021bimii, stabilit\u0103\u021bii \u0219i eficacit\u0103\u021bii pe toat\u0103 durata utiliz\u0103rii.<\/p>\n<p>Ambalajul este foarte practic \u0219i poate fi reciclat.<\/p>\n<h2>Origine<\/h2>\n<p>UE<\/p>\n","protected":false},"excerpt":{"rendered":"<p><strong>Vitamina B12 lichid\u0103 <\/strong>este un supliment alimentar destinat reducerii oboselii, sus\u021binerii sistemului imunitar, precum \u0219i func\u021bion\u0103rii normale a sistemului nervos \u0219i a func\u021biilor psihice. O sticl\u0103 con\u021bine 150 ml de lichid, ceea ce este suficient pentru aproximativ 60 de zile de utilizare regulat\u0103.<\/p>\n<p><span class=\"ml-1\"><span style=\"color: #000000\">\ud83d\udc9a <\/span><\/span>form\u0103 lichid\u0103 pentru o administrare u\u0219oar\u0103<br \/>\n<span class=\"ml-1\"><span style=\"color: #000000\">\ud83d\udc9a <\/span><\/span>absorb\u021bie \u0219i utilizare bun\u0103 a nutrien\u021bilor<br \/>\n<span class=\"ml-1\"><span style=\"color: #000000\">\ud83d\udc9a <\/span><\/span>contribuie la metabolismul normal pentru ob\u021binerea de energie \u0219i reducerea oboselii<br \/>\n<span class=\"ml-1\"><span style=\"color: #000000\">\ud83d\udc9a <\/span><\/span>potrivit pentru vegani<br \/>\n<span class=\"ml-1\"><span style=\"color: #000000\">\ud83d\udc9a <\/span><\/span>f\u0103r\u0103 gluten, lactoz\u0103 \u0219i OMG<br \/>\n<span class=\"ml-1\"><span style=\"color: #000000\">\ud83d\udc9a <\/span><\/span>practic pentru utilizarea zilnic\u0103<\/p>\n","protected":false},"featured_media":7451,"comment_status":"open","ping_status":"closed","template":"","meta":{"_acf_changed":false},"product_brand":[],"product_cat":[15],"product_tag":[],"class_list":{"0":"post-7452","1":"product","2":"type-product","3":"status-publish","4":"has-post-thumbnail","6":"product_cat-uncategorized","8":"first","9":"instock","10":"sale","11":"taxable","12":"shipping-taxable","13":"purchasable","14":"product-type-simple"},"acf":[],"_links":{"self":[{"href":"https:\/\/fengchashop.com\/ro\/wp-json\/wp\/v2\/product\/7452","targetHints":{"allow":["GET"]}}],"collection":[{"href":"https:\/\/fengchashop.com\/ro\/wp-json\/wp\/v2\/product"}],"about":[{"href":"https:\/\/fengchashop.com\/ro\/wp-json\/wp\/v2\/types\/product"}],"replies":[{"embeddable":true,"href":"https:\/\/fengchashop.com\/ro\/wp-json\/wp\/v2\/comments?post=7452"}],"wp:featuredmedia":[{"embeddable":true,"href":"https:\/\/fengchashop.com\/ro\/wp-json\/wp\/v2\/media\/7451"}],"wp:attachment":[{"href":"https:\/\/fengchashop.com\/ro\/wp-json\/wp\/v2\/media?parent=7452"}],"wp:term":[{"taxonomy":"product_brand","embeddable":true,"href":"https:\/\/fengchashop.com\/ro\/wp-json\/wp\/v2\/product_brand?post=7452"},{"taxonomy":"product_cat","embeddable":true,"href":"https:\/\/fengchashop.com\/ro\/wp-json\/wp\/v2\/product_cat?post=7452"},{"taxonomy":"product_tag","embeddable":true,"href":"https:\/\/fengchashop.com\/ro\/wp-json\/wp\/v2\/product_tag?post=7452"}],"curies":[{"name":"wp","href":"https:\/\/api.w.org\/{rel}","templated":true}]}}