{"id":6918,"date":"2026-01-13T17:09:26","date_gmt":"2026-01-13T16:09:26","guid":{"rendered":"https:\/\/fengchashop.com\/ro\/?post_type=product&#038;p=6918"},"modified":"2026-04-30T21:07:42","modified_gmt":"2026-04-30T19:07:42","slug":"ganoderma-lucidum-reishi-bio","status":"publish","type":"product","link":"https:\/\/fengchashop.com\/ro\/product\/ganoderma-lucidum-reishi-bio\/","title":{"rendered":"Ganoderma lucidum (Reishi) BIO 125 g"},"content":{"rendered":"<h2><span style=\"color: #000000\">Ganoderma lucidum (Reishi) BIO<\/span><\/h2>\n<p><span style=\"color: #000000\">Ganoderma lucidum, cunoscut\u0103 \u0219i sub numele de <strong>ciuperca nemuririi<\/strong>, este folosit\u0103 \u00een medicina tradi\u021bional\u0103 chinez\u0103 de cel pu\u021bin c\u00e2teva milenii. Se \u0219tie c\u0103 <strong>\u00eembun\u0103t\u0103\u021be\u0219te starea general\u0103 de bine \u0219i sistemul imunitar<\/strong>. \u00cen plus, are multe alte efecte pozitive asupra s\u0103n\u0103t\u0103\u021bii noastre. Printre altele, poate transforma un organism dezechilibrat \u00eentr-unul s\u0103n\u0103tos, ajut\u00e2ndu-ne s\u0103 ne men\u021binem \u00een bun\u0103 condi\u021bie fizic\u0103, men\u021bin\u00e2nd \u00een acela\u0219i timp echilibrul vital al organismului nostru.<\/span><\/p>\n<p><span style=\"color: #000000\">Este <strong>folosit\u0103<\/strong> \u00een medicina tradi\u021bional\u0103 chinez\u0103 <strong>de cel pu\u021bin 4000 de ani<\/strong>. Cu toate acestea, abia recent a atras un interes deosebit \u00een lumea occidental\u0103. \u00cen Asia, Ganoderma este considerat\u0103 o ciuperc\u0103 care <strong>are efecte benefice asupra longevit\u0103\u021bii \u0219i s\u0103n\u0103t\u0103\u021bii<\/strong>. De asemenea, se crede c\u0103 ne influen\u021beaz\u0103 s\u0103n\u0103tatea mental\u0103 \u0219i psihologic\u0103. Mul\u021bi consider\u0103 c\u0103 amelioreaz\u0103 tensiunea, calmeaz\u0103, \u00eembun\u0103t\u0103\u021be\u0219te memoria \u0219i concentrarea \u0219i \u00eent\u0103re\u0219te voin\u021ba.<\/span><\/p>\n<p><span style=\"color: #000000\">Produc\u021bia de Ganoderma lucidum este strict controlat\u0103, f\u0103r\u0103 utilizarea de substan\u021be chimice sau pesticide \u0219i este <strong>100% organic\u0103<\/strong>. Calitatea ciupercilor este monitorizat\u0103 \u00een mod regulat de laboratoare independente din Slovenia \u0219i SUA.<\/span><\/p>\n<h2><span style=\"color: #000000\">Ce con\u021bine \u0219i cui \u00eei este destinat\u0103?<\/span><\/h2>\n<p><span style=\"color: #000000\">Ganoderma lucidum con\u021bine <strong>polizaharide complexe, triterpenoizi, vitamine<\/strong> (A, B2, B3, B6, acid folic etc.) \u0219i <strong>minerale<\/strong> bioactive (germaniu, fier, magneziu, zinc, cupru, mangan etc.). Este, de asemenea, o surs\u0103 natural\u0103 de beta-glucan, care joac\u0103 un rol important \u00een construirea unui sistem imunitar s\u0103n\u0103tos. Toate aceste elemente sunt prezente \u00een cantit\u0103\u021bi mari \u00een ciuperc\u0103 \u0219i, prin urmare, au un efect extrem de pozitiv asupra organismului nostru. <\/span><\/p>\n<p><span style=\"color: #000000\">Reishi este una dintre cele mai bine-cunoscute ciuperci medicinale. Iar efectele sale au fost <strong>dovedite \u0219tiin\u021bific<\/strong>. Ciupercile noastre medicinale sunt, de asemenea, studiate \u00een mod regulat \u00een cadrul cercet\u0103rilor \u00een cooperare efectuate de institu\u021bii de cercetare slovene \u0219i str\u0103ine.<\/span><\/p>\n<p><span style=\"color: #000000\">Sub form\u0103 de pulbere, Ganoderma lucidum con\u021bine mul\u021bi nutrien\u021bi. Studii efectuate \u00een diferite \u021b\u0103ri din \u00eentreaga lume au identificat o serie de efecte benefice asociate consumului regulat de Ganoderma lucidum. Acesta este motivul pentru care recomand\u0103m <strong>Ganoderma<\/strong> tuturor. Mai ales celor care ar beneficia de efectele de mai jos:<\/span><\/p>\n<p><span style=\"color: #000000\">\ud83d\udc9a stimuleaz\u0103 sistemul imunitar, <\/span><\/p>\n<p><span style=\"color: #000000\">\ud83d\udc9a are un efect anticancerigen, <\/span><\/p>\n<p><span style=\"color: #000000\">\ud83d\udc9a \u00eembun\u0103t\u0103\u021be\u0219te circula\u021bia s\u00e2ngelui, <\/span><\/p>\n<p><span style=\"color: #000000\">\ud83d\udc9a regleaz\u0103 tensiunea arterial\u0103, colesterolul \u0219i glicemia \u00een cazul diabeticilor, <\/span><\/p>\n<p><span style=\"color: #000000\">\ud83d\udc9a are un efect anti-alergenic, <\/span><\/p>\n<p><span style=\"color: #000000\">\ud83d\udc9a previne hepatita, <\/span><\/p>\n<p><span style=\"color: #000000\">\ud83d\udc9a are rolul de a men\u021bine s\u0103n\u0103tatea inimii \u0219i a sistemului vascular, <\/span><\/p>\n<p><span style=\"color: #000000\">\ud83d\udc9a este un antioxidant puternic care elimin\u0103 radicalii liberi, <\/span><\/p>\n<p><span style=\"color: #000000\">\ud83d\udc9a reduce efectele secundare ale chimioterapiei , <\/span><\/p>\n<p><span style=\"color: #000000\">\ud83d\udc9a ajut\u0103 \u00een cazul arteriosclerozei \u0219i al sclerozei multiple<\/span><\/p>\n<p><span style=\"color: #000000\">\ud83d\udc9a ajut\u0103 \u00een caz de astm \u0219i bron\u0219it\u0103, <\/span><\/p>\n<p><span style=\"color: #000000\">\ud83d\udc9a are un efect antiinflamator, <\/span><\/p>\n<p><span style=\"color: #000000\">\ud83d\udc9a ajut\u0103 \u00een caz de depresie, stres, nervozitate, fric\u0103, anxietate, oboseal\u0103, tulbur\u0103ri de somn, <\/span><\/p>\n<p><span style=\"color: #000000\">\ud83d\udc9a ajut\u0103 \u00een cazul ulcerelor gastrice, ulcerelor intestinale, gastritei, tulbur\u0103rilor de metabolism al gr\u0103similor, accelereaz\u0103 digestia \u0219i previne inflamarea intestinelor \u0219i arsurile stomacale, <\/span><\/p>\n<p><span style=\"color: #000000\">\ud83d\udc9a amelioreaz\u0103 simptomele menopauzei \u0219i stimuleaz\u0103 libidoul, <\/span><\/p>\n<p><span style=\"color: #000000\">\ud83d\udc9a previne tromboza, tulbur\u0103rile de ritm cardiac \u0219i atacurile de cord, <\/span><\/p>\n<p><span style=\"color: #000000\">\ud83d\udc9a calmeaz\u0103 \u0219i previne reac\u021biile alergice, cum ar fi \u0219ocul anafilactic, urticaria, astmul bronhic, <\/span><\/p>\n<p><span style=\"color: #000000\">\ud83d\udc9a ajut\u0103 \u00een cazul inflama\u021biei sistemului nervos, herpesul zoster, neuro-dermatitei \u0219i dermatitei atopice, <\/span><\/p>\n<p><span style=\"color: #000000\">\ud83d\udc9a ajut\u0103, de asemenea, \u00een cazul migrenelor, r\u0103celilor, edemelor, gutei, la reducerea excesului de greutate etc. <\/span><\/p>\n<p><span style=\"color: #000000\">\u0218i ceea ce este extrem de important \u00een acest caz este c\u0103 Ganoderma lucidum este un produs 100% natural care ne poate ajuta \u00eentr-un mod natural. \u00cembun\u0103t\u0103\u021be\u0219te simptomele afec\u021biunilor \u0219i are un efect pozitiv asupra st\u0103rii noastre generale de bine. <\/span><\/p>\n<h2><span style=\"color: #000000\">De ce ciuperci?<\/span><\/h2>\n<p><span style=\"color: #000000\">Ciupercile sunt foarte interesante. Ele nu sunt nici plante, nici animale, dar sunt cu siguran\u021b\u0103 organisme uimitoare care au reu\u0219it s\u0103 supravie\u021buiasc\u0103 aproape de la \u00eenceputul lumii. Acestea au dezvoltat o strategie specific\u0103 de supravie\u021buire care le-a permis s\u0103 reziste p\u00e2n\u0103 \u00een zilele noastre. Prin consumul de ciuperci medicinale, oamenii pot beneficia de aceste propriet\u0103\u021bi. Ciupercile ne ofer\u0103 echilibru la nivel fizic \u0219i ne protejeaz\u0103 de multe boli. Efectele acestora pot fi preventive, dar pot fi \u0219i curative, \u00een conjunc\u021bie cu tratamentele conven\u021bionale sau cu alte tratamente neconven\u021bionale, \u00een cazul multor boli (moderne). \u00cen mod tradi\u021bional, ciupercilor li s-au atribuit efecte pozitive \u00een cazul cancerului, al bolilor autoimune \u0219i al alergiilor. De asemenea, acestea sunt benefice pentru un r\u0103spuns imunitar s\u0103n\u0103tos \u0219i puternic. Mai mult dec\u00e2t at\u00e2t, cercet\u0103rile medicale efectuate \u00een ultimele decenii, c\u00e2nd ciupercile au suscitat interesul \u00een lumea occidental\u0103, au confirmat multe dintre efectele lor terapeutice. <\/span><\/p>\n<p><span style=\"color: #000000\">Deoarece anumite ingrediente active naturale sunt indigeste sau greu de digerat, este foarte important s\u0103 consum\u0103m doar cele mai bune pulberi de ciuperci. Ciupercile trebuie s\u0103 fie cultivate, uscate \u0219i preparate \u00een mod corespunz\u0103tor. Acestea trebuie m\u0103cinate p\u00e2n\u0103 devin o pulbere fin\u0103, f\u0103r\u0103 bulg\u0103ri. Culoarea pulberii este mai deschis\u0103, dar acest lucru depinde \u0219i de tipul de ciuperc\u0103 pe care o consuma\u021bi. Deoarece ciupercile sunt at\u00e2t de eficiente tocmai pentru c\u0103 au capacitatea de a absorbi tot &#8211; bun sau r\u0103u &#8211; din mediul \u00eenconjur\u0103tor, este important s\u0103 le folosim pe cele organice.<\/span><\/p>\n<h2><span style=\"color: #000000\">Ambalare<\/span><\/h2>\n<p><span style=\"color: #000000\">O pung\u0103 etan\u0219\u0103, care poate fi sigilat\u0103, \u00een care produsul \u00ee\u0219i p\u0103streaz\u0103 toat\u0103 prospe\u021bimea \u0219i aroma. Ambalajul protejeaz\u0103 \u00eempotriva efectelor luminii \u0219i a aerului, deoarece este alc\u0103tuit din mai multe straturi de protec\u021bie care p\u0103streaz\u0103 propriet\u0103\u021bile con\u021binutului.<\/span><\/p>\n<p><span style=\"color: #000000\">Ambalajul este foarte practic \u0219i reciclabil.<\/span><\/p>\n<h2><span style=\"color: #000000\">Depozitare \u0219i avertismente<\/span><\/h2>\n<p><span style=\"color: #000000\">A se p\u0103stra \u00eentr-un loc r\u0103coros \u0219i uscat. P\u0103stra\u021bi suplimentul alimentar departe de copii!<\/span><\/p>\n<p><span style=\"color: #000000\">Nu uita\u021bi importan\u021ba unei diete variate \u0219i a unui stil de via\u021b\u0103 s\u0103n\u0103tos, un supliment alimentar nu este un substitut pentru o diet\u0103 echilibrat\u0103 \u0219i variat\u0103. Cantitatea sau doza zilnic\u0103 recomandat\u0103 nu trebuie s\u0103 fie dep\u0103\u0219it\u0103. Femeile \u00eens\u0103rcinate \u0219i cele care al\u0103pteaz\u0103 sunt \u00eentotdeauna sf\u0103tuite s\u0103 consulte un medic \u00eenainte de utilizare.<\/span><\/p>\n<h2><span style=\"color: #000000\">Bine de \u0219tiut<\/span><\/h2>\n<p><span style=\"color: #000000\">Produsul este, de asemenea, potrivit pentru animale. \u00cen cele mai multe cazuri, ciupercile medicinale se dovedesc a fi extrem de eficiente \u00een stimularea sistemului imunitar, \u00een tratarea alergiilor \u0219i a afec\u021biunilor cutanate, precum \u0219i a infec\u021biilor virale \u0219i bacteriene. V\u0103 rug\u0103m s\u0103 consulta\u021bi medicul veterinar \u00eenainte de utilizare pentru a determina oportunitatea administr\u0103rii \u0219i cantitatea zilnic\u0103 recomandat\u0103<\/span><\/p>\n<h2><span style=\"color: #000000\">Origine<\/span><\/h2>\n<p>China<\/p>\n<p>Avem furnizori foarte de \u00eencredere care ne trimit o analiz\u0103 chimic\u0103 detaliat\u0103 a produselor alimentare pentru fiecare lot. \u00cen mai bine de zece ani nu am avut niciodat\u0103 o retragere de pe pia\u021b\u0103 sau orice alt\u0103 problem\u0103 cu acest articol, nici cu alte articole de la acela\u0219i furnizor.<\/p>\n<p>Articolul este 100% certificat organic.<\/p>\n","protected":false},"excerpt":{"rendered":"<p align=\"JUSTIFY\">Ganoderma lucidum, cunoscut\u0103 \u0219i sub numele de <strong>ciuperca nemuririi<\/strong>, este folosit\u0103 \u00een medicina tradi\u021bional\u0103 chinez\u0103 de cel pu\u021bin c\u00e2teva milenii. Se \u0219tie c\u0103 <strong>\u00eembun\u0103t\u0103\u021be\u0219te starea general\u0103 de bine \u0219i sistemul imunitar<\/strong>. \u00cen plus, are multe alte efecte pozitive asupra s\u0103n\u0103t\u0103\u021bii noastre.Este <strong>folosit\u0103<\/strong> \u00een medicina tradi\u021bional\u0103 chinez\u0103 <strong>de cel pu\u021bin 4000 de ani<\/strong>.<\/p>\n<p>\ud83d\udc9a S<span style=\"color: #000000\">timuleaz\u0103 sistemul imunitar<\/span>.<br \/>\n\ud83d\udc9a \u00cembun\u0103t\u0103\u021be\u0219te circula\u021bia s\u00e2ngelui.<br \/>\n\ud83d\udc9a A<span style=\"color: #000000\">re rolul de a men\u021bine s\u0103n\u0103tatea inimii \u0219i a sistemului vascular<\/span>.<br \/>\n\ud83d\udc9a E<span style=\"color: #000000\">ste un antioxidant puternic care elimin\u0103 radicalii liberi<\/span>.<br \/>\n\ud83d\udc9aAre un efect pozitiv asupra unei game de probleme de s\u0103n\u0103tate.<\/p>\n","protected":false},"featured_media":5840,"comment_status":"open","ping_status":"closed","template":"","meta":{"_acf_changed":false},"product_brand":[],"product_cat":[15,226,227,224,225],"product_tag":[],"class_list":{"0":"post-6918","1":"product","2":"type-product","3":"status-publish","4":"has-post-thumbnail","6":"product_cat-uncategorized","7":"product_cat-cele-mai-vandute","8":"product_cat-ciuperci-medicinale","9":"product_cat-oferta","10":"product_cat-toate-produsele","12":"first","13":"instock","14":"taxable","15":"shipping-taxable","16":"purchasable","17":"product-type-simple"},"acf":[],"_links":{"self":[{"href":"https:\/\/fengchashop.com\/ro\/wp-json\/wp\/v2\/product\/6918","targetHints":{"allow":["GET"]}}],"collection":[{"href":"https:\/\/fengchashop.com\/ro\/wp-json\/wp\/v2\/product"}],"about":[{"href":"https:\/\/fengchashop.com\/ro\/wp-json\/wp\/v2\/types\/product"}],"replies":[{"embeddable":true,"href":"https:\/\/fengchashop.com\/ro\/wp-json\/wp\/v2\/comments?post=6918"}],"wp:featuredmedia":[{"embeddable":true,"href":"https:\/\/fengchashop.com\/ro\/wp-json\/wp\/v2\/media\/5840"}],"wp:attachment":[{"href":"https:\/\/fengchashop.com\/ro\/wp-json\/wp\/v2\/media?parent=6918"}],"wp:term":[{"taxonomy":"product_brand","embeddable":true,"href":"https:\/\/fengchashop.com\/ro\/wp-json\/wp\/v2\/product_brand?post=6918"},{"taxonomy":"product_cat","embeddable":true,"href":"https:\/\/fengchashop.com\/ro\/wp-json\/wp\/v2\/product_cat?post=6918"},{"taxonomy":"product_tag","embeddable":true,"href":"https:\/\/fengchashop.com\/ro\/wp-json\/wp\/v2\/product_tag?post=6918"}],"curies":[{"name":"wp","href":"https:\/\/api.w.org\/{rel}","templated":true}]}}