{"id":6750,"date":"2025-10-07T18:16:23","date_gmt":"2025-10-07T16:16:23","guid":{"rendered":"https:\/\/fengchashop.com\/ro\/?post_type=product&#038;p=6750"},"modified":"2026-04-29T23:00:05","modified_gmt":"2026-04-29T21:00:05","slug":"picaturi-bach-frica","status":"publish","type":"product","link":"https:\/\/fengchashop.com\/ro\/product\/picaturi-bach-frica\/","title":{"rendered":"Pic\u0103turi Bach Fric\u0103"},"content":{"rendered":"<div class=\"wpb-content-wrapper\"><p>[vc_row][vc_column][vc_column_text css=&#8221;&#8221;]<\/p>\n<h2 style=\"text-align: justify;\"><span style=\"color: #000000;\">Pic\u0103turi Bach pentru fric\u0103<\/span><\/h2>\n<p><span style=\"color: #000000;\"><strong>Frica<\/strong> este o emo\u021bie natural\u0103 care <strong>ne avertizeaz\u0103 de pericol \u0219i ne preg\u0103te\u0219te pentru r\u0103spunsul de \u201elupt\u0103 sau fugi\u201d<\/strong>. Uneori, \u00eens\u0103, poate fi excesiv\u0103 sau prelungit\u0103, ceea ce ne afecteaz\u0103 negativ bun\u0103starea, concentrarea \u0219i via\u021ba de zi cu zi. Oamenii o experimenteaz\u0103 adesea ca tensiune, nelini\u0219te, anxietate sau un sentiment de amenin\u021bare, chiar \u0219i atunci c\u00e2nd nu exist\u0103 un pericol real. Prin urmare, este important s\u0103 <strong>\u00eenv\u0103\u021b\u0103m s\u0103 gestion\u0103m frica \u0219i s\u0103 men\u021binem echilibrul intern<\/strong>. Pic\u0103turile Bach ofer\u0103 un sprijin bl\u00e2nd, ajut\u0103 la calmarea tensiunilor emo\u021bionale \u0219i la restabilirea unui sentiment de securitate \u0219i for\u021b\u0103 interioar\u0103.<\/span><\/p>\n<p><span style=\"color: #000000;\">Primele rezultate pot fi observate dup\u0103 c\u00e2teva zile sau s\u0103pt\u0103m\u00e2ni, deoarece acest lucru depinde de fiecare individ. Amestecul preparat este suficient pentru 30 de zile, iar pic\u0103turile pot fi aplicate cu u\u0219urin\u021b\u0103 direct \u00een gur\u0103 sau ad\u0103ugate \u00eentr-un pahar cu ap\u0103.<\/span><\/p>\n<p><span style=\"color: #000000;\"><strong>Cele mai frecvente cauze ale fricii sunt:<\/strong><\/span><\/p>\n<ul>\n<li><span style=\"color: #000000;\">necunoscut sau incert,<\/span><\/li>\n<li><span style=\"color: #000000;\">stres \u0219i suprasolicitare,<\/span><\/li>\n<li><span style=\"color: #000000;\">schimb\u0103ri importante ale vie\u021bii (de exemplu, mutare, nou loc de munc\u0103),<\/span><\/li>\n<li><span style=\"color: #000000;\">un sentiment de pierdere a controlului sau de neputin\u021b\u0103,<\/span><\/li>\n<li><span style=\"color: #000000;\">traume din trecut sau experien\u021be nepl\u0103cute.<\/span><\/li>\n<\/ul>\n<p><span style=\"color: #000000;\"><strong>Terapia cu pic\u0103turi Bach pentru fric\u0103 v\u0103 va ajuta:<\/strong><\/span><\/p>\n<ul>\n<li><span style=\"color: #000000;\">reduce sentimentele de anxietate \u0219i \u00eengrijorare,<\/span><\/li>\n<li><span style=\"color: #000000;\">mai u\u0219or de gestionat situa\u021biile stresante,<\/span><\/li>\n<li><span style=\"color: #000000;\">restabili\u021bi un sentiment de for\u021b\u0103 interioar\u0103 \u0219i securitate,<\/span><\/li>\n<li><span style=\"color: #000000;\">elibereaz\u0103 tensiunea \u0219i calmeaz\u0103-\u021bi mintea,<\/span><\/li>\n<li><span style=\"color: #000000;\">sim\u021bi din nou echilibrul interior \u0219i energia vie\u021bii.<\/span><\/li>\n<\/ul>\n<h2 style=\"text-align: justify;\"><span style=\"color: #000000;\">Ac\u021biunea pic\u0103turilor lui Bach<\/span><\/h2>\n<p>Pic\u0103turile Bach sus\u021bin echilibrul emo\u021bional \u0219i pot fi de ajutor <strong>\u00een combaterea fricii, care afecteaz\u0103 adesea concentrarea, energia \u0219i func\u021bionarea zilnic\u0103<\/strong>. Pic\u0103turile Bach ne ajut\u0103 \u0219i \u00een diverse crize \u0219i situa\u021bii dificile de via\u021b\u0103, \u00eencerc\u0103ri. Cu ele, ne calm\u0103m \u0219i ne men\u021binem calmul, deoarece ne afecteaz\u0103 starea emo\u021bional\u0103 \u0219i ajut\u0103 la armonizarea acesteia. Cu ajutorul pic\u0103turilor Bach, ne <strong>prelu\u0103m controlul asupra emo\u021biilor<\/strong>\u0219i doar astfel cre\u0103m armonie \u0219i astfel ne g\u0103sim lini\u0219tea interioar\u0103.<\/p>\n<p style=\"text-align: justify;\"><span style=\"color: #000000;\">Terapia Bach promoveaz\u0103 autovindecarea \u0219i relaxarea spiritual\u0103. Conform teoriei Dr. Bach, cauza bolii const\u0103 \u00eentr-o stare dizarmonic\u0103 sau lipsa de armonie dintre trup \u0219i suflet. Cu ajutorul esen\u021belor de flori, \u00eencerc\u0103m s\u0103 vindec\u0103m boala profit\u00e2nd de <b>propriet\u0103\u021bile pozitive ale florilor<\/b>, \u0219i anume ajut\u00e2ndu-ne s\u0103 restabilim echilibrul \u00een noi \u00een\u0219ine.<\/span><\/p>\n<p><span style=\"color: #000000;\">Este posibil s\u0103 observa\u021bi primele rezultate dup\u0103 c\u00e2teva zile sau s\u0103pt\u0103m\u00e2ni, depinde de fiecare individ \u00een parte. Amestecul preparat va dura 30 de zile, pur \u0219i simplu aplica\u021bi direct \u00een gur\u0103 sau picura\u021bi \u00eentr-un pahar cu ap\u0103.<\/span><\/p>\n<p><span style=\"color: #000000;\">Terapia Bach promoveaz\u0103 autovindecarea \u0219i relaxarea spiritual\u0103. Conform teoriei doctorului Bach, cauza bolilor se afl\u0103 \u00eentr-o stare nearmonioas\u0103 sau o lips\u0103 de armonie \u00eentre trup \u0219i suflet. Cu ajutorul esen\u021belor florale, \u00eencerc\u0103m s\u0103 vindec\u0103m bolile prin valorificarea propriet\u0103\u021bilor pozitive ale florilor pentru a ne ajuta s\u0103 restabilim echilibrul \u00een interiorul nostru.<\/span><\/p>\n<p><span style=\"color: #000000;\">Pic\u0103turile Bach sunt preparate conform metodei doctorului Bach, folosind numai esen\u021be originale Bach.<\/span><\/p>\n<p><span style=\"color: #000000;\">Pic\u0103turile Bach sunt luate dintr-o sticl\u0103 cu o pipet\u0103 ata\u0219at\u0103, ceea ce face ca dozarea s\u0103 fie extrem de u\u0219oar\u0103. Se iau 4 pic\u0103turi de 4 ori pe zi, repartizate pe parcursul zilei. Flaconul pe care \u00eel primi\u021bi este suficient pentru 1 lun\u0103 de terapie.<\/span><\/p>\n<p><span style=\"color: #000000;\">Fiecare flacon din amestecul selectat este preparat manual \u0219i \u00een timp real. Pentru a p\u0103stra amestecul proasp\u0103t pentru mai mult timp, folosim pu\u021bin alcool (coniac). Amestecul are un termen de valabilitate de 1 lun\u0103 de la data cump\u0103r\u0103rii.<\/span><\/p>\n<p><span style=\"color: #000000;\">Deoarece pic\u0103turile de Bach nu au efecte secundare, nu pot fi supradozate \u0219i nu creeaz\u0103 dependen\u021b\u0103. Sunt potrivite pentru toat\u0103 lumea &#8211; femei \u00eens\u0103rcinate, mame care al\u0103pteaz\u0103, persoane \u00een v\u00e2rst\u0103, copii \u0219i animale.<\/span><\/p>\n<p><span style=\"color: #000000;\">Nu interac\u021bioneaz\u0103 cu alte medicamente.<\/span><\/p>\n<h2><span style=\"color: #000000;\">Depozitare<\/span><\/h2>\n<p><span style=\"color: #000000;\">A se p\u0103stra \u00eentr-un loc uscat \u0219i \u00eentunecat, la o temperatur\u0103 de p\u00e2n\u0103 la +25 \u00b0C.<\/span><\/p>\n<h2><span style=\"color: #000000;\">Cantitate<\/span><\/h2>\n<p><span style=\"color: #000000;\">30 ml (suficient pentru 30 de zile de utilizare regulat\u0103)<\/span>[\/vc_column_text][\/vc_column][\/vc_row]<\/p>\n<\/div>","protected":false},"excerpt":{"rendered":"<p>Pic\u0103turile de Bach sunt eficiente \u00eempotriva diferitelor tulbur\u0103ri emo\u021bionale. Ele ajut\u0103 \u00een diverse crize \u0219i situa\u021bii dificile de via\u021b\u0103. Ele ajut\u0103 la calmarea \u0219i la men\u021binerea unui cap calm. Ele ac\u021bioneaz\u0103 asupra st\u0103rii noastre emo\u021bionale \u0219i ajut\u0103 la armonizarea acesteia.<\/p>\n<p>\ud83d\udc9a Pic\u0103turile sunt ambalate manual, \u00een ziua expedierii.<br \/>\n\ud83d\udc9a Sunt potrivite pentru toate persoanele (femei \u00eens\u0103rcinate, b\u0103tr\u00e2ni, copii,&#8230;) \u0219i pentru animale.<br \/>\n\ud83d\udc9a Nu au efecte secundare, nu creeaz\u0103 dependen\u021b\u0103 \u0219i nu pot fi supradozate.<br \/>\n\ud83d\udc9a Este posibil s\u0103 observa\u021bi primele rezultate dup\u0103 c\u00e2teva zile sau s\u0103pt\u0103m\u00e2ni, acest lucru depinde de fiecare individ \u00een parte.<br \/>\n\ud83d\udc9a Nu interac\u021bioneaz\u0103 cu alte medicamente.<\/p>\n","protected":false},"featured_media":6539,"comment_status":"open","ping_status":"closed","template":"","meta":{"_acf_changed":false},"product_brand":[],"product_cat":[15,237,224,225],"product_tag":[],"class_list":{"0":"post-6750","1":"product","2":"type-product","3":"status-publish","4":"has-post-thumbnail","6":"product_cat-uncategorized","7":"product_cat-bach-picaturi","8":"product_cat-oferta","9":"product_cat-toate-produsele","11":"first","12":"instock","13":"sale","14":"taxable","15":"shipping-taxable","16":"purchasable","17":"product-type-simple"},"acf":[],"_links":{"self":[{"href":"https:\/\/fengchashop.com\/ro\/wp-json\/wp\/v2\/product\/6750","targetHints":{"allow":["GET"]}}],"collection":[{"href":"https:\/\/fengchashop.com\/ro\/wp-json\/wp\/v2\/product"}],"about":[{"href":"https:\/\/fengchashop.com\/ro\/wp-json\/wp\/v2\/types\/product"}],"replies":[{"embeddable":true,"href":"https:\/\/fengchashop.com\/ro\/wp-json\/wp\/v2\/comments?post=6750"}],"wp:featuredmedia":[{"embeddable":true,"href":"https:\/\/fengchashop.com\/ro\/wp-json\/wp\/v2\/media\/6539"}],"wp:attachment":[{"href":"https:\/\/fengchashop.com\/ro\/wp-json\/wp\/v2\/media?parent=6750"}],"wp:term":[{"taxonomy":"product_brand","embeddable":true,"href":"https:\/\/fengchashop.com\/ro\/wp-json\/wp\/v2\/product_brand?post=6750"},{"taxonomy":"product_cat","embeddable":true,"href":"https:\/\/fengchashop.com\/ro\/wp-json\/wp\/v2\/product_cat?post=6750"},{"taxonomy":"product_tag","embeddable":true,"href":"https:\/\/fengchashop.com\/ro\/wp-json\/wp\/v2\/product_tag?post=6750"}],"curies":[{"name":"wp","href":"https:\/\/api.w.org\/{rel}","templated":true}]}}