{"id":6749,"date":"2025-10-07T12:14:15","date_gmt":"2025-10-07T10:14:15","guid":{"rendered":"https:\/\/fengchashop.com\/ro\/?post_type=product&#038;p=6749"},"modified":"2026-04-25T13:29:20","modified_gmt":"2026-04-25T11:29:20","slug":"picaturi-bach-tristete","status":"publish","type":"product","link":"https:\/\/fengchashop.com\/ro\/product\/picaturi-bach-tristete\/","title":{"rendered":"Pic\u0103turi Bach Triste\u0163e"},"content":{"rendered":"<div class=\"wpb-content-wrapper\"><p>[vc_row][vc_column][vc_column_text css=&#8221;&#8221;]<\/p>\n<h2 style=\"text-align: justify;\"><span style=\"color: #000000;\">Remedii Bach pentru Triste\u021be<\/span><\/h2>\n<p><strong>Triste\u021bea<\/strong> este o emo\u021bie natural\u0103 care poate ap\u0103rea <strong>\u00een caz de pierdere, dezam\u0103gire, singur\u0103tate sau pur \u0219i simplu un sentiment de gol<\/strong>. De\u0219i face parte din via\u021b\u0103, triste\u021bea prelungit\u0103 sau excesiv\u0103 ne poate afecta s\u0103n\u0103tatea mintal\u0103 \u0219i fizic\u0103. Oamenii o experimenteaz\u0103 adesea ca <strong>o senza\u021bie de greutate \u00een inim\u0103, apatie, lips\u0103 de energie sau o sc\u0103dere a motiva\u021biei.<\/strong> Prin urmare, este deosebit de important s\u0103 \u00eenv\u0103\u021b\u0103m s\u0103 o gestion\u0103m \u0219i s\u0103 g\u0103sim modalit\u0103\u021bi de a atinge echilibrul interior. Remediile Bach ne pot ajuta \u00een acest sens, deoarece <strong>ofer\u0103 un sprijin bl\u00e2nd pentru provoc\u0103rile emo\u021bionale \u0219i ne conduc c\u0103tre o pace \u0219i o vitalitate mai mare<\/strong>.<\/p>\n<p>Pute\u021bi vedea primele rezultate dup\u0103 c\u00e2teva zile sau s\u0103pt\u0103m\u00e2ni, deoarece acest lucru depinde de fiecare individ. Amestecul preparat va dura 30 de zile \u0219i pute\u021bi aplica cu u\u0219urin\u021b\u0103 pic\u0103turile direct \u00een gur\u0103 sau le pute\u021bi pune \u00eentr-un pahar cu ap\u0103.<\/p>\n<p><strong>Cele mai frecvente cauze ale triste\u021bii sunt:<\/strong><\/p>\n<ul>\n<li>pierderea unei persoane dragi sau ruperea unei rela\u021bii,<\/li>\n<li>un sentiment de singur\u0103tate sau ne\u00een\u021belegere,<\/li>\n<li>a\u0219tept\u0103ri ne\u00eemplinite,<\/li>\n<li>schimb\u0103rile vie\u021bii (mutarea, schimbarea locului de munc\u0103 etc.),<\/li>\n<li>stres \u0219i epuizare pe termen lung.<\/li>\n<\/ul>\n<p><strong>Terapia cu pic\u0103turi Bach pentru durere v\u0103 va ajuta:<\/strong><\/p>\n<ul>\n<li>mai u\u0219or de procesat pierderile emo\u021bionale,<\/li>\n<li>restabili\u021bi un sentiment de for\u021b\u0103 interioar\u0103,<\/li>\n<li>reduce senza\u021bia de greutate \u0219i letargie,<\/li>\n<li>spa\u021biu deschis pentru o nou\u0103 speran\u021b\u0103 \u0219i bucurie,<\/li>\n<li>pentru a sim\u021bi din nou echilibrul \u0219i energia vital\u0103.<\/li>\n<\/ul>\n<h2 style=\"text-align: justify;\"><span style=\"color: #000000;\">Ac\u021biunea pic\u0103turilor lui Bach<\/span><\/h2>\n<p>Pic\u0103turile Bach sus\u021bin <strong>echilibrul emo\u021bional \u0219i pot fi de ajutor \u00een tratarea durerii, care afecteaz\u0103 adesea energia, motiva\u021bia \u0219i bun\u0103starea general\u0103<\/strong>. Pic\u0103turile Bach ne ajut\u0103, de asemenea, \u00een diverse crize \u0219i situa\u021bii dificile de via\u021b\u0103, \u00eencerc\u0103ri. Ne ajut\u0103 s\u0103 ne calm\u0103m \u0219i s\u0103 ne men\u021binem mintea calm\u0103, deoarece ne afecteaz\u0103 starea emo\u021bional\u0103 \u0219i ajut\u0103 la armonizarea acesteia. Cu ajutorul pic\u0103turilor Bach, ne <strong>prelu\u0103m controlul asupra emo\u021biilor<\/strong>\u0219i doar astfel cre\u0103m armonie \u0219i astfel ne g\u0103sim lini\u0219tea interioar\u0103.<\/p>\n<p style=\"text-align: justify;\"><span style=\"color: #000000;\">Terapia Bach promoveaz\u0103 autovindecarea \u0219i relaxarea spiritual\u0103. Conform teoriei Dr. Bach, cauza bolii const\u0103 \u00eentr-o stare dizarmonic\u0103 sau lipsa de armonie dintre trup \u0219i suflet. Cu ajutorul esen\u021belor de flori, \u00eencerc\u0103m s\u0103 vindec\u0103m boala profit\u00e2nd de <b>propriet\u0103\u021bile pozitive ale florilor<\/b>, \u0219i anume ajut\u00e2ndu-ne s\u0103 restabilim echilibrul \u00een noi \u00een\u0219ine.<\/span><\/p>\n<p><span style=\"color: #000000;\">Este posibil s\u0103 observa\u021bi primele rezultate dup\u0103 c\u00e2teva zile sau s\u0103pt\u0103m\u00e2ni, depinde de fiecare individ \u00een parte. Amestecul preparat va dura 30 de zile, pur \u0219i simplu aplica\u021bi direct \u00een gur\u0103 sau picura\u021bi \u00eentr-un pahar cu ap\u0103.<\/span><\/p>\n<p><span style=\"color: #000000;\">Terapia Bach promoveaz\u0103 autovindecarea \u0219i relaxarea spiritual\u0103. Conform teoriei doctorului Bach, cauza bolilor se afl\u0103 \u00eentr-o stare nearmonioas\u0103 sau o lips\u0103 de armonie \u00eentre trup \u0219i suflet. Cu ajutorul esen\u021belor florale, \u00eencerc\u0103m s\u0103 vindec\u0103m bolile prin valorificarea propriet\u0103\u021bilor pozitive ale florilor pentru a ne ajuta s\u0103 restabilim echilibrul \u00een interiorul nostru.<\/span><\/p>\n<p><span style=\"color: #000000;\">Pic\u0103turile Bach sunt preparate conform metodei doctorului Bach, folosind numai esen\u021be originale Bach.<\/span><\/p>\n<p><span style=\"color: #000000;\">Pic\u0103turile Bach sunt luate dintr-o sticl\u0103 cu o pipet\u0103 ata\u0219at\u0103, ceea ce face ca dozarea s\u0103 fie extrem de u\u0219oar\u0103. Se iau 4 pic\u0103turi de 4 ori pe zi, repartizate pe parcursul zilei. Flaconul pe care \u00eel primi\u021bi este suficient pentru 1 lun\u0103 de terapie.<\/span><\/p>\n<p><span style=\"color: #000000;\">Fiecare flacon din amestecul selectat este preparat manual \u0219i \u00een timp real. Pentru a p\u0103stra amestecul proasp\u0103t pentru mai mult timp, folosim pu\u021bin alcool (coniac). Amestecul are un termen de valabilitate de 1 lun\u0103 de la data cump\u0103r\u0103rii.<\/span><\/p>\n<p><span style=\"color: #000000;\">Deoarece pic\u0103turile de Bach nu au efecte secundare, nu pot fi supradozate \u0219i nu creeaz\u0103 dependen\u021b\u0103. Sunt potrivite pentru toat\u0103 lumea &#8211; femei \u00eens\u0103rcinate, mame care al\u0103pteaz\u0103, persoane \u00een v\u00e2rst\u0103, copii \u0219i animale.<\/span><\/p>\n<p><span style=\"color: #000000;\">Nu interac\u021bioneaz\u0103 cu alte medicamente.<\/span><\/p>\n<h2><span style=\"color: #000000;\">Depozitare<\/span><\/h2>\n<p><span style=\"color: #000000;\">A se p\u0103stra \u00eentr-un loc uscat \u0219i \u00eentunecat, la o temperatur\u0103 de p\u00e2n\u0103 la +25 \u00b0C.<\/span><\/p>\n<h2><span style=\"color: #000000;\">Cantitate<\/span><\/h2>\n<p><span style=\"color: #000000;\">30 ml (suficient pentru 30 de zile de utilizare regulat\u0103)<\/span>[\/vc_column_text][\/vc_column][\/vc_row]<\/p>\n<\/div>","protected":false},"excerpt":{"rendered":"<p>Pic\u0103turile de Bach sunt eficiente \u00eempotriva diferitelor tulbur\u0103ri emo\u021bionale. Ele ajut\u0103 \u00een diverse crize \u0219i situa\u021bii dificile de via\u021b\u0103. Ele ajut\u0103 la calmarea \u0219i la men\u021binerea unui cap calm. Ele ac\u021bioneaz\u0103 asupra st\u0103rii noastre emo\u021bionale \u0219i ajut\u0103 la armonizarea acesteia.<\/p>\n<p>\ud83d\udc9a Pic\u0103turile sunt ambalate manual, \u00een ziua expedierii.<br \/>\n\ud83d\udc9a Sunt potrivite pentru toate persoanele (femei \u00eens\u0103rcinate, b\u0103tr\u00e2ni, copii,&#8230;) \u0219i pentru animale.<br \/>\n\ud83d\udc9a Nu au efecte secundare, nu creeaz\u0103 dependen\u021b\u0103 \u0219i nu pot fi supradozate.<br \/>\n\ud83d\udc9a Este posibil s\u0103 observa\u021bi primele rezultate dup\u0103 c\u00e2teva zile sau s\u0103pt\u0103m\u00e2ni, acest lucru depinde de fiecare individ \u00een parte.<br \/>\n\ud83d\udc9a Nu interac\u021bioneaz\u0103 cu alte medicamente.<\/p>\n","protected":false},"featured_media":6539,"comment_status":"open","ping_status":"closed","template":"","meta":{"_acf_changed":false},"product_brand":[],"product_cat":[15,237,224,225],"product_tag":[],"class_list":{"0":"post-6749","1":"product","2":"type-product","3":"status-publish","4":"has-post-thumbnail","6":"product_cat-uncategorized","7":"product_cat-bach-picaturi","8":"product_cat-oferta","9":"product_cat-toate-produsele","11":"first","12":"instock","13":"sale","14":"taxable","15":"shipping-taxable","16":"purchasable","17":"product-type-simple"},"acf":[],"_links":{"self":[{"href":"https:\/\/fengchashop.com\/ro\/wp-json\/wp\/v2\/product\/6749","targetHints":{"allow":["GET"]}}],"collection":[{"href":"https:\/\/fengchashop.com\/ro\/wp-json\/wp\/v2\/product"}],"about":[{"href":"https:\/\/fengchashop.com\/ro\/wp-json\/wp\/v2\/types\/product"}],"replies":[{"embeddable":true,"href":"https:\/\/fengchashop.com\/ro\/wp-json\/wp\/v2\/comments?post=6749"}],"wp:featuredmedia":[{"embeddable":true,"href":"https:\/\/fengchashop.com\/ro\/wp-json\/wp\/v2\/media\/6539"}],"wp:attachment":[{"href":"https:\/\/fengchashop.com\/ro\/wp-json\/wp\/v2\/media?parent=6749"}],"wp:term":[{"taxonomy":"product_brand","embeddable":true,"href":"https:\/\/fengchashop.com\/ro\/wp-json\/wp\/v2\/product_brand?post=6749"},{"taxonomy":"product_cat","embeddable":true,"href":"https:\/\/fengchashop.com\/ro\/wp-json\/wp\/v2\/product_cat?post=6749"},{"taxonomy":"product_tag","embeddable":true,"href":"https:\/\/fengchashop.com\/ro\/wp-json\/wp\/v2\/product_tag?post=6749"}],"curies":[{"name":"wp","href":"https:\/\/api.w.org\/{rel}","templated":true}]}}