{"id":6747,"date":"2025-10-07T09:02:29","date_gmt":"2025-10-07T07:02:29","guid":{"rendered":"https:\/\/fengchashop.com\/ro\/?post_type=product&#038;p=6747"},"modified":"2026-05-01T16:19:04","modified_gmt":"2026-05-01T14:19:04","slug":"picaturi-bach-furie","status":"publish","type":"product","link":"https:\/\/fengchashop.com\/ro\/product\/picaturi-bach-furie\/","title":{"rendered":"Pic\u0103turi Bach Furie"},"content":{"rendered":"<div class=\"wpb-content-wrapper\"><p>[vc_row][vc_column][vc_column_text css=&#8221;&#8221;]<\/p>\n<h2 style=\"text-align: justify;\"><span style=\"color: #000000;\">Remedii Bach pentru Furie<\/span><\/h2>\n<p><strong>Furia<\/strong> este o emo\u021bie puternic\u0103 care poate ap\u0103rea atunci c\u00e2nd ne sim\u021bim nedrept\u0103\u021bi\u021bi, neajutora\u021bi sau cople\u0219i\u021bi. De\u0219i este o reac\u021bie complet natural\u0103, furia excesiv\u0103 \u0219i necontrolat\u0103 ne poate afecta negativ rela\u021biile, s\u0103n\u0103tatea \u0219i bun\u0103starea general\u0103. Atunci c\u00e2nd se acumuleaz\u0103 \u00een noi, este adesea \u00eenso\u021bit\u0103 de tensiune, nelini\u0219te, nemul\u021bumire sau chiar un sentiment de epuizare. De aceea este important s\u0103 <strong>\u00eenv\u0103\u021b\u0103m s\u0103 gestion\u0103m furia \u00eentr-un mod s\u0103n\u0103tos \u0219i echilibrat<\/strong>. Remediile Bach ne pot ajuta \u00een acest sens, deoarece <strong>sus\u021bin echilibrul emo\u021bional \u0219i calmul interior<\/strong>.<\/p>\n<p>Primele schimb\u0103ri pot fi sim\u021bite dup\u0103 doar c\u00e2teva zile sau s\u0103pt\u0103m\u00e2ni &#8211; depinde de fiecare individ. Amestecul preparat este suficient pentru aproximativ 30 de zile, iar pic\u0103turile pot fi pur \u0219i simplu aplicate direct \u00een gur\u0103 sau ad\u0103ugate \u00eentr-un pahar cu ap\u0103.<\/p>\n<p><strong>Cele mai frecvente cauze ale furiei sunt:<\/strong><\/p>\n<ul>\n<li>un sentiment de nedreptate sau lips\u0103 de respect,<\/li>\n<li>supra\u00eenc\u0103rcare \u0219i stres,<\/li>\n<li>a\u0219tept\u0103ri nesatisf\u0103cute,<\/li>\n<li>re\u021bin\u00e2nd emo\u021biile \u0219i nevoile neexprimate,<\/li>\n<li>un sentiment de neputin\u021b\u0103 sau lips\u0103 de control.<\/li>\n<\/ul>\n<p><strong>Terapia cu pic\u0103turi florale Bach pentru furie te va ajuta:<\/strong><\/p>\n<ul>\n<li>g\u0103se\u0219te calmul interior,<\/li>\n<li>mai u\u0219or de gestionat situa\u021biile tensionate,<\/li>\n<li>elibera\u021bi emo\u021biile acumulate,<\/li>\n<li>reduce iritabilitatea \u0219i impulsivitatea,<\/li>\n<li>pentru a restabili sim\u021bul echilibrului.<\/li>\n<\/ul>\n<h2 style=\"text-align: justify;\"><span style=\"color: #000000;\">Ac\u021biunea pic\u0103turilor lui Bach<\/span><\/h2>\n<p>Pic\u0103turile Bach sus\u021bin \u00een mod eficient <strong>echilibrul emo\u021bional \u0219i pot fi de ajutor \u00een combaterea furiei, care adesea duce la tensiune, nelini\u0219te \u0219i alte suferin\u021be emo\u021bionale<\/strong>. Pic\u0103turile Bach ne ajut\u0103, de asemenea, \u00een diverse crize \u0219i situa\u021bii dificile de via\u021b\u0103, \u00eencerc\u0103ri. Ne ajut\u0103 s\u0103 ne calm\u0103m \u0219i s\u0103 ne men\u021binem calmul, deoarece ne afecteaz\u0103 starea emo\u021bional\u0103 \u0219i ajut\u0103 la armonizarea acesteia. Cu ajutorul pic\u0103turilor Bach, ne <strong>prelu\u0103m controlul asupra emo\u021biilor<\/strong>, doar \u00een acest fel cre\u0103m armonie \u0219i astfel ne g\u0103sim lini\u0219tea interioar\u0103.<\/p>\n<p><span style=\"color: #000000;\">Este posibil s\u0103 observa\u021bi primele rezultate dup\u0103 c\u00e2teva zile sau s\u0103pt\u0103m\u00e2ni, depinde de fiecare individ \u00een parte. Amestecul preparat va dura 30 de zile, pur \u0219i simplu aplica\u021bi direct \u00een gur\u0103 sau picura\u021bi \u00eentr-un pahar cu ap\u0103.<\/span><\/p>\n<p><span style=\"color: #000000;\">Terapia Bach promoveaz\u0103 autovindecarea \u0219i relaxarea spiritual\u0103. Conform teoriei doctorului Bach, cauza bolilor se afl\u0103 \u00eentr-o stare nearmonioas\u0103 sau o lips\u0103 de armonie \u00eentre trup \u0219i suflet. Cu ajutorul esen\u021belor florale, \u00eencerc\u0103m s\u0103 vindec\u0103m bolile prin valorificarea propriet\u0103\u021bilor pozitive ale florilor pentru a ne ajuta s\u0103 restabilim echilibrul \u00een interiorul nostru.<\/span><\/p>\n<p><span style=\"color: #000000;\">Pic\u0103turile Bach sunt preparate conform metodei doctorului Bach, folosind numai esen\u021be originale Bach.<\/span><\/p>\n<p><span style=\"color: #000000;\">Pic\u0103turile Bach sunt luate dintr-o sticl\u0103 cu o pipet\u0103 ata\u0219at\u0103, ceea ce face ca dozarea s\u0103 fie extrem de u\u0219oar\u0103. Se iau 4 pic\u0103turi de 4 ori pe zi, repartizate pe parcursul zilei. Flaconul pe care \u00eel primi\u021bi este suficient pentru 1 lun\u0103 de terapie.<\/span><\/p>\n<p><span style=\"color: #000000;\">Fiecare flacon din amestecul selectat este preparat manual \u0219i \u00een timp real. Pentru a p\u0103stra amestecul proasp\u0103t pentru mai mult timp, folosim pu\u021bin alcool (coniac). Amestecul are un termen de valabilitate de 1 lun\u0103 de la data cump\u0103r\u0103rii.<\/span><\/p>\n<p><span style=\"color: #000000;\">Deoarece pic\u0103turile de Bach nu au efecte secundare, nu pot fi supradozate \u0219i nu creeaz\u0103 dependen\u021b\u0103. Sunt potrivite pentru toat\u0103 lumea &#8211; femei \u00eens\u0103rcinate, mame care al\u0103pteaz\u0103, persoane \u00een v\u00e2rst\u0103, copii \u0219i animale.<\/span><\/p>\n<p><span style=\"color: #000000;\">Nu interac\u021bioneaz\u0103 cu alte medicamente.<\/span><\/p>\n<h2><span style=\"color: #000000;\">Depozitare<\/span><\/h2>\n<p><span style=\"color: #000000;\">A se p\u0103stra \u00eentr-un loc uscat \u0219i \u00eentunecat, la o temperatur\u0103 de p\u00e2n\u0103 la +25 \u00b0C.<\/span><\/p>\n<h2><span style=\"color: #000000;\">Cantitate<\/span><\/h2>\n<p><span style=\"color: #000000;\">30 ml (suficient pentru 30 de zile de utilizare regulat\u0103)<\/span>[\/vc_column_text][\/vc_column][\/vc_row]<\/p>\n<\/div>","protected":false},"excerpt":{"rendered":"<p>Pic\u0103turile de Bach sunt eficiente \u00eempotriva diferitelor tulbur\u0103ri emo\u021bionale. Ele ajut\u0103 \u00een diverse crize \u0219i situa\u021bii dificile de via\u021b\u0103. Ele ajut\u0103 la calmarea \u0219i la men\u021binerea unui cap calm. Ele ac\u021bioneaz\u0103 asupra st\u0103rii noastre emo\u021bionale \u0219i ajut\u0103 la armonizarea acesteia.<\/p>\n<p>\ud83d\udc9a Pic\u0103turile sunt ambalate manual, \u00een ziua expedierii.<br \/>\n\ud83d\udc9a Sunt potrivite pentru toate persoanele (femei \u00eens\u0103rcinate, b\u0103tr\u00e2ni, copii,&#8230;) \u0219i pentru animale.<br \/>\n\ud83d\udc9a Nu au efecte secundare, nu creeaz\u0103 dependen\u021b\u0103 \u0219i nu pot fi supradozate.<br \/>\n\ud83d\udc9a Este posibil s\u0103 observa\u021bi primele rezultate dup\u0103 c\u00e2teva zile sau s\u0103pt\u0103m\u00e2ni, acest lucru depinde de fiecare individ \u00een parte.<br \/>\n\ud83d\udc9a Nu interac\u021bioneaz\u0103 cu alte medicamente.<\/p>\n","protected":false},"featured_media":6539,"comment_status":"open","ping_status":"closed","template":"","meta":{"_acf_changed":false},"product_brand":[],"product_cat":[15,237,224,225],"product_tag":[],"class_list":{"0":"post-6747","1":"product","2":"type-product","3":"status-publish","4":"has-post-thumbnail","6":"product_cat-uncategorized","7":"product_cat-bach-picaturi","8":"product_cat-oferta","9":"product_cat-toate-produsele","11":"first","12":"instock","13":"sale","14":"taxable","15":"shipping-taxable","16":"purchasable","17":"product-type-simple"},"acf":[],"_links":{"self":[{"href":"https:\/\/fengchashop.com\/ro\/wp-json\/wp\/v2\/product\/6747","targetHints":{"allow":["GET"]}}],"collection":[{"href":"https:\/\/fengchashop.com\/ro\/wp-json\/wp\/v2\/product"}],"about":[{"href":"https:\/\/fengchashop.com\/ro\/wp-json\/wp\/v2\/types\/product"}],"replies":[{"embeddable":true,"href":"https:\/\/fengchashop.com\/ro\/wp-json\/wp\/v2\/comments?post=6747"}],"wp:featuredmedia":[{"embeddable":true,"href":"https:\/\/fengchashop.com\/ro\/wp-json\/wp\/v2\/media\/6539"}],"wp:attachment":[{"href":"https:\/\/fengchashop.com\/ro\/wp-json\/wp\/v2\/media?parent=6747"}],"wp:term":[{"taxonomy":"product_brand","embeddable":true,"href":"https:\/\/fengchashop.com\/ro\/wp-json\/wp\/v2\/product_brand?post=6747"},{"taxonomy":"product_cat","embeddable":true,"href":"https:\/\/fengchashop.com\/ro\/wp-json\/wp\/v2\/product_cat?post=6747"},{"taxonomy":"product_tag","embeddable":true,"href":"https:\/\/fengchashop.com\/ro\/wp-json\/wp\/v2\/product_tag?post=6747"}],"curies":[{"name":"wp","href":"https:\/\/api.w.org\/{rel}","templated":true}]}}