{"id":6746,"date":"2025-10-06T14:03:30","date_gmt":"2025-10-06T12:03:30","guid":{"rendered":"https:\/\/fengchashop.com\/ro\/?post_type=product&#038;p=6746"},"modified":"2026-04-30T21:21:01","modified_gmt":"2026-04-30T19:21:01","slug":"chaga-bio","status":"publish","type":"product","link":"https:\/\/fengchashop.com\/ro\/product\/chaga-bio\/","title":{"rendered":"Chaga BIO 125 g"},"content":{"rendered":"<div class=\"wpb-content-wrapper\"><p>[vc_row][vc_column][vc_column_text css=&#8221;&#8221;]<\/p>\n<h2><span style=\"color: #000000\">Chaga &#8211; Chaga (Inonotus obliquus) pulbere BIO<\/span><\/h2>\n<p style=\"text-align: justify\"><span style=\"color: #000000\">Chaga sau Inonotus obliquus este un supliment alimentar. Chaga este o ciuperc\u0103 parazit\u0103 care cre\u0219te pe copaci vii (\u00een special mesteac\u0103n) \u0219i se hr\u0103ne\u0219te cu seva acestora. Chaga este o ciuperc\u0103 adaptogen\u0103. Oamenii de \u0219tiin\u021b\u0103 ru\u0219i \u0219i japonezi o prefer\u0103 chiar \u00een detrimentul binecunoscutei Ganoderma lucidum (reishi).<\/span><\/p>\n<p style=\"text-align: justify\"><span style=\"color: #000000\">Produc\u021bia de chaga este strict controlat\u0103, f\u0103r\u0103 utilizarea de substan\u021be chimice sau pesticide \u0219i 100% organic\u0103. Calitatea ciupercilor este monitorizat\u0103 \u00een mod regulat de laboratoare independente din Slovenia \u0219i SUA.<\/span><\/p>\n<h2><span style=\"color: #000000\">Ambalaj<\/span><\/h2>\n<p><span style=\"color: #000000\">Pung\u0103 cu fermoar nepermeabil \u00een care produsul \u00ee\u0219i p\u0103streaz\u0103 toat\u0103 prospe\u021bimea \u0219i aroma. Ambalajul protejeaz\u0103 produsul de lumin\u0103 \u0219i de aer, fiind compus din mai multe straturi de protec\u021bie care p\u0103streaz\u0103 propriet\u0103\u021bile con\u021binutului.<\/span><\/p>\n<p><span style=\"color: #000000\">Ambalajul este foarte practic \u0219i reciclabil.<\/span><\/p>\n<h2><span style=\"color: #000000\">Depozitare \u0219i avertismente<\/span><\/h2>\n<p><span style=\"color: #000000\">A se p\u0103stra \u00eentr-un loc r\u0103coros \u0219i uscat. \u021aine\u021bi suplimentul alimentar departe de copiii!<\/span><\/p>\n<p><span style=\"color: #000000\">Nu uita\u021bi importan\u021ba unei alimenta\u021bii variate \u0219i a unui stil de via\u021b\u0103 s\u0103n\u0103tos, un supliment alimentar nu este, prin urmare, un substitut pentru o diet\u0103 echilibrat\u0103 \u0219i variat\u0103. Cantitatea sau doza zilnic\u0103 recomandat\u0103 nu trebuie s\u0103 fie dep\u0103\u0219it\u0103. Femeile \u00eens\u0103rcinate \u0219i cele care al\u0103pteaz\u0103 sunt \u00eentotdeauna sf\u0103tuite s\u0103 consulte un medic \u00eenainte de utilizare.<\/span><\/p>\n<h2><span style=\"color: #000000\">Alte utiliz\u0103ri<\/span><\/h2>\n<p style=\"text-align: justify\"><span style=\"color: #000000\">Produsul este potrivit \u0219i pentru animale.<\/span><\/p>\n<h2><span style=\"color: #000000\">Origine<\/span><\/h2>\n<p>China<\/p>\n<p>Avem furnizori foarte de \u00eencredere care ne trimit analize chimice detaliate ale alimentelor pentru fiecare lot. \u00cen mai mult de zece ani nu am avut nicio rechemare de pe pia\u021b\u0103 sau alte probleme cu acest articol, nici cu alte articole de la acela\u0219i furnizor.<\/p>\n<p>Articolul este certificat 100% organic.[\/vc_column_text][\/vc_column][\/vc_row]<\/p>\n<\/div>","protected":false},"excerpt":{"rendered":"<p align=\"JUSTIFY\">Chaga, sau Inonotus obliquus, este originar din Siberia, unde se dezvolt\u0103 la temperaturi de p\u00e2n\u0103 la -40 \u00b0C.<\/p>\n<p>\ud83d\udc9a Este o <span style=\"color: #000000\">ciuperc\u0103 adaptogen\u0103<\/span>.<br \/>\n\ud83d\udc9a 100% organic\u0103.<\/p>\n","protected":false},"featured_media":5962,"comment_status":"open","ping_status":"closed","template":"","meta":{"_acf_changed":false},"product_brand":[],"product_cat":[15,227],"product_tag":[],"class_list":{"0":"post-6746","1":"product","2":"type-product","3":"status-publish","4":"has-post-thumbnail","6":"product_cat-uncategorized","7":"product_cat-ciuperci-medicinale","9":"first","10":"instock","11":"sale","12":"taxable","13":"shipping-taxable","14":"purchasable","15":"product-type-simple"},"acf":[],"_links":{"self":[{"href":"https:\/\/fengchashop.com\/ro\/wp-json\/wp\/v2\/product\/6746","targetHints":{"allow":["GET"]}}],"collection":[{"href":"https:\/\/fengchashop.com\/ro\/wp-json\/wp\/v2\/product"}],"about":[{"href":"https:\/\/fengchashop.com\/ro\/wp-json\/wp\/v2\/types\/product"}],"replies":[{"embeddable":true,"href":"https:\/\/fengchashop.com\/ro\/wp-json\/wp\/v2\/comments?post=6746"}],"wp:featuredmedia":[{"embeddable":true,"href":"https:\/\/fengchashop.com\/ro\/wp-json\/wp\/v2\/media\/5962"}],"wp:attachment":[{"href":"https:\/\/fengchashop.com\/ro\/wp-json\/wp\/v2\/media?parent=6746"}],"wp:term":[{"taxonomy":"product_brand","embeddable":true,"href":"https:\/\/fengchashop.com\/ro\/wp-json\/wp\/v2\/product_brand?post=6746"},{"taxonomy":"product_cat","embeddable":true,"href":"https:\/\/fengchashop.com\/ro\/wp-json\/wp\/v2\/product_cat?post=6746"},{"taxonomy":"product_tag","embeddable":true,"href":"https:\/\/fengchashop.com\/ro\/wp-json\/wp\/v2\/product_tag?post=6746"}],"curies":[{"name":"wp","href":"https:\/\/api.w.org\/{rel}","templated":true}]}}