{"id":6729,"date":"2025-09-17T04:35:13","date_gmt":"2025-09-17T02:35:13","guid":{"rendered":"https:\/\/fengchashop.com\/ro\/?post_type=product&#038;p=6729"},"modified":"2026-04-29T19:29:49","modified_gmt":"2026-04-29T17:29:49","slug":"creatina-monohidrat-pudra","status":"publish","type":"product","link":"https:\/\/fengchashop.com\/ro\/product\/creatina-monohidrat-pudra\/","title":{"rendered":"Creatin\u0103 monohidrat pudr\u0103 500 g"},"content":{"rendered":"<div class=\"wpb-content-wrapper\"><p>[vc_row][vc_column][vc_column_text css=&#8221;&#8221;]<\/p>\n<h2><strong>Creatin\u0103 Monohidrat<\/strong><\/h2>\n<p><strong>Creatin\u0103 Monohidrat<\/strong> este o form\u0103 de creatin\u0103 100% pur\u0103, micronizat\u0103 (200 mesh), f\u0103r\u0103 \u00eendulcitori artificiali, arome sau coloran\u021bi. Datorit\u0103 structurii fin m\u0103cinate, se dizolv\u0103 rapid, se absoarbe u\u0219or \u0219i \u00eencepe s\u0103 ac\u021bioneze imediat acolo unde este cea mai mare nevoie \u2013 la cre\u0219terea puterii, rezisten\u021bei \u0219i a masei musculare.<\/p>\n<p>Alegerea perfect\u0103 pentru persoanele active, pasiona\u021bii de fitness \u0219i sportivi care doresc s\u0103-\u0219i ridice performan\u021ba la un nivel superior \u0219i s\u0103 reduc\u0103 timpul de recuperare. \u00cens\u0103 creatina nu sprijin\u0103 doar corpul \u2013 contribuie \u0219i la o mai bun\u0103 concentrare, memorie \u0219i rezisten\u021b\u0103 mental\u0103 \u00een timpul eforturilor intense.<\/p>\n<h2><strong>Ce este creatina monohidrat?<\/strong><\/h2>\n<ul>\n<li><strong>Creatina<\/strong> este un compus natural pe care organismul \u00eel sintetizeaz\u0103 din aminoacizi (arginin\u0103, glicin\u0103 \u0219i metionin\u0103) \u00een ficat, rinichi \u0219i pancreas.<\/li>\n<li>Este depus\u0103 \u00een principal \u00een <strong>mu\u0219chi<\/strong> sub form\u0103 de <strong>fosfocreatin\u0103<\/strong>, unde serve\u0219te ca surs\u0103 de energie rapid disponibil\u0103.<\/li>\n<li>Se reg\u0103se\u0219te \u0219i \u00een alimente, \u00een special \u00een carnea ro\u0219ie \u0219i pe\u0219te, dar \u00een cantit\u0103\u021bi mai mici dec\u00e2t \u00een suplimentele alimentare.<\/li>\n<li><strong>Creatina monohidrat<\/strong> este cea mai folosit\u0103 \u0219i mai bine studiat\u0103 form\u0103 de creatin\u0103.<\/li>\n<\/ul>\n<h2><strong>De ce s\u0103 alegi creatina monohidrat?<\/strong><\/h2>\n<p style=\"padding-left: 40px\"><strong>\ud83d\udc9a 100% pur\u0103<\/strong> \u2013 f\u0103r\u0103 aditivi \u0219i substan\u021be chimice inutile<\/p>\n<p style=\"padding-left: 40px\"><strong>\ud83d\udc9a Micronizare 200 mesh \u2013<\/strong> solubilitate excelent\u0103 \u0219i absorb\u021bie rapid\u0103<\/p>\n<p style=\"padding-left: 40px\">\ud83d\udc9a Sprijin\u0103 <strong>puterea, rezisten\u021ba \u0219i cre\u0219terea muscular\u0103<\/strong><\/p>\n<p style=\"padding-left: 40px\">\ud83d\udc9a Accelereaz\u0103 <strong>recuperarea dup\u0103 antrenament<\/strong><\/p>\n<p style=\"padding-left: 40px\">\ud83d\udc9a Contribuie la o mai bun\u0103 <strong>concentrare \u0219i energie mental\u0103<\/strong><\/p>\n<p style=\"padding-left: 40px\">\ud83d\udc9a U\u0219ureaz\u0103 <strong>via\u021ba activ\u0103 zilnic\u0103<\/strong><\/p>\n<p style=\"padding-left: 40px\">\ud83d\udc9a Ajut\u0103 la <strong>p\u0103strarea mu\u0219chilor \u0219i a puterii odat\u0103 cu \u00eenaintarea \u00een v\u00e2rst\u0103<\/strong><\/p>\n<p style=\"padding-left: 40px\"><strong>\ud83d\udc9a Doar un singur ingredient<\/strong> \u2013 complet natural\u0103<\/p>\n<h2><strong>Creatin\u0103 pentru corp \u0219i minte<\/strong><\/h2>\n<p>Creatina nu este destinat\u0103 doar mu\u0219chilor \u2013 are un impact pozitiv \u0219i asupra creierului. Ajut\u0103 la \u00eembun\u0103t\u0103\u021birea concentr\u0103rii, sprijin\u0103 func\u021biile cognitive \u0219i poate cre\u0219te rezisten\u021ba la stresul mental, ceea ce este deosebit de util \u00een perioadele de efort intens, at\u00e2t \u00een sal\u0103, c\u00e2t \u0219i \u00een afara acesteia.<\/p>\n<h2><strong>Efectele creatinei monohidrat<\/strong><\/h2>\n<p style=\"padding-left: 40px\"><strong>\ud83d\udc9a Cre\u0219terea puterii musculare \u0219i a explosivit\u0103\u021bii<\/strong> \u2013 datorit\u0103 unui stoc mai mare de ATP (principala molecul\u0103 energetic\u0103).<\/p>\n<p style=\"padding-left: 40px\"><strong>\ud83d\udc9a \u00cembun\u0103t\u0103\u021birea performan\u021bei \u00een cazul eforturilor de scurt\u0103 durat\u0103 \u0219i de \u00eenalt\u0103 intensitate<\/strong> (de ex., sprinturi, ridic\u0103ri de greut\u0103\u021bi, sprinturi \u00een sporturile de echip\u0103).<\/p>\n<p style=\"padding-left: 40px\"><strong>\ud83d\udc9a Recuperare mai rapid\u0103<\/strong> \u00eentre serii sau repet\u0103ri.<\/p>\n<p style=\"padding-left: 40px\"><strong>\ud83d\udc9a Cre\u0219terea masei musculare<\/strong> \u2013 par\u021bial datorit\u0103 unei capacit\u0103\u021bi mai mari de antrenament, par\u021bial datorit\u0103 re\u021binerii apei \u00een celulele musculare (hidratare celular\u0103).<\/p>\n<p style=\"padding-left: 40px\"><strong>\ud83d\udc9a Efecte neuroprotective \u2013<\/strong> se cerceteaz\u0103 poten\u021bialele beneficii \u00een cazul bolilor neurologice (boala Parkinson, boala Alzheimer, depresie).<\/p>\n<p style=\"padding-left: 40px\"><strong>\ud83d\udc9a Beneficii posibile \u00een sporturile de rezisten\u021b\u0103<\/strong> \u2013 \u00een special \u00een sporturile cu efort intermitent.<\/p>\n<h2><strong>Depozitare \u0219i avertismente<\/strong><\/h2>\n<p>A se p\u0103stra \u00eentr-un loc uscat, la o temperatur\u0103 de p\u00e2n\u0103 la 25 \u00b0C, ferit de umiditate \u0219i lumin\u0103. Asigura\u021bi-v\u0103 c\u0103 punga sau cutia este bine \u00eenchis\u0103.<\/p>\n<p>Nu dep\u0103\u0219i\u021bi doza zilnic\u0103 recomandat\u0103. Suplimentele alimentare nu pot \u00eenlocui o diet\u0103 echilibrat\u0103 \u0219i variat\u0103. A nu se l\u0103sa la \u00eendem\u00e2na copiilor mici. Nu utiliza\u021bi la copii, femei \u00eens\u0103rcinate, mame care al\u0103pteaz\u0103 sau persoane cu boli de rinichi. Nu dep\u0103\u0219i\u021bi cantitatea zilnic\u0103 recomandat\u0103. O diet\u0103 echilibrat\u0103 \u0219i variat\u0103 \u0219i un stil de via\u021b\u0103 s\u0103n\u0103tos sunt importante pentru men\u021binerea s\u0103n\u0103t\u0103\u021bii.<\/p>\n<h2><strong>Ambalaj<\/strong><\/h2>\n<p>Pung\u0103 sau cutie cu fermoar, unde produsul \u00ee\u0219i p\u0103streaz\u0103 toat\u0103 prospe\u021bimea \u0219i aroma. Ambalajul protejeaz\u0103 \u00eempotriva luminii \u0219i a aerului. Este alc\u0103tuit din mai multe straturi de protec\u021bie care p\u0103streaz\u0103 propriet\u0103\u021bile produsului.<\/p>\n<p>Ambalajul este foarte practic \u0219i permite reciclarea.<\/p>\n<h2><strong>Origine<\/strong><\/h2>\n<p>Ingrediente cu creatin\u0103 monohidrat din afara UE, atent selectate pentru a asigura cea mai \u00eenalt\u0103 calitate.[\/vc_column_text][\/vc_column][\/vc_row]<\/p>\n<\/div>","protected":false},"excerpt":{"rendered":"<p><strong>Creatina monohidrat<\/strong> este un ingredient 100% pur, natural, f\u0103r\u0103 aditivi, care sus\u021bine eficient for\u021ba, rezisten\u021ba \u0219i regenerarea. Este potrivit pentru sportivi \u0219i toate persoanele active care doresc s\u0103 \u00ee\u0219i \u00eembun\u0103t\u0103\u021beasc\u0103 performan\u021ba fizic\u0103 \u0219i mental\u0103.<\/p>\n<p data-start=\"373\" data-end=\"407\">\ud83d\udc9a Creatin\u0103 monohidrat 100% pur\u0103<\/p>\n<p data-start=\"410\" data-end=\"466\">\ud83d\udc9a Micronizare ridicat\u0103 (200 mesh) &#8211; absorb\u021bie excelent\u0103<\/p>\n<p data-start=\"469\" data-end=\"521\">\ud83d\udc9a Sus\u021bine for\u021ba, cre\u0219terea muscular\u0103 \u0219i regenerarea<\/p>\n<p data-start=\"524\" data-end=\"581\">\ud83d\udc9a Concentra\u021bie \u00eembun\u0103t\u0103\u021bit\u0103 \u0219i rezisten\u021b\u0103 mai mare la stres<\/p>\n<p data-start=\"584\" data-end=\"634\">\ud83d\udc9a Compozi\u021bie natural\u0103 &#8211; f\u0103r\u0103 aditivi sau substan\u021be chimice<\/p>\n","protected":false},"featured_media":6731,"comment_status":"open","ping_status":"closed","template":"","meta":{"_acf_changed":false},"product_brand":[],"product_cat":[15,226,224,229,225],"product_tag":[],"class_list":{"0":"post-6729","1":"product","2":"type-product","3":"status-publish","4":"has-post-thumbnail","6":"product_cat-uncategorized","7":"product_cat-cele-mai-vandute","8":"product_cat-oferta","9":"product_cat-superalimente","10":"product_cat-toate-produsele","12":"first","13":"instock","14":"sale","15":"taxable","16":"shipping-taxable","17":"purchasable","18":"product-type-simple"},"acf":[],"_links":{"self":[{"href":"https:\/\/fengchashop.com\/ro\/wp-json\/wp\/v2\/product\/6729","targetHints":{"allow":["GET"]}}],"collection":[{"href":"https:\/\/fengchashop.com\/ro\/wp-json\/wp\/v2\/product"}],"about":[{"href":"https:\/\/fengchashop.com\/ro\/wp-json\/wp\/v2\/types\/product"}],"replies":[{"embeddable":true,"href":"https:\/\/fengchashop.com\/ro\/wp-json\/wp\/v2\/comments?post=6729"}],"wp:featuredmedia":[{"embeddable":true,"href":"https:\/\/fengchashop.com\/ro\/wp-json\/wp\/v2\/media\/6731"}],"wp:attachment":[{"href":"https:\/\/fengchashop.com\/ro\/wp-json\/wp\/v2\/media?parent=6729"}],"wp:term":[{"taxonomy":"product_brand","embeddable":true,"href":"https:\/\/fengchashop.com\/ro\/wp-json\/wp\/v2\/product_brand?post=6729"},{"taxonomy":"product_cat","embeddable":true,"href":"https:\/\/fengchashop.com\/ro\/wp-json\/wp\/v2\/product_cat?post=6729"},{"taxonomy":"product_tag","embeddable":true,"href":"https:\/\/fengchashop.com\/ro\/wp-json\/wp\/v2\/product_tag?post=6729"}],"curies":[{"name":"wp","href":"https:\/\/api.w.org\/{rel}","templated":true}]}}