{"id":6722,"date":"2025-06-09T10:03:02","date_gmt":"2025-06-09T08:03:02","guid":{"rendered":"https:\/\/fengchashop.com\/ro\/?post_type=product&#038;p=6722"},"modified":"2026-04-30T23:30:40","modified_gmt":"2026-04-30T21:30:40","slug":"pudra-de-kudzu","status":"publish","type":"product","link":"https:\/\/fengchashop.com\/ro\/product\/pudra-de-kudzu\/","title":{"rendered":"Pudr\u0103 de Kudzu 250 g"},"content":{"rendered":"<h2><strong>Ce este kudzu?<\/strong><\/h2>\n<p><strong>Kudzu<\/strong> (pronun\u021bat: <em>k\u00fadzu<\/em>) este o plant\u0103 c\u0103\u021b\u0103r\u0103toare cu cre\u0219tere rapid\u0103, originar\u0103 din Asia de Est \u2013 \u00een principal China, Japonia \u0219i Coreea. Se mai nume\u0219te \u0219i ignam\u0103 s\u0103lbatic\u0103 japonez\u0103 sau r\u0103d\u0103cin\u0103 de kudzu. Ini\u021bial a fost folosit\u0103 pentru furaje, \u00eengr\u0103\u0219\u0103m\u00e2nt verde \u0219i controlul eroziunii solului. \u00cen secolul al XIX-lea, planta a fost introdus\u0103 \u0219i \u00een Statele Unite, unde s-a dovedit a fi o specie invaziv\u0103, deoarece poate invada rapid zone \u00eentregi, inclusiv p\u0103duri, ferme \u0219i drumuri.<\/p>\n<p>Kudzu apar\u021bine familiei leguminoaselor (Fabaceae) \u0219i este o rud\u0103 cu leguminoasele. Are frunze mari, trifoliate (cu trei lobi), flori violet \u0219i r\u0103d\u0103cini groase care <strong>con\u021bin mul\u021bi nutrien\u021bi \u0219i propriet\u0103\u021bi medicinale<\/strong>.<\/p>\n<p>Kudzu este o plant\u0103 extrem de interesant\u0103, cu o lung\u0103 istorie de utilizare <strong>\u00een medicina tradi\u021bional\u0103<\/strong>. Sub form\u0103 de pulbere, este potrivit pentru suplimentarea nutri\u021bional\u0103, \u00een special pentru <strong>pentru sus\u021binerea ficatului, a circula\u021biei s\u00e2ngelui \u0219i a echilibrului hormonal<\/strong>.<\/p>\n<p><strong>Efecte medicinale<\/strong><\/p>\n<p>Kudzu este utilizat \u00een medicina tradi\u021bional\u0103 chinez\u0103 de secole. R\u0103d\u0103cina con\u021bine <strong>izoflavone<\/strong>, \u00een special <strong>daidzein<\/strong>, <strong>daidzin<\/strong> \u0219i <strong>puerarin<\/strong>, care au propriet\u0103\u021bi farmacologice importante.<\/p>\n<p><strong>Efecte principale:<\/strong><\/p>\n<p><strong>\ud83d\udc9a Detoxifierea ficatului:<\/strong> utilizat\u0103 pentru problemele legate de alcool &#8211; se spune c\u0103 ajut\u0103 la reducerea poftei de alcool \u0219i sus\u021bine ficatul.<\/p>\n<p><strong>\ud83d\udc9a Ameliorarea migrenelor \u0219i a durerilor de cap<\/strong><\/p>\n<p><strong>\ud83d\udc9a Scade tensiunea arterial\u0103 \u0219i \u00eembun\u0103t\u0103\u021be\u0219te circula\u021bia s\u00e2ngelui<\/strong><\/p>\n<p><strong>\ud83d\udc9a Amelioreaz\u0103 simptomele menopauzei:<\/strong> ac\u021bioneaz\u0103 similar cu fitoestrogenii.<\/p>\n<p><strong>\ud83d\udc9a Ac\u021biune antiinflamatoare:<\/strong> ajut\u0103 la inflama\u021bii \u0219i dureri musculare.<\/p>\n<p><strong>\ud83d\udc9a Ajutor cu diabetul de tip 2:<\/strong> unele cercet\u0103ri arat\u0103 c\u0103 \u00eembun\u0103t\u0103\u021be\u0219te sensibilitatea la insulin\u0103.<\/p>\n<p><strong>\ud83d\udc9a Ac\u021biune antioxidant\u0103:<\/strong> ac\u021bioneaz\u0103 ca un captator de radicali liberi.<\/p>\n<p><strong>\ud83d\udc9a Atenuarea problemelor digestive:<\/strong> este folosit pentru diaree, crampe, irita\u021bii stomacale, are un efect calmant asupra sistemului digestiv \u0219i intestinelor.<\/p>\n<p><strong>\ud83d\udc9a Efect neuroprotector:<\/strong> protejeaz\u0103 celulele nervoase de stresul oxidativ, ajut\u0103 la ame\u021beli, vertij \u0219i tinitus.<\/p>\n<p><strong>\ud83d\udc9a Efect antimicrobian \u0219i antiviral: <\/strong>are propriet\u0103\u021bi antibacteriene, efect inhibitor asupra virusurilor gripale.<\/p>\n<h2><strong>Depozitare \u0219i avertismente<\/strong><\/h2>\n<p>A se pastra intr-un loc uscat si racoros la o temperatura de pana la 25 \u00b0C. Suplimentul nutritiv nu trebuie s\u0103 fie la \u00eendem\u00e2na copiilor!<\/p>\n<p>Nu uita de importanta unei alimentatii variate si a unui stil de viata sanatos, un supliment alimentar nu este deci un substitut pentru o alimentatie echilibrata si variata. Nu trebuie dep\u0103\u0219it\u0103 cantitatea sau doza zilnic\u0103 recomandat\u0103.<\/p>\n<p>Nu recomand\u0103m utilizarea acestuia pentru femeile \u00eens\u0103rcinate \u0219i care al\u0103pteaz\u0103 \u0219i pentru copii. Se recomand\u0103 s\u0103 consulta\u021bi medicul pentru mai multe informa\u021bii dac\u0103 ave\u021bi probleme de s\u0103n\u0103tate. Din cauza fitoestrogenilor, nu este potrivit pentru persoanele cu boli sensibile la estrogen (de exemplu, cancer la s\u00e2n). Poate afecta tensiunea arterial\u0103, diabetul sau medicamentele hormonale.<\/p>\n<h2><strong>\u00a0<\/strong><strong>Ambalaj<\/strong><\/h2>\n<p>Pung\u0103 etan\u0219\u0103 cu fermoar, unde produsul \u00ee\u0219i p\u0103streaz\u0103 toat\u0103 prospe\u021bimea \u0219i aroma. Ambalajul protejeaz\u0103 \u00eempotriva luminii \u0219i a aerului, deoarece este alc\u0103tuit din mai multe straturi de protec\u021bie care p\u0103streaz\u0103 propriet\u0103\u021bile con\u021binutului.<\/p>\n<p>Ambalajul este foarte practic \u0219i permite reciclarea.<\/p>\n<h2><strong>\u00a0<\/strong><strong>Origine<\/strong><\/h2>\n<p>Japonia<\/p>\n","protected":false},"excerpt":{"rendered":"<p>Kudzu a fost folosit \u00een medicina tradi\u021bional\u0103 chinez\u0103 timp de secole. Este o plant\u0103 extrem de interesant\u0103, cu o lung\u0103 istorie de utilizare \u00een medicina tradi\u021bional\u0103. Sub form\u0103 de pulbere, este potrivit pentru suplimentarea nutri\u021bional\u0103, \u00een special pentru:<\/p>\n<p><span style=\"color: #000000\">\ud83d\udc9a <\/span><strong>sus\u021binerea ficatului,<\/strong><\/p>\n<p><strong><span style=\"color: #000000\">\ud83d\udc9a <\/span>circula\u021bia s\u00e2ngelui \u0219i<\/strong><\/p>\n<p><strong><span style=\"color: #000000\">\ud83d\udc9a <\/span>echilibrul hormonal<\/strong>.<\/p>\n","protected":false},"featured_media":6723,"comment_status":"open","ping_status":"closed","template":"","meta":{"_acf_changed":false},"product_brand":[],"product_cat":[15,224,229,225],"product_tag":[],"class_list":{"0":"post-6722","1":"product","2":"type-product","3":"status-publish","4":"has-post-thumbnail","6":"product_cat-uncategorized","7":"product_cat-oferta","8":"product_cat-superalimente","9":"product_cat-toate-produsele","11":"first","12":"instock","13":"taxable","14":"shipping-taxable","15":"purchasable","16":"product-type-simple"},"acf":[],"_links":{"self":[{"href":"https:\/\/fengchashop.com\/ro\/wp-json\/wp\/v2\/product\/6722","targetHints":{"allow":["GET"]}}],"collection":[{"href":"https:\/\/fengchashop.com\/ro\/wp-json\/wp\/v2\/product"}],"about":[{"href":"https:\/\/fengchashop.com\/ro\/wp-json\/wp\/v2\/types\/product"}],"replies":[{"embeddable":true,"href":"https:\/\/fengchashop.com\/ro\/wp-json\/wp\/v2\/comments?post=6722"}],"wp:featuredmedia":[{"embeddable":true,"href":"https:\/\/fengchashop.com\/ro\/wp-json\/wp\/v2\/media\/6723"}],"wp:attachment":[{"href":"https:\/\/fengchashop.com\/ro\/wp-json\/wp\/v2\/media?parent=6722"}],"wp:term":[{"taxonomy":"product_brand","embeddable":true,"href":"https:\/\/fengchashop.com\/ro\/wp-json\/wp\/v2\/product_brand?post=6722"},{"taxonomy":"product_cat","embeddable":true,"href":"https:\/\/fengchashop.com\/ro\/wp-json\/wp\/v2\/product_cat?post=6722"},{"taxonomy":"product_tag","embeddable":true,"href":"https:\/\/fengchashop.com\/ro\/wp-json\/wp\/v2\/product_tag?post=6722"}],"curies":[{"name":"wp","href":"https:\/\/api.w.org\/{rel}","templated":true}]}}