{"id":6695,"date":"2025-09-02T10:45:22","date_gmt":"2025-09-02T08:45:22","guid":{"rendered":"https:\/\/fengchashop.com\/ro\/?post_type=product&#038;p=6695"},"modified":"2025-09-02T10:50:22","modified_gmt":"2025-09-02T08:50:22","slug":"dragons-blood-sangre-de-grado-drago-picaturi","status":"publish","type":"product","link":"https:\/\/fengchashop.com\/ro\/product\/dragons-blood-sangre-de-grado-drago-picaturi\/","title":{"rendered":"Dragon&#8217;s Blood (Sangre de Grado \/ Drago) picaturi 30 ml"},"content":{"rendered":"<h2><strong>Ce este S\u00e2ngele Dragonului?<\/strong><\/h2>\n<p><strong>\u00a0<\/strong>S\u00e2ngele Dragonului, cunoscut \u0219i sub numele de <strong>Sangre de Grado sau Drago<\/strong>, este o r\u0103\u0219in\u0103 pre\u021bioas\u0103 **ro\u0219iatic\u0103-brun\u0103** extras\u0103 din scoar\u021ba arborelui dragon peruvian (Croton lechleri). Este un preparat natural extrem de valoros, folosit de secole de popoarele indigene din America de Sud ca remediu natural versatil pentru numeroase afec\u021biuni &#8211; at\u00e2t externe, c\u00e2t \u0219i interne. Se ob\u021bine prin t\u0103ierea u\u0219oar\u0103 a scoar\u021bei copacului, f\u0103r\u0103 a distruge planta.<\/p>\n<p>Produsul nostru provine dintr-o cultivare durabil\u0103 \u0219i ecologic\u0103 \u00een inima p\u0103durii tropicale amazoniene peruane. R\u0103\u0219ina este cules\u0103 manual de popula\u021biile indigene locale, care \u00ee\u0219i p\u0103streaz\u0103 astfel cuno\u0219tin\u021bele tradi\u021bionale \u0219i sunt pl\u0103ti\u021bi echitabil pentru munca lor. R\u0103\u0219ina este extras\u0103 f\u0103r\u0103 a distruge copacii, asigur\u00e2nd protec\u021bia pe termen lung a mediului natural.<\/p>\n<p>S\u00e2ngele Dragonului pe care \u00eel oferim este **100% r\u0103\u0219in\u0103 vegetal\u0103 pur\u0103 &#8211; f\u0103r\u0103 alcool, conservan\u021bi, coloran\u021bi sau aditivi artificiali**. Este un extract natural direct din plant\u0103, care \u00ee\u0219i p\u0103streaz\u0103 toate propriet\u0103\u021bile originale \u0219i poten\u021bialul terapeutic. Are o culoare ro\u0219u \u00eenchis intens, caracteristic\u0103 prezen\u021bei antioxidan\u021bilor naturali \u0219i taninurilor, a\u0219a c\u0103 trebuie avut\u0103 grij\u0103 la utilizarea sa pentru a evita contactul cu hainele, deoarece poate l\u0103sa pete permanente.<\/p>\n<h2><strong>Efectele \u0219i beneficiile s\u00e2ngelui de dragon<\/strong><\/h2>\n<p>Datorit\u0103 compozi\u021biei sale chimice unice &#8211; con\u021binut ridicat de taninuri, alcaloizi (cum ar fi taspina), compu\u0219i fenolici \u0219i antioxidan\u021bi &#8211; s\u00e2ngele de dragon are numeroase efecte tradi\u021bionale confirmate:<\/p>\n<p><strong>\ud83d\udc9a Utilizare extern\u0103 &#8211; <em>protec\u021bie natural\u0103 a pielii<\/em>:<\/strong><\/p>\n<ul>\n<li><strong>Vindecare rapid\u0103 a r\u0103nilor \u0219i leziunilor<\/strong> &#8211; ac\u021bioneaz\u0103 ca antiseptic \u0219i hemostatic natural (opre\u0219te s\u00e2ngerarea), promoveaz\u0103 regenerarea \u021besuturilor<\/li>\n<li><strong>Reduce inflama\u021bia \u0219i m\u00e2nc\u0103rimea<\/strong> &#8211; potrivit pentru acnee, mu\u0219c\u0103turi de insecte, eczeme, psoriazis \u0219i alte probleme ale pielii<\/li>\n<li><strong>Eficient \u00eempotriva infec\u021biilor fungice \u0219i bacteriene<\/strong><\/li>\n<li><strong>Calmeaz\u0103 arsurile, inclusiv arsurile solare<\/strong> &#8211; are un efect de r\u0103corire \u0219i regenerare<\/li>\n<li><strong>Bandaj natural \u201ealtul\u201d<\/strong> &#8211; atunci c\u00e2nd este aplicat, formeaz\u0103 un strat sub\u021bire de protec\u021bie pe piele<\/li>\n<\/ul>\n<p><strong>\ud83d\udc9a Utilizare intern\u0103 \u2013 <em>cu precau\u021bie \u0219i cu sfaturi adecvate<\/em>:<\/strong><\/p>\n<ul>\n<li><strong>Suport pentru sistemul digestiv<\/strong> \u2013 amelioreaz\u0103 probleme precum ulcerele stomacale, inflama\u021bia membranelor mucoase, diareea, sindromul de intestin iritabil<\/li>\n<li><strong>Ac\u021biune antiinflamatorie<\/strong> \u2013 ajut\u0103 la inflama\u021biile interne, inclusiv \u00een cavitatea bucal\u0103 \u0219i g\u00e2t<\/li>\n<li><strong>\u00cent\u0103rirea sistemului imunitar<\/strong> \u2013 ajut\u0103 organismul s\u0103 se apere \u00eempotriva viru\u0219ilor \u0219i bacteriilor<\/li>\n<li><strong>Putere antioxidant\u0103<\/strong> \u2013 sus\u021bine re\u00eennoirea celular\u0103 \u0219i detoxifierea organismului<\/li>\n<\/ul>\n<h2><strong>Cantitate<\/strong><\/h2>\n<p>30 ml<\/p>\n<h2><strong>Ambalare<\/strong><\/h2>\n<p>\u00cen ambalaj de sticl\u0103 cu pipet\u0103 pentru o dozare mai u\u0219oar\u0103.<\/p>\n<h2><strong>Avertismente<\/strong><\/h2>\n<p>Numai pentru uz extern, cu excep\u021bia cazului \u00een care este prescris altfel de c\u0103tre un profesionist. Utilizarea intern\u0103 este permis\u0103 doar dup\u0103 consultarea unui medic. Evita\u021bi contactul cu ochii \u0219i mucoasele. Nu utiliza\u021bi la copii, femei \u00eens\u0103rcinate sau care al\u0103pteaz\u0103 f\u0103r\u0103 sfatul medicului. Poate l\u0103sa pete permanente pe \u021bes\u0103turi. A nu se l\u0103sa la \u00eendem\u00e2na copiilor, \u00eentr-un loc uscat \u0219i \u00eentunecat.<\/p>\n<h2><strong>Origine<\/strong><\/h2>\n<p>Ecuador<\/p>\n","protected":false},"excerpt":{"rendered":"<p>S\u00e2ngele de dragon este o r\u0103\u0219in\u0103 natural\u0103 din arborele Croton lechleri, cunoscut\u0103 pentru propriet\u0103\u021bile sale excep\u021bionale de regenerare \u0219i protec\u021bie a pielii. Datorit\u0103 con\u021binutului ridicat de antioxidan\u021bi, protejeaz\u0103 pielea de radicalii liberi \u0219i de \u00eemb\u0103tr\u00e2nirea prematur\u0103. Este, de asemenea, utilizat\u0103 ca tratament natural pentru acnee, cicatrici \u0219i piele sensibil\u0103.<\/p>\n<p>\ud83d\udc9a antiseptic natural,<br \/>\n\ud83d\udc9a reduce inflama\u021bia,<br \/>\n\ud83d\udc9a accelereaz\u0103 vindecarea r\u0103nilor \u0219i<br \/>\n\ud83d\udc9a calmeaz\u0103 irita\u021biile.<\/p>\n","protected":false},"featured_media":6696,"comment_status":"open","ping_status":"closed","template":"","meta":{"_acf_changed":false},"product_brand":[],"product_cat":[15,236,224,225],"product_tag":[],"class_list":{"0":"post-6695","1":"product","2":"type-product","3":"status-publish","4":"has-post-thumbnail","6":"product_cat-uncategorized","7":"product_cat-altele","8":"product_cat-oferta","9":"product_cat-toate-produsele","11":"first","12":"instock","13":"taxable","14":"shipping-taxable","15":"purchasable","16":"product-type-simple"},"acf":[],"_links":{"self":[{"href":"https:\/\/fengchashop.com\/ro\/wp-json\/wp\/v2\/product\/6695","targetHints":{"allow":["GET"]}}],"collection":[{"href":"https:\/\/fengchashop.com\/ro\/wp-json\/wp\/v2\/product"}],"about":[{"href":"https:\/\/fengchashop.com\/ro\/wp-json\/wp\/v2\/types\/product"}],"replies":[{"embeddable":true,"href":"https:\/\/fengchashop.com\/ro\/wp-json\/wp\/v2\/comments?post=6695"}],"wp:featuredmedia":[{"embeddable":true,"href":"https:\/\/fengchashop.com\/ro\/wp-json\/wp\/v2\/media\/6696"}],"wp:attachment":[{"href":"https:\/\/fengchashop.com\/ro\/wp-json\/wp\/v2\/media?parent=6695"}],"wp:term":[{"taxonomy":"product_brand","embeddable":true,"href":"https:\/\/fengchashop.com\/ro\/wp-json\/wp\/v2\/product_brand?post=6695"},{"taxonomy":"product_cat","embeddable":true,"href":"https:\/\/fengchashop.com\/ro\/wp-json\/wp\/v2\/product_cat?post=6695"},{"taxonomy":"product_tag","embeddable":true,"href":"https:\/\/fengchashop.com\/ro\/wp-json\/wp\/v2\/product_tag?post=6695"}],"curies":[{"name":"wp","href":"https:\/\/api.w.org\/{rel}","templated":true}]}}