{"id":6664,"date":"2022-05-24T09:40:12","date_gmt":"2022-05-24T07:40:12","guid":{"rendered":"https:\/\/fengchashop.com\/ro\/product\/scortisoara-de-ceylon-intreaga-bio-125-g\/"},"modified":"2026-04-27T18:20:04","modified_gmt":"2026-04-27T16:20:04","slug":"scortisoara-de-ceylon-intreaga-bio","status":"publish","type":"product","link":"https:\/\/fengchashop.com\/ro\/product\/scortisoara-de-ceylon-intreaga-bio\/","title":{"rendered":"Scor\u021bi\u0219oar\u0103 de Ceylon \u00eentreag\u0103 BIO 125 g"},"content":{"rendered":"<h2 style=\"text-align: justify\"><span style=\"color: #000000\">Scor\u021bi\u0219oar\u0103 de Ceylon BIO<\/span><\/h2>\n<p style=\"text-align: justify\"><span style=\"color: #000000\">Scor\u021bi\u0219oara de Ceylon este originar\u0103 din Sri Lanka (numit\u0103 \u00een trecut Ceylon, de la care \u00ee\u0219i trage numele scor\u021bi\u0219oara). \u00cen compara\u021bie cu scor\u021bi\u0219oara <strong>chinezeasc\u0103<\/strong> sau cassia, cu care cei mai mul\u021bi dintre noi sunt mai familiariza\u021bi \u0219i care este disponibil\u0103 \u00een majoritatea magazinelor, aceast\u0103 <strong>scor\u021bi\u0219oar\u0103 adev\u0103rat\u0103<\/strong> este mai rar\u0103 \u0219i, prin urmare, mult mai pre\u021bioas\u0103. \u00cen Sri Lanka se produc diferite calit\u0103\u021bi de scor\u021bi\u0219oar\u0103, iar scor\u021bi\u0219oara Ceylon aleas\u0103 de noi are un parfum subtil \u0219i delicat. Are un gust u\u0219or dulce \u0219i este folosit\u0103 ca acompaniament la deserturi, compoturi, pr\u0103jituri, pl\u0103cinte \u0219i fursecuri, punci \u0219i vin fiert. Este folosit\u0103 pentru a aromatiza mierea, ciocolata, nucile, ardeii iu\u021bi, produsele lactate, afinele, merele coapte \u0219i bananele. Scor\u021bi\u0219oara poate fi pres\u0103rat\u0103 pe fructe (salate de fructe, toc\u0103ni\u021be) \u0219i cereale, ad\u0103ugat\u0103 \u00een iaurt, orez cu lapte, br\u00e2nz\u0103 de vaci \u0219i \u00een diverse b\u0103uturi lactate \u0219i din fructe. De asemenea, se potrive\u0219te bine cu ceaiul \u0219i cafeaua, precum \u0219i cu cacao \u0219i ciocolat\u0103 cald\u0103. Scor\u021bi\u0219oara este, de asemenea, cel mai popular condiment de Cr\u0103ciun. De fapt, scor\u021bi\u0219oara este unul dintre cele mai<strong> versatile condimente<\/strong>, ap\u0103r\u00e2nd \u00een multe combina\u021bii diferite \u0219i uneori neobi\u0219nuite, \u00een special \u00een buc\u0103t\u0103ria oriental\u0103 \u0219i mexican\u0103 (de exemplu, \u00een curry). \u00cen mod tradi\u021bional, este folosit\u0103 pentru a <strong>\u00eembun\u0103t\u0103\u021bi m\u00e2nc\u0103rurile<\/strong>. <\/span><\/p>\n<p style=\"text-align: justify\"><span style=\"color: #000000\">Scor\u021bi\u0219oara noastr\u0103 este produs\u0103 \u00een mod ecologic.<\/span><\/p>\n<h2 style=\"text-align: justify\"><span style=\"color: #000000\">Depozitare<\/span><\/h2>\n<p style=\"text-align: justify\"><span style=\"color: #000000\">Depozita\u021bi \u00eentr-un loc uscat, \u00eentunecat \u0219i r\u0103coros. Asigura\u021bi-v\u0103 c\u0103 punga sau cutia este bine \u00eenchis\u0103.<\/span><\/p>\n<h2 style=\"text-align: justify\"><span style=\"color: #000000\">Ambalare<\/span><\/h2>\n<p style=\"text-align: justify\"><span style=\"color: #000000\">O pung\u0103 cu fermoar nepermeabil \u00een care produsul \u00ee\u0219i p\u0103streaz\u0103 toat\u0103 prospe\u021bimea \u0219i aroma. Ambalajul protejeaz\u0103 \u00eempotriva luminii \u0219i a aerului, deoarece este compus din mai multe straturi de protec\u021bie pentru a p\u0103stra propriet\u0103\u021bile con\u021binutului.<\/span><\/p>\n<p style=\"text-align: justify\"><span style=\"color: #000000\">Ambalajul este foarte practic \u0219i reciclabil.<\/span><\/p>\n<h2><span style=\"color: #000000\">Origine<\/span><\/h2>\n<p><span style=\"color: #000000\">Sri Lanka<\/span><\/p>\n","protected":false},"excerpt":{"rendered":"<p>Scor\u021bi\u0219oara poate fi combinat\u0103 cu vanilie, coriandru \u0219i nuc\u0219oar\u0103 \u0219i este deosebit de gustoas\u0103 \u0219i benefic\u0103 pentru s\u0103n\u0103tatea noastr\u0103 atunci c\u00e2nd este combinat\u0103 cu cui\u0219oare sau turmeric. De asemenea, poate fi folosit\u0103 \u00een cosmeticele de cas\u0103 \u0219i ca supliment alimentar, deoarece con\u021bine multe ingrediente importante \u0219i benefice pentru oameni, \u0219i poate fi folosit\u0103 \u0219i \u00een aromaterapie \u0219i pentru a parfuma \u00eenc\u0103perile. Deoarece scor\u021bi\u0219oara de Ceylon con\u021bine cea mai pu\u021bin\u0103 cumarin\u0103, despre care se crede c\u0103 are un efect negativ asupra ficatului nostru \u0219i sub\u021biaz\u0103 s\u00e2ngele, este mult mai potrivit\u0103 pentru un consum regulat.<\/p>\n<p>\ud83d\udc9a Un antioxidant puternic.<br \/>\n\ud83d\udc9a Gestionarea zah\u0103rului din s\u00e2nge.<br \/>\n\ud83d\udc9a Are propriet\u0103\u021bi antifungice \u0219i antimicrobiene.<br \/>\n\ud83d\udc9a Produs organic.<\/p>\n","protected":false},"featured_media":6665,"comment_status":"open","ping_status":"closed","template":"","meta":{"_acf_changed":false},"product_brand":[],"product_cat":[15,205,224,225],"product_tag":[],"class_list":{"0":"post-6664","1":"product","2":"type-product","3":"status-publish","4":"has-post-thumbnail","6":"product_cat-uncategorized","7":"product_cat-ceai-mancare-condimente","8":"product_cat-oferta","9":"product_cat-toate-produsele","11":"first","12":"instock","13":"taxable","14":"shipping-taxable","15":"purchasable","16":"product-type-simple"},"acf":[],"_links":{"self":[{"href":"https:\/\/fengchashop.com\/ro\/wp-json\/wp\/v2\/product\/6664","targetHints":{"allow":["GET"]}}],"collection":[{"href":"https:\/\/fengchashop.com\/ro\/wp-json\/wp\/v2\/product"}],"about":[{"href":"https:\/\/fengchashop.com\/ro\/wp-json\/wp\/v2\/types\/product"}],"replies":[{"embeddable":true,"href":"https:\/\/fengchashop.com\/ro\/wp-json\/wp\/v2\/comments?post=6664"}],"wp:featuredmedia":[{"embeddable":true,"href":"https:\/\/fengchashop.com\/ro\/wp-json\/wp\/v2\/media\/6665"}],"wp:attachment":[{"href":"https:\/\/fengchashop.com\/ro\/wp-json\/wp\/v2\/media?parent=6664"}],"wp:term":[{"taxonomy":"product_brand","embeddable":true,"href":"https:\/\/fengchashop.com\/ro\/wp-json\/wp\/v2\/product_brand?post=6664"},{"taxonomy":"product_cat","embeddable":true,"href":"https:\/\/fengchashop.com\/ro\/wp-json\/wp\/v2\/product_cat?post=6664"},{"taxonomy":"product_tag","embeddable":true,"href":"https:\/\/fengchashop.com\/ro\/wp-json\/wp\/v2\/product_tag?post=6664"}],"curies":[{"name":"wp","href":"https:\/\/api.w.org\/{rel}","templated":true}]}}