{"id":6659,"date":"2025-02-25T09:41:56","date_gmt":"2025-02-25T08:41:56","guid":{"rendered":"https:\/\/fengchashop.com\/ro\/product\/cistus-creticus-zistroza-bio-100-g\/"},"modified":"2026-04-24T03:32:30","modified_gmt":"2026-04-24T01:32:30","slug":"cistus-creticus-zistroza-bio","status":"publish","type":"product","link":"https:\/\/fengchashop.com\/ro\/product\/cistus-creticus-zistroza-bio\/","title":{"rendered":"Cistus creticus (Zistroz\u0103) BIO 100 g"},"content":{"rendered":"<h2><span style=\"color: #000000\"><strong>Cistus creticus (Zistroz\u0103) BIO<\/strong><\/span><\/h2>\n<p><span style=\"color: #000000\"><strong>Cistus creticus sau zistroz\u0103<\/strong> este o plant\u0103 aromatic\u0103, arbustiv\u0103, originar\u0103 \u00een principal din Marea Mediteran\u0103 &#8211; \u00een special din insula greceasc\u0103 Creta, unde prosper\u0103 \u00een medii aride \u0219i st\u00e2ncoase. Frunzele plantei sunt acoperite cu r\u0103\u0219ini lipicioase (labdanum), care sunt bogate \u00een polifenoli &#8211; antioxidan\u021bi naturali.<\/span><\/p>\n<p><span style=\"color: #000000\">Se folose\u0219te sub form\u0103 de ceai. Cistus creticus este cunoscut <strong>ca o plant\u0103 natural\u0103 pentru sus\u021binerea<br \/>\nsistemului imunitar<\/strong>.<\/span><\/p>\n<h2><span style=\"color: #000000\"><strong>Ceaiul de Cistus creticus este apreciat pentru urm\u0103toarele propriet\u0103\u021bi:<\/strong><\/span><\/h2>\n<p><span style=\"color: #000000\"><strong>\ud83d\udc9a Antioxidant puternic<\/strong>: O surs\u0103 bogat\u0103 de polifenoli care ajut\u0103 la protejarea celulelor de radicalii liberi.<\/span><\/p>\n<p><span style=\"color: #000000\"><strong>\ud83d\udc9a Sprijin pentru sistemul imunitar<\/strong>: \u00cent\u0103re\u0219te \u00een mod natural rezisten\u021ba organismului, \u00een special \u00een timpul sezonului de r\u0103ceal\u0103 \u0219i grip\u0103.<\/span><\/p>\n<p><span style=\"color: #000000\"><strong>\ud83d\udc9a Activitate antibacterian\u0103 \u0219i antiviral\u0103<\/strong>: Folosit \u00een mod tradi\u021bional pentru a proteja \u00eempotriva infec\u021biilor.<\/span><\/p>\n<p><span style=\"color: #000000\"><strong>\ud83d\udc9a Ac\u021biune antiinflamatoare<\/strong>: Ajut\u0103 la reducerea inflama\u021biei din organism.<\/span><\/p>\n<p><span style=\"color: #000000\"><strong>\ud83d\udc9a Efect asupra digestiei<\/strong>: ajut\u0103 la ameliorarea problemelor precum flatulen\u021ba \u0219i stomacul iritat.<\/span><\/p>\n<p><span style=\"color: #000000\"><strong>\ud83d\udc9a Utilizarea pielii<\/strong>: Sub form\u0103 de comprese sau b\u0103i, este folosit \u0219i pentru probleme ale pielii (de exemplu, acnee, eczeme).<\/span><\/p>\n<h2><span style=\"color: #000000\"><strong>Depozitare \u0219i avertismente <\/strong><\/span><\/h2>\n<p><span style=\"color: #000000\">A se p\u0103stra \u00eentr-un loc uscat, \u00eentunecat \u0219i r\u0103coros. Frunzele uscate trebuie p\u0103strate \u00eentr-o pung\u0103 sau recipient etan\u0219 p\u00e2n\u0103 la utilizare. \u00cen acest fel, \u00ee\u0219i p\u0103streaz\u0103 aroma \u0219i puterea timp de p\u00e2n\u0103 la 1 an. Nu depozita\u021bi \u00een apropierea mirosurilor puternice (de exemplu, condimente), deoarece planta poate absorbi mirosuri str\u0103ine. \u00cenchide\u021bi \u00eentotdeauna ambalajul bine dup\u0103 deschidere.<\/span><\/p>\n<p><span style=\"color: #000000\">\u00cen general, sigur de utilizat, chiar \u0219i pentru utilizare pe termen lung. \u00cen cazuri rare, poate provoca constipa\u021bie u\u0219oar\u0103 sau irita\u021bii stomacale. Femeile \u00eens\u0103rcinate \u0219i care al\u0103pteaz\u0103 trebuie s\u0103 consulte un medic \u00eenainte de utilizare.<\/span><\/p>\n<p><span style=\"color: #000000\">Nu uita\u021bi importan\u021ba unei diete variate \u0219i a unui stil de via\u021b\u0103 s\u0103n\u0103tos, prin urmare, un supliment alimentar nu \u00eenlocuie\u0219te o diet\u0103 echilibrat\u0103 \u0219i variat\u0103. Cantitatea sau doza zilnic\u0103 recomandat\u0103 nu trebuie dep\u0103\u0219it\u0103.<\/span><\/p>\n<h2><span style=\"color: #000000\">Ambalaj<\/span><\/h2>\n<p><span style=\"color: #000000\">Pung\u0103 etan\u0219\u0103 cu fermoar, unde produsul \u00ee\u0219i p\u0103streaz\u0103 toat\u0103 prospe\u021bimea \u0219i aroma. Ambalajul protejeaz\u0103 \u00eempotriva luminii \u0219i a aerului, deoarece este alc\u0103tuit din mai multe straturi de protec\u021bie care p\u0103streaz\u0103 propriet\u0103\u021bile con\u021binutului.<\/span><\/p>\n<p><span style=\"color: #000000\">Ambalajul este foarte practic \u0219i permite reciclarea.<\/span><\/p>\n<h2><span style=\"color: #000000\">Origine<\/span><\/h2>\n<p><span style=\"color: #000000\">Grecia(<\/span><\/p>\n","protected":false},"excerpt":{"rendered":"<p><span style=\"color: #000000\"><strong>Cistus creticus<\/strong> este cunoscut ca o plant\u0103 natural\u0103<strong>pentru sus\u021binerea sistemului imunitar<\/strong> \u0219i are puternice <strong>efecte antivirale, antibacteriene \u0219i antioxidante.<\/strong> \u00cen plus, are \u0219i alte propriet\u0103\u021bi pozitive:<\/span><\/p>\n<p data-start=\"173\" data-end=\"215\"><span style=\"color: #000000\">\ud83d\udc9a Amelioreaz\u0103 inflama\u021bia (efect antiinflamator)<\/span><\/p>\n<p data-start=\"219\" data-end=\"258\"><span style=\"color: #000000\">\ud83d\udc9a Sprijin\u0103 digestia \u0219i detoxifierea<\/span><\/p>\n<p data-start=\"262\" data-end=\"313\"><span style=\"color: #000000\">\ud83d\udc9a Ajut\u0103 la problemele pielii (de exemplu, acnee, eczeme)<\/span><\/p>\n<p data-start=\"317\" data-end=\"350\"><span style=\"color: #000000\">\ud83d\udc9a Reduce riscul de infec\u021bii respiratorii<\/span><\/p>\n","protected":false},"featured_media":6660,"comment_status":"open","ping_status":"closed","template":"","meta":{"_acf_changed":false},"product_brand":[],"product_cat":[15,223,205,224,225],"product_tag":[],"class_list":{"0":"post-6659","1":"product","2":"type-product","3":"status-publish","4":"has-post-thumbnail","6":"product_cat-uncategorized","7":"product_cat-ceai","8":"product_cat-ceai-mancare-condimente","9":"product_cat-oferta","10":"product_cat-toate-produsele","12":"first","13":"instock","14":"taxable","15":"shipping-taxable","16":"purchasable","17":"product-type-simple"},"acf":[],"_links":{"self":[{"href":"https:\/\/fengchashop.com\/ro\/wp-json\/wp\/v2\/product\/6659","targetHints":{"allow":["GET"]}}],"collection":[{"href":"https:\/\/fengchashop.com\/ro\/wp-json\/wp\/v2\/product"}],"about":[{"href":"https:\/\/fengchashop.com\/ro\/wp-json\/wp\/v2\/types\/product"}],"replies":[{"embeddable":true,"href":"https:\/\/fengchashop.com\/ro\/wp-json\/wp\/v2\/comments?post=6659"}],"wp:featuredmedia":[{"embeddable":true,"href":"https:\/\/fengchashop.com\/ro\/wp-json\/wp\/v2\/media\/6660"}],"wp:attachment":[{"href":"https:\/\/fengchashop.com\/ro\/wp-json\/wp\/v2\/media?parent=6659"}],"wp:term":[{"taxonomy":"product_brand","embeddable":true,"href":"https:\/\/fengchashop.com\/ro\/wp-json\/wp\/v2\/product_brand?post=6659"},{"taxonomy":"product_cat","embeddable":true,"href":"https:\/\/fengchashop.com\/ro\/wp-json\/wp\/v2\/product_cat?post=6659"},{"taxonomy":"product_tag","embeddable":true,"href":"https:\/\/fengchashop.com\/ro\/wp-json\/wp\/v2\/product_tag?post=6659"}],"curies":[{"name":"wp","href":"https:\/\/api.w.org\/{rel}","templated":true}]}}