{"id":6657,"date":"2025-06-09T09:58:05","date_gmt":"2025-06-09T07:58:05","guid":{"rendered":"https:\/\/fengchashop.com\/ro\/?post_type=product&#038;p=6657"},"modified":"2026-04-28T20:19:00","modified_gmt":"2026-04-28T18:19:00","slug":"ceai-chanca-piedra","status":"publish","type":"product","link":"https:\/\/fengchashop.com\/ro\/product\/ceai-chanca-piedra\/","title":{"rendered":"Ceai Chanca Piedra 100g"},"content":{"rendered":"<h2><span style=\"color: #000000\">Ceai Chanca Piedra<\/span><\/h2>\n<p><span style=\"color: #000000\"><strong>Chanca Piedra<\/strong> (<em>Phyllanthus niruri<\/em>) este o <strong>plant\u0103 tropical\u0103<\/strong> originar\u0103 din <strong>Amazonia<\/strong> \u0219i din alte p\u0103r\u021bi ale <strong>Americii de Sud, India \u0219i Asia de Sud-Est<\/strong>. Numele \u00eenseamn\u0103 literalmente <strong>\u201esp\u0103rg\u0103tor de pietre\u201d<\/strong> \u2013 derivat dintr-un termen spaniol care se refer\u0103 la utilizarea sa tradi\u021bional\u0103 \u00een <strong>dizolvarea pietrelor la rinichi \u0219i biliari<\/strong>. Chanca Piedra provine din <strong>produc\u021bie ecologic\u0103 controlat\u0103<\/strong> \u00een <strong>gr\u0103dinile forestiere (Chakra)<\/strong> \u0219i este cultivat\u0103 de indigenii Kichwa \u00een gr\u0103dinile p\u0103durii tropicale amazoniene din Ecuador.<\/span><\/p>\n<h2><span style=\"color: #000000\"><strong>Principalele ingrediente active<\/strong><\/span><\/h2>\n<p><span style=\"color: #000000\">Planta con\u021bine mul\u021bi <strong>compu\u0219i bioactivi<\/strong>, dintre care cei mai importan\u021bi sunt:<\/span><\/p>\n<ul>\n<li><span style=\"color: #000000\"><strong>Lignani:<\/strong> filantin\u0103, hipofilantin\u0103<\/span><\/li>\n<li><span style=\"color: #000000\"><strong>Flavonoide:<\/strong> quercetin\u0103, acid rutinic<\/span><\/li>\n<li><span style=\"color: #000000\"><strong>Triterpene<\/strong><\/span><\/li>\n<li><span style=\"color: #000000\"><strong>Tanini<\/strong><\/span><\/li>\n<li><span style=\"color: #000000\"><strong>Alcaloizi<\/strong><\/span><\/li>\n<li><span style=\"color: #000000\"><strong>Polifenoli<\/strong><\/span><\/li>\n<\/ul>\n<p><span style=\"color: #000000\">Ace\u0219ti compu\u0219i au efecte <strong>antiinflamatorii, antimicrobiene, antioxidante, diuretice<\/strong> \u0219i <strong>hepatoprotectoare<\/strong>.<\/span><\/p>\n<h2><span style=\"color: #000000\"><strong>Efectele \u0219i beneficiile Chanca Piedra<\/strong><\/span><\/h2>\n<p><span style=\"color: #000000\">\ud83d\udc9a Dizolvarea \u0219i prevenirea pietrelor la rinichi: Este cunoscut pentru capacitatea sa de a ajuta la descompunerea pielilor renali \u0219i biliari existen\u021bi \u0219i de a reduce \u0219ansa form\u0103rii acestora.<\/span><\/p>\n<p><span style=\"color: #000000\"><strong>\ud83d\udc9a Sus\u021binerea func\u021biei hepatice: <\/strong>Ac\u021bioneaz\u0103 ca un <strong>agent hepatoprotector<\/strong> (protejeaz\u0103 ficatul), \u00een special \u00een problemele cauzate de toxine, alcool sau infec\u021bii (de exemplu, hepatita B).<\/span><\/p>\n<p><span style=\"color: #000000\"><strong>\ud83d\udc9a Ac\u021biune antiinflamatoare \u0219i antioxidant\u0103: <\/strong>Con\u021bine substan\u021be bioactive care ajut\u0103 la <strong>reducerea inflama\u021biei<\/strong> \u0219i <strong>protejeaz\u0103 celulele de stresul oxidativ<\/strong>.<\/span><\/p>\n<p><span style=\"color: #000000\"><strong>\ud83d\udc9a Efect diuretic: <\/strong>Stimuleaz\u0103 <strong>excre\u021bia de urin\u0103<\/strong>, care poate ajuta la cur\u0103\u021barea tractului urinar \u0219i la prevenirea infec\u021biilor sau a reten\u021biei de lichide.<\/span><\/p>\n<p><span style=\"color: #000000\"><strong>\ud83d\udc9a Activitate antiviral\u0103: <\/strong>Unele studii au ar\u0103tat efecte \u00eempotriva <strong>hepatitei B<\/strong> \u0219i a altor virusuri, de\u0219i acest lucru nu a fost \u00eenc\u0103 confirmat clinic.<\/span><\/p>\n<p><span style=\"color: #000000\"><strong>\ud83d\udc9a Reducerea zah\u0103rului din s\u00e2nge: <\/strong>\u00een mod tradi\u021bional, este folosit \u0219i pentru a <strong>sus\u021bine reglarea zah\u0103rului din s\u00e2nge<\/strong>.<\/span><\/p>\n<h2><span style=\"color: #000000\"><strong>Depozitare \u0219i avertismente<\/strong><\/span><\/h2>\n<p><span style=\"color: #000000\">A se p\u0103stra \u00eentr-un loc uscat \u0219i r\u0103coros, la o temperatur\u0103 de p\u00e2n\u0103 la 25\u00b0C. A nu se l\u0103sa la \u00eendem\u00e2na copiilor!<\/span><\/p>\n<p><span style=\"color: #000000\">Nu este recomandat femeilor \u00eens\u0103rcinate sau care al\u0103pteaz\u0103. Poate afecta tensiunea arterial\u0103 sau nivelul zah\u0103rului din s\u00e2nge \u2013 precau\u021bie la persoanele cu boli cardiovasculare sau diabet. De asemenea, poate afecta ac\u021biunea unor medicamente, \u00een special a diureticelor sau a medicamentelor pentru ficat.<\/span><\/p>\n<p><span style=\"color: #000000\">Utilizare recomandat\u0103: perioad\u0103 scurt\u0103 de timp (de exemplu, 2-4 s\u0103pt\u0103m\u00e2ni), apoi o pauz\u0103.<\/span><\/p>\n<p><span style=\"color: #000000\">Nu uita\u021bi importan\u021ba unei diete variate \u0219i a unui stil de via\u021b\u0103 s\u0103n\u0103tos, prin urmare, un supliment alimentar nu \u00eenlocuie\u0219te o diet\u0103 echilibrat\u0103 \u0219i variat\u0103. Nu trebuie dep\u0103\u0219it\u0103 cantitatea sau doza zilnic\u0103 recomandat\u0103.<\/span><\/p>\n<h2><span style=\"color: #000000\">Ambalare<\/span><\/h2>\n<p><span style=\"color: #000000\">O pung\u0103 etan\u0219\u0103 cu fermoar, unde produsul \u00ee\u0219i p\u0103streaz\u0103 toat\u0103 prospe\u021bimea \u0219i aroma. Ambalajul protejeaz\u0103 \u00eempotriva luminii \u0219i a aerului, deoarece este alc\u0103tuit din mai multe straturi de protec\u021bie care p\u0103streaz\u0103 propriet\u0103\u021bile con\u021binutului.<\/span><\/p>\n<p><span style=\"color: #000000\">Ambalajul este foarte practic \u0219i reciclabil.<\/span><\/p>\n<h2><span style=\"color: #000000\">Origine<\/span><\/h2>\n<p><span style=\"color: #000000\">Ecuador<\/span><\/p>\n","protected":false},"excerpt":{"rendered":"<p>Ceaiul Chanca Piedra este popular pentru sprijinul s\u0103u natural pentru pietrele la rinichi, detoxifierea organismului \u0219i protec\u021bia ficatului. Printre cele mai importante ingrediente active se num\u0103r\u0103 <strong>filantina<\/strong> \u0219i <strong>quercetina<\/strong>, care au efecte antiinflamatorii \u0219i antivirale.<\/p>\n<p>Ceaiul este popular pentru efectele sale asupra:<\/p>\n<p><strong data-start=\"70\" data-end=\"103\">\ud83d\udc9a dizolvarea pietrelor la rinichi<\/strong> \u0219i<\/p>\n<p><strong data-start=\"107\" data-end=\"125\">\ud83d\udc9a cur\u0103\u021barea ficatului.<\/strong><\/p>\n","protected":false},"featured_media":6658,"comment_status":"open","ping_status":"closed","template":"","meta":{"_acf_changed":false},"product_brand":[],"product_cat":[15,223,205,224,225],"product_tag":[],"class_list":{"0":"post-6657","1":"product","2":"type-product","3":"status-publish","4":"has-post-thumbnail","6":"product_cat-uncategorized","7":"product_cat-ceai","8":"product_cat-ceai-mancare-condimente","9":"product_cat-oferta","10":"product_cat-toate-produsele","12":"first","13":"instock","14":"taxable","15":"shipping-taxable","16":"purchasable","17":"product-type-simple"},"acf":[],"_links":{"self":[{"href":"https:\/\/fengchashop.com\/ro\/wp-json\/wp\/v2\/product\/6657","targetHints":{"allow":["GET"]}}],"collection":[{"href":"https:\/\/fengchashop.com\/ro\/wp-json\/wp\/v2\/product"}],"about":[{"href":"https:\/\/fengchashop.com\/ro\/wp-json\/wp\/v2\/types\/product"}],"replies":[{"embeddable":true,"href":"https:\/\/fengchashop.com\/ro\/wp-json\/wp\/v2\/comments?post=6657"}],"wp:featuredmedia":[{"embeddable":true,"href":"https:\/\/fengchashop.com\/ro\/wp-json\/wp\/v2\/media\/6658"}],"wp:attachment":[{"href":"https:\/\/fengchashop.com\/ro\/wp-json\/wp\/v2\/media?parent=6657"}],"wp:term":[{"taxonomy":"product_brand","embeddable":true,"href":"https:\/\/fengchashop.com\/ro\/wp-json\/wp\/v2\/product_brand?post=6657"},{"taxonomy":"product_cat","embeddable":true,"href":"https:\/\/fengchashop.com\/ro\/wp-json\/wp\/v2\/product_cat?post=6657"},{"taxonomy":"product_tag","embeddable":true,"href":"https:\/\/fengchashop.com\/ro\/wp-json\/wp\/v2\/product_tag?post=6657"}],"curies":[{"name":"wp","href":"https:\/\/api.w.org\/{rel}","templated":true}]}}