{"id":6644,"date":"2024-11-04T15:10:46","date_gmt":"2024-11-04T14:10:46","guid":{"rendered":"https:\/\/fengchashop.com\/ro\/product\/tremella-fuciformis-bio-in-pulbere-125-g\/"},"modified":"2026-04-30T20:30:03","modified_gmt":"2026-04-30T18:30:03","slug":"tremella-fuciformis-bio-in-pulbere","status":"publish","type":"product","link":"https:\/\/fengchashop.com\/ro\/product\/tremella-fuciformis-bio-in-pulbere\/","title":{"rendered":"Tremella Fuciformis BIO \u00een pulbere 125 g"},"content":{"rendered":"<h2 style=\"text-align: justify\"><span style=\"color: #000000\">Ce este pulberea Tremella fuciformis BIO?<\/span><\/h2>\n<p style=\"text-align: justify\"><span style=\"color: #000000\"><b>Tremella Fuciformis<\/b>, cunoscut\u0103 \u0219i ca <i>tremella alb\u0103 <\/i>sau <i>ciuperca de z\u0103pad\u0103<\/i>, este o ciuperc\u0103 care a fost considerat\u0103 de secole una dintre cele mai apreciate ciuperci medicinale din medicina tradi\u021bional\u0103 chinez\u0103. \u00cen vremurile moderne, a c\u00e2\u0219tigat popularitate ca supliment alimentar, \u00een special sub form\u0103 de pulbere, datorit\u0103 numeroaselor sale efecte benefice asupra s\u0103n\u0103t\u0103\u021bii \u0219i frumuse\u021bii.<\/span><\/p>\n<h2 style=\"text-align: justify\"><span style=\"color: #000000\">De ce este Tremella fuciformis at\u00e2t de special\u0103 \u0219i at\u00e2t de diferit\u0103?<\/span><\/h2>\n<p class=\"Standard\" style=\"text-align: justify\"><span style=\"color: #000000\">Tremella fuciformis se distinge prin structura sa unic\u0103 asem\u0103n\u0103toare gelului \u0219i culoarea transparent\u0103, ceea ce o face atractiv\u0103 vizual. Este folosit \u00een buc\u0103t\u0103ria asiatic\u0103 \u0219i \u00een medicina tradi\u021bional\u0103, deoarece se spune c\u0103 are propriet\u0103\u021bi medicinale, cum ar fi \u00eent\u0103rirea sistemului imunitar \u0219i \u00eembun\u0103t\u0103\u021birea s\u0103n\u0103t\u0103\u021bii pielii. \u00cen plus, este bogat \u00een nutrien\u021bi, hidrateaz\u0103 pielea \u0219i joac\u0103 un rol ecologic important ca descompozitor natural.<\/span><\/p>\n<h2 style=\"text-align: justify\"><span style=\"color: #000000\">Tremella fuciformis are mai multe efecte poten\u021biale<\/span><\/h2>\n<p><span style=\"color: #000000\">\ud83d\udc9a stimul\u00e2nd<strong>sistemul imunitar<\/strong>,<\/span><\/p>\n<p><span style=\"color: #000000\">\ud83d\udc9a \u00eembun\u0103t\u0103\u021birea <strong>s\u0103n\u0103t\u0103\u021bii pielii<\/strong>,<\/span><\/p>\n<p><span style=\"color: #000000\">\ud83d\udc9a hidratarea pielii,<\/span><\/p>\n<p><span style=\"color: #000000\"><strong>\ud83d\udc9a propriet\u0103\u021bi antioxidante<\/strong>,<\/span><\/p>\n<p><span style=\"color: #000000\">\ud83d\udc9a lupta <strong>\u00eempotriva \u00eemb\u0103tr\u00e2nirii<\/strong>,<\/span><\/p>\n<p><span style=\"color: #000000\">\ud83d\udc9a ajut\u0103 la<strong> hidratare<\/strong>,<\/span><\/p>\n<p><span style=\"color: #000000\">\ud83d\udc9a sprijin\u0103<strong> digestia<\/strong> (datorit\u0103 con\u021binutului de fibre),<\/span><\/p>\n<p><span style=\"color: #000000\">\ud83d\udc9a reducerea <strong>inflama\u021biei<\/strong>,<\/span><\/p>\n<p><span style=\"color: #000000\">\ud83d\udc9a \u00eent\u0103rirea <strong>s\u0103n\u0103t\u0103\u021bii respiratorii<\/strong>,<\/span><\/p>\n<p><span style=\"color: #000000\">\ud83d\udc9a \u00eembun\u0103t\u0103\u021birea poten\u021bial\u0103 a<strong>func\u021biilor cognitive<\/strong>.<\/span><\/p>\n<h2 style=\"text-align: justify\"><span style=\"color: #000000\">Depozitare \u0219i avertismente<\/span><\/h2>\n<p style=\"text-align: justify\"><span style=\"color: #000000\">Depozita\u021bi \u00eentr-un loc uscat \u0219i r\u0103coros, la o temperatur\u0103 de p\u00e2n\u0103 la 25 \u00b0C. Suplimentul nutritiv ar trebui s\u0103 fie inaccesibil copiilor!<\/span><\/p>\n<p style=\"text-align: justify\"><span style=\"color: #000000\">Nu uita\u021bi de importan\u021ba unei diete variate \u0219i a unui stil de via\u021b\u0103 s\u0103n\u0103tos, un supliment alimentar nu este a\u0219adar un substitut pentru un alimentatie echilibrata si variata. Cantitatea sau doza zilnic\u0103 recomandat\u0103 nu trebuie dep\u0103\u0219it\u0103.<\/span><\/p>\n<p style=\"text-align: justify\"><span style=\"color: #000000\">Tremella fuciformis nu este recomandat persoanelor cu alergii la ciuperci, persoanelor imunodeprimate \u0219i celor cu afec\u021biuni medicale grave, cum ar fi boli de rinichi . Mamele \u00eens\u0103rcinate \u0219i care al\u0103pteaz\u0103 \u0219i cele care iau medicamente trebuie s\u0103-\u0219i consulte medicul \u00eenainte de utilizare.<\/span><\/p>\n<h2 style=\"text-align: justify\"><span style=\"color: #000000\">Ambalaj<\/span><\/h2>\n<p style=\"text-align: justify\"><span style=\"color: #000000\">O pung\u0103 etan\u0219\u0103 cu fermoar, \u00een care produsul \u00ee\u0219i p\u0103streaz\u0103 toat\u0103 prospe\u021bimea \u0219i aroma. Ambalajul protejeaz\u0103 \u00eempotriva luminii \u0219i a aerului, deoarece este format din mai multe straturi de protec\u021bie care p\u0103streaz\u0103 propriet\u0103\u021bile con\u021binutului.<\/span><\/p>\n<p style=\"text-align: justify\"><span style=\"color: #000000\">Ambalajul este foarte practic \u0219i permite reciclarea.<\/span><\/p>\n<h2 style=\"text-align: justify\"><span style=\"color: #000000\">Origine<\/span><\/h2>\n<p style=\"text-align: justify\"><span style=\"color: #000000\">China. Avem furnizori foarte de \u00eencredere care ne trimit o analiz\u0103 chimic\u0103 detaliat\u0103 a alimentelor pentru fiecare lot. \u00cen mai bine de zece ani, nu am avut nicio rechemare sau alte probleme cu acest articol, nici cu alte articole de la acela\u0219i furnizor.<\/span><\/p>\n<p style=\"text-align: justify\"><span style=\"color: #000000\">Articolul are un certificat 100% organic.<\/span><\/p>\n","protected":false},"excerpt":{"rendered":"<p>Tremella Fuciformis, cunoscut\u0103 \u0219i sub denumirea de <strong>robia alb\u0103 sau ciuperca de z\u0103pad\u0103<\/strong>. Are propriet\u0103\u021bi medicinale precum <strong>\u00eent\u0103rirea sistemului imunitar<\/strong> \u0219i <strong>\u00eembun\u0103t\u0103\u021birea s\u0103n\u0103t\u0103\u021bii pielii<\/strong> \u0219i este, de asemenea, bogat \u00een nutrien\u021bi. Este cunoscut pentru numeroasele sale efecte asupra s\u0103n\u0103t\u0103\u021bii \u0219i frumuse\u021bii.<\/p>\n<p>\ud83d\udc9a Stimuleaz\u0103 \u0219i \u00eent\u0103re\u0219te sistemul imunitar.<br \/>\n\ud83d\udc9a \u00cembun\u0103t\u0103\u021be\u0219te s\u0103n\u0103tatea pielii.<br \/>\n\ud83d\udc9a Surs\u0103 excelent\u0103 de antioxidan\u021bi.<br \/>\n\ud83d\udc9a Sprijin\u0103 digestia.<\/p>\n","protected":false},"featured_media":6645,"comment_status":"open","ping_status":"closed","template":"","meta":{"_acf_changed":false},"product_brand":[],"product_cat":[15,227,224,225],"product_tag":[],"class_list":{"0":"post-6644","1":"product","2":"type-product","3":"status-publish","4":"has-post-thumbnail","6":"product_cat-uncategorized","7":"product_cat-ciuperci-medicinale","8":"product_cat-oferta","9":"product_cat-toate-produsele","11":"first","12":"instock","13":"taxable","14":"shipping-taxable","15":"purchasable","16":"product-type-simple"},"acf":[],"_links":{"self":[{"href":"https:\/\/fengchashop.com\/ro\/wp-json\/wp\/v2\/product\/6644","targetHints":{"allow":["GET"]}}],"collection":[{"href":"https:\/\/fengchashop.com\/ro\/wp-json\/wp\/v2\/product"}],"about":[{"href":"https:\/\/fengchashop.com\/ro\/wp-json\/wp\/v2\/types\/product"}],"replies":[{"embeddable":true,"href":"https:\/\/fengchashop.com\/ro\/wp-json\/wp\/v2\/comments?post=6644"}],"wp:featuredmedia":[{"embeddable":true,"href":"https:\/\/fengchashop.com\/ro\/wp-json\/wp\/v2\/media\/6645"}],"wp:attachment":[{"href":"https:\/\/fengchashop.com\/ro\/wp-json\/wp\/v2\/media?parent=6644"}],"wp:term":[{"taxonomy":"product_brand","embeddable":true,"href":"https:\/\/fengchashop.com\/ro\/wp-json\/wp\/v2\/product_brand?post=6644"},{"taxonomy":"product_cat","embeddable":true,"href":"https:\/\/fengchashop.com\/ro\/wp-json\/wp\/v2\/product_cat?post=6644"},{"taxonomy":"product_tag","embeddable":true,"href":"https:\/\/fengchashop.com\/ro\/wp-json\/wp\/v2\/product_tag?post=6644"}],"curies":[{"name":"wp","href":"https:\/\/api.w.org\/{rel}","templated":true}]}}