{"id":6626,"date":"2023-02-01T18:28:33","date_gmt":"2023-02-01T17:28:33","guid":{"rendered":"https:\/\/fengchashop.com\/ro\/product\/macese-pulbere-bio-250-g\/"},"modified":"2026-04-30T15:22:12","modified_gmt":"2026-04-30T13:22:12","slug":"macese-pulbere-bio","status":"publish","type":"product","link":"https:\/\/fengchashop.com\/ro\/product\/macese-pulbere-bio\/","title":{"rendered":"M\u0103ce\u0219e pulbere BIO 250 g"},"content":{"rendered":"<h2 style=\"text-align: justify\"><span style=\"color: #000000\">Trandafir (Rosa canina)<\/span><\/h2>\n<p style=\"text-align: justify\"><span style=\"color: #000000\">Sumerienii au men\u021bionat deja \u00een scrierile lor m\u0103ce\u0219ul sau a\u0219a-numitul<strong> trandafir s\u0103lbatic<\/strong> (denumirea \u0219tiin\u021bific\u0103 <strong>Rosa canina<\/strong>), iar noi \u00eel cunoa\u0219tem aici \u0219i sub numele de <strong>caprifoi, dinte de c\u00e2ine, trandafir de c\u00e2ine sau trandafir s\u0103lbatic<\/strong>. A fost folosit pentru prima dat\u0103 \u00een jurul anului <strong>3000 \u00ee.Hr<\/strong>. Trandafirul este un arbust cu o cre\u0219tere luxuriant\u0103, care poate ajunge p\u00e2n\u0103 la 3 metri \u00een\u0103l\u021bime, cu flori roz \u00een form\u0103 de stea. <strong>Fructele<\/strong>, care sunt folosite \u00een scopuri <strong>medicinale<\/strong>, sunt de culoare ro\u0219ie, cu o coaj\u0103 mai dur\u0103, \u0219i se numesc <strong>m\u0103ce\u0219e<\/strong>.<\/span><\/p>\n<p style=\"text-align: justify\"><span style=\"color: #000000\">Pulberea de m\u0103ce\u0219e se ob\u021bine <strong>din fructele uscate<\/strong> (m\u0103ce\u0219e), care se recolteaz\u0103 \u00een lunile octombrie \u0219i noiembrie. Cele mai importante ingrediente ale m\u0103ce\u0219elor se conserv\u0103 prin uscarea fructelor \u00eencet \u0219i la o temperatur\u0103 maxim\u0103 de 40\u02daC. Odat\u0103 ce procesul de uscare este finalizat, rodiile uscate sunt m\u0103cinate fin \u0219i transformate \u00een pulbere.<\/span><\/p>\n<h2 style=\"text-align: justify\"><span style=\"color: #000000\">Propriet\u0103\u021bi cheie ale m\u0103ce\u0219ului<\/span><\/h2>\n<p style=\"text-align: justify\"><span style=\"color: #000000\">Rodiile exist\u0103 de foarte mult timp \u0219i la fel \u0219i utiliz\u0103rile lor <strong>\u00een medicina natural\u0103<\/strong>. Rodiile au de <strong>60 de ori mai mult\u0103 vitamina C dec\u00e2t citricele<\/strong>, fiind unul dintre fructele cu cel <strong>mai mare con\u021binut de vitamina C<\/strong> (acid ascorbic).<\/span><\/p>\n<p style=\"text-align: justify\"><span style=\"color: #000000\">Pe l\u00e2ng\u0103 vitamina C, rodiile au \u0219i un con\u021binut ridicat de <strong>fibre alimentare<\/strong> (o substan\u021b\u0103 de balast). Este \u00eembog\u0103\u021bit\u0103 cu <strong>bioflavonoide<\/strong>, a c\u0103ror func\u021bie este de a favoriza absorb\u021bia acidului ascorbic. Bioflavonoidele ajut\u0103 la <strong>\u00eengrijirea pielii deteriorate<\/strong>.<\/span><\/p>\n<h2 style=\"text-align: justify\"><span style=\"color: #000000\">Efectele m\u0103ce\u0219ului<\/span><\/h2>\n<p><span style=\"color: #000000\"><strong>Efecte care au un efect pozitiv asupra s\u0103n\u0103t\u0103\u021bii \u0219i organismului nostru:<\/strong><\/span><\/p>\n<p><span style=\"color: #000000\">\ud83d\udc9a Un antioxidant puternic,<\/span><br \/>\n<span style=\"color: #000000\">\ud83d\udc9a \u00eent\u0103re\u0219te sistemul imunitar,<\/span><br \/>\n<span style=\"color: #000000\">\ud83d\udc9a \u00eembun\u0103t\u0103\u021be\u0219te imunitatea,<\/span><br \/>\n<span style=\"color: #000000\">\ud83d\udc9a ajut\u0103 \u00een cazul r\u0103celilor \u0219i gripei,<\/span><br \/>\n<span style=\"color: #000000\">\ud83d\udc9a ajut\u0103 la \u00eent\u0103rirea ap\u0103r\u0103rii naturale a organismului \u00eempotriva daunelor oxidative,<\/span><br \/>\n<span style=\"color: #000000\">\ud83d\udc9a ac\u021bioneaz\u0103 ca un laxativ u\u0219or,<\/span><br \/>\n<span style=\"color: #000000\">\ud83d\udc9a \u00eembun\u0103t\u0103\u021be\u0219te digestia,<\/span><br \/>\n<span style=\"color: #000000\">\ud83d\udc9a antiinflamator,<\/span><br \/>\n<span style=\"color: #000000\">\ud83d\udc9a are un efect benefic asupra durerilor articulare,<\/span><br \/>\n<span style=\"color: #000000\">\ud83d\udc9a ajut\u0103 \u00een cazul pielii deteriorate,<\/span><br \/>\n<span style=\"color: #000000\">\ud83d\udc9a cur\u0103\u021b\u0103 \u0219i hidrateaz\u0103 pielea,<\/span><br \/>\n<span style=\"color: #000000\">\ud83d\udc9a amelioreaz\u0103 problemele de piele cauzate de acnee.<\/span><\/p>\n<p><span style=\"color: #000000\">A se p\u0103stra \u00eentr-un loc r\u0103coros \u0219i uscat, la o temperatur\u0103 de p\u00e2n\u0103 la 25 \u00b0C. Evita\u021bi lumina puternic\u0103 \u0219i c\u0103ldura. \u021aine\u021bi suplimentul alimentar \u00een afara razei de ac\u021biune a copiilor!<\/span><br \/>\n<span style=\"color: #000000\">Nu uita\u021bi importan\u021ba unei diete variate \u0219i a unui stil de via\u021b\u0103 s\u0103n\u0103tos, un supliment alimentar nu este, prin urmare, un substitut pentru o diet\u0103 echilibrat\u0103 \u0219i variat\u0103. Cantitatea sau doza zilnic\u0103 recomandat\u0103 nu trebuie s\u0103 fie dep\u0103\u0219it\u0103.<\/span><\/p>\n<h2><span style=\"color: #000000\">Ambalaj<\/span><\/h2>\n<p><span style=\"color: #000000\">\u00centr-o pung\u0103 cu fermoar nepermeabil, \u00een care produsul \u00ee\u0219i p\u0103streaz\u0103 toat\u0103 prospe\u021bimea \u0219i aroma. Ambalajul protejeaz\u0103 \u00eempotriva luminii \u0219i a aerului, fiind compus din mai multe straturi de protec\u021bie care p\u0103streaz\u0103 propriet\u0103\u021bile con\u021binutului.<\/span><\/p>\n<p><span style=\"color: #000000\">Ambalajul este foarte practic \u0219i reciclabil.<\/span><\/p>\n<h2><span style=\"color: #000000\">Origine<\/span><\/h2>\n<p><span style=\"color: #000000\">Bulgaria<\/span><\/p>\n","protected":false},"excerpt":{"rendered":"<p>Trandafirul este cunoscut de foarte mult timp, la fel ca \u0219i utilizarea sa \u00een medicina natural\u0103. Rodiile au de 60 de ori mai mult\u0103 vitamina C dec\u00e2t citricele, fiind unul dintre fructele cu cel mai mare con\u021binut de vitamina C (acid ascorbic). Pe l\u00e2ng\u0103 vitamina C, rodiile con\u021bin \u0219i multe fibre alimentare (fibre dietetice). Aceasta este \u00eembog\u0103\u021bit\u0103 cu bioflavonoide, a c\u0103ror func\u021bie este de a ajuta la absorb\u021bia acidului ascorbic. Bioflavonoidele ajut\u0103 la \u00eengrijirea pielii deteriorate.<\/p>\n<p><span style=\"color: #000000\">\ud83d\udc9a Benefic pentru durerile articulare.<\/span><br \/>\n<span style=\"color: #000000\">\ud83d\udc9a Ajut\u0103 la r\u0103ceal\u0103 \u0219i grip\u0103.<\/span><br \/>\n<span style=\"color: #000000\">\ud83d\udc9a Amelioreaz\u0103 problemele pielii \u00een cazul acneei.<\/span><br \/>\n<span style=\"color: #000000\">\ud83d\udc9a Antioxidant puternic.<\/span><\/p>\n","protected":false},"featured_media":6627,"comment_status":"open","ping_status":"closed","template":"","meta":{"_acf_changed":false},"product_brand":[],"product_cat":[15,224,229,225],"product_tag":[],"class_list":{"0":"post-6626","1":"product","2":"type-product","3":"status-publish","4":"has-post-thumbnail","6":"product_cat-uncategorized","7":"product_cat-oferta","8":"product_cat-superalimente","9":"product_cat-toate-produsele","11":"first","12":"instock","13":"taxable","14":"shipping-taxable","15":"purchasable","16":"product-type-simple"},"acf":[],"_links":{"self":[{"href":"https:\/\/fengchashop.com\/ro\/wp-json\/wp\/v2\/product\/6626","targetHints":{"allow":["GET"]}}],"collection":[{"href":"https:\/\/fengchashop.com\/ro\/wp-json\/wp\/v2\/product"}],"about":[{"href":"https:\/\/fengchashop.com\/ro\/wp-json\/wp\/v2\/types\/product"}],"replies":[{"embeddable":true,"href":"https:\/\/fengchashop.com\/ro\/wp-json\/wp\/v2\/comments?post=6626"}],"wp:featuredmedia":[{"embeddable":true,"href":"https:\/\/fengchashop.com\/ro\/wp-json\/wp\/v2\/media\/6627"}],"wp:attachment":[{"href":"https:\/\/fengchashop.com\/ro\/wp-json\/wp\/v2\/media?parent=6626"}],"wp:term":[{"taxonomy":"product_brand","embeddable":true,"href":"https:\/\/fengchashop.com\/ro\/wp-json\/wp\/v2\/product_brand?post=6626"},{"taxonomy":"product_cat","embeddable":true,"href":"https:\/\/fengchashop.com\/ro\/wp-json\/wp\/v2\/product_cat?post=6626"},{"taxonomy":"product_tag","embeddable":true,"href":"https:\/\/fengchashop.com\/ro\/wp-json\/wp\/v2\/product_tag?post=6626"}],"curies":[{"name":"wp","href":"https:\/\/api.w.org\/{rel}","templated":true}]}}