{"id":6624,"date":"2023-08-29T09:31:01","date_gmt":"2023-08-29T07:31:01","guid":{"rendered":"https:\/\/fengchashop.com\/ro\/product\/papadie-pulbere-bio-250-g\/"},"modified":"2026-05-01T10:19:06","modified_gmt":"2026-05-01T08:19:06","slug":"papadie-pulbere-bio","status":"publish","type":"product","link":"https:\/\/fengchashop.com\/ro\/product\/papadie-pulbere-bio\/","title":{"rendered":"P\u0103p\u0103die pulbere BIO 250 g"},"content":{"rendered":"<h2 style=\"text-align: justify\"><span style=\"color: #000000\">Pudr\u0103 de p\u0103p\u0103die BIO<\/span><\/h2>\n<div style=\"text-align: justify\">\n<p><span style=\"color: #000000\">P\u0103p\u0103dia (Taraxacum officinale), cunoscut\u0103 \u0219i sub numele de p\u0103p\u0103die sau coliv\u0103, este o plant\u0103 peren\u0103 din familia Asteraceae. Planta este r\u0103sp\u00e2ndit\u0103 \u00een \u00eentreaga lume \u0219i se g\u0103se\u0219te \u00een mod obi\u0219nuit pe paji\u0219ti, \u00een gr\u0103dini, pe marginea drumurilor \u0219i \u00een alte zone deschise. \u00cen plus fa\u021b\u0103 de valoarea sa ornamental\u0103, are, de asemenea, o utilitate istoric\u0103 \u0219i modern\u0103 \u00een medicina tradi\u021bional\u0103 \u0219i natural\u0103, unde au fost explorate poten\u021bialele sale efecte asupra s\u0103n\u0103t\u0103\u021bii.<\/span><\/p>\n<\/div>\n<h2 style=\"text-align: justify\"><span style=\"color: #000000\">De ce este p\u0103p\u0103dia at\u00e2t de special\u0103 \u0219i at\u00e2t de diferit\u0103?<\/span><\/h2>\n<p><span style=\"color: #000000\">Pulberea de r\u0103d\u0103cin\u0103 de p\u0103p\u0103die este un supliment alimentar derivat din r\u0103d\u0103cinile acestei plante. Pulberea de r\u0103d\u0103cin\u0103 de p\u0103p\u0103die este <strong>apreciat\u0103 pentru numeroasele sale beneficii poten\u021biale pentru s\u0103n\u0103tate<\/strong>. P\u0103p\u0103dia a fost folosit\u0103 \u00een sistemele medicinale tradi\u021bionale din \u00eentreaga lume \u00een <strong>diverse scopuri, inclusiv pentru efecte ca tonic, diuretic \u0219i purificator al s\u00e2ngelui<\/strong>.<\/span><\/p>\n<p><span style=\"color: #000000\">R\u0103d\u0103cina de p\u0103p\u0103die este o surs\u0103 bogat\u0103 de mul\u021bi nutrien\u021bi, inclusiv <strong>vitamine<\/strong> (A, C \u0219i K), <strong>minerale<\/strong> (potasiu, calciu, fier, magneziu \u0219i fosfor) \u0219i <strong>al\u021bi compu\u0219i care pot avea beneficii pentru s\u0103n\u0103tate<\/strong>.<\/span><\/p>\n<p><span style=\"color: #000000\">P\u0103p\u0103dia con\u021bine<strong> antioxidan\u021bi<\/strong> care protejeaz\u0103 celulele de daunele cauzate de radicalii liberi. Antioxidan\u021bii pot contribui la s\u0103n\u0103tatea general\u0103 \u0219i joac\u0103 un rol \u00een reducerea riscului de boli cronice.<strong> Flavonoidele<\/strong> sunt antioxidan\u021bi care includ compu\u0219i precum quercetina \u0219i luteolina, care pot contribui la protejarea celulelor de stresul oxidativ.<\/span><\/p>\n<p><span style=\"color: #000000\">R\u0103d\u0103cina de p\u0103p\u0103die con\u021bine, de asemenea, fibre, dintre care cea mai important\u0103 este<strong> inulina<\/strong>, deoarece ajut\u0103 la reglarea nivelului de zah\u0103r din s\u00e2nge \u0219i la digestie.<\/span><br \/>\n<span style=\"color: #000000\">Al\u021bi compu\u0219i importan\u021bi care se g\u0103sesc \u00een r\u0103d\u0103cina de p\u0103p\u0103die sunt <strong>bitterina<\/strong>, care stimuleaz\u0103 pofta de m\u00e2ncare \u0219i digestia, \u0219i<strong> substan\u021bele fitochimice<\/strong>, care au diverse beneficii pentru s\u0103n\u0103tate.<\/span><\/p>\n<h2 class=\"Standard\" style=\"text-align: justify\"><span style=\"color: #000000\">Efecte care au un efect pozitiv asupra s\u0103n\u0103t\u0103\u021bii \u0219i organismului nostru<\/span><\/h2>\n<div style=\"text-align: justify\"><span style=\"color: #000000\">P\u0103p\u0103dia are multe beneficii \u0219i efecte poten\u021biale pentru s\u0103n\u0103tate. Unele dintre principalele beneficii \u0219i efecte sunt:<\/span><\/div>\n<div style=\"text-align: justify\">\n<p><span style=\"color: #000000\">\ud83d\udc9a Este un <strong>antioxidant<\/strong> puternic care elimin\u0103 radicalii liberi,<\/span><br \/>\n<span style=\"color: #000000\">\ud83d\udc9a are un <strong>efect diuretic<\/strong>,<\/span><br \/>\n<span style=\"color: #000000\">\ud83d\udc9a ajut\u0103 la <strong>detoxifiere \u0219i purificare<\/strong>,<\/span><br \/>\n<span style=\"color: #000000\">\ud83d\udc9a contribuie la<strong> o mai bun\u0103 digestie \u0219i la un sistem digestiv s\u0103n\u0103tos<\/strong>,<\/span><br \/>\n<span style=\"color: #000000\">\ud83d\udc9a ajut\u0103 la o <strong>mai bun\u0103 func\u021bionare a sistemului imunitar<\/strong>,<\/span><br \/>\n<span style=\"color: #000000\">\ud83d\udc9a ajut\u0103 la \u00eent\u0103rirea <strong>rezisten\u021bei naturale a organismului la infec\u021bii \u0219i boli<\/strong>,<\/span><br \/>\n<span style=\"color: #000000\">\ud83d\udc9a are <strong>propriet\u0103\u021bi antiinflamatorii<\/strong>,<\/span><br \/>\n<span style=\"color: #000000\">\ud83d\udc9a \u00eembun\u0103t\u0103\u021be\u0219te<strong> starea pielii \u00een diverse afec\u021biuni<\/strong>,<\/span><br \/>\n<span style=\"color: #000000\">\ud83d\udc9a sus\u021bine<strong> func\u021bia hepatic\u0103<\/strong>,<\/span><br \/>\n<span style=\"color: #000000\">\ud83d\udc9a ajut\u0103 la <strong>reglarea nivelului de zah\u0103r din s\u00e2nge<\/strong>,<\/span><br \/>\n<span style=\"color: #000000\">\ud83d\udc9a ajut\u0103 la <strong>\u00eembun\u0103t\u0103\u021birea s\u0103n\u0103t\u0103\u021bii oaselor<\/strong>.<\/span><\/p>\n<\/div>\n<h2 style=\"text-align: justify\"><span style=\"color: #000000\">Depozitare \u0219i avertismente<\/span><\/h2>\n<p style=\"text-align: justify\"><span style=\"color: #000000\">Depozita\u021bi \u00eentr-un loc r\u0103coros \u0219i uscat, la o temperatur\u0103 de p\u00e2n\u0103 la 25 \u00b0C. P\u0103stra\u021bi suplimentul alimentar departe de \u00eendem\u00e2na copiilor!<\/span><\/p>\n<p style=\"text-align: justify\"><span style=\"color: #000000\">Nu uita\u021bi importan\u021ba unei alimenta\u021bii variate \u0219i a unui stil de via\u021b\u0103 s\u0103n\u0103tos, un supliment alimentar nu este, prin urmare, un substitut pentru o diet\u0103 echilibrat\u0103 \u0219i variat\u0103. Cantitatea sau doza zilnic\u0103 recomandat\u0103 nu trebuie s\u0103 fie dep\u0103\u0219it\u0103.<\/span><\/p>\n<p style=\"text-align: justify\"><span style=\"color: #000000\">Femeilor \u00eens\u0103rcinate \u0219i care al\u0103pteaz\u0103 \u0219i copiilor li se recomand\u0103 s\u0103 nu \u00eel foloseasc\u0103. Nu este recomandat persoanelor hipersensibile la plantele din familia Asteraceae \u0219i persoanelor care iau medicamente anticoagulante sau care sufer\u0103 de probleme biliare. Se recomand\u0103 consultarea medicului dumneavoastr\u0103 pentru mai multe informa\u021bii \u00een cazul \u00een care ave\u021bi probleme de s\u0103n\u0103tate.<\/span><\/p>\n<h2 style=\"text-align: justify\"><span style=\"color: #000000\">Ambalaj<\/span><\/h2>\n<p style=\"text-align: justify\"><span style=\"color: #000000\">Pung\u0103 cu fermoar nepermeabil \u00een care produsul \u00ee\u0219i p\u0103streaz\u0103 toat\u0103 prospe\u021bimea \u0219i aroma. Ambalajul protejeaz\u0103 produsul de lumin\u0103 \u0219i de aer, fiind compus din mai multe straturi de protec\u021bie pentru a p\u0103stra propriet\u0103\u021bile con\u021binutului.<\/span><\/p>\n<p style=\"text-align: justify\"><span style=\"color: #000000\">Ambalajul este foarte practic \u0219i reciclabil.<\/span><\/p>\n<h2 style=\"text-align: justify\"><span style=\"color: #000000\">Origine<\/span><\/h2>\n<p style=\"text-align: justify\"><span style=\"color: #000000\">China<\/span><\/p>\n<p><span style=\"color: #000000\">Avem furnizori foarte de \u00eencredere care ne trimit o analiz\u0103 chimic\u0103 detaliat\u0103 a produselor alimentare pentru fiecare lot. \u00cen mai bine de zece ani nu am avut niciodat\u0103 o retragere de pe pia\u021b\u0103 sau orice alt\u0103 problem\u0103 cu acest articol, nici cu alte articole de la acela\u0219i furnizor.<\/span><\/p>\n<p><span style=\"color: #000000\">Articolul este 100% certificat organic.<\/span><\/p>\n","protected":false},"excerpt":{"rendered":"<p>P\u0103p\u0103dia (Taraxacum officinale), cunoscut\u0103 \u0219i sub numele de p\u0103p\u0103die sau m\u0103tr\u0103gun\u0103, este o plant\u0103 peren\u0103 din familia Asteraceae. Planta este r\u0103sp\u00e2ndit\u0103 \u00een \u00eentreaga lume \u0219i se g\u0103se\u0219te \u00een mod obi\u0219nuit pe paji\u0219ti, \u00een gr\u0103dini, pe marginea drumurilor \u0219i \u00een alte zone deschise. Pe l\u00e2ng\u0103 valoarea sa ornamental\u0103, aceasta are, de asemenea, o utilitate istoric\u0103 \u0219i modern\u0103 \u00een medicina tradi\u021bional\u0103 \u0219i natural\u0103, unde au fost explorate poten\u021bialele sale efecte asupra s\u0103n\u0103t\u0103\u021bii.<\/p>\n<p><span style=\"color: #000000\">\ud83d\udc9a Ajut\u0103 la \u00eent\u0103rirea rezisten\u021bei naturale a organismului la infec\u021bii \u0219i boli.<\/span><br \/>\n<span style=\"color: #000000\">\ud83d\udc9a Contribuie la o digestie mai bun\u0103 \u0219i la un sistem digestiv s\u0103n\u0103tos.<\/span><br \/>\n<span style=\"color: #000000\">\ud83d\udc9a Ajut\u0103 la reglarea nivelului de zah\u0103r din s\u00e2nge.<\/span><br \/>\n<span style=\"color: #000000\">\ud83d\udc9a Este un antioxidant puternic care \u00eendep\u0103rteaz\u0103 radicalii liberi.<\/span><\/p>\n","protected":false},"featured_media":6625,"comment_status":"open","ping_status":"closed","template":"","meta":{"_acf_changed":false},"product_brand":[],"product_cat":[15,224,229,225],"product_tag":[],"class_list":{"0":"post-6624","1":"product","2":"type-product","3":"status-publish","4":"has-post-thumbnail","6":"product_cat-uncategorized","7":"product_cat-oferta","8":"product_cat-superalimente","9":"product_cat-toate-produsele","11":"first","12":"instock","13":"taxable","14":"shipping-taxable","15":"purchasable","16":"product-type-simple"},"acf":[],"_links":{"self":[{"href":"https:\/\/fengchashop.com\/ro\/wp-json\/wp\/v2\/product\/6624","targetHints":{"allow":["GET"]}}],"collection":[{"href":"https:\/\/fengchashop.com\/ro\/wp-json\/wp\/v2\/product"}],"about":[{"href":"https:\/\/fengchashop.com\/ro\/wp-json\/wp\/v2\/types\/product"}],"replies":[{"embeddable":true,"href":"https:\/\/fengchashop.com\/ro\/wp-json\/wp\/v2\/comments?post=6624"}],"wp:featuredmedia":[{"embeddable":true,"href":"https:\/\/fengchashop.com\/ro\/wp-json\/wp\/v2\/media\/6625"}],"wp:attachment":[{"href":"https:\/\/fengchashop.com\/ro\/wp-json\/wp\/v2\/media?parent=6624"}],"wp:term":[{"taxonomy":"product_brand","embeddable":true,"href":"https:\/\/fengchashop.com\/ro\/wp-json\/wp\/v2\/product_brand?post=6624"},{"taxonomy":"product_cat","embeddable":true,"href":"https:\/\/fengchashop.com\/ro\/wp-json\/wp\/v2\/product_cat?post=6624"},{"taxonomy":"product_tag","embeddable":true,"href":"https:\/\/fengchashop.com\/ro\/wp-json\/wp\/v2\/product_tag?post=6624"}],"curies":[{"name":"wp","href":"https:\/\/api.w.org\/{rel}","templated":true}]}}