{"id":6622,"date":"2023-08-29T08:53:40","date_gmt":"2023-08-29T06:53:40","guid":{"rendered":"https:\/\/fengchashop.com\/ro\/product\/brusture-pulbere-bio-250-g\/"},"modified":"2026-04-29T22:00:17","modified_gmt":"2026-04-29T20:00:17","slug":"brusture-pulbere-bio-250-g","status":"publish","type":"product","link":"https:\/\/fengchashop.com\/ro\/product\/brusture-pulbere-bio-250-g\/","title":{"rendered":"Brusture pulbere BIO 250 g"},"content":{"rendered":"<h2 style=\"text-align: justify\"><span style=\"color: #000000\">Pulbere organic\u0103 de brusture<\/span><\/h2>\n<div style=\"text-align: justify\">\n<p><span style=\"color: #000000\">Pulberea de brusture provine din r\u0103d\u0103cina de brusture (Arctium lappa), o plant\u0103 originar\u0103 din Europa \u0219i Asia, dar care se g\u0103se\u0219te \u0219i \u00een alte p\u0103r\u021bi ale lumii. Aceast\u0103 plant\u0103 este cunoscut\u0103 pentru frunzele sale mari, \u00een form\u0103 de inim\u0103, inflorescen\u021bele de culoare roz-violet \u0219i fructele mari, distinctive, care se aga\u021b\u0103 de teci p\u0103roase. Brusturele are o lung\u0103 istorie de utilizare \u00een <strong>medicina tradi\u021bional\u0103 pe baz\u0103 de plante \u0219i este cunoscut pentru numeroasele sale beneficii pentru s\u0103n\u0103tate<\/strong>. R\u0103d\u0103cina de brusture este bogat\u0103 \u00een diverse <strong>substan\u021be nutritive \u0219i compu\u0219i bioactivi<\/strong> care contribuie la efectele sale.<\/span><\/p>\n<p><span style=\"color: #000000\">Diferite p\u0103r\u021bi ale plantei au fost folosite \u00een scop medicinal, inclusiv r\u0103d\u0103cinile, frunzele, florile \u0219i semin\u021bele. Brusturele a fost, de asemenea, utilizat \u00een arta culinar\u0103, unde frunzele \u0219i tulpinile tinere sunt adesea folosite pentru a preg\u0103ti m\u00e2nc\u0103ruri precum supe \u0219i salate.<\/span><\/p>\n<\/div>\n<h2 style=\"text-align: justify\"><span style=\"color: #000000\">De ce este brusturele at\u00e2t de special\u0103 \u0219i at\u00e2t de diferit\u0103?<\/span><\/h2>\n<p style=\"text-align: justify\"><span style=\"color: #000000\">Ast\u0103zi, brusturele este folosit \u0219i ca ingredient \u00een suplimentele alimentare, deoarece are multe beneficii poten\u021biale pentru s\u0103n\u0103tate. Este folosit\u0103 pentru a<strong> sus\u021bine s\u0103n\u0103tatea pielii, a sistemului digestiv, a rinichilor, a sistemului imunitar \u0219i a altor func\u021bii corporale<\/strong>.<\/span><\/p>\n<p style=\"text-align: justify\"><span style=\"color: #000000\">R\u0103d\u0103cina de brusture este o surs\u0103 bogat\u0103 de mul\u021bi nutrien\u021bi, inclusiv vitamine (complexul B \u0219i E), minerale (potasiu, fosfor, magneziu, cobalt, crom, zinc, sodiu, siliciu \u0219i fier) \u0219i al\u021bi compu\u0219i care pot avea beneficii pentru s\u0103n\u0103tate.<\/span><\/p>\n<p style=\"text-align: justify\"><span style=\"color: #000000\">Extractul de r\u0103d\u0103cin\u0103 de brusture are numeroase propriet\u0103\u021bi farmacologice, printre care se eviden\u021biaz\u0103<strong> efectele antibacteriene, antivirale \u0219i antioxidante<\/strong>. De asemenea, joac\u0103 un rol cheie \u00een<strong> reglarea metabolismului lipidic \u0219i \u00een reglarea tulbur\u0103rilor metabolismului glucozei<\/strong>. \u00cen plus, i s-au atribuit<strong> propriet\u0103\u021bi antitumorale, antimutagene \u0219i imunomodulatoare, precum \u0219i capacitatea de a reduce inflama\u021biile<\/strong>. \u00cen ansamblul s\u0103u, are \u0219i efecte laxative pentru a \u00eembun\u0103t\u0103\u021bi procesul digestiv.<\/span><\/p>\n<p style=\"text-align: justify\"><span style=\"color: #000000\">Extractul de r\u0103d\u0103cin\u0103 de brusture con\u021bine diver\u0219i <strong>aminoacizi esen\u021biali<\/strong> \u00een concentra\u021bii ridicate, \u00een special cei cu efecte farmacologice pronun\u021bate.<\/span><\/p>\n<h2 class=\"Standard\" style=\"text-align: justify\"><span style=\"color: #000000\">Efecte care au un efect pozitiv asupra s\u0103n\u0103t\u0103\u021bii \u0219i organismului nostru<\/span><\/h2>\n<div style=\"text-align: justify\">\n<p><span style=\"color: #000000\">Brusturele are multe beneficii \u0219i efecte poten\u021biale pentru s\u0103n\u0103tate. Unele dintre principalele beneficii \u0219i efecte sunt:<\/span><\/p>\n<p><span style=\"color: #000000\">\ud83d\udc9a are <strong>propriet\u0103\u021bi antiinflamatorii<\/strong>,<\/span><br \/>\n<span style=\"color: #000000\">\ud83d\udc9a \u00eembun\u0103t\u0103\u021be\u0219te<strong> starea pielii \u00een diverse afec\u021biuni<\/strong> (acnee, eczeme, psoriazis \u0219i dermatit\u0103)<\/span><br \/>\n<span style=\"color: #000000\">\ud83d\udc9a Amelioreaz\u0103 <strong>m\u00e2nc\u0103rimile \u0219i irita\u021biile pielii<\/strong>,<\/span><br \/>\n<span style=\"color: #000000\">\ud83d\udc9a ajut\u0103 la<strong> detoxifiere \u0219i purificare<\/strong>,<\/span><br \/>\n<span style=\"color: #000000\">\ud83d\udc9a sprijin\u0103 <strong>ficatul \u0219i rinichii \u00een<\/strong> eliminarea toxinelor din organism,<\/span><br \/>\n<span style=\"color: #000000\">\ud83d\udc9a favorizeaz\u0103 eliminarea <strong>substan\u021belor reziduale<\/strong> prin piele \u0219i prin sistemul urinar,<\/span><br \/>\n<span style=\"color: #000000\">\ud83d\udc9a contribuie la <strong>o<\/strong> mai bun\u0103 <strong>digestie \u0219i la un sistem digestiv s\u0103n\u0103tos<\/strong>,<\/span><br \/>\n<span style=\"color: #000000\">\ud83d\udc9a ajut\u0103<strong> sistemul imunitar<\/strong> s\u0103 func\u021bioneze mai bine,<\/span><br \/>\n<span style=\"color: #000000\">\ud83d\udc9a ajut\u0103 la \u00eent\u0103rirea <strong>rezisten\u021bei<\/strong> naturale a <strong>organismului \u00eempotriva infec\u021biilor \u0219i bolilor<\/strong>,<\/span><br \/>\n<span style=\"color: #000000\">\ud83d\udc9a este un <strong>antioxidant<\/strong> puternic care \u00eendep\u0103rteaz\u0103 radicalii liberi,<\/span><br \/>\n<span style=\"color: #000000\">\ud83d\udc9a are un <strong>efect anti-tumoral<\/strong>,<\/span><br \/>\n<span style=\"color: #000000\">\ud83d\udc9a sus\u021bine <strong>s\u0103n\u0103tatea p\u0103rului, a scalpului \u0219i a unghiilor<\/strong>,<\/span><br \/>\n<span style=\"color: #000000\">\ud83d\udc9a ajut\u0103 la reglarea <strong>nivelului de zah\u0103r<\/strong>din s\u00e2nge,<\/span><br \/>\n<span style=\"color: #000000\">\ud83d\udc9a ajut\u0103 la ameliorarea<strong> inflama\u021biilor la nivelul articula\u021biilor \u0219i la ameliorarea simptomelor bolilor reumatice<\/strong>,<\/span><br \/>\n<span style=\"color: #000000\">\ud83d\udc9a previne <strong>arterioscleroza, hipertensiunea \u0219i tromboza cerebral\u0103<\/strong>,<\/span><br \/>\n<span style=\"color: #000000\">\ud83d\udc9a elimin\u0103 <strong>oboseala \u0219i stimuleaz\u0103 metabolismul<\/strong>,<\/span><br \/>\n<span style=\"color: #000000\">\ud83d\udc9a \u00eembun\u0103t\u0103\u021be\u0219te<strong> memoria<\/strong>.<\/span><\/p>\n<\/div>\n<h2 style=\"text-align: justify\"><span style=\"color: #000000\">Depozitare \u0219i avertismente<\/span><\/h2>\n<p style=\"text-align: justify\"><span style=\"color: #000000\">Depozita\u021bi \u00eentr-un loc r\u0103coros \u0219i uscat, la o temperatur\u0103 de p\u00e2n\u0103 la 25 \u00b0C. P\u0103stra\u021bi suplimentul alimentar departe de \u00eendem\u00e2na copiilor!<\/span><\/p>\n<p style=\"text-align: justify\"><span style=\"color: #000000\">Nu uita\u021bi importan\u021ba unei alimenta\u021bii variate \u0219i a unui stil de via\u021b\u0103 s\u0103n\u0103tos, un supliment alimentar nu este, prin urmare, un substitut pentru o diet\u0103 echilibrat\u0103 \u0219i variat\u0103. Cantitatea sau doza zilnic\u0103 recomandat\u0103 nu trebuie s\u0103 fie dep\u0103\u0219it\u0103.<\/span><\/p>\n<p style=\"text-align: justify\"><span style=\"color: #000000\">Femeilor \u00eens\u0103rcinate \u0219i care al\u0103pteaz\u0103 \u0219i copiilor li se recomand\u0103 s\u0103 nu \u00eel foloseasc\u0103. Nu este recomandat persoanelor care au reac\u021bii alergice (de exemplu la napi) \u0219i persoanelor care iau anticoagulante. Se recomand\u0103 consultarea medicului dumneavoastr\u0103 pentru mai multe informa\u021bii \u00een cazul \u00een care ave\u021bi probleme de s\u0103n\u0103tate.<\/span><\/p>\n<h2 style=\"text-align: justify\"><span style=\"color: #000000\">Ambalaj<\/span><\/h2>\n<p style=\"text-align: justify\"><span style=\"color: #000000\">Pung\u0103 cu fermoar nepermeabil, \u00een care produsul \u00ee\u0219i p\u0103streaz\u0103 toat\u0103 prospe\u021bimea \u0219i aroma. Ambalajul protejeaz\u0103 produsul de lumin\u0103 \u0219i de aer, fiind compus din mai multe straturi de protec\u021bie pentru a p\u0103stra propriet\u0103\u021bile con\u021binutului.<\/span><\/p>\n<p style=\"text-align: justify\"><span style=\"color: #000000\">Ambalajul este foarte practic \u0219i reciclabil.<\/span><\/p>\n<h2 style=\"text-align: justify\"><span style=\"color: #000000\">Origine<\/span><\/h2>\n<p style=\"text-align: justify\"><span style=\"color: #000000\">China<\/span><\/p>\n<p style=\"text-align: justify\"><span style=\"color: #000000\">Avem furnizori foarte de \u00eencredere care ne trimit o analiz\u0103 chimic\u0103 detaliat\u0103 a alimentelor pentru fiecare lot. \u00cen mai bine de zece ani nu am avut niciodat\u0103 o retragere de pe pia\u021b\u0103 sau orice alt\u0103 problem\u0103 cu acest articol, nici cu alte articole de la acela\u0219i furnizor. <\/span><\/p>\n<p style=\"text-align: justify\"><span style=\"color: #000000\">Articolul este 100% certificat organic.<\/span><\/p>\n","protected":false},"excerpt":{"rendered":"<p>Pulberea de brusture provine din r\u0103d\u0103cina de brusture (Arctium lappa), o plant\u0103 originar\u0103 din Europa \u0219i Asia, dar care se g\u0103se\u0219te \u0219i \u00een alte p\u0103r\u021bi ale lumii. Brusturele are o lung\u0103 istorie de utilizare \u00een medicina tradi\u021bional\u0103 pe baz\u0103 de plante \u0219i este cunoscut pentru numeroasele sale beneficii pentru s\u0103n\u0103tate. R\u0103d\u0103cina de brusture este bogat\u0103 \u00een diverse substan\u021be nutritive \u0219i compu\u0219i bioactivi care contribuie la efectele sale.<\/p>\n<p><span style=\"color: #000000\">\ud83d\udc9a Aceasta ajut\u0103 la ameliorarea inflama\u021biilor la nivelul articula\u021biilor \u0219i la ameliorarea simptomelor bolilor reumatice.<\/span><br \/>\n<span style=\"color: #000000\">\ud83d\udc9a Sus\u021bine ficatul \u0219i rinichii \u00een eliminarea toxinelor din organism.<\/span><br \/>\n<span style=\"color: #000000\">\ud83d\udc9a Previne arterioscleroza, hipertensiunea \u0219i tromboza cerebral\u0103.<\/span><br \/>\n<span style=\"color: #000000\">\ud83d\udc9a Are un efect antitumoral.<\/span><\/p>\n","protected":false},"featured_media":6623,"comment_status":"open","ping_status":"closed","template":"","meta":{"_acf_changed":false},"product_brand":[],"product_cat":[15,224,229,225],"product_tag":[],"class_list":{"0":"post-6622","1":"product","2":"type-product","3":"status-publish","4":"has-post-thumbnail","6":"product_cat-uncategorized","7":"product_cat-oferta","8":"product_cat-superalimente","9":"product_cat-toate-produsele","11":"first","12":"instock","13":"sale","14":"taxable","15":"shipping-taxable","16":"purchasable","17":"product-type-simple"},"acf":[],"_links":{"self":[{"href":"https:\/\/fengchashop.com\/ro\/wp-json\/wp\/v2\/product\/6622","targetHints":{"allow":["GET"]}}],"collection":[{"href":"https:\/\/fengchashop.com\/ro\/wp-json\/wp\/v2\/product"}],"about":[{"href":"https:\/\/fengchashop.com\/ro\/wp-json\/wp\/v2\/types\/product"}],"replies":[{"embeddable":true,"href":"https:\/\/fengchashop.com\/ro\/wp-json\/wp\/v2\/comments?post=6622"}],"wp:featuredmedia":[{"embeddable":true,"href":"https:\/\/fengchashop.com\/ro\/wp-json\/wp\/v2\/media\/6623"}],"wp:attachment":[{"href":"https:\/\/fengchashop.com\/ro\/wp-json\/wp\/v2\/media?parent=6622"}],"wp:term":[{"taxonomy":"product_brand","embeddable":true,"href":"https:\/\/fengchashop.com\/ro\/wp-json\/wp\/v2\/product_brand?post=6622"},{"taxonomy":"product_cat","embeddable":true,"href":"https:\/\/fengchashop.com\/ro\/wp-json\/wp\/v2\/product_cat?post=6622"},{"taxonomy":"product_tag","embeddable":true,"href":"https:\/\/fengchashop.com\/ro\/wp-json\/wp\/v2\/product_tag?post=6622"}],"curies":[{"name":"wp","href":"https:\/\/api.w.org\/{rel}","templated":true}]}}