{"id":6620,"date":"2025-07-24T19:07:50","date_gmt":"2025-07-24T17:07:50","guid":{"rendered":"https:\/\/fengchashop.com\/ro\/product\/urzici-pulbere-bio-250-g\/"},"modified":"2025-09-05T12:24:51","modified_gmt":"2025-09-05T10:24:51","slug":"urzici-pulbere-bio","status":"publish","type":"product","link":"https:\/\/fengchashop.com\/ro\/product\/urzici-pulbere-bio\/","title":{"rendered":"Urzici pulbere BIO 250 g"},"content":{"rendered":"<h2><span style=\"color: #000000;\">\u00a0Urzici pulbere BIO<\/span><\/h2>\n<p><span style=\"color: #000000;\">Urzica sau a\u0219a-numita Urtica dioica este o plant\u0103 (erbacee peren\u0103) g\u0103sit\u0103 \u00een toat\u0103 lumea \u0219i a fost folosit\u0103 de secole \u00een diferite \u021b\u0103ri \u0219i culturi. Cu secole \u00een urm\u0103, urzica era recoltat\u0103 pentru propriet\u0103\u021bile sale nutritive, consumat\u0103 ca supliment alimentar s\u0103lbatic, aplicat\u0103 local pe piele \u0219i b\u0103ut\u0103 ca ceai de plante.<\/span><\/p>\n<p><span style=\"color: #000000;\">Frunzele de urzic\u0103 sunt culese prim\u0103vara, c\u00e2nd planta s-a maturizat, dar \u00eenainte de a \u00eencepe s\u0103 \u00eenfloreasc\u0103. Frunzele colectate sunt uscate \u00eencet \u0219i m\u0103cinate \u00eentr-o pulbere fin\u0103.<\/span><\/p>\n<p><span style=\"color: #000000;\">Propriet\u0103\u021bile cheie ale urzicii<\/span><\/p>\n<p><span style=\"color: #000000;\">Urzicile sunt bogate \u00een antioxidan\u021bi, proteine \u200b\u200b\u0219i fibre. Urzica este recunoscut\u0103 \u0219i ca supliment alimentar, deoarece este extrem de \u00eembog\u0103\u021bit\u0103 cu calciu, fier, magneziu \u0219i potasiu. Contine si vitamine, A, C, K si mai ales multa vitamina B.<\/span><\/p>\n<p><span style=\"color: #000000;\">\u00cen medicina tradi\u021bional\u0103, utilizarea urzicii este recomandat\u0103 ca parte a curelor \u0219i dietelor de prim\u0103var\u0103 pentru detoxifiere \u0219i purificare, precum \u0219i pentru oboseal\u0103 \u0219i epuizare.<\/span><\/p>\n<p><span style=\"color: #000000;\">Consumul de urzic\u0103 promoveaz\u0103 func\u021bionarea s\u0103n\u0103toas\u0103 a tractului urinar \u0219i ac\u021bioneaz\u0103 ca un diuretic u\u0219or, sus\u021bin\u00e2nd \u00een acela\u0219i timp s\u0103n\u0103tatea c\u0103ilor respiratorii superioare.<\/span><\/p>\n<p><span style=\"color: #000000;\">Efectele urzicii<\/span><\/p>\n<p><span style=\"color: #000000;\">Efecte care au un efect pozitiv asupra s\u0103n\u0103t\u0103\u021bii \u0219i corpului nostru:<\/span><\/p>\n<p><span style=\"color: #000000;\">\ud83d\udc9a antioxidant puternic,<\/span><br \/>\n<span style=\"color: #000000;\">\ud83d\udc9a are efect diuretic,<\/span><br \/>\n<span style=\"color: #000000;\">\ud83d\udc9a ajut\u0103 la detoxifiere \u0219i purificare,<\/span><br \/>\n<span style=\"color: #000000;\">\ud83d\udc9a stimuleaz\u0103 func\u021bionarea sistemului urinar,<\/span><br \/>\n<span style=\"color: #000000;\">\ud83d\udc9a ajut\u0103 la scurgerea apei,<\/span><br \/>\n<span style=\"color: #000000;\">\ud83d\udc9a are efect antiinflamator,<\/span><br \/>\n<span style=\"color: #000000;\">\ud83d\udc9a ajut\u0103 la oboseal\u0103 \u0219i epuizare,<\/span><br \/>\n<span style=\"color: #000000;\">\ud83d\udc9a contribuie la s\u0103n\u0103tatea c\u0103ilor respiratorii superioare,<\/span><br \/>\n<span style=\"color: #000000;\">\ud83d\udc9a con\u021bine multe fibre,<\/span><br \/>\n<span style=\"color: #000000;\">\ud83d\udc9a cur\u0103\u021b\u0103 \u0219i hidrateaz\u0103 pielea,<\/span><br \/>\n<span style=\"color: #000000;\">\ud83d\udc9a amelioreaz\u0103 problemele pielii cu eczeme.<\/span><\/p>\n<h2><span style=\"color: #000000;\">Depozitare \u0219i avertismente<\/span><\/h2>\n<p><span style=\"color: #000000;\">A se p\u0103stra \u00eentr-un loc r\u0103coros \u0219i uscat. P\u0103stra\u021bi suplimentul alimentar \u00een afara razei de ac\u021biune a copiilor!<\/span><\/p>\n<p><span style=\"color: #000000;\">Nu uita\u021bi importan\u021ba unei alimenta\u021bii variate \u0219i a unui stil de via\u021b\u0103 s\u0103n\u0103tos, un supliment alimentar nu este, prin urmare, un substitut pentru o diet\u0103 echilibrat\u0103 \u0219i variat\u0103. Cantitatea sau doza zilnic\u0103 recomandat\u0103 nu trebuie s\u0103 fie dep\u0103\u0219it\u0103.\u00a0<\/span><\/p>\n<h2><span style=\"color: #000000;\">Ambalaj<\/span><\/h2>\n<p><span style=\"color: #000000;\">Pung\u0103 cu fermoar nepermeabil \u00een care produsul \u00ee\u0219i p\u0103streaz\u0103 toat\u0103 prospe\u021bimea \u0219i aroma. Ambalajul protejeaz\u0103 produsul de lumin\u0103 \u0219i de aer, fiind compus din mai multe straturi de protec\u021bie pentru a p\u0103stra propriet\u0103\u021bile con\u021binutului.<\/span><\/p>\n<p><span style=\"color: #000000;\">Ambalajul este foarte practic \u0219i reciclabil.<\/span><\/p>\n<h2><span style=\"color: #000000;\">Origine<\/span><\/h2>\n<p><span style=\"color: #000000;\">Bulgaria<\/span><\/p>\n","protected":false},"excerpt":{"rendered":"<p>Urzicile sunt bogate \u00een antioxidan\u021bi, proteine \u200b\u200b\u0219i fibre. Urzica este recunoscut\u0103 \u0219i ca supliment alimentar, deoarece este extrem de \u00eembog\u0103\u021bit\u0103 cu calciu, fier, magneziu \u0219i potasiu. Contine si vitaminele A, C, K si mai ales multa vitamina B. In medicina traditionala se recomanda folosirea urzicii ca parte a curelor si dietelor de primavara pentru detoxifiere si purificare, precum si pentru oboseala si epuizare.<\/p>\n<p>\ud83d\udc9a Ajut\u0103 la detoxifiere \u0219i purificare.<br \/>\n\ud83d\udc9a Contribuie la s\u0103n\u0103tatea c\u0103ilor respiratorii superioare.<br \/>\n\ud83d\udc9a Ajut\u0103 la scurgerea apei.<br \/>\n\ud83d\udc9a Ajut\u0103 la oboseal\u0103 \u0219i epuizare.<\/p>\n","protected":false},"featured_media":6621,"comment_status":"open","ping_status":"closed","template":"","meta":{"_acf_changed":false},"product_brand":[],"product_cat":[15,224,229,225],"product_tag":[],"class_list":{"0":"post-6620","1":"product","2":"type-product","3":"status-publish","4":"has-post-thumbnail","6":"product_cat-uncategorized","7":"product_cat-oferta","8":"product_cat-superalimente","9":"product_cat-toate-produsele","11":"first","12":"instock","13":"taxable","14":"shipping-taxable","15":"purchasable","16":"product-type-simple"},"acf":[],"_links":{"self":[{"href":"https:\/\/fengchashop.com\/ro\/wp-json\/wp\/v2\/product\/6620","targetHints":{"allow":["GET"]}}],"collection":[{"href":"https:\/\/fengchashop.com\/ro\/wp-json\/wp\/v2\/product"}],"about":[{"href":"https:\/\/fengchashop.com\/ro\/wp-json\/wp\/v2\/types\/product"}],"replies":[{"embeddable":true,"href":"https:\/\/fengchashop.com\/ro\/wp-json\/wp\/v2\/comments?post=6620"}],"wp:featuredmedia":[{"embeddable":true,"href":"https:\/\/fengchashop.com\/ro\/wp-json\/wp\/v2\/media\/6621"}],"wp:attachment":[{"href":"https:\/\/fengchashop.com\/ro\/wp-json\/wp\/v2\/media?parent=6620"}],"wp:term":[{"taxonomy":"product_brand","embeddable":true,"href":"https:\/\/fengchashop.com\/ro\/wp-json\/wp\/v2\/product_brand?post=6620"},{"taxonomy":"product_cat","embeddable":true,"href":"https:\/\/fengchashop.com\/ro\/wp-json\/wp\/v2\/product_cat?post=6620"},{"taxonomy":"product_tag","embeddable":true,"href":"https:\/\/fengchashop.com\/ro\/wp-json\/wp\/v2\/product_tag?post=6620"}],"curies":[{"name":"wp","href":"https:\/\/api.w.org\/{rel}","templated":true}]}}