{"id":6619,"date":"2025-07-24T19:07:50","date_gmt":"2025-07-24T17:07:50","guid":{"rendered":"https:\/\/fengchashop.com\/ro\/product\/picaturi-de-bach-primul-ajutor-pentru-animale\/"},"modified":"2026-01-28T17:43:26","modified_gmt":"2026-01-28T16:43:26","slug":"picaturi-de-bach-primul-ajutor-pentru-animale","status":"publish","type":"product","link":"https:\/\/fengchashop.com\/ro\/product\/picaturi-de-bach-primul-ajutor-pentru-animale\/","title":{"rendered":"Pic\u0103turi de Bach primul ajutor pentru animale"},"content":{"rendered":"<h2><span style=\"color: #000000;\">Pic\u0103turi de Bach primul ajutor pentru animale<\/span><\/h2>\n<p><span style=\"color: #000000;\">Multe animale de companie, dintr-un motiv sau altul, au probleme \u00een a face fa\u021b\u0103 situa\u021biilor de altfel complet normale. Fie c\u0103 este vorba de o vizit\u0103 la veterinar, de anxietate de singur\u0103tate, de petarde sau de o simpl\u0103 sp\u0103lare \u0219i \u00eengrijire. Problema poate deveni din ce \u00een ce mai profund\u0103 cu timpul. Pentru ca acesta s\u0103 nu devin\u0103 incontrolabil \u0219i cople\u0219itor pentru animal \u0219i proprietar, prepararea esen\u021belor de flori Bach este adev\u0103ratul prim ajutor \u00een orice astfel de situa\u021bie. Cu ajutorul pic\u0103turilor Bach, reduce\u021bi tensiunea, stresul, anxietatea \u0219i controla\u021bi mai bine comportamentul animalului dvs. de companie.<\/span><\/p>\n<p><span style=\"color: #000000;\">Pic\u0103turile Bach ac\u021bioneaz\u0103 eficient \u00eempotriva diferitelor suferin\u021be emo\u021bionale la animale. De asemenea, ajut\u0103 \u00een diverse crize \u0219i situa\u021bii dificile de via\u021b\u0103, precum boala \u0219i confruntarea cu un mediu nou, noi proprietari. Cu ei, animalul se lini\u0219te\u0219te. Pic\u0103turile afecteaz\u0103 starea emo\u021bional\u0103 a animalului \u0219i ajut\u0103 la armonizarea acesteia.<\/span><\/p>\n<p><span style=\"color: #000000;\">Primul ajutor pentru animale este eficient dac\u0103 animalul:<\/span><\/p>\n<p><span style=\"color: #000000;\">\ud83d\udc9a \u00een panic\u0103 sau anxietate,<\/span><br \/>\n<span style=\"color: #000000;\">\ud83d\udc9a brusc \u00eengrijorat<\/span><br \/>\n<span style=\"color: #000000;\">\ud83d\udc9a confruntat cu o situa\u021bie stresant\u0103 (zgomot, furtun\u0103, explozie, artificii&#8230;) sau<\/span><br \/>\n<span style=\"color: #000000;\">\ud83d\udc9a a avut o experien\u021b\u0103 traumatizant\u0103 (mutare, atac, vizit\u0103 la veterinar&#8230;).<\/span><\/p>\n<p><span style=\"color: #000000;\">Amestecuri de pic\u0103turi Bach sunt preparate dup\u0103 metoda Dr. Bach \u0219i folosim doar esen\u021be Bach originale. Pic\u0103turile Bach se iau din flacon cu pipeta ata\u0219at\u0103, ceea ce face dozarea extrem de u\u0219oar\u0103. Sunt potrivite pentru toate animalele (c\u00e2ini, pisici, cai, p\u0103s\u0103ri, hamsteri&#8230;). Nu au efecte secundare \u0219i nu pot fi supradozate.<\/span><\/p>\n<p><span style=\"color: #000000;\">Fiecare sticla din amestecul selectat este preparata manual si din mers.<\/span><\/p>\n<h2><span style=\"color: #000000;\">Depozitare<\/span><\/h2>\n<p><span style=\"color: #000000;\">A se p\u0103stra \u00eentr-un loc uscat \u0219i \u00eentunecat, la o temperatur\u0103 de p\u00e2n\u0103 la +25 \u00b0C.<\/span><\/p>\n<h2><span style=\"color: #000000;\">Cantitate<\/span><\/h2>\n<p><span style=\"color: #000000;\">30 ml (suficient pentru 30 de zile de utilizare regulat\u0103)<\/span><\/p>\n","protected":false},"excerpt":{"rendered":"<p>Pic\u0103turile de Bach sunt eficiente \u00eempotriva diferitelor tulbur\u0103ri emo\u021bionale. Ele ajut\u0103 \u00een diverse crize \u0219i situa\u021bii dificile de via\u021b\u0103. Ele ajut\u0103 la calmarea \u0219i la men\u021binerea unui cap calm. Ele ac\u021bioneaz\u0103 asupra st\u0103rii noastre emo\u021bionale \u0219i ajut\u0103 la armonizarea acesteia.<\/p>\n<p>\ud83d\udc9a Pic\u0103turile sunt ambalate manual, \u00een ziua expedierii.<br \/>\n\ud83d\udc9a Sunt potrivite pentru toate persoanele (femei \u00eens\u0103rcinate, b\u0103tr\u00e2ni, copii,&#8230;) \u0219i pentru animale.<br \/>\n\ud83d\udc9a Nu au efecte secundare, nu creeaz\u0103 dependen\u021b\u0103 \u0219i nu pot fi supradozate.<br \/>\n\ud83d\udc9a Este posibil s\u0103 observa\u021bi primele rezultate dup\u0103 c\u00e2teva zile sau s\u0103pt\u0103m\u00e2ni, acest lucru depinde de fiecare individ \u00een parte.<br \/>\n\ud83d\udc9a Nu interac\u021bioneaz\u0103 cu alte medicamente.<\/p>\n","protected":false},"featured_media":6539,"comment_status":"open","ping_status":"closed","template":"","meta":{"_acf_changed":false},"product_brand":[],"product_cat":[15,237,224,225],"product_tag":[],"class_list":{"0":"post-6619","1":"product","2":"type-product","3":"status-publish","4":"has-post-thumbnail","6":"product_cat-uncategorized","7":"product_cat-bach-picaturi","8":"product_cat-oferta","9":"product_cat-toate-produsele","11":"first","12":"instock","13":"sale","14":"taxable","15":"shipping-taxable","16":"purchasable","17":"product-type-simple"},"acf":[],"_links":{"self":[{"href":"https:\/\/fengchashop.com\/ro\/wp-json\/wp\/v2\/product\/6619","targetHints":{"allow":["GET"]}}],"collection":[{"href":"https:\/\/fengchashop.com\/ro\/wp-json\/wp\/v2\/product"}],"about":[{"href":"https:\/\/fengchashop.com\/ro\/wp-json\/wp\/v2\/types\/product"}],"replies":[{"embeddable":true,"href":"https:\/\/fengchashop.com\/ro\/wp-json\/wp\/v2\/comments?post=6619"}],"wp:featuredmedia":[{"embeddable":true,"href":"https:\/\/fengchashop.com\/ro\/wp-json\/wp\/v2\/media\/6539"}],"wp:attachment":[{"href":"https:\/\/fengchashop.com\/ro\/wp-json\/wp\/v2\/media?parent=6619"}],"wp:term":[{"taxonomy":"product_brand","embeddable":true,"href":"https:\/\/fengchashop.com\/ro\/wp-json\/wp\/v2\/product_brand?post=6619"},{"taxonomy":"product_cat","embeddable":true,"href":"https:\/\/fengchashop.com\/ro\/wp-json\/wp\/v2\/product_cat?post=6619"},{"taxonomy":"product_tag","embeddable":true,"href":"https:\/\/fengchashop.com\/ro\/wp-json\/wp\/v2\/product_tag?post=6619"}],"curies":[{"name":"wp","href":"https:\/\/api.w.org\/{rel}","templated":true}]}}