{"id":6604,"date":"2023-12-14T18:38:09","date_gmt":"2023-12-14T17:38:09","guid":{"rendered":"https:\/\/fengchashop.com\/ro\/product\/sango-coral-pulbere-250-g\/"},"modified":"2026-04-29T13:06:24","modified_gmt":"2026-04-29T11:06:24","slug":"sango-coral-pulbere","status":"publish","type":"product","link":"https:\/\/fengchashop.com\/ro\/product\/sango-coral-pulbere\/","title":{"rendered":"Sango coral pulbere 250 g"},"content":{"rendered":"<h2 style=\"text-align: justify\"><span style=\"color: #000000\">Pudr\u0103 de Sango coral<br \/>\n<\/span><\/h2>\n<div style=\"text-align: justify\">\n<p><span style=\"color: #000000\">Coralul Sango provine dintr-un recif de corali vechi de un milion de ani din largul coastelor din Okinawa, Japonia. Insula Okinawa \u00eens\u0103\u0219i a fost format\u0103 pe roc\u0103 de corali &#8211; de aceea, apa de ploaie se infiltreaz\u0103 prin precipita\u021bii \u0219i le \u00eembog\u0103\u021be\u0219te cu nenum\u0103rate minerale \u0219i oligoelemente care se g\u0103sesc \u00een coralii fosili. Popula\u021bia din Okinawa, c\u0103reia i se atribuie adesea o v\u00e2rst\u0103 de peste o sut\u0103 de ani, prime\u0219te astfel o ap\u0103 extrem de bogat\u0103 \u0219i unic\u0103, plin\u0103 de minerale.<\/span><\/p>\n<h2><span style=\"color: #000000\">De ce este pudra de corali Sango at\u00e2t de special\u0103 \u0219i at\u00e2t de diferit\u0103?<\/span><\/h2>\n<p><span style=\"color: #000000\">Pudra de corali Sango este o surs\u0103 natural\u0103 de calciu \u0219i alte minerale benefice pentru s\u0103n\u0103tate. Pulberea de coral con\u021bine \u00een principal calciu \u0219i magneziu, \u00eentr-un raport de 2:1, despre care se spune c\u0103 este ideal pentru organismul uman, cu o biodisponibilitate ridicat\u0103. \u00cen plus, poate con\u021bine \u0219i alte oligoelemente.<\/span><\/p>\n<h2><span style=\"color: #000000\">Efecte care au un efect pozitiv asupra s\u0103n\u0103t\u0103\u021bii \u0219i organismului nostru<\/span><\/h2>\n<p><span style=\"color: #000000\">Pulberea de corali Sango are multe beneficii \u0219i efecte poten\u021biale pentru s\u0103n\u0103tate. Unele dintre principalele beneficii \u0219i efecte sunt:<\/span><\/p>\n<p><span style=\"color: #000000\">\ud83d\udc9a Sus\u021bine sistemul imunitar,<\/span><br \/>\n<span style=\"color: #000000\">\ud83d\udc9a sus\u021bine s\u0103n\u0103tatea oaselor, a din\u021bilor \u0219i a mu\u0219chilor,<\/span><br \/>\n<span style=\"color: #000000\">\ud83d\udc9a ajut\u0103 la prevenirea bolilor osoase, cum ar fi osteoporoza,<\/span><br \/>\n<span style=\"color: #000000\">\ud83d\udc9aajut\u0103 la reglarea pH-ului din organism \u0219i reduce aciditatea,<\/span><br \/>\n<span style=\"color: #000000\">\ud83d\udc9a aduce beneficii s\u0103n\u0103t\u0103\u021bii inimii \u0219i func\u021biei musculare,<\/span><br \/>\n<span style=\"color: #000000\">\ud83d\udc9a ajut\u0103 digestia \u0219i absorb\u021bia nutrien\u021bilor.<\/span><\/p>\n<div style=\"text-align: justify\">\n<div style=\"text-align: justify\">\n<div style=\"text-align: justify\">\n<h2 style=\"text-align: justify\"><span style=\"color: #000000\">Depozitare \u0219i avertismente<\/span><\/h2>\n<p style=\"text-align: justify\"><span style=\"color: #000000\">A se depozita \u00eentr-un loc r\u0103coros \u0219i uscat, la o temperatur\u0103 de p\u00e2n\u0103 la 25 \u00b0C. P\u0103stra\u021bi suplimentul alimentar departe de accesul copiilor!<\/span><\/p>\n<p style=\"text-align: justify\"><span style=\"color: #000000\">Re\u021bine\u021bi importan\u021ba unei diete variate \u0219i a unui stil de via\u021b\u0103 s\u0103n\u0103tos, un supliment alimentar nu \u00eenlocuie\u0219te o diet\u0103 echilibrat\u0103 \u0219i variat\u0103. Cantitatea sau doza zilnic\u0103 recomandat\u0103 nu trebuie s\u0103 fie dep\u0103\u0219it\u0103.<\/span><\/p>\n<p><span style=\"color: #000000\">Femeilor \u00eens\u0103rcinate \u0219i care al\u0103pteaz\u0103 \u0219i copiilor li se recomand\u0103 s\u0103 nu \u00eel foloseasc\u0103. Se recomand\u0103 consultarea medicului dumneavoastr\u0103 pentru mai multe informa\u021bii \u00een cazul \u00een care ave\u021bi probleme de s\u0103n\u0103tate.<\/span><\/p>\n<h2 style=\"text-align: justify\"><span style=\"color: #000000\">Ambalaj<\/span><\/h2>\n<p style=\"text-align: justify\"><span style=\"color: #000000\">Pung\u0103 cu fermoar nepermeabil \u00een care produsul \u00ee\u0219i p\u0103streaz\u0103 toat\u0103 prospe\u021bimea \u0219i aroma. Ambalajul protejeaz\u0103 \u00eempotriva luminii \u0219i a aerului, deoarece este compus din mai multe straturi de protec\u021bie care p\u0103streaz\u0103 propriet\u0103\u021bile con\u021binutului.<\/span><\/p>\n<p style=\"text-align: justify\"><span style=\"color: #000000\">Ambalajul este foarte practic \u0219i reciclabil.<\/span><\/p>\n<h2 style=\"text-align: justify\"><span style=\"color: #000000\">Origine<\/span><\/h2>\n<p style=\"text-align: justify\"><span style=\"color: #000000\">Japonia<\/span><\/p>\n<\/div>\n<\/div>\n<\/div>\n<\/div>\n","protected":false},"excerpt":{"rendered":"<p>Pulberea de Sango coral are multe beneficii \u0219i efecte poten\u021biale pentru s\u0103n\u0103tate. Unele dintre principalele beneficii \u0219i efecte includ:<\/p>\n<p>\ud83d\udc9a Sus\u021bine sistemul imunitar,<br \/>\n\ud83d\udc9a sus\u021bine s\u0103n\u0103tatea oaselor, a din\u021bilor \u0219i a mu\u0219chilor,<br \/>\n\ud83d\udc9a ajut\u0103 la prevenirea bolilor osoase, cum ar fi osteoporoza,<br \/>\n\ud83d\udc9a ajut\u0103 la reglarea pH-ului din organism \u0219i reduce aciditatea.<\/p>\n","protected":false},"featured_media":6605,"comment_status":"open","ping_status":"closed","template":"","meta":{"_acf_changed":false},"product_brand":[],"product_cat":[15,228,224,225],"product_tag":[],"class_list":{"0":"post-6604","1":"product","2":"type-product","3":"status-publish","4":"has-post-thumbnail","6":"product_cat-uncategorized","7":"product_cat-minerale-si-vitamine","8":"product_cat-oferta","9":"product_cat-toate-produsele","11":"first","12":"instock","13":"sale","14":"taxable","15":"shipping-taxable","16":"purchasable","17":"product-type-simple"},"acf":[],"_links":{"self":[{"href":"https:\/\/fengchashop.com\/ro\/wp-json\/wp\/v2\/product\/6604","targetHints":{"allow":["GET"]}}],"collection":[{"href":"https:\/\/fengchashop.com\/ro\/wp-json\/wp\/v2\/product"}],"about":[{"href":"https:\/\/fengchashop.com\/ro\/wp-json\/wp\/v2\/types\/product"}],"replies":[{"embeddable":true,"href":"https:\/\/fengchashop.com\/ro\/wp-json\/wp\/v2\/comments?post=6604"}],"wp:featuredmedia":[{"embeddable":true,"href":"https:\/\/fengchashop.com\/ro\/wp-json\/wp\/v2\/media\/6605"}],"wp:attachment":[{"href":"https:\/\/fengchashop.com\/ro\/wp-json\/wp\/v2\/media?parent=6604"}],"wp:term":[{"taxonomy":"product_brand","embeddable":true,"href":"https:\/\/fengchashop.com\/ro\/wp-json\/wp\/v2\/product_brand?post=6604"},{"taxonomy":"product_cat","embeddable":true,"href":"https:\/\/fengchashop.com\/ro\/wp-json\/wp\/v2\/product_cat?post=6604"},{"taxonomy":"product_tag","embeddable":true,"href":"https:\/\/fengchashop.com\/ro\/wp-json\/wp\/v2\/product_tag?post=6604"}],"curies":[{"name":"wp","href":"https:\/\/api.w.org\/{rel}","templated":true}]}}