{"id":6602,"date":"2023-12-07T18:37:57","date_gmt":"2023-12-07T17:37:57","guid":{"rendered":"https:\/\/fengchashop.com\/ro\/product\/nac-n-acetilcisteina-in-capsule-120-capsule\/"},"modified":"2026-04-29T01:40:53","modified_gmt":"2026-04-28T23:40:53","slug":"nac-n-acetilcisteina-in-capsule","status":"publish","type":"product","link":"https:\/\/fengchashop.com\/ro\/product\/nac-n-acetilcisteina-in-capsule\/","title":{"rendered":"NAC (N-acetilcistein\u0103) \u00een capsule 120 capsule"},"content":{"rendered":"<h2><span style=\"color: #000000\">NAC (N-acetilcistein\u0103)<\/span><\/h2>\n<p><span style=\"color: #000000\">N-acetilcisteina ( <strong>N-acetilcistein\u0103 sau NAC)<\/strong> este un supliment alimentar pe baz\u0103 de aminoacid cistein\u0103. Cisteina este un important element constitutiv al proteinelor \u0219i joac\u0103 multe roluri importante \u00een organism. NAC are propriet\u0103\u021bi unice care au f\u0103cut-o popular\u0103 ca supliment \u0219i este, de asemenea, utilizat\u0103 pe scar\u0103 larg\u0103 \u00een medicin\u0103. Este o substan\u021b\u0103 care ac\u021bioneaz\u0103 \u00een organism ca un precursor al enzimei antioxidante glutation.<\/span><\/p>\n<h2><span style=\"color: #000000\">De ce este NAC at\u00e2t de special\u0103 \u0219i at\u00e2t de diferit\u0103?<\/span><\/h2>\n<p><span style=\"color: #000000\">N-acetil cisteina este produs\u0103 de obicei din aminoacidul <strong>L-cistein\u0103<\/strong>, care se g\u0103se\u0219te \u00een multe alimente proteice, cum ar fi carnea de pas\u0103re, pe\u0219tele, ou\u0103le \u0219i produsele lactate. <strong>Cisteina<\/strong> este un aminoacid esen\u021bial, ceea ce \u00eenseamn\u0103 c\u0103 organismul are nevoie de ea pentru a func\u021biona normal, dar poate fi derivat\u0103 \u0219i din al\u021bi aminoacizi, cum ar fi <strong>metionina<\/strong>.<\/span><\/p>\n<p><span style=\"color: #000000\">Cisteina este o component\u0103 cheie de care organismul nostru are nevoie, deoarece joac\u0103 un rol important \u00een mai multe procese cheie. Unul dintre rolurile sale centrale este acela de a <strong>participa la refacerea glutationului<\/strong>, care este cel mai puternic antioxidant din corpul nostru. Glutationul este esen\u021bial pentru a <strong>proteja celulele organismului de daunele<\/strong> provocate de radicalii liberi \u0219i pentru a men\u021bine mecanismele de ap\u0103rare ale \u00eentregului sistem.<\/span><\/p>\n<h2><span style=\"color: #000000\">Efecte care au un efect pozitiv asupra s\u0103n\u0103t\u0103\u021bii \u0219i organismului nostru<\/span><\/h2>\n<p><span style=\"color: #000000\"><em><strong>NAC are multe beneficii \u0219i efecte poten\u021biale pentru s\u0103n\u0103tate. Unele dintre principalele beneficii \u0219i efecte sunt:<\/strong><\/em><\/span><\/p>\n<p><span style=\"color: #000000\">\ud83d\udc9a Este un antioxidant puternic care <strong>elimin\u0103 radicalii liberi<\/strong>,<\/span><\/p>\n<p><span style=\"color: #000000\">\ud83d\udc9a are un efect pozitiv asupra<strong> sistemului imunitar<\/strong> \u0219i promoveaz\u0103 s\u0103n\u0103tatea imunitar\u0103,<\/span><\/p>\n<p><span style=\"color: #000000\">\ud83d\udc9a reduce inciden\u021ba \u0219i severitatea<strong> simptomelor gripei \u0219i r\u0103celii<\/strong> \u0219i scurteaz\u0103 durata bolii,<\/span><\/p>\n<p><span style=\"color: #000000\">\ud83d\udc9a de asemenea, este utilizat pentru a <strong>sub\u021bia mucusul gros \u0219i pentru a ameliora problemele respira<\/strong> torii la pacien\u021bii cu boli respiratorii, cum ar fi boala pulmonar\u0103 obstructiv\u0103 cronic\u0103 (BPOC) \u0219i fibroza chistic\u0103,<\/span><\/p>\n<p><span style=\"color: #000000\">\ud83d\udc9a pentru tratamentul <strong>intoxica\u021biilor cu paracetamol<\/strong>,<\/span><\/p>\n<p><span style=\"color: #000000\">\ud83d\udc9a are beneficii pentru s\u0103n\u0103tatea <strong>mintal\u0103<\/strong>, fiind util \u00een<strong> tratamentul unor tulbur\u0103ri<\/strong> precum tulburarea obsesiv-compulsiv\u0103 (TOC) \u0219i depresia,<\/span><\/p>\n<p><span style=\"color: #000000\">\ud83d\udc9a reduce simptomele unor<strong> tulbur\u0103ri neurologice<\/strong>, cum ar fi schizofrenia \u0219i tulbur\u0103rile de dispozi\u021bie,<\/span><\/p>\n<p><span style=\"color: #000000\">\ud83d\udc9a ajut\u0103 la <strong>tratarea dependen\u021belor<\/strong>, cum ar fi alcoolismul, fumatul \u0219i dependen\u021ba de droguri,<\/span><\/p>\n<p><span style=\"color: #000000\">\ud83d\udc9a are efecte benefice \u00een unele <strong>boli hepatice<\/strong>, cum ar fi fibroza hepatic\u0103,<\/span><\/p>\n<p><span style=\"color: #000000\">\ud83d\udc9a ajut\u0103 la <strong>detoxifiere \u0219i purificare<\/strong>.<\/span><\/p>\n<p><span style=\"color: #000000;font-size: 24px;font-weight: bold\">Ambalare<\/span><\/p>\n<p><span style=\"color: #000000\">O pung\u0103 etan\u0219\u0103, care poate fi sigilat\u0103, \u00een care produsul \u00ee\u0219i p\u0103streaz\u0103 toat\u0103 prospe\u021bimea \u0219i aroma. Ambalajul protejeaz\u0103 \u00eempotriva efectelor luminii \u0219i a aerului, deoarece este alc\u0103tuit din mai multe straturi de protec\u021bie care p\u0103streaz\u0103 propriet\u0103\u021bile con\u021binutului.<\/span><\/p>\n<p><span style=\"color: #000000\">Ambalajul este foarte practic \u0219i reciclabil.<\/span><\/p>\n<h2><span style=\"color: #000000\">Depozitare \u0219i avertismente<\/span><\/h2>\n<p><span style=\"color: #000000\">A se p\u0103stra \u00eentr-un loc r\u0103coros \u0219i uscat. P\u0103stra\u021bi suplimentul alimentar departe de copii!<\/span><\/p>\n<p><span style=\"color: #000000\">Nu uita\u021bi importan\u021ba unei diete variate \u0219i a unui stil de via\u021b\u0103 s\u0103n\u0103tos, un supliment alimentar nu este un substitut pentru o diet\u0103 echilibrat\u0103 \u0219i variat\u0103. Cantitatea sau doza zilnic\u0103 recomandat\u0103 nu trebuie s\u0103 fie dep\u0103\u0219it\u0103. Femeile \u00eens\u0103rcinate \u0219i cele care al\u0103pteaz\u0103 sunt \u00eentotdeauna sf\u0103tuite s\u0103 consulte un medic \u00eenainte de utilizare.<\/span><\/p>\n","protected":false},"excerpt":{"rendered":"<p align=\"JUSTIFY\"><span style=\"color: #000000\"><strong>N-acetilcisteina (N-acetilcistein\u0103 sau NAC)<\/strong> este un supliment alimentar pe baz\u0103 de aminoacid<strong> cistein\u0103<\/strong>. Cisteina este o component\u0103 important\u0103 a proteinelor \u0219i joac\u0103 multe roluri importante \u00een organism. NAC are propriet\u0103\u021bi unice care au f\u0103cut-o popular\u0103 ca supliment \u0219i este, de asemenea, utilizat\u0103 pe scar\u0103 larg\u0103 \u00een medicin\u0103.<\/span><\/p>\n<p><span style=\"color: #000000\">\ud83d\udc9a Acesta are un efect pozitiv asupra sistemului imunitar.<\/span><br \/>\n<span style=\"color: #000000\">\ud83d\udc9a Reduce inciden\u021ba \u0219i severitatea simptomelor gripei \u0219i r\u0103celii.<\/span><br \/>\n<span style=\"color: #000000\">\ud83d\udc9a Reduce simptomele unor tulbur\u0103ri neurologice.<\/span><br \/>\n<span style=\"color: #000000\">\ud83d\udc9a Ajut\u0103 \u00een tratamentul dependen\u021belor.<\/span><br \/>\n<span style=\"color: #000000\">\ud83d\udc9a Ajut\u0103 la detoxifiere \u0219i purificare.<\/span><\/p>\n","protected":false},"featured_media":6603,"comment_status":"open","ping_status":"closed","template":"","meta":{"_acf_changed":false},"product_brand":[],"product_cat":[15,226,228,224,225],"product_tag":[],"class_list":{"0":"post-6602","1":"product","2":"type-product","3":"status-publish","4":"has-post-thumbnail","6":"product_cat-uncategorized","7":"product_cat-cele-mai-vandute","8":"product_cat-minerale-si-vitamine","9":"product_cat-oferta","10":"product_cat-toate-produsele","12":"first","13":"instock","14":"sale","15":"taxable","16":"shipping-taxable","17":"purchasable","18":"product-type-simple"},"acf":[],"_links":{"self":[{"href":"https:\/\/fengchashop.com\/ro\/wp-json\/wp\/v2\/product\/6602","targetHints":{"allow":["GET"]}}],"collection":[{"href":"https:\/\/fengchashop.com\/ro\/wp-json\/wp\/v2\/product"}],"about":[{"href":"https:\/\/fengchashop.com\/ro\/wp-json\/wp\/v2\/types\/product"}],"replies":[{"embeddable":true,"href":"https:\/\/fengchashop.com\/ro\/wp-json\/wp\/v2\/comments?post=6602"}],"wp:featuredmedia":[{"embeddable":true,"href":"https:\/\/fengchashop.com\/ro\/wp-json\/wp\/v2\/media\/6603"}],"wp:attachment":[{"href":"https:\/\/fengchashop.com\/ro\/wp-json\/wp\/v2\/media?parent=6602"}],"wp:term":[{"taxonomy":"product_brand","embeddable":true,"href":"https:\/\/fengchashop.com\/ro\/wp-json\/wp\/v2\/product_brand?post=6602"},{"taxonomy":"product_cat","embeddable":true,"href":"https:\/\/fengchashop.com\/ro\/wp-json\/wp\/v2\/product_cat?post=6602"},{"taxonomy":"product_tag","embeddable":true,"href":"https:\/\/fengchashop.com\/ro\/wp-json\/wp\/v2\/product_tag?post=6602"}],"curies":[{"name":"wp","href":"https:\/\/api.w.org\/{rel}","templated":true}]}}