{"id":6600,"date":"2023-06-13T08:47:12","date_gmt":"2023-06-13T06:47:12","guid":{"rendered":"https:\/\/fengchashop.com\/ro\/product\/jiaogulan-gynostemma-pulbere-250-g\/"},"modified":"2026-04-29T11:05:32","modified_gmt":"2026-04-29T09:05:32","slug":"jiaogulan-gynostemma-pulbere","status":"publish","type":"product","link":"https:\/\/fengchashop.com\/ro\/product\/jiaogulan-gynostemma-pulbere\/","title":{"rendered":"Jiaogulan Gynostemma pulbere 250 g"},"content":{"rendered":"<h2 style=\"text-align: justify\"><span style=\"color: #000000\">Jiaogulan (Gynostemma)<\/span><\/h2>\n<div style=\"text-align: justify\">\n<p><span style=\"color: #000000\">Jiaogulan, cunoscut \u0219i sub numele de <strong>Gynostemma sau Jiao Gu Lan<\/strong>, este o plant\u0103 originar\u0103 din China, Birmania, nordul Thailandei, Coreea \u0219i Japonia. A fost folosit\u0103 de secole \u00een medicina tradi\u021bional\u0103 chinez\u0103 pentru <strong>propriet\u0103\u021bile<\/strong> sale <strong>medicinale<\/strong>. Este numit\u0103 \u0219i<strong>&#8222;planta nemuririi<\/strong>&#8222;, deoarece <strong>con\u021bine numeroase principii active importante pentru o via\u021b\u0103 lung\u0103<\/strong>.<\/span><\/p>\n<p><span style=\"color: #000000\">Jiaogulan Gynostemma este o plant\u0103 care a fost studiat\u0103 \u0219tiin\u021bific \u00eendelung \u0219i c\u0103reia i s-au atribuit numeroase efecte pozitive. \u00cen special, <strong>este antiinflamatoare, detoxifiant\u0103 \u0219i are un efect anti-\u00eemb\u0103tr\u00e2nire<\/strong>. \u00cen plus, jiaogulanul este \u0219i un puternic<strong> antioxidant<\/strong>. Ca \u0219i ginsengul, <strong>stimuleaz\u0103 energia<\/strong>, <strong>echilibreaz\u0103<\/strong> organismul <strong>\u0219i \u00eembun\u0103t\u0103\u021be\u0219te starea general\u0103 de bine<\/strong>. Potrivit medicinei tradi\u021bionale chineze, are un efect benefic asupra sindromului de oboseal\u0103 cronic\u0103 \u0219i a palpita\u021biilor inimii (senza\u021bie de b\u0103taie \u00een piept). De asemenea, este adesea utilizat pentru afec\u021biuni care includ prevenirea \u0219i ameliorarea<strong> diabetului \u0219i a colesterolului ridicat<\/strong>, precum \u0219i <strong>prevenirea efectelor stresului care<\/strong> duc la<strong> anxietate<\/strong>. Astfel, cu o utilizare regulat\u0103, efectele sale pot fi exploatate pe deplin, iar modera\u021bia aduce \u0219i un consum sigur, f\u0103r\u0103 efecte secundare \u0219i nedorite.<\/span><\/p>\n<p style=\"text-align: justify\"><span style=\"color: #000000\">Ea ajut\u0103 organismul nostru s\u0103 se aduc\u0103 pe sine \u00een echilibru.<\/span><\/p>\n<div style=\"text-align: justify\">\n<p><span style=\"color: #000000\">Jiaogulan este, de asemenea, un <strong>adaptogen<\/strong>. Plantele adaptogene ajut\u0103 organismul s\u0103 se adapteze la diver\u0219i factori negativi de mediu. Ele au capacitatea de a regla \u0219i controla sistemele glandular \u0219i hormonal, sistemul nervos \u0219i cardiovascular \u0219i mu\u0219chii.<\/span><\/p>\n<p><span style=\"color: #000000\">Adaptogenele sus\u021bin s\u0103n\u0103tatea organelor vitale \u0219i ajut\u0103 la reglarea glicemiei, la \u00eembun\u0103t\u0103\u021birea func\u021biilor hepatice, gastrointestinale \u0219i cutanate. Ele \u00eent\u0103resc \u0219i revigoreaz\u0103 organismul. Ele stimuleaz\u0103, de asemenea, glandele suprarenale, ajut\u00e2nd organismul s\u0103 fac\u0103 fa\u021b\u0103 \u00een mod eficient stresului provocat de factori fizici (infec\u021bii, leziuni, somn insuficient) sau psihologici (anxietate).<\/span><\/p>\n<h2 style=\"text-align: justify\"><span style=\"color: #000000\">Propriet\u0103\u021bi-cheie oferite de Jiaogulan Gynostemma<\/span><\/h2>\n<div style=\"text-align: justify\">\n<p><span style=\"color: #000000\"><em><strong>\u00cen medicina tradi\u021bional\u0103 chinez\u0103, jiaogulanul este utilizat \u00een diverse scopuri, \u0219i anume:<\/strong><\/em><\/span><\/p>\n<p><span style=\"color: #000000\">\ud83d\udc9a \u00cent\u0103rirea <strong>sistemului imunitar<\/strong>,<\/span><br \/>\n<span style=\"color: #000000\">\ud83d\udc9a reglarea <strong>tensiunii arteriale \u0219i a zah\u0103rului<\/strong> din s\u00e2nge,<\/span><br \/>\n<span style=\"color: #000000\">\ud83d\udc9a reglarea <strong>nivelului de colesterol<\/strong>,<\/span><br \/>\n<span style=\"color: #000000\">\ud83d\udc9a reducerea <strong>inflama\u021biilor<\/strong>,<\/span><br \/>\n<span style=\"color: #000000\">\ud83d\udc9a prevenirea<strong> anxiet\u0103\u021bii<\/strong>,<\/span><br \/>\n<span style=\"color: #000000\">\ud83d\udc9a \u00eembun\u0103t\u0103\u021birea <strong>digestiei<\/strong> \u0219i<\/span><br \/>\n<span style=\"color: #000000\">\ud83d\udc9a sus\u021binerea <strong>s\u0103n\u0103t\u0103\u021bii inimii<\/strong>.<\/span><\/p>\n<p><span style=\"color: #000000\">Jiaogulan con\u021bine mul\u021bi <strong>compu\u0219i bioactivi<\/strong>, cum ar fi glicozide, flavonoide, polizaharide, vitamine \u0219i minerale care <strong>contribuie la efectele sale curative<\/strong>.<\/span><\/p>\n<h2><span style=\"color: #000000\">Gust \u0219i arom\u0103<\/span><\/h2>\n<p><span style=\"color: #000000\">Jiaogulanul nostru este recoltat din natur\u0103 s\u0103lbatic\u0103, neatins\u0103. Are un gust dulceag interesant, foarte asem\u0103n\u0103tor cu cel al ginsengului. Jiaogulan este cu siguran\u021b\u0103 o alegere gustoas\u0103, dar mai ales s\u0103n\u0103toas\u0103 pentru iubitorii de ceaiuri din plante.<\/span><\/p>\n<div style=\"text-align: justify\">\n<h2 style=\"text-align: justify\"><span style=\"color: #000000\">Depozitare \u0219i avertismente<\/span><\/h2>\n<p style=\"text-align: justify\"><span style=\"color: #000000\">Depozita\u021bi \u00eentr-un loc r\u0103coros \u0219i uscat, la o temperatur\u0103 de p\u00e2n\u0103 la 25 \u00b0C. P\u0103stra\u021bi suplimentul alimentar departe de \u00eendem\u00e2na copiilor!<\/span><\/p>\n<p style=\"text-align: justify\"><span style=\"color: #000000\">Nu uita\u021bi importan\u021ba unei diete variate \u0219i a unui stil de via\u021b\u0103 s\u0103n\u0103tos, un supliment alimentar nu este, prin urmare, un substitut pentru o diet\u0103 echilibrat\u0103 \u0219i variat\u0103. Cantitatea sau doza zilnic\u0103 recomandat\u0103 nu trebuie s\u0103 fie dep\u0103\u0219it\u0103.<\/span><\/p>\n<h2 style=\"text-align: justify\"><span style=\"color: #000000\">Ambalaj<\/span><\/h2>\n<p style=\"text-align: justify\"><span style=\"color: #000000\">Pung\u0103 cu fermoar nepermeabil, \u00een care produsul \u00ee\u0219i p\u0103streaz\u0103 toat\u0103 prospe\u021bimea \u0219i aroma. Ambalajul protejeaz\u0103 produsul de lumin\u0103 \u0219i de aer, fiind compus din mai multe straturi de protec\u021bie care p\u0103streaz\u0103 propriet\u0103\u021bile con\u021binutului.<\/span><\/p>\n<p style=\"text-align: justify\"><span style=\"color: #000000\">Ambalajul este foarte practic \u0219i reciclabil.<\/span><\/p>\n<h2 style=\"text-align: justify\"><span style=\"color: #000000\">Origine<\/span><\/h2>\n<p style=\"text-align: justify\"><span style=\"color: #000000\">China<\/span><\/p>\n<\/div>\n<\/div>\n<\/div>\n<\/div>\n","protected":false},"excerpt":{"rendered":"<p><span style=\"color: #000000\">Jiaogulan, cunoscut \u0219i sub numele de <strong>Gynostemma sau Jiao Gu Lan<\/strong>, este o plant\u0103 originar\u0103 din China, Birmania, nordul Thailandei, Coreea \u0219i Japonia. A fost folosit\u0103 de secole \u00een medicina tradi\u021bional\u0103 chinez\u0103 pentru <strong>propriet\u0103\u021bile<\/strong> sale <strong>medicinale<\/strong>. Este numit\u0103 \u0219i &#8222;<strong>planta nemuririi<\/strong>&#8222;, deoarece <strong>con\u021bine numeroase principii active importante pentru o via\u021b\u0103 lung\u0103<\/strong>.<\/span><\/p>\n<p><span style=\"color: #000000\">\ud83d\udc9a Regleaz\u0103 <strong>nivelul de colesterol<\/strong>.<\/span><br \/>\n<span style=\"color: #000000\">\ud83d\udc9a Previne apari\u021bia<strong> anxiet\u0103\u021bii<\/strong>.<\/span><br \/>\n<span style=\"color: #000000\">\ud83d\udc9a Reduce <strong>inflama\u021biile<\/strong>.<\/span><br \/>\n<span style=\"color: #000000\">\ud83d\udc9a \u00cent\u0103re\u0219te <strong>sistemul imunitar<\/strong>.<\/span><br \/>\n\ud83d\udc9a<span style=\"color: #000000\">A<\/span>duce<span style=\"color: #000000\">organismul<\/span>\u00een echilibru \u0219i <strong>\u00eembun\u0103t\u0103\u021be\u0219te starea general\u0103 de bine<\/strong>.<\/p>\n","protected":false},"featured_media":6601,"comment_status":"open","ping_status":"closed","template":"","meta":{"_acf_changed":false},"product_brand":[],"product_cat":[15,224,229,225],"product_tag":[],"class_list":{"0":"post-6600","1":"product","2":"type-product","3":"status-publish","4":"has-post-thumbnail","6":"product_cat-uncategorized","7":"product_cat-oferta","8":"product_cat-superalimente","9":"product_cat-toate-produsele","11":"first","12":"instock","13":"sale","14":"taxable","15":"shipping-taxable","16":"purchasable","17":"product-type-simple"},"acf":[],"_links":{"self":[{"href":"https:\/\/fengchashop.com\/ro\/wp-json\/wp\/v2\/product\/6600","targetHints":{"allow":["GET"]}}],"collection":[{"href":"https:\/\/fengchashop.com\/ro\/wp-json\/wp\/v2\/product"}],"about":[{"href":"https:\/\/fengchashop.com\/ro\/wp-json\/wp\/v2\/types\/product"}],"replies":[{"embeddable":true,"href":"https:\/\/fengchashop.com\/ro\/wp-json\/wp\/v2\/comments?post=6600"}],"wp:featuredmedia":[{"embeddable":true,"href":"https:\/\/fengchashop.com\/ro\/wp-json\/wp\/v2\/media\/6601"}],"wp:attachment":[{"href":"https:\/\/fengchashop.com\/ro\/wp-json\/wp\/v2\/media?parent=6600"}],"wp:term":[{"taxonomy":"product_brand","embeddable":true,"href":"https:\/\/fengchashop.com\/ro\/wp-json\/wp\/v2\/product_brand?post=6600"},{"taxonomy":"product_cat","embeddable":true,"href":"https:\/\/fengchashop.com\/ro\/wp-json\/wp\/v2\/product_cat?post=6600"},{"taxonomy":"product_tag","embeddable":true,"href":"https:\/\/fengchashop.com\/ro\/wp-json\/wp\/v2\/product_tag?post=6600"}],"curies":[{"name":"wp","href":"https:\/\/api.w.org\/{rel}","templated":true}]}}