{"id":6598,"date":"2025-07-24T19:07:05","date_gmt":"2025-07-24T17:07:05","guid":{"rendered":"https:\/\/fengchashop.com\/ro\/product\/bentonite-powder-500-g\/"},"modified":"2025-09-03T20:59:41","modified_gmt":"2025-09-03T18:59:41","slug":"bentonita-pulbere","status":"publish","type":"product","link":"https:\/\/fengchashop.com\/ro\/product\/bentonita-pulbere\/","title":{"rendered":"Bentonit\u0103 pulbere 500 g"},"content":{"rendered":"<h2 style=\"text-align: justify;\"><span style=\"color: #000000;\">Bentonit\u0103<\/span><\/h2>\n<div style=\"text-align: justify;\">\n<p><span style=\"color: #000000;\">Bentonita este o argil\u0103 natural\u0103 format\u0103 din cenu\u0219\u0103 vulcanic\u0103 \u0219i se g\u0103se\u0219te adesea \u00een apropierea zonelor vulcanice. Ea este compus\u0103 \u00een principal din mineralul montmorillonit, care \u00eei confer\u0103 propriet\u0103\u021bile sale speciale.<\/span><\/p>\n<p><span style=\"color: #000000;\">Bentonita este cunoscut\u0103 pentru capacitatea sa ridicat\u0103 de a absorbi lichidele \u0219i gazele. Datorit\u0103 structurii sale, are o suprafa\u021b\u0103 mare, ceea ce \u00eei permite s\u0103 lege \u0219i s\u0103 re\u021bin\u0103 substan\u021be precum toxine, exces de umiditate \u0219i impurit\u0103\u021bi.<\/span><\/p>\n<\/div>\n<h2 style=\"text-align: justify;\"><span style=\"color: #000000;\">De ce este util\u0103 bentonita?<\/span><\/h2>\n<div>\n<p style=\"text-align: justify;\"><span style=\"color: #000000;\"><em><strong>Bentonita este utilizat\u0103 \u00eentr-o varietate de aplica\u021bii comerciale \u0219i medicale:<\/strong><\/em><\/span><\/p>\n<ol style=\"text-align: justify;\">\n<li><span style=\"color: #000000;\"><strong>Utilizare cosme<\/strong> tic\u0103: Datorit\u0103 capacit\u0103\u021bii sale de a absorbi \u0219i de a cur\u0103\u021ba, bentonita este utilizat\u0103 pe scar\u0103 larg\u0103 \u00een produsele cosmetice, cum ar fi m\u0103\u0219tile de fa\u021b\u0103, \u0219ampoanele, s\u0103punurile \u0219i lo\u021biunile. Ajut\u0103 la eliminarea impurit\u0103\u021bilor, la absorb\u021bia excesului de ulei \u0219i la \u00eembun\u0103t\u0103\u021birea st\u0103rii pielii.<\/span><\/li>\n<li><span style=\"color: #000000;\"><strong>Utilizare medical\u0103<\/strong>: Bentonita este, de asemenea, utilizat\u0103 \u00een scopuri medicale, \u00een special sub form\u0103 de suplimente alimentare sau ca remediu pentru probleme digestive, cum ar fi ulcerul gastric, indigestia \u0219i intoxica\u021biile. Ea ac\u021bioneaz\u0103 ca un adsorbant, leg\u00e2nd \u0219i elimin\u00e2nd toxinele \u0219i ajut\u00e2nd la reglarea digestiei.<\/span><\/li>\n<li><span style=\"color: #000000;\"><strong>Utilizare la c\u00e2ini sau pis<\/strong> ici: Argila bentonit\u0103 poate fi folosit\u0103 \u0219i de c\u00e2ini \u0219i pisici, \u00een special pentru \u00eent\u0103rirea sistemului imunitar, pentru cancer, pentru cur\u0103\u021barea organismului, eliminarea parazi\u021bilor interni, ameliorarea problemelor hepatice \u0219i renale<\/span><\/li>\n<\/ol>\n<p style=\"text-align: justify;\"><span style=\"color: #000000;\">Exist\u0103 mai multe tipuri de bentonit\u0103, care difer\u0103 \u00een func\u021bie de compozi\u021bia \u0219i propriet\u0103\u021bile lor minerale. Unele tipuri comune includ bentonita de sodiu, bentonita de calciu \u0219i amestecuri ale celor dou\u0103.<\/span><\/p>\n<h2 style=\"text-align: justify;\"><span style=\"color: #000000;\">Caracteristicile bentonitei<\/span><\/h2>\n<p style=\"text-align: justify;\"><span style=\"color: #000000;\">La fel ca toate argilele, bentonita con\u021bine o varietate de minerale \u0219i metale, cum ar fi siliciu, fier, calciu, magneziu, sodiu \u0219i, uneori, aluminiu. Cantitatea fiec\u0103rui mineral sau metal poate varia \u00een func\u021bie de tipul de argil\u0103. Pe l\u00e2ng\u0103 compozi\u021bia sa mineral\u0103, bentonita are \u0219i propriet\u0103\u021bi curative, deoarece are capacitatea de a absorbi \u0219i de a schimba ioni. Datorit\u0103 puterii sale intense de absorb\u021bie, bentonita este antiseptic\u0103, antiinfec\u021bioas\u0103 \u0219i antifungic\u0103. \u00cen medicin\u0103, bentonita este utilizat\u0103 at\u00e2t pentru aplica\u021bii interne, c\u00e2t \u0219i externe.<\/span><\/p>\n<\/div>\n<h2 class=\"Standard\"><span style=\"color: #000000;\">Utiliz\u0103ri eficiente ale bentonitei ca supliment alimentar<\/span><\/h2>\n<p style=\"text-align: justify;\"><span style=\"color: #000000;\">Bentonita este utilizat\u0103 \u00een medicin\u0103 sub form\u0103 de suplimente alimentare datorit\u0103 propriet\u0103\u021bilor sale de adsorb\u021bie \u0219i de legare a toxinelor din tractul digestiv. <\/span><\/p>\n<p style=\"text-align: justify;\"><span style=\"color: #000000;\"><em><strong>T<\/strong><strong>iat\u0103 c\u00e2teva dintre modalit\u0103\u021bile prin care bentonita este utilizat\u0103 \u00een suplimentele medicale:<\/strong><\/em><\/span><\/p>\n<p><span style=\"color: #000000;\"><strong>\ud83d\udc9a Detoxifiere<\/strong>: Bentonita este folosit\u0103 pentru a ajuta la eliminarea toxinelor din organism. Atunci c\u00e2nd este ingerat\u0103, bentonita se leag\u0103 de substan\u021bele nocive, cum ar fi metalele grele, pesticidele \u0219i alte materiale toxice \u0219i le elimin\u0103 din organism prin scaun.<\/span><\/p>\n<p><span style=\"color: #000000;\"><strong>\ud83d\udc9a Probleme<\/strong> digestive: Bentonita poate ajuta la ameliorarea problemelor digestive, cum ar fi diareea, constipa\u021bia, sindromul colonului iritabil \u0219i ulcerul gastric. Ac\u021bioneaz\u0103 prin calmarea inflama\u021biilor din tractul digestiv, absorbind excesul de lichide \u0219i impurit\u0103\u021bi \u0219i promov\u00e2nd o digestie s\u0103n\u0103toas\u0103.<\/span><\/p>\n<p><span style=\"color: #000000;\"><strong>\ud83d\udc9a Cur\u0103\u021barea<\/strong> intestinelor: Bentonita este, de asemenea, utilizat\u0103 pentru a cur\u0103\u021ba intestinul \u0219i a elimina de\u0219eurile \u0219i reziduurile alimentare. Ingerarea bentonitei poate ajuta la \u00eendep\u0103rtarea pl\u0103cii de pe pere\u021bii intestinali \u0219i la promovarea unei mai bune absorb\u021bii a substan\u021belor nutritive.<\/span><\/p>\n<p><span style=\"color: #000000;\">\ud83d\udc9a<strong>Sus\u021binerea sistemului<\/strong> imunitar: datorit\u0103 capacit\u0103\u021bii sale de a lega toxinele \u0219i impurit\u0103\u021bile, bentonita poate sus\u021bine sistemul imunitar. Prin reducerea \u00eenc\u0103rc\u0103turii de toxine din organism, aceasta permite sistemului imunitar s\u0103 se concentreze pe combaterea infec\u021biilor \u0219i pe men\u021binerea s\u0103n\u0103t\u0103\u021bii generale.<\/span><\/p>\n<h2 style=\"text-align: justify;\"><span style=\"color: #000000;\">Depozitare \u0219i avertismente<\/span><\/h2>\n<p style=\"text-align: justify;\"><span style=\"color: #000000;\">Depozita\u021bi \u00eentr-un loc r\u0103coros \u0219i uscat, la o temperatur\u0103 de p\u00e2n\u0103 la 25 \u00b0C. P\u0103stra\u021bi suplimentul alimentar departe de \u00eendem\u00e2na copiilor!<\/span><\/p>\n<p style=\"text-align: justify;\"><span style=\"color: #000000;\">Nu uita\u021bi importan\u021ba unei diete variate \u0219i a unui stil de via\u021b\u0103 s\u0103n\u0103tos, un supliment alimentar nu este, prin urmare, un substitut pentru o diet\u0103 echilibrat\u0103 \u0219i variat\u0103. Cantitatea sau doza zilnic\u0103 recomandat\u0103 nu trebuie s\u0103 fie dep\u0103\u0219it\u0103.<\/span><\/p>\n<p style=\"text-align: justify;\"><span style=\"color: #000000;\">Femeilor \u00eens\u0103rcinate \u0219i mamelor care al\u0103pteaz\u0103 li se recomand\u0103 s\u0103 nu \u00eel foloseasc\u0103. Dac\u0103 lua\u021bi medicamente sau alte suplimente alimentare, consulta\u021bi medicul sau farmacistul dumneavoastr\u0103 cu privire la administrarea separat\u0103 a bentonitei. Bentonita are capacitatea de a se lega de alte substan\u021be \u0219i poate reduce eficacitatea altor medicamente sau suplimente dac\u0103 sunt luate \u00eempreun\u0103.<\/span><\/p>\n<h2 style=\"text-align: justify;\"><span style=\"color: #000000;\">Ambalaj<\/span><\/h2>\n<p style=\"text-align: justify;\"><span style=\"color: #000000;\">Pung\u0103 cu fermoar nepermeabil \u00een care produsul \u00ee\u0219i p\u0103streaz\u0103 toat\u0103 prospe\u021bimea \u0219i aroma. Ambalajul protejeaz\u0103 produsul de lumin\u0103 \u0219i de aer, fiind compus din mai multe straturi de protec\u021bie care p\u0103streaz\u0103 propriet\u0103\u021bile con\u021binutului.<\/span><\/p>\n<p style=\"text-align: justify;\"><span style=\"color: #000000;\">Ambalajul este foarte practic \u0219i reciclabil.<\/span><\/p>\n<h2 style=\"text-align: justify;\"><span style=\"color: #000000;\">Origine<\/span><\/h2>\n<p style=\"text-align: justify;\"><span style=\"color: #000000;\">Norvegia<\/span><\/p>\n","protected":false},"excerpt":{"rendered":"<p>Bentonita este o argil\u0103 natural\u0103 format\u0103 din cenu\u0219\u0103 vulcanic\u0103, care se g\u0103se\u0219te adesea \u00een apropierea zonelor vulcanice. Ea este alc\u0103tuit\u0103 \u00een principal din mineralul montmorillonit, care \u00eei confer\u0103 propriet\u0103\u021bile sale speciale. Este cunoscut\u0103 pentru capacitatea sa ridicat\u0103 de a absorbi lichidele \u0219i gazele. Datorit\u0103 structurii sale, are o suprafa\u021b\u0103 mare, ceea ce \u00eei permite s\u0103 lege \u0219i s\u0103 re\u021bin\u0103 substan\u021be precum toxine, exces de umiditate \u0219i impurit\u0103\u021bi.<\/p>\n<p><span style=\"color: #000000;\">\ud83d\udc9aDatorit\u0103 capacit\u0103\u021bii sale de a absorbi \u0219i de a cur\u0103\u021ba, bentonita este utilizat\u0103 pe scar\u0103 larg\u0103 \u00een produsele cosmetice.<\/span><br \/>\n<span style=\"color: #000000;\">\ud83d\udc9a De asemenea, este folosit\u0103 pentru a cur\u0103\u021ba intestinele \u0219i pentru a elimina de\u0219eurile \u0219i reziduurile alimentare.<\/span><br \/>\n<span style=\"color: #000000;\">\ud83d\udc9a Este folosit\u0103 \u00een medicin\u0103, \u00een special sub form\u0103 de suplimente alimentare sau ca remediu pentru probleme digestive.<\/span><br \/>\n<span style=\"color: #000000;\">\ud83d\udc9a Argila de bentonit\u0103 poate fi folosit\u0103 \u0219i de c\u00e2ini \u0219i pisici, \u00een special pentru \u00eent\u0103rirea sistemului imunitar, pentru cancer, pentru a cur\u0103\u021ba organismul, pentru a elimina parazi\u021bii interni, pentru a u\u0219ura ficatul \u0219i rinichii.<\/span><\/p>\n","protected":false},"featured_media":6599,"comment_status":"open","ping_status":"closed","template":"","meta":{"_acf_changed":false},"product_brand":[],"product_cat":[15,224,229,225],"product_tag":[],"class_list":{"0":"post-6598","1":"product","2":"type-product","3":"status-publish","4":"has-post-thumbnail","6":"product_cat-uncategorized","7":"product_cat-oferta","8":"product_cat-superalimente","9":"product_cat-toate-produsele","11":"first","12":"instock","13":"taxable","14":"shipping-taxable","15":"purchasable","16":"product-type-simple"},"acf":[],"_links":{"self":[{"href":"https:\/\/fengchashop.com\/ro\/wp-json\/wp\/v2\/product\/6598","targetHints":{"allow":["GET"]}}],"collection":[{"href":"https:\/\/fengchashop.com\/ro\/wp-json\/wp\/v2\/product"}],"about":[{"href":"https:\/\/fengchashop.com\/ro\/wp-json\/wp\/v2\/types\/product"}],"replies":[{"embeddable":true,"href":"https:\/\/fengchashop.com\/ro\/wp-json\/wp\/v2\/comments?post=6598"}],"wp:featuredmedia":[{"embeddable":true,"href":"https:\/\/fengchashop.com\/ro\/wp-json\/wp\/v2\/media\/6599"}],"wp:attachment":[{"href":"https:\/\/fengchashop.com\/ro\/wp-json\/wp\/v2\/media?parent=6598"}],"wp:term":[{"taxonomy":"product_brand","embeddable":true,"href":"https:\/\/fengchashop.com\/ro\/wp-json\/wp\/v2\/product_brand?post=6598"},{"taxonomy":"product_cat","embeddable":true,"href":"https:\/\/fengchashop.com\/ro\/wp-json\/wp\/v2\/product_cat?post=6598"},{"taxonomy":"product_tag","embeddable":true,"href":"https:\/\/fengchashop.com\/ro\/wp-json\/wp\/v2\/product_tag?post=6598"}],"curies":[{"name":"wp","href":"https:\/\/api.w.org\/{rel}","templated":true}]}}