{"id":6596,"date":"2023-05-26T08:42:08","date_gmt":"2023-05-26T06:42:08","guid":{"rendered":"https:\/\/fengchashop.com\/ro\/product\/suma-root-pulbere-250-g\/"},"modified":"2026-04-28T15:55:14","modified_gmt":"2026-04-28T13:55:14","slug":"suma-root-pulbere","status":"publish","type":"product","link":"https:\/\/fengchashop.com\/ro\/product\/suma-root-pulbere\/","title":{"rendered":"Suma root pulbere 250 g"},"content":{"rendered":"<h2><span style=\"color: #000000\">Suma r\u0103d\u0103cinilor <\/span><\/h2>\n<div>\n<p><span style=\"color: #000000\">R\u0103d\u0103cina de suma este o plant\u0103, cunoscut\u0103 \u0219tiin\u021bific sub numele de Pfaffia paniculata, originar\u0103 din America de Sud, \u00een principal din p\u0103durea amazonian\u0103. Este cunoscut\u0103 \u0219i sub numele de &#8222;ginseng brazilian&#8221; sau &#8222;Para Todo&#8221;, care se traduce prin &#8222;pentru tot&#8221;. R\u0103d\u0103cina de Suma este o plant\u0103 peren\u0103 care are r\u0103d\u0103cini mari \u0219i este utilizat\u0103 \u00een mod tradi\u021bional \u00een fitoterapie.<\/span><\/p>\n<p><span style=\"color: #000000\">R\u0103d\u0103cina de Suma con\u021bine mul\u021bi compu\u0219i biologic activi, cum ar fi ecdysteroizi, polizaharide, fitosteroli, glicozide \u0219i multe alte substan\u021be fitochimice. Datorit\u0103 compozi\u021biei sale, este considerat\u0103 o plant\u0103 adaptogen\u0103, ceea ce \u00eenseamn\u0103 c\u0103 ajut\u0103 organismul s\u0103 fac\u0103 fa\u021b\u0103 stresului \u0219i restabile\u0219te echilibrul.<\/span><\/p>\n<h2><span style=\"color: #000000\">Care sunt ingredientele active importante din r\u0103d\u0103cina de Suma?<\/span><\/h2>\n<\/div>\n<div>\n<div>\n<p><span style=\"color: #000000\">R\u0103d\u0103cina de Suma con\u021bine o serie de nutrien\u021bi importan\u021bi \u0219i compu\u0219i bioactivi care pot aduce beneficii pentru s\u0103n\u0103tate.<\/span><\/p>\n<p><span style=\"color: #000000\"><strong>Ecdisteroizii<\/strong> sunt compu\u0219i care au o structur\u0103 similar\u0103 cu cea a hormonului natural ecdisteroid, care se g\u0103se\u0219te \u00een unele insecte. Ecdisteroizilor din r\u0103d\u0103cina de Suma li se atribuie o serie de efecte benefice asupra organismului, inclusiv cre\u0219terea rezisten\u021bei, \u00eembun\u0103t\u0103\u021birea tonusului muscular \u0219i promovarea recuper\u0103rii dup\u0103 exerci\u021bii fizice.<\/span><\/p>\n<p><span style=\"color: #000000\">R\u0103d\u0103cina de Suma <strong>con\u021bine polizaharide<\/strong>, care sunt carbohidra\u021bi complec\u0219i. Polizaharidele pot sus\u021bine sistemul imunitar, promoveaz\u0103 s\u0103n\u0103tatea digestiv\u0103 \u0219i contribuie la s\u0103n\u0103tatea general\u0103 a organismului.<\/span><\/p>\n<p><span style=\"color: #000000\">R\u0103d\u0103cina de Suma con\u021bine <strong>fitosteroli<\/strong>, care pot contribui la reglarea <strong>nivelului de colesterol<\/strong> din organism \u0219i la sus\u021binerea <strong>s\u0103n\u0103t\u0103\u021bii inimii<\/strong>.<\/span><\/p>\n<p><span style=\"color: #000000\">R\u0103d\u0103cina de Suma con\u021bine, de asemenea, glicozide, care sunt compu\u0219i forma\u021bi dintr-un zah\u0103r \u0219i o alt\u0103 parte molecular\u0103. Unele dintre glicozidele din r\u0103d\u0103cina de Suma pot avea efecte benefice pentru s\u0103n\u0103tate, cum ar fi promovarea unei circula\u021bii sangvine s\u0103n\u0103toase.<\/span><\/p>\n<p><span style=\"color: #000000\">Pe l\u00e2ng\u0103 ace\u0219ti nutrien\u021bi \u0219i compu\u0219i, r\u0103d\u0103cina de Suma <strong>con\u021bine, de asemenea, minerale, vitamine \u0219i antioxidan\u021bi<\/strong> care pot sus\u021bine s\u0103n\u0103tatea \u0219i bun\u0103starea general\u0103.<\/span><\/p>\n<h2><span style=\"color: #000000\">Efecte care au un efect pozitiv asupra s\u0103n\u0103t\u0103\u021bii \u0219i organismului nostru<\/span><\/h2>\n<\/div>\n<\/div>\n<div>\n<p><span style=\"color: #000000\">R\u0103d\u0103cina de Suma este utilizat\u0103 pe scar\u0103 larg\u0103 ca supliment alimentar datorit\u0103 poten\u021bialelor sale beneficii pentru s\u0103n\u0103tate, cum ar fi cre\u0219terea energiei, \u00eembun\u0103t\u0103\u021birea rezisten\u021bei, stimularea sistemului imunitar, reglarea hormonilor, sus\u021binerea s\u0103n\u0103t\u0103\u021bii sexuale \u0219i, \u00een general, \u00eembun\u0103t\u0103\u021birea st\u0103rii de bine.<\/span><\/p>\n<p><span style=\"color: #000000\"><em><strong>Printre efectele r\u0103d\u0103cinii Suma se num\u0103r\u0103:<\/strong><\/em><\/span><\/p>\n<\/div>\n<div>\n<p><span style=\"color: #000000\">\ud83d\udc9a Cre\u0219terea energiei \u0219i reducerea oboselii \u0219i \u00eembun\u0103t\u0103\u021birea rezisten\u021bei,<\/span><br \/>\n<span style=\"color: #000000\">\ud83d\udc9a ajut\u00e2nd organismul s\u0103 fac\u0103 fa\u021b\u0103 stresului \u0219i s\u0103 restabileasc\u0103 echilibrul,<\/span><br \/>\n<span style=\"color: #000000\">\ud83d\udc9a are propriet\u0103\u021bi calmante,<\/span><br \/>\n<span style=\"color: #000000\">\ud83d\udc9a sus\u021bine sistemul imunitar,<\/span><br \/>\n<span style=\"color: #000000\">\ud83d\udc9a ajut\u0103 la \u00eembun\u0103t\u0103\u021birea sistemului de ap\u0103rare al organismului,<\/span><br \/>\n<span style=\"color: #000000\">\ud83d\udc9a pentru a sus\u021bine s\u0103n\u0103tatea sexual\u0103 \u0219i libidoul,<\/span><br \/>\n<span style=\"color: #000000\">\ud83d\udc9a pentru a \u00eembun\u0103t\u0103\u021bi bun\u0103starea general\u0103, concentrarea \u0219i vitalitatea.<\/span><\/p>\n<h2><span style=\"color: #000000\">Utilizare \u0219i doza zilnic\u0103 recomandat\u0103<\/span><\/h2>\n<\/div>\n<div>\n<p><span style=\"color: #000000\">Amesteca\u021bi <strong>1 p\u00e2n\u0103 la 2 grame sau mai pu\u021bin de o jum\u0103tate de linguri\u021b\u0103<\/strong> de pulbere de suma rooto <strong>o dat\u0103 pe zi<\/strong> \u00een ap\u0103, ceai, suc sau smoothie. Amesteca\u021bi bine pentru a distribui uniform pulberea \u00een lichid.<\/span><\/p>\n<p><span style=\"color: #000000\">Poate fi preparat sub form\u0103 de ceai, amestec\u00e2nd cantitatea dorit\u0103 de pulbere de suma rooto \u00eentr-o can\u0103 de ap\u0103 c\u0103ldu\u021b\u0103 (nu fierbinte). L\u0103sa\u021bi pulberea s\u0103 se infuzeze \u00een ap\u0103 timp de c\u00e2teva minute, apoi amesteca\u021bi \u0219i be\u021bi.<\/span><\/p>\n<p><span style=\"color: #000000\">Pulberea de r\u0103d\u0103cin\u0103 de Suma poate fi amestecat\u0103 \u00eentr-o varietate de preparate (se poate amesteca \u00een smoothie-uri, iaurt, terci, batoane energizante etc.).<\/span><\/p>\n<h2><span style=\"color: #000000;text-align: justify\">Ingrediente<\/span><\/h2>\n<\/div>\n<p style=\"text-align: justify\"><span style=\"color: #000000\">Ingrediente.<\/span><\/p>\n<h2 style=\"text-align: justify\"><span style=\"color: #000000\">P\u0103strare \u0219i avertismente<\/span><\/h2>\n<p><span style=\"color: #000000\">A se p\u0103stra \u00eentr-un loc r\u0103coros \u0219i uscat, la o temperatur\u0103 de p\u00e2n\u0103 la 25 \u00b0C. A nu se l\u0103sa la \u00eendem\u00e2na copiilor!<\/span><\/p>\n<p><span style=\"color: #000000\">Nu uita\u021bi importan\u021ba unei diete variate \u0219i a unui stil de via\u021b\u0103 s\u0103n\u0103tos, un supliment alimentar nu este, prin urmare, un substitut pentru o diet\u0103 echilibrat\u0103 \u0219i variat\u0103. Cantitatea sau doza zilnic\u0103 recomandat\u0103 nu trebuie s\u0103 fie dep\u0103\u0219it\u0103.<\/span><\/p>\n<p><span style=\"color: #000000\">Femeilor \u00eens\u0103rcinate \u0219i mamelor care al\u0103pteaz\u0103 li se recomand\u0103 s\u0103 nu \u00eel foloseasc\u0103. Consumul de r\u0103d\u0103cin\u0103 de Suma nu este recomandat persoanelor cu afec\u021biuni medicale specifice, cum ar fi cancerul hormono-dependent, boli autoimune, epilepsie, hemoragii sau orice alt\u0103 afec\u021biune grav\u0103. De asemenea, dac\u0103 sunte\u021bi alergic la alte plante sau ave\u021bi o hipersensibilitate cunoscut\u0103, evita\u021bi utilizarea r\u0103d\u0103cinii de Suma. Este indicat s\u0103 v\u0103 consulta\u021bi medicul pentru mai multe informa\u021bii \u00een cazul \u00een care ave\u021bi probleme de s\u0103n\u0103tate.<\/span><\/p>\n<h2><span style=\"color: #000000\">Ambalaj<\/span><\/h2>\n<p style=\"text-align: justify\"><span style=\"color: #000000\">Pung\u0103 cu fermoar nepermeabil \u00een care produsul \u00ee\u0219i p\u0103streaz\u0103 toat\u0103 prospe\u021bimea \u0219i aroma. Ambalajul protejeaz\u0103 produsul de lumin\u0103 \u0219i de aer, fiind compus din mai multe straturi de protec\u021bie pentru a p\u0103stra propriet\u0103\u021bile con\u021binutului.<\/span><\/p>\n<p style=\"text-align: justify\"><span style=\"color: #000000\">Ambalajul este foarte practic \u0219i reciclabil.<\/span><\/p>\n<h2 style=\"text-align: justify\"><span style=\"color: #000000\">Origine<\/span><\/h2>\n<p style=\"text-align: justify\"><span style=\"color: #000000\">Brazilia<\/span><\/p>\n","protected":false},"excerpt":{"rendered":"<p>R\u0103d\u0103cina de Suma este o plant\u0103 cunoscut\u0103 sub denumirea \u0219tiin\u021bific\u0103 de Pfaffia paniculata, care este originar\u0103 din America de Sud, \u00een special din p\u0103durea amazonian\u0103. Este cunoscut\u0103 \u0219i sub numele de &#8222;ginseng brazilian&#8221; sau &#8222;Para Todo&#8221;, care se traduce prin &#8222;pentru tot&#8221;. Este o plant\u0103 peren\u0103 cu r\u0103d\u0103cini mari \u0219i este utilizat\u0103 \u00een mod tradi\u021bional \u00een fitoterapie. Este adesea folosit ca supliment alimentar pentru poten\u021bialele sale beneficii pentru s\u0103n\u0103tate, cum ar fi cre\u0219terea energiei, \u00eembun\u0103t\u0103\u021birea rezisten\u021bei, stimularea sistemului imunitar, reglarea hormonilor, sus\u021binerea s\u0103n\u0103t\u0103\u021bii sexuale \u0219i, \u00een general, \u00eembun\u0103t\u0103\u021birea st\u0103rii de bine.<\/p>\n<p><span style=\"color: #000000\">\ud83d\udc9a Pentru a \u00eembun\u0103t\u0103\u021bi bun\u0103starea general\u0103, concentrarea \u0219i vitalitatea.<\/span><br \/>\n<span style=\"color: #000000\">\ud83d\udc9a Ajut\u0103 organismul s\u0103 fac\u0103 fa\u021b\u0103 stresului \u0219i s\u0103 restabileasc\u0103 echilibrul.<\/span><br \/>\n<span style=\"color: #000000\">\ud83d\udc9a Pentru a sus\u021bine s\u0103n\u0103tatea sexual\u0103 \u0219i libidoul.<\/span><br \/>\n<span style=\"color: #000000\">\ud83d\udc9a Cre\u0219te energia \u0219i reduce oboseala \u0219i \u00eembun\u0103t\u0103\u021be\u0219te rezisten\u021ba.<\/span><\/p>\n","protected":false},"featured_media":6597,"comment_status":"open","ping_status":"closed","template":"","meta":{"_acf_changed":false},"product_brand":[],"product_cat":[15,224,229,225],"product_tag":[],"class_list":{"0":"post-6596","1":"product","2":"type-product","3":"status-publish","4":"has-post-thumbnail","6":"product_cat-uncategorized","7":"product_cat-oferta","8":"product_cat-superalimente","9":"product_cat-toate-produsele","11":"first","12":"instock","13":"taxable","14":"shipping-taxable","15":"purchasable","16":"product-type-simple"},"acf":[],"_links":{"self":[{"href":"https:\/\/fengchashop.com\/ro\/wp-json\/wp\/v2\/product\/6596","targetHints":{"allow":["GET"]}}],"collection":[{"href":"https:\/\/fengchashop.com\/ro\/wp-json\/wp\/v2\/product"}],"about":[{"href":"https:\/\/fengchashop.com\/ro\/wp-json\/wp\/v2\/types\/product"}],"replies":[{"embeddable":true,"href":"https:\/\/fengchashop.com\/ro\/wp-json\/wp\/v2\/comments?post=6596"}],"wp:featuredmedia":[{"embeddable":true,"href":"https:\/\/fengchashop.com\/ro\/wp-json\/wp\/v2\/media\/6597"}],"wp:attachment":[{"href":"https:\/\/fengchashop.com\/ro\/wp-json\/wp\/v2\/media?parent=6596"}],"wp:term":[{"taxonomy":"product_brand","embeddable":true,"href":"https:\/\/fengchashop.com\/ro\/wp-json\/wp\/v2\/product_brand?post=6596"},{"taxonomy":"product_cat","embeddable":true,"href":"https:\/\/fengchashop.com\/ro\/wp-json\/wp\/v2\/product_cat?post=6596"},{"taxonomy":"product_tag","embeddable":true,"href":"https:\/\/fengchashop.com\/ro\/wp-json\/wp\/v2\/product_tag?post=6596"}],"curies":[{"name":"wp","href":"https:\/\/api.w.org\/{rel}","templated":true}]}}