{"id":6593,"date":"2023-05-26T08:11:18","date_gmt":"2023-05-26T06:11:18","guid":{"rendered":"https:\/\/fengchashop.com\/ro\/product\/muira-puama-pudra-250-g\/"},"modified":"2026-04-28T08:45:36","modified_gmt":"2026-04-28T06:45:36","slug":"muira-puama-pudra-250-g","status":"publish","type":"product","link":"https:\/\/fengchashop.com\/ro\/product\/muira-puama-pudra-250-g\/","title":{"rendered":"Muira Puama pudr\u0103 250 g"},"content":{"rendered":"<h2><span style=\"color: #000000\">Muira Puama<\/span><\/h2>\n<p><span style=\"color: #000000\">Muira Puama, cunoscut\u0103 \u0219i sub numele de &#8222;puterea lemnului&#8221;, este un tip de plant\u0103 originar\u0103 din <strong>p\u0103durea amazonian\u0103 din Brazilia<\/strong>. Denumirea botanic\u0103 a plantei este <strong>Ptychopetalum olacoides<\/strong>. Frunzele \u0219i scoar\u021ba plantei sunt folosite pentru a<strong>prepara preparate medicinale<\/strong> care sunt administrate pe cale oral\u0103 sub form\u0103 de ceaiuri, tincturi sau suplimente alimentare. Muira Puama este folosit\u0103 de mult timp \u00een medicina tradi\u021bional\u0103 \u00een diverse scopuri, <strong>\u00een special pentru \u00eembun\u0103t\u0103\u021birea func\u021biei sexuale \u0219i a dorin\u021bei sexuale<\/strong>.<\/span><\/p>\n<h2><span style=\"color: #000000\">Ce face ca Muira Puama s\u0103 fie at\u00e2t de special\u0103 \u0219i at\u00e2t de diferit\u0103?<\/span><\/h2>\n<div>\n<p><span style=\"color: #000000\">Muira Puama con\u021bine mai mul\u021bi nutrien\u021bi importan\u021bi care pot contribui la efectele sale asupra s\u0103n\u0103t\u0103\u021bii \u0219i bun\u0103st\u0103rii.<\/span><\/p>\n<p><span style=\"color: #000000\">Exist\u0103 o serie de <strong>compu\u0219i alcaloizi<\/strong> \u00een Muira Puama, inclusiv concentra\u021bii precum muirapuamina, muirapuamina-D, hirsutina \u0219i acacetina. Ace\u0219ti compu\u0219i pot avea o varietate de efecte biologice \u0219i sunt importan\u021bi pentru propriet\u0103\u021bile sale de s\u0103n\u0103tate.<\/span><\/p>\n<\/div>\n<div>\n<p><span style=\"color: #000000\">Muira Puama con\u021bine, de asemenea, <strong>steroli<\/strong>, cum ar fi beta-sitosterol \u0219i stigmasterol. Ace\u0219ti steroli sunt steroli vegetali cunoscu\u021bi pentru <strong>efectele<\/strong> lor <strong>benefice asupra s\u0103n\u0103t\u0103\u021bii inimii, a colesterolului \u0219i a sistemului imunitar<\/strong>.<\/span><\/p>\n<p><span style=\"color: #000000\"><strong>Flavonoidele<\/strong> sunt un grup de compu\u0219i vegetali care ac\u021bioneaz\u0103 ca <strong>antioxidan\u021bi \u0219i au propriet\u0103\u021bi antiinflamatorii<\/strong>. Diverse flavonoide sunt prezente \u00een Muira Puami \u0219i pot contribui la <strong>protejarea celulelor \u00eempotriva stresului oxidativ<\/strong>. Muira Puama con\u021bine, de asemenea, <strong>cantit\u0103\u021bi mici de uleiuri esen\u021biale<\/strong>, care confer\u0103 plantei mirosul s\u0103u caracteristic. Aceste uleiuri pot <strong>contribui la propriet\u0103\u021bile sale aromatice<\/strong>.<\/span><\/p>\n<\/div>\n<div>\n<p><span style=\"color: #000000\">Este important de re\u021binut c\u0103 compozi\u021bia exact\u0103 a nutrien\u021bilor din Muira Puama depinde de <strong>tipul de plant\u0103, de condi\u021biile de cre\u0219tere \u0219i de modul de ob\u021binere a extractului<\/strong>.<\/span><\/p>\n<h2><span style=\"color: #000000\">Efecte care au un efect pozitiv asupra s\u0103n\u0103t\u0103\u021bii \u0219i organismului nostru<\/span><\/h2>\n<\/div>\n<p><span style=\"color: #000000\"><em><strong>Muira Puama este cunoscut\u0103 pentru efectele sale poten\u021biale asupra s\u0103n\u0103t\u0103\u021bii \u0219i bun\u0103st\u0103rii:<\/strong><\/em><\/span><br \/>\n<span style=\"color: #000000\">\ud83d\udc9a Ac\u021bioneaz\u0103 ca un <strong>afrodisiac natural<\/strong>,<\/span><br \/>\n<span style=\"color: #000000\">\ud83d\udc9a Este folosit pentru a<strong> \u00eembun\u0103t\u0103\u021bi dorin\u021ba sexual\u0103, a cre\u0219te libidoul \u0219i a \u00eembun\u0103t\u0103\u021bi func\u021bia sexual\u0103 at\u00e2t la b\u0103rba\u021bi, c\u00e2t \u0219i la femei<\/strong>,<\/span><br \/>\n<span style=\"color: #000000\">\ud83d\udc9a folosit pentru a <strong>\u00eembun\u0103t\u0103\u021bi energia, rezisten\u021ba \u0219i senza\u021bia general\u0103<\/strong>,<\/span><br \/>\n<span style=\"color: #000000\">\ud83d\udc9a ajut\u0103 la <strong>reducerea oboselii \u0219i la \u00eembun\u0103t\u0103\u021birea st\u0103rii de bine<\/strong>,<\/span><br \/>\n<span style=\"color: #000000\">\ud83d\udc9a ajut\u0103 la <strong>reducerea stresului \u0219i la \u00eembun\u0103t\u0103\u021birea st\u0103rii de spirit<\/strong>,<\/span><br \/>\n<span style=\"color: #000000\">\ud83d\udc9a are<strong> propriet\u0103\u021bi calmante<\/strong>,<\/span><br \/>\n<span style=\"color: #000000\">\ud83d\udc9a ajut\u0103 la <strong>gestionarea anxiet\u0103\u021bii<\/strong>,<\/span><br \/>\n<span style=\"color: #000000\">\ud83d\udc9a \u00eembun\u0103t\u0103\u021be\u0219te<strong> func\u021biile cognitive<\/strong>, cum ar fi concentrarea, memoria \u0219i abilit\u0103\u021bile de g\u00e2ndire,<\/span><br \/>\n<span style=\"color: #000000\">\ud83d\udc9a poate ajuta la <strong>s\u0103n\u0103tatea cardiovascular\u0103<\/strong>,<\/span><br \/>\n<span style=\"color: #000000\"> \ud83d\udc9a ajut\u0103 la sc\u0103derea <strong>tensiunii arteriale \u0219i la \u00eembun\u0103t\u0103\u021birea circula\u021biei s\u00e2ngelui<\/strong>.<\/span><\/p>\n<h2 style=\"text-align: justify\"><span style=\"color: #000000\">P\u0103strare \u0219i avertismente<\/span><\/h2>\n<p><span style=\"color: #000000\">A se p\u0103stra \u00eentr-un loc r\u0103coros \u0219i uscat, la temperaturi de p\u00e2n\u0103 la 25 \u00b0C. A nu se l\u0103sa la \u00eendem\u00e2na copiilor!<\/span><\/p>\n<p><span style=\"color: #000000\">Nu uita\u021bi importan\u021ba unei diete variate \u0219i a unui stil de via\u021b\u0103 s\u0103n\u0103tos, un supliment alimentar nu este, prin urmare, un substitut pentru o diet\u0103 echilibrat\u0103 \u0219i variat\u0103. Cantitatea sau doza zilnic\u0103 recomandat\u0103 nu trebuie s\u0103 fie dep\u0103\u0219it\u0103.<\/span><\/p>\n<p><span style=\"color: #000000\">Femeilor \u00eens\u0103rcinate \u0219i mamelor care al\u0103pteaz\u0103 li se recomand\u0103 s\u0103 nu \u00eel foloseasc\u0103. Utilizarea de Muira Puama nu este recomandat\u0103 persoanelor cu tulbur\u0103ri hormonale sau sanguine care iau \u0219i terapie hormonal\u0103 sau medicamente pentru tensiune arterial\u0103. Se recomand\u0103 consultarea medicului dumneavoastr\u0103 pentru mai multe informa\u021bii \u00een cazul \u00een care ave\u021bi probleme de s\u0103n\u0103tate.<\/span><\/p>\n<h2 style=\"text-align: justify\"><span style=\"color: #000000\">Ambalaj<\/span><\/h2>\n<p style=\"text-align: justify\"><span style=\"color: #000000\">Pung\u0103 cu fermoar nepermeabil \u00een care produsul \u00ee\u0219i p\u0103streaz\u0103 toat\u0103 prospe\u021bimea \u0219i aroma. Ambalajul protejeaz\u0103 produsul de lumin\u0103 \u0219i de aer, fiind compus din mai multe straturi de protec\u021bie pentru a p\u0103stra propriet\u0103\u021bile con\u021binutului.<\/span><\/p>\n<p style=\"text-align: justify\"><span style=\"color: #000000\">Ambalajul este foarte practic \u0219i reciclabil.<\/span><\/p>\n<h2 style=\"text-align: justify\"><span style=\"color: #000000\">Origine<\/span><\/h2>\n<p style=\"text-align: justify\"><span style=\"color: #000000\">Brazilia<\/span><\/p>\n","protected":false},"excerpt":{"rendered":"<p>Muira Puama, cunoscut\u0103 \u0219i sub numele de &#8222;puterea lemnului&#8221;, este un tip de plant\u0103 originar\u0103 din p\u0103durea tropical\u0103 amazonian\u0103 din Brazilia. Denumirea botanic\u0103 a plantei este Ptychopetalum olacoides. Frunzele \u0219i scoar\u021ba plantei sunt folosite pentru a prepara preparate medicinale care se administreaz\u0103 pe cale oral\u0103 sub form\u0103 de ceaiuri, tincturi sau suplimente alimentare. Muira Puama este folosit\u0103 de mult timp \u00een medicina tradi\u021bional\u0103 \u00een diverse scopuri, \u00een special pentru \u00eembun\u0103t\u0103\u021birea func\u021biei sexuale \u0219i a dorin\u021bei sexuale.<\/p>\n<p><span style=\"color: #000000\">\ud83d\udc9a Ea poate ajuta la s\u0103n\u0103tatea cardiovascular\u0103.<\/span><br \/>\n<span style=\"color: #000000\">\ud83d\udc9a Poate contribui la reducerea oboselii \u0219i la \u00eembun\u0103t\u0103\u021birea st\u0103rii de bine.<\/span><br \/>\n<span style=\"color: #000000\">\ud83d\udc9a Ac\u021bioneaz\u0103 ca un afrodisiac natural.<\/span><br \/>\n<span style=\"color: #000000\">\ud83d\udc9a Este utilizat pentru a \u00eembun\u0103t\u0103\u021bi apetitul sexual, pentru a cre\u0219te libidoul \u0219i pentru a \u00eembun\u0103t\u0103\u021bi func\u021bia sexual\u0103 at\u00e2t la b\u0103rba\u021bi, c\u00e2t \u0219i la femei.<\/span><\/p>\n","protected":false},"featured_media":6594,"comment_status":"open","ping_status":"closed","template":"","meta":{"_acf_changed":false},"product_brand":[],"product_cat":[15,229],"product_tag":[],"class_list":{"0":"post-6593","1":"product","2":"type-product","3":"status-publish","4":"has-post-thumbnail","6":"product_cat-uncategorized","7":"product_cat-superalimente","9":"first","10":"instock","11":"taxable","12":"shipping-taxable","13":"purchasable","14":"product-type-simple"},"acf":[],"_links":{"self":[{"href":"https:\/\/fengchashop.com\/ro\/wp-json\/wp\/v2\/product\/6593","targetHints":{"allow":["GET"]}}],"collection":[{"href":"https:\/\/fengchashop.com\/ro\/wp-json\/wp\/v2\/product"}],"about":[{"href":"https:\/\/fengchashop.com\/ro\/wp-json\/wp\/v2\/types\/product"}],"replies":[{"embeddable":true,"href":"https:\/\/fengchashop.com\/ro\/wp-json\/wp\/v2\/comments?post=6593"}],"wp:featuredmedia":[{"embeddable":true,"href":"https:\/\/fengchashop.com\/ro\/wp-json\/wp\/v2\/media\/6594"}],"wp:attachment":[{"href":"https:\/\/fengchashop.com\/ro\/wp-json\/wp\/v2\/media?parent=6593"}],"wp:term":[{"taxonomy":"product_brand","embeddable":true,"href":"https:\/\/fengchashop.com\/ro\/wp-json\/wp\/v2\/product_brand?post=6593"},{"taxonomy":"product_cat","embeddable":true,"href":"https:\/\/fengchashop.com\/ro\/wp-json\/wp\/v2\/product_cat?post=6593"},{"taxonomy":"product_tag","embeddable":true,"href":"https:\/\/fengchashop.com\/ro\/wp-json\/wp\/v2\/product_tag?post=6593"}],"curies":[{"name":"wp","href":"https:\/\/api.w.org\/{rel}","templated":true}]}}