{"id":6587,"date":"2023-04-04T11:24:36","date_gmt":"2023-04-04T09:24:36","guid":{"rendered":"https:\/\/fengchashop.com\/ro\/product\/horny-goat-weed-bio-in-pulbere-250-g\/"},"modified":"2026-05-01T10:08:16","modified_gmt":"2026-05-01T08:08:16","slug":"horny-goat-weed-in-pulbere","status":"publish","type":"product","link":"https:\/\/fengchashop.com\/ro\/product\/horny-goat-weed-in-pulbere\/","title":{"rendered":"Horny goat weed \u00een pulbere 250 g"},"content":{"rendered":"<h2><span style=\"color: #000000;\">Horny goat weed \u00een pulbere <\/span><\/h2>\n<p><span style=\"color: #000000;\">Epimedium brevicornum \u00cen englez\u0103, aceast\u0103 plant\u0103 stufoas\u0103 se nume\u0219te Horny goat weed sau Horny goat, care \u00een sloven\u0103 \u00eenseamn\u0103 \u201eiarba caprei necesare\u201d. Numele se refer\u0103 la cre\u0219terea libidoului la caprele care au m\u00e2ncat arbu\u0219tii. Cre\u0219te p\u00e2n\u0103 la 30 cm \u0219i are multe flori (violet, roz, galben \u0219i alb), care sunt grupate \u00een ciorchini sau ciorchini.<\/span><\/p>\n<p><span style=\"color: #000000;\">Buruiana de capr\u0103 excitat\u0103 cre\u0219te \u00een climatul temperat \u0219i subtropical \u0219i \u00ee\u0219i are originea ini\u021bial \u00een China \u0219i Coreea. A fost folosit \u00een medicina tradi\u021bional\u0103 chinez\u0103 de mii de ani ca remediu tradi\u021bional pentru multe probleme, inclusiv disfunc\u021bii \u0219i menopauz\u0103 \u0219i este, de asemenea, considerat un afrodisiac at\u00e2t pentru b\u0103rba\u021bi, c\u00e2t \u0219i pentru femei.<\/span><\/p>\n<h2><span style=\"color: #000000;\">Care sunt ingredientele active importante ale Horny Goat?<\/span><\/h2>\n<p><span style=\"color: #000000;\">S-a dovedit \u0219tiin\u021bific c\u0103 capra \u00eencordat\u0103 con\u021bine compu\u0219i care au propriet\u0103\u021bi farmacologice, cum ar fi relaxarea muscular\u0103, cre\u0219terea nivelului de testosteron \u0219i a fluxului sanguin.<\/span><\/p>\n<p><span style=\"color: #000000;\">Capra cornita este o planta care este imbogatita cu flavonoide, compusi fenolici si alti nutrienti importanti care pot aduce beneficii sanatatii in diverse moduri. Acesta este motivul pentru care capra cornoas\u0103 devine o plant\u0103 din ce \u00een ce mai popular\u0103, at\u00e2t pentru utilizare ca supliment alimentar, c\u00e2t \u0219i ca preparat pe baz\u0103 de plante pentru diferite boli \u0219i pentru \u00eembun\u0103t\u0103\u021birea s\u0103n\u0103t\u0103\u021bii.<\/span><\/p>\n<p><span style=\"color: #000000;\">Icariina este un compus flavoid \u0219i este principalul ingredient activ al buruienilor de capr\u0103 \u00eenc\u00e2ntat\u0103. Icariina ac\u021bioneaz\u0103 ca un inhibitor natural al enzimei PDE5, care poate provoca disfunc\u021bie erectil\u0103. Utilizarea icariinei \u00eembun\u0103t\u0103\u021be\u0219te func\u021bia sexual\u0103 \u0219i tratamentul disfunc\u021biei erectile. Cu toate acestea, icariina este utilizat\u0103 pe scar\u0103 larg\u0103 pentru a \u00eembun\u0103t\u0103\u021bi performan\u021ba atletic\u0103, deoarece poate cre\u0219te nivelul de testosteron \u0219i poate sc\u0103dea nivelul de cortizol, contribuind la \u00eembun\u0103t\u0103\u021birea masei musculare \u0219i a for\u021bei. \u00cen plus, icariina poate promova \u0219i restabilirea densit\u0103\u021bii osoase, ceea ce poate reduce riscul de osteoporoz\u0103 \u0219i poate \u00eembun\u0103t\u0103\u021bi s\u0103n\u0103tatea oaselor.<\/span><\/p>\n<h2><span style=\"color: #000000;\">Caracteristici cheie pe care ni le ofer\u0103 Horny Goat?<\/span><\/h2>\n<p><span style=\"color: #000000;\">Buruiana de capr\u0103 excitat\u0103 este din ce \u00een ce mai folosit\u0103 ca supliment \u00een diverse scopuri. \u00cen medicina tradi\u021bional\u0103 chinez\u0103, este folosit ca afrodisiac, tonic \u0219i antireumatic.<\/span><\/p>\n<p><span style=\"color: #000000;\">Efecte care au un efect pozitiv asupra s\u0103n\u0103t\u0103\u021bii \u0219i corpului nostru:<\/span><\/p>\n<p><span style=\"color: #000000;\">\ud83d\udc9a \u00eembun\u0103t\u0103\u021be\u0219te func\u021bionarea gonadelor,<\/span><br \/>\n<span style=\"color: #000000;\">\ud83d\udc9a \u00eembun\u0103t\u0103\u021be\u0219te libidoul la b\u0103rba\u021bi \u0219i disfunc\u021bia erectil\u0103,<\/span><br \/>\n<span style=\"color: #000000;\">\ud83d\udc9a ajut\u0103 la tratarea impoten\u021bei \u0219i a infertilit\u0103\u021bii masculine,<\/span><br \/>\n<span style=\"color: #000000;\">\ud83d\udc9a folosit ca tonic pentru sistemul reproductiv,<\/span><br \/>\n<span style=\"color: #000000;\">\ud83d\udc9a cre\u0219te energia \u0219i rezisten\u021ba,<\/span><br \/>\n<span style=\"color: #000000;\">\ud83d\udc9a amelioreaz\u0103 simptomele menopauzei,<\/span><br \/>\n<span style=\"color: #000000;\">\ud83d\udc9a regleaz\u0103 sistemul cardiovascular (fluxul sanguin),<\/span><br \/>\n<span style=\"color: #000000;\">\ud83d\udc9a \u00eembun\u0103t\u0103\u021be\u0219te func\u021bionarea sistemului imunitar,<\/span><br \/>\n<span style=\"color: #000000;\">\ud83d\udc9a amelioreaz\u0103 durerile articulare \u0219i artrita,<\/span><br \/>\n<span style=\"color: #000000;\">\ud83d\udc9a are efect antibacterian, antiviral \u0219i antiinflamator,<\/span><br \/>\n<span style=\"color: #000000;\">\ud83d\udc9a reduce anxietatea \u0219i depresia,<\/span><br \/>\n<span style=\"color: #000000;\">\ud83d\udc9a \u00eembun\u0103t\u0103\u021be\u0219te metabolismul organismului \u0219i func\u021bia organelor.<\/span><\/p>\n<h2><span style=\"color: #000000;\">Ambalare<\/span><\/h2>\n<p><span style=\"color: #000000;\">Pung\u0103 stand up etan\u0219\u0103 cu fermoar, \u00een care produsul \u00ee\u0219i p\u0103streaz\u0103 toat\u0103 prospe\u021bimea \u0219i aroma. Ambalajul protejeaz\u0103 de lumin\u0103 \u0219i de aer. Este format din mai multe straturi de protec\u021bie, care p\u0103streaz\u0103 caracteristicile produsului. Ambalajul este foarte practic \u0219i poate fi reciclat.<\/span><\/p>\n<h2><span style=\"color: #000000;\">Depozitare \u0219i avertismente<\/span><\/h2>\n<p><span style=\"color: #000000;\">A se p\u0103stra \u00eentr-un loc uscat \u0219i r\u0103coros, la o temperatur\u0103 de p\u00e2n\u0103 la 25 \u00b0C. Suplimentul nutritiv trebuie s\u0103 nu fie la \u00eendem\u00e2na copiilor!<\/span><\/p>\n<p><span style=\"color: #000000;\">Nu uita\u021bi de importan\u021ba unei alimenta\u021bii variate \u0219i a unui stil de via\u021b\u0103 s\u0103n\u0103tos, un supliment nutritiv nu este, prin urmare, un substitut pentru o alimenta\u021bie echilibrat\u0103 \u0219i variat\u0103. Cantitatea sau doza zilnic\u0103 recomandat\u0103 nu trebuie s\u0103 fie dep\u0103\u0219it\u0103.<\/span><\/p>\n<p><span style=\"color: #000000;\">Nu se recomand\u0103 utilizarea \u00een cazul femeilor \u00eens\u0103rcinate sau care al\u0103pteaz\u0103. De asemenea, se nerecomand\u0103 utilizarea de c\u0103tre persoanele care iau medicamente \u00eempotriva coagul\u0103rii s\u00e2ngelui. De asemenea, nu este recomandat pacien\u021bilor cu cancer. Se recomand\u0103 s\u0103 v\u0103 adresa\u021bi medicului dumneavoastr\u0103 pentru mai multe informa\u021bii \u00een cazul \u00een care ave\u021bi probleme de s\u0103n\u0103tate.<\/span><\/p>\n<h2><span style=\"color: #000000;\">Origine<\/span><\/h2>\n<p><span style=\"color: #000000;\">China.<\/span><\/p>\n<p><span style=\"color: #000000;\">Avem furnizori foarte de \u00eencredere care ne trimit o analiz\u0103 chimic\u0103 detaliat\u0103 a alimentelor pentru fiecare lot. \u00cen mai bine de zece ani, nu am avut nicio rechemare sau alte probleme cu acest articol, nici cu alte articole de la acela\u0219i furnizor.<\/span><\/p>\n","protected":false},"excerpt":{"rendered":"<p>Buruiana de capr\u0103 \u00eenfierb\u00e2ntat\u0103, cunoscut\u0103 \u0219i sub numele \u0219tiin\u021bific de Epimedium brevicornum. A fost folosit \u00een medicina tradi\u021bional\u0103 chinez\u0103 de mii de ani ca remediu tradi\u021bional pentru multe probleme, inclusiv disfunc\u021bii \u0219i menopauz\u0103 \u0219i este, de asemenea, considerat un afrodisiac at\u00e2t pentru b\u0103rba\u021bi, c\u00e2t \u0219i pentru femei.<\/p>\n<p>\ud83d\udc9a Este folosit ca tonic pentru sistemul reproductiv.<br \/>\n\ud83d\udc9a Amelioreaz\u0103 simptomele menopauzei.<br \/>\n\ud83d\udc9a Ajut\u0103 \u00een tratarea impoten\u021bei \u0219i a infertilit\u0103\u021bii masculine.<br \/>\n\ud83d\udc9a \u00cembun\u0103t\u0103\u021be\u0219te libidoul la b\u0103rba\u021bi \u0219i disfunc\u021bia erectil\u0103.<\/p>\n","protected":false},"featured_media":7215,"comment_status":"open","ping_status":"closed","template":"","meta":{"_acf_changed":false},"product_brand":[],"product_cat":[15,224,229,225],"product_tag":[],"class_list":{"0":"post-6587","1":"product","2":"type-product","3":"status-publish","4":"has-post-thumbnail","6":"product_cat-uncategorized","7":"product_cat-oferta","8":"product_cat-superalimente","9":"product_cat-toate-produsele","11":"first","12":"instock","13":"sale","14":"taxable","15":"shipping-taxable","16":"purchasable","17":"product-type-simple"},"acf":[],"_links":{"self":[{"href":"https:\/\/fengchashop.com\/ro\/wp-json\/wp\/v2\/product\/6587","targetHints":{"allow":["GET"]}}],"collection":[{"href":"https:\/\/fengchashop.com\/ro\/wp-json\/wp\/v2\/product"}],"about":[{"href":"https:\/\/fengchashop.com\/ro\/wp-json\/wp\/v2\/types\/product"}],"replies":[{"embeddable":true,"href":"https:\/\/fengchashop.com\/ro\/wp-json\/wp\/v2\/comments?post=6587"}],"wp:featuredmedia":[{"embeddable":true,"href":"https:\/\/fengchashop.com\/ro\/wp-json\/wp\/v2\/media\/7215"}],"wp:attachment":[{"href":"https:\/\/fengchashop.com\/ro\/wp-json\/wp\/v2\/media?parent=6587"}],"wp:term":[{"taxonomy":"product_brand","embeddable":true,"href":"https:\/\/fengchashop.com\/ro\/wp-json\/wp\/v2\/product_brand?post=6587"},{"taxonomy":"product_cat","embeddable":true,"href":"https:\/\/fengchashop.com\/ro\/wp-json\/wp\/v2\/product_cat?post=6587"},{"taxonomy":"product_tag","embeddable":true,"href":"https:\/\/fengchashop.com\/ro\/wp-json\/wp\/v2\/product_tag?post=6587"}],"curies":[{"name":"wp","href":"https:\/\/api.w.org\/{rel}","templated":true}]}}