{"id":6585,"date":"2023-04-05T07:55:40","date_gmt":"2023-04-05T05:55:40","guid":{"rendered":"https:\/\/fengchashop.com\/ro\/product\/magnesium-bisglycinate-in-capsule-120-capsule\/"},"modified":"2026-04-17T00:24:12","modified_gmt":"2026-04-16T22:24:12","slug":"magnesium-bisglycinate-in-capsule","status":"publish","type":"product","link":"https:\/\/fengchashop.com\/ro\/product\/magnesium-bisglycinate-in-capsule\/","title":{"rendered":"Magnesium bisglycinate \u00een capsule 120 capsule"},"content":{"rendered":"<h2><span style=\"color: #000000\">Bisglicinat de magneziu<\/span><\/h2>\n<p style=\"text-align: justify\"><span style=\"color: #000000\">Magneziul este un <strong>mineral<\/strong> foarte important, responsabil pentru peste 300 de reac\u021bii metabolice \u00een corpul uman. Este adesea numit de exper\u021bi &#8222;regele mineralelor&#8221;. Acesta joac\u0103 un rol foarte important \u00een asigurarea bunei func\u021bion\u0103ri a oaselor, a mu\u0219chilor \u0219i a sistemului nervos. Este adesea consumat pentru a <strong>preveni crampele (la nivelul gambelor), oboseala, epuizarea \u0219i pentru o func\u021bionare mental\u0103 normal\u0103<\/strong>. Din cauza stilului de via\u021b\u0103 modern &#8211; lipsa somnului, stresul, alimenta\u021bia &#8211; apel\u0103m adesea la suplimente de magneziu. \u0218i, de\u0219i g\u0103sim o cantitate mare din acesta \u00een legumele verzi, pe\u0219te, semin\u021be de floarea-soarelui \u0219i de dovleac, fructe \u0219i nuci, pur \u0219i simplu consum\u0103m mai mult dec\u00e2t m\u00e2nc\u0103m. Sportivii \u0219i persoanele foarte active, femeile \u00eens\u0103rcinate \u0219i persoanele \u00een v\u00e2rst\u0103 au o nevoie sporit\u0103 de magneziu. \u00cen natur\u0103, magneziul este \u00eentotdeauna legat de un alt compus, ceea ce \u00eei confer\u0103 propriet\u0103\u021bi specifice, \u00een special \u00een ceea ce prive\u0219te absorb\u021bia \u0219i efectele suplimentare. Prin urmare, este important s\u0103 alegem magneziul potrivit pentru nevoile noastre.<\/span><\/p>\n<p style=\"text-align: justify\"><span style=\"color: #000000\">Magneziul sub form\u0103 de bisglicinat de magneziu este una dintre cele <b>mai noi \u0219i mai bune forme<\/b> de magneziu disponibile pe pia\u021b\u0103. Exist\u0103 mai mult de o duzin\u0103 de forme diferite de magneziu, iar unele forme sunt chiar descurajate (de exemplu, aspartatul de magneziu \u0219i glutamatul de magneziu). Astfel, nu tot magneziul ne va satisface nevoile. Alege\u021bi formele de magneziu care sunt de bun\u0103 calitate \u0219i, mai ales, potrivite pentru dumneavoastr\u0103.<\/span><\/p>\n<p style=\"text-align: justify\"><span style=\"color: #000000\">Deficitul de magneziu a fost asociat cu o serie de boli, printre care migrenele, oboseala cronic\u0103, hipertensiunea arterial\u0103, anxietatea \u0219i alte tulbur\u0103ri psihice. Magneziul repar\u0103 indirect celulele deteriorate, ceea ce previne dezvoltarea bolilor asociate cu <strong>deteriorarea celulelor<\/strong> &#8211; inclusiv cancerul, de exemplu. \u00cen acela\u0219i timp, deficitul de magneziu reduce efectul importantei vitamine D.<\/span><\/p>\n<p style=\"text-align: justify\"><span style=\"color: #000000\">Bisglicinatul nostru de magneziu este de calitate superioar\u0103.<\/span><\/p>\n<h2 style=\"text-align: justify\"><span style=\"color: #000000\">De ce s\u0103 alege\u021bi bisglicinat de magneziu?<\/span><\/h2>\n<p style=\"text-align: justify\"><span style=\"color: #000000\">Magneziul sub <strong>form\u0103 de bisglicinat de magne <\/strong> ziu este \u00een principal<b> absorbit<\/b> <b>mai repede<\/b>,<b> mai u\u0219or <\/b>\u0219i<b> mai bine<\/b> dec\u00e2t alte forme de magneziu. Este una dintre cele mai noi forme de magneziu ca supliment alimentar, care urm\u0103re\u0219te s\u0103 ofere cele mai bune beneficii f\u0103r\u0103 efectul secundar al unui efect laxativ. \u00cen prezent, este unul dintre suplimentele alimentare de magneziu de top. Acesta este un avantaj deosebit pentru persoanele a c\u0103ror digestie este sensibil\u0103 la suplimentele de magneziu, dar al c\u0103ror organism, pe de alt\u0103 parte, are nevoie de el.<\/span><\/p>\n<p style=\"text-align: justify\"><span style=\"color: #000000\">Bisglicinatul de <b>magneziu<\/b> permite organismului s\u0103 utilizeze c\u00e2t <b>mai bine magneziul<\/b>, deoarece acesta este absorbit \u00een propor\u021bie de 80 % sau chiar mai mult. Deoarece nu provoac\u0103 diaree \u0219i nu are efect laxativ, aceast\u0103 versiune de magneziu este cea mai potrivit\u0103 pentru o <b>utilizare pe termen lung<\/b>. Efectul laxativ nu este \u00eentotdeauna benefic, deoarece poate afecta absorb\u021bia altor nutrien\u021bi \u0219i poate irita intestinele delicate.<\/span><\/p>\n<p style=\"text-align: justify\"><span style=\"color: #000000\">De fapt, bisglicinatul de magneziu con\u021bine doi aminoacizi glicina\u021bi \u00een loc de unul, ceea ce \u00eenseamn\u0103 o protec\u021bie mai mare \u00eempotriva acidului gastric. Astfel, acesta ajunge \u00een intestine, unde este de fapt absorbit \u00een s\u00e2nge \u00eentr-o form\u0103 c\u00e2t mai organic\u0103.<\/span><\/p>\n<h2 style=\"text-align: justify\"><span style=\"color: #000000\">Care este efectul consumului de magneziu asupra organismului nostru?<\/span><\/h2>\n<p style=\"text-align: justify\"><span style=\"color: #000000\">Consumul de magneziu are urm\u0103toarele efecte pozitive asupra noastr\u0103, care sunt recunoscute \u0219i de c\u0103tre profesie:<\/span><\/p>\n<p><span style=\"color: #000000\">\ud83d\udc9a ajut\u0103 la reducerea oboselii \u0219i a oboselii,<\/span><\/p>\n<p><span style=\"color: #000000\">\ud83d\udc9a sus\u021bine echilibrul electroli\u021bilor, de care avem nevoie mai ales \u00een timpul efortului fizic,<\/span><\/p>\n<p><span style=\"color: #000000\">\ud83d\udc9a contribuie la eliberarea de energie metabolic\u0103,<\/span><\/p>\n<p><span style=\"color: #000000\">\ud83d\udc9a are un efect benefic asupra sistemului nervos,<\/span><\/p>\n<p><span style=\"color: #000000\">\ud83d\udc9a contribuie la func\u021bionarea normal\u0103 a mu\u0219chilor, la func\u021biile psihologice normale,<\/span><\/p>\n<p><span style=\"color: #000000\">\ud83d\udc9a joac\u0103 un rol \u00een sinteza proteinelor,<\/span><\/p>\n<p><span style=\"color: #000000\">\ud83d\udc9a men\u021bine s\u0103n\u0103tatea oaselor \u0219i a din\u021bilor,<\/span><\/p>\n<p><span style=\"color: #000000\">\ud83d\udc9a joac\u0103 un rol \u00een diviziunea celular\u0103.<\/span><\/p>\n<p style=\"text-align: justify\"><span style=\"color: #000000\">Utilizatorii mul\u021bumi\u021bi vorbesc \u0219i despre celelalte beneficii ale administr\u0103rii magneziului \u00eentr-un supliment de magneziu de calitate superioar\u0103, cu cea mai bun\u0103 form\u0103 de magneziu. <\/span><\/p>\n<h2><span style=\"color: #000000\">Ambalaj<\/span><\/h2>\n<p><span style=\"color: #000000\">Pung\u0103 cu fermoar nepermeabil \u00een care produsul \u00ee\u0219i p\u0103streaz\u0103 toat\u0103 prospe\u021bimea \u0219i aroma. Ambalajul protejeaz\u0103 \u00eempotriva luminii \u0219i a aerului, fiind format din mai multe straturi de protec\u021bie pentru a p\u0103stra propriet\u0103\u021bile con\u021binutului.<\/span><\/p>\n<p><span style=\"color: #000000\">Ambalajul este foarte practic \u0219i reciclabil.<\/span><\/p>\n<h2 style=\"text-align: justify\"><span style=\"color: #000000\">Depozitare \u0219i avertismente<\/span><\/h2>\n<p style=\"text-align: justify\"><span style=\"color: #000000\">Depozita\u021bi \u00eentr-un loc r\u0103coros \u0219i uscat, la o temperatur\u0103 de p\u00e2n\u0103 la 25 \u00b0C. P\u0103stra\u021bi suplimentul alimentar departe de copiii!<\/span><\/p>\n<p style=\"text-align: justify\"><span style=\"color: #000000\">Consulta\u021bi medicul dac\u0103 lua\u021bi \u00een acela\u0219i timp antibiotice, medicamente pentru osteoporoz\u0103 sau hipertensiune arterial\u0103, deoarece magneziul poate afecta ac\u021biunea acestora.<\/span><\/p>\n<p style=\"text-align: justify\"><span style=\"color: #000000\">Aminti\u021bi-v\u0103 de importan\u021ba unei diete variate \u0219i a unui stil de via\u021b\u0103 s\u0103n\u0103tos, un supliment alimentar nu \u00eenlocuie\u0219te o diet\u0103 echilibrat\u0103 \u0219i variat\u0103. Cantitatea sau doza zilnic\u0103 recomandat\u0103 nu trebuie s\u0103 fie dep\u0103\u0219it\u0103. Femeile \u00eens\u0103rcinate \u0219i cele care al\u0103pteaz\u0103 sunt \u00eentotdeauna sf\u0103tuite s\u0103 consulte un medic \u00eenainte de utilizare. Nu este potrivit pentru copii.<\/span><\/p>\n","protected":false},"excerpt":{"rendered":"<p>Magneziul este un mineral foarte important, responsabil pentru peste 300 de reac\u021bii metabolice din corpul uman. Este adesea numit de exper\u021bi &#8222;regele mineralelor&#8221;. Acesta joac\u0103 un rol foarte important \u00een asigurarea bunei func\u021bion\u0103ri a oaselor, a mu\u0219chilor \u0219i a sistemului nervos.<\/p>\n<p>Ajut\u0103 la reducerea oboselii \u0219i a oboselii.<br \/>\n\ud83d\udc9a Contribuie la eliberarea de energie \u00een metabolism.<br \/>\n\ud83d\udc9a Efect benefic asupra sistemului nervos.<br \/>\n\ud83d\udc9a Contribuie la func\u021bionarea normal\u0103 a mu\u0219chilor, la func\u021biile psihologice normale.<br \/>\n\ud83d\udc9a Men\u021bine s\u0103n\u0103tatea oaselor \u0219i a din\u021bilor.<\/p>\n","protected":false},"featured_media":6586,"comment_status":"open","ping_status":"closed","template":"","meta":{"_acf_changed":false},"product_brand":[],"product_cat":[15,228,224,238,225],"product_tag":[],"class_list":{"0":"post-6585","1":"product","2":"type-product","3":"status-publish","4":"has-post-thumbnail","6":"product_cat-uncategorized","7":"product_cat-minerale-si-vitamine","8":"product_cat-oferta","9":"product_cat-oferte-bune","10":"product_cat-toate-produsele","12":"first","13":"instock","14":"sale","15":"taxable","16":"shipping-taxable","17":"purchasable","18":"product-type-simple"},"acf":[],"_links":{"self":[{"href":"https:\/\/fengchashop.com\/ro\/wp-json\/wp\/v2\/product\/6585","targetHints":{"allow":["GET"]}}],"collection":[{"href":"https:\/\/fengchashop.com\/ro\/wp-json\/wp\/v2\/product"}],"about":[{"href":"https:\/\/fengchashop.com\/ro\/wp-json\/wp\/v2\/types\/product"}],"replies":[{"embeddable":true,"href":"https:\/\/fengchashop.com\/ro\/wp-json\/wp\/v2\/comments?post=6585"}],"wp:featuredmedia":[{"embeddable":true,"href":"https:\/\/fengchashop.com\/ro\/wp-json\/wp\/v2\/media\/6586"}],"wp:attachment":[{"href":"https:\/\/fengchashop.com\/ro\/wp-json\/wp\/v2\/media?parent=6585"}],"wp:term":[{"taxonomy":"product_brand","embeddable":true,"href":"https:\/\/fengchashop.com\/ro\/wp-json\/wp\/v2\/product_brand?post=6585"},{"taxonomy":"product_cat","embeddable":true,"href":"https:\/\/fengchashop.com\/ro\/wp-json\/wp\/v2\/product_cat?post=6585"},{"taxonomy":"product_tag","embeddable":true,"href":"https:\/\/fengchashop.com\/ro\/wp-json\/wp\/v2\/product_tag?post=6585"}],"curies":[{"name":"wp","href":"https:\/\/api.w.org\/{rel}","templated":true}]}}