{"id":6581,"date":"2022-12-02T09:47:47","date_gmt":"2022-12-02T08:47:47","guid":{"rendered":"https:\/\/fengchashop.com\/ro\/product\/zahar-de-nuca-de-cocos-bio-250-g\/"},"modified":"2026-04-27T11:00:10","modified_gmt":"2026-04-27T09:00:10","slug":"zahar-de-nuca-de-cocos-bio","status":"publish","type":"product","link":"https:\/\/fengchashop.com\/ro\/product\/zahar-de-nuca-de-cocos-bio\/","title":{"rendered":"Zah\u0103r de nuc\u0103 de cocos BIO 250 g"},"content":{"rendered":"<h2><span style=\"color: #000000\">Zah\u0103r de nuc\u0103 de cocos organic<\/span><\/h2>\n<p><span style=\"color: #000000\">Zah\u0103rul din nuc\u0103 de cocos este extras din <strong>florile de nuc\u0103 de cocos<\/strong>, care sunt transformate \u00eentr-un <strong>nectar<\/strong> special prin \u00eenc\u0103lzirea lor la temperaturi sc\u0103zute. Acesta este apoi transformat \u00een cristale prin uscare. Este de <strong>culoare maro deschis<\/strong> \u0219i are un <strong>gust delicat<\/strong>. Ave\u021bi grij\u0103 c\u00e2nd cump\u0103ra\u021bi zah\u0103r din nuc\u0103 de cocos. Prea \u00eenchis la culoare poate indica faptul c\u0103 a fost g\u0103tit prea mult \u0219i, prin urmare, epuizat \u00een timpul prelucr\u0103rii. Alternativ, este posibil s\u0103 se fi ad\u0103ugat zah\u0103r din trestie de zah\u0103r nerafinat mult mai ieftin.<\/span><\/p>\n<p><span style=\"color: #000000\">Gustul zah\u0103rului din nuc\u0103 de <strong>cocos seam\u0103n\u0103 mult mai mult cu<\/strong> cel al <strong>caramelului<\/strong> <strong>dec\u00e2t cu cel al nucii de cocos<\/strong>. Are un gust bl\u00e2nd \u0219i pl\u0103cut \u0219i nu domin\u0103 m\u00e2ncarea sau b\u0103utura (a\u0219a cum se \u00eent\u00e2mpl\u0103 cu stevia, de exemplu).<\/span><\/p>\n<p><span style=\"color: #000000\">Zah\u0103rul nostru organic din nuc\u0103 de cocos. Este potrivit pentru \u00eendulcirea b\u0103uturilor \u0219i m\u00e2nc\u0103rurilor dvs. preferate \u0219i este de cea mai bun\u0103 calitate.<\/span><\/p>\n<p><span style=\"color: #000000\">Zah\u0103rul de cocos din florile dulci ale palmierului de cocos <strong>este o alternativ\u0103 mai s\u0103n\u0103toas\u0103 la zah\u0103rul alb<\/strong>, deoarece:<\/span><\/p>\n<p><span style=\"color: #000000\">\ud83d\udc9a Are un <strong>indice glicemic mai mic<\/strong> dec\u00e2t zah\u0103rul alb;<\/span><br \/>\n<span style=\"color: #000000\">\ud83d\udc9a con\u021bine inulin\u0103, care <strong>\u00eencetine\u0219te absorb\u021bia glucozei<\/strong> \u00een s\u00e2nge;<\/span><br \/>\n<span style=\"color: #000000\">\ud83d\udc9a De asemenea, con\u021bine <strong>nutrien\u021bi<\/strong> precum: fier, zinc, magneziu, calciu \u0219i potasiu, polifenoli de acizi gra\u0219i \u0219i antioxidan\u021bi, precum \u0219i vitaminele B \u0219i C;<\/span><br \/>\n<span style=\"color: #000000\">\ud83d\udc9a are o valoare <strong>neutr\u0103 a pH-ului<\/strong>, ceea ce \u00eenseamn\u0103 c\u0103 nu acidific\u0103 organismul;<\/span><br \/>\n<span style=\"color: #000000\">\ud83d\udc9a poate contribui la facilitarea men\u021binerii unei greut\u0103\u021bi s\u0103n\u0103toase.<\/span><\/p>\n<p><span style=\"color: #000000\">Deoarece zah\u0103rul din nuc\u0103 de cocos are un <strong>indice<\/strong> glicemic mai mic \u00een compara\u021bie cu zah\u0103rul alb obi\u0219nuit, acesta poate fi consumat \u0219i de diabetici (tip II). Cu un <strong>IG=35<\/strong>, are doar un efect minim asupra cre\u0219terii nivelului de zah\u0103r din s\u00e2nge. \u00cen plus, con\u021bine o enzim\u0103 care favorizeaz\u0103 o trecere mai lent\u0103 a zah\u0103rului \u00een s\u00e2nge, ceea ce <strong>previne v\u00e2rfurile bru\u0219te \u0219i de scurt\u0103 durat\u0103 ale glicemiei<\/strong>.<\/span><\/p>\n<p><span style=\"color: #000000\">Cu toate acestea, zah\u0103rul din nuc\u0103 de cocos este, de asemenea, o surs\u0103 bogat\u0103 de energie \u0219i calorii \u0219i trebuie consumat \u00een cantit\u0103\u021bi limitate. Este, totu\u0219i, o op\u021biune mai s\u0103n\u0103toas\u0103 \u00een compara\u021bie cu zah\u0103rul obi\u0219nuit din sfecl\u0103 sau din trestie de zah\u0103r. \u0218i datorit\u0103 nutrien\u021bilor, mineralelor \u0219i antioxidan\u021bilor importan\u021bi pe care \u00eei con\u021bine.<\/span><\/p>\n<h2><span style=\"color: #000000\">Depozitare<\/span><\/h2>\n<p><span style=\"color: #000000\">A se p\u0103stra \u00eentr-un loc uscat, \u00eentunecat \u0219i r\u0103coros. Asigura\u021bi-v\u0103 c\u0103 punga este bine \u00eenchis\u0103.<\/span><\/p>\n<h2><span style=\"color: #000000\">Ambalaj<\/span><\/h2>\n<p><span style=\"color: #000000\">Pung\u0103 sau cutie cu fermoar nepermeabil, \u00een care produsul \u00ee\u0219i p\u0103streaz\u0103 toat\u0103 prospe\u021bimea \u0219i aroma. Ambalajul protejeaz\u0103 \u00eempotriva luminii \u0219i a aerului. Acesta este format din mai multe straturi de protec\u021bie pentru a p\u0103stra propriet\u0103\u021bile produsului.<\/span><\/p>\n<p><span style=\"color: #000000\">Ambalajul este foarte practic \u0219i reciclabil.<\/span><\/p>\n<h2><span style=\"color: #000000\">Origine<\/span><\/h2>\n<p><span style=\"color: #000000\">Indonezia<\/span><\/p>\n","protected":false},"excerpt":{"rendered":"<p>Zah\u0103rul din nuc\u0103 de cocos este extras din florile de nuc\u0103 de cocos, care sunt transformate \u00eentr-un nectar special prin \u00eenc\u0103lzirea lor la temperaturi sc\u0103zute. Acesta este apoi transformat \u00een cristale prin uscare. Este de culoare maro deschis \u0219i are un gust delicat. Ave\u021bi grij\u0103 c\u00e2nd cump\u0103ra\u021bi zah\u0103r din nuc\u0103 de cocos. O culoare prea \u00eenchis\u0103 poate indica faptul c\u0103 a fost g\u0103tit prea mult \u0219i, prin urmare, epuizat \u00een timpul prelucr\u0103rii. Alternativ, este posibil s\u0103 se fi ad\u0103ugat zah\u0103r din trestie de zah\u0103r nerafinat mult mai ieftin. Zah\u0103rul de cocos din florile dulci ale palmierului de cocos este o alternativ\u0103 mai s\u0103n\u0103toas\u0103 la zah\u0103rul alb.<\/p>\n<p>\ud83d\udc9a\u00a0 Este de culoare maro deschis \u0219i are un gust delicat.<br \/>\n\ud83d\udc9a\u00a0 Acesta previne cre\u0219terile bru\u0219te \u0219i de scurt\u0103 durat\u0103 ale glicemiei.<br \/>\n\ud83d\udc9a Propor\u021bia de utilizare este aceea\u0219i cu cea a zah\u0103rului normal (alb).<\/p>\n","protected":false},"featured_media":6582,"comment_status":"open","ping_status":"closed","template":"","meta":{"_acf_changed":false},"product_brand":[],"product_cat":[15,205,224,225],"product_tag":[],"class_list":{"0":"post-6581","1":"product","2":"type-product","3":"status-publish","4":"has-post-thumbnail","6":"product_cat-uncategorized","7":"product_cat-ceai-mancare-condimente","8":"product_cat-oferta","9":"product_cat-toate-produsele","11":"first","12":"instock","13":"sale","14":"taxable","15":"shipping-taxable","16":"purchasable","17":"product-type-simple"},"acf":[],"_links":{"self":[{"href":"https:\/\/fengchashop.com\/ro\/wp-json\/wp\/v2\/product\/6581","targetHints":{"allow":["GET"]}}],"collection":[{"href":"https:\/\/fengchashop.com\/ro\/wp-json\/wp\/v2\/product"}],"about":[{"href":"https:\/\/fengchashop.com\/ro\/wp-json\/wp\/v2\/types\/product"}],"replies":[{"embeddable":true,"href":"https:\/\/fengchashop.com\/ro\/wp-json\/wp\/v2\/comments?post=6581"}],"wp:featuredmedia":[{"embeddable":true,"href":"https:\/\/fengchashop.com\/ro\/wp-json\/wp\/v2\/media\/6582"}],"wp:attachment":[{"href":"https:\/\/fengchashop.com\/ro\/wp-json\/wp\/v2\/media?parent=6581"}],"wp:term":[{"taxonomy":"product_brand","embeddable":true,"href":"https:\/\/fengchashop.com\/ro\/wp-json\/wp\/v2\/product_brand?post=6581"},{"taxonomy":"product_cat","embeddable":true,"href":"https:\/\/fengchashop.com\/ro\/wp-json\/wp\/v2\/product_cat?post=6581"},{"taxonomy":"product_tag","embeddable":true,"href":"https:\/\/fengchashop.com\/ro\/wp-json\/wp\/v2\/product_tag?post=6581"}],"curies":[{"name":"wp","href":"https:\/\/api.w.org\/{rel}","templated":true}]}}