{"id":6579,"date":"2022-11-25T07:45:21","date_gmt":"2022-11-25T06:45:21","guid":{"rendered":"https:\/\/fengchashop.com\/ro\/product\/dong-quai-angelica-pulbere-bio-250-g\/"},"modified":"2026-04-17T20:13:57","modified_gmt":"2026-04-17T18:13:57","slug":"dong-quai-angelica-pulbere-bio","status":"publish","type":"product","link":"https:\/\/fengchashop.com\/ro\/product\/dong-quai-angelica-pulbere-bio\/","title":{"rendered":"Dong Quai (angelica) pulbere BIO 250 g"},"content":{"rendered":"<h2 style=\"text-align: justify\"><span style=\"color: #000000\">Dong Quai (angelica) Pulbere organic\u0103<\/span><\/h2>\n<p style=\"text-align: justify\"><span style=\"color: #000000\">Dong Quai este o plant\u0103 chinezeasc\u0103 str\u0103veche, cunoscut\u0103 \u0219i sub numele de <strong>Angelica sinensis<\/strong> (angelica chinezeasc\u0103) \u0219i numit\u0103 \u0219i <strong>Dang Gui<\/strong> (pronun\u021bat tang Kuei), fiind una dintre cele mai importante plante din lumea occidental\u0103.<\/span><\/p>\n<p style=\"text-align: justify\"><span style=\"color: #000000\">Dong Quia cre\u0219te \u00een mun\u021bii \u00eenal\u021bi, \u00een zonele reci \u0219i umede din <strong>Japonia, Coreea \u0219i China<\/strong>. Este o plant\u0103 peren\u0103 rezistent\u0103 care poate atinge o \u00een\u0103l\u021bime de doi metri. Are tulpini netede de culoare purpurie, frunze pline de pene \u0219i flori mici, albe sau verzi, care sunt grupate \u00een ciorchini. Partea medicinal\u0103 a Dong Quia este reprezentat\u0103 de r\u0103d\u0103cinile ramificate de culoare galben-maronie, care sunt uscate \u0219i t\u0103iate \u0219i folosite \u00een <strong>scopuri medicinale<\/strong>. Unele p\u0103r\u021bi ale r\u0103d\u0103cinii sunt diferite \u0219i, prin urmare, au <strong>efecte diferite<\/strong>.<\/span><\/p>\n<p style=\"text-align: justify\"><span style=\"color: #000000\">R\u0103d\u0103cinile uscate de angelic\u0103 sunt utilizate \u00een principal \u00een medicina tradi\u021bional\u0103 chinez\u0103 pentru a trata <strong>problemele ginecologice<\/strong>,<strong> anemia moderat\u0103<\/strong>,<strong> tensiunea arterial\u0103 ridicat\u0103<\/strong> \u0219i <strong>oboseala<\/strong>.<\/span><\/p>\n<p style=\"text-align: justify\"><span style=\"color: #000000\">Planta Dong Quai este, de asemenea, cunoscut\u0103 pe scar\u0103 larg\u0103 sub numele de <strong>&#8222;ginseng feminin&#8221;<\/strong> \u0219i era foarte apreciat\u0103 de vindec\u0103torii antici pentru capacitatea sa remarcabil\u0103 de a trata femeile care aveau probleme de reproducere. \u00cen Asia, Dong Quai este a doua cea mai utilizat\u0103 plant\u0103, dup\u0103 ginseng, \u0219i este folosit\u0103 \u00een mod tradi\u021bional pentru a <strong>ajuta \u00een cazul afec\u021biunilor \u0219i bolilor feminine<\/strong>.<\/span><\/p>\n<p style=\"text-align: justify\"><span style=\"color: #000000\">Dong Quai a fost chiar promovat ca un leac pentru persoanele infertile. Pe l\u00e2ng\u0103 faptul c\u0103 ajut\u0103 \u00een cazul problemelor de infertilitate feminin\u0103, Dong Quai ajut\u0103 \u0219i \u00een timpul menopauzei \u0219i \u00een cazul problemelor menstruale. De asemenea, func\u021bioneaz\u0103 bine \u0219i \u00een cazul<strong> fertilit\u0103\u021bii masculine<\/strong>.<\/span><\/p>\n<h2 style=\"text-align: justify\"><span style=\"color: #000000\">Care sunt ingredientele active importante din Dong Quai?<\/span><\/h2>\n<p style=\"text-align: justify\"><span style=\"color: #000000\">Dong Quai este bogat \u00een <strong>acid folic, folinic \u0219i nicotinic<\/strong>, \u00eembog\u0103\u021bit cu <strong>vitamina B12<\/strong> \u0219i con\u021bine, de asemenea, niveluri ridicate de<strong>vitaminele A \u0219i E, caroten, biotin\u0103<\/strong> \u0219i <strong>acid pantotenic<\/strong>. Este folosit pentru tratarea simptomelor premenstruale \u0219i ale menopauzei, deoarece con\u021bine substan\u021be care pot ameliora disconfortul, dilat\u0103 vasele de s\u00e2nge \u0219i relaxeaz\u0103 mu\u0219chii uterini. <strong>Cobaltul<\/strong>, care se g\u0103se\u0219te \u0219i el \u00een r\u0103d\u0103cina de angelic\u0103, \u00een combina\u021bie cu vitamina B12, ajut\u0103 la \u00eent\u0103rirea s\u00e2ngelui.<\/span><\/p>\n<p style=\"text-align: justify\"><span style=\"color: #000000\">Cel mai important element pentru echilibrul hormonilor feminini este hormonul estrogen, care poate fi \u00eenlocuit de un grup de substan\u021be chimice numite<strong> fitoestrogeni<\/strong>. Angelica, \u00eens\u0103, con\u021bine o cantitate mare de fitoestrogeni. \u00cen plus, studiile arat\u0103 c\u0103 Dong Quai ac\u021bioneaz\u0103 ca un regulator bidirec\u021bional, inhib\u00e2nd secre\u021bia excesiv\u0103 de estrogen sau stimul\u00e2nd secre\u021bia insuficient\u0103 de estrogen.<\/span><\/p>\n<p style=\"text-align: justify\"><span style=\"color: #000000\">Dong Quai este, de asemenea, un <strong>&#8222;tonic de frumuse\u021be&#8221;<\/strong> pentru piele, deoarece favorizeaz\u0103 circula\u021bia s\u00e2ngelui \u00een piele \u0219i este folosit pentru un ten frumos \u0219i radiant. Ajut\u0103 la tratarea neurodermatitei, alopeciei, urticariei, eczemelor, m\u00e2nc\u0103rimilor, \u00eendep\u0103rteaz\u0103 petele de pe piele etc.<\/span><\/p>\n<p style=\"text-align: justify\"><span style=\"color: #000000\">Studiile au ar\u0103tat c\u0103 combina\u021bia dintre Dong Quai \u0219i Astragalus are un efect pozitiv, sc\u0103z\u00e2nd at\u00e2t nivelul colesterolului r\u0103u, c\u00e2t \u0219i nivelul general al colesterolului ridicat.<\/span><\/p>\n<h2 style=\"text-align: justify\"><span style=\"color: #000000\">Care sunt propriet\u0103\u021bile cheie pe care ni le ofer\u0103 Dong Quai?<\/span><\/h2>\n<p><span style=\"color: #000000\"> \ud83d\udc9a Un <strong>antioxidant<\/strong> puternic,<\/span><\/p>\n<p><span style=\"color: #000000\"> \ud83d\udc9a a <strong>ntiinflamator<\/strong>,<\/span><\/p>\n<p><span style=\"color: #000000\"> \ud83d\udc9a regleaz\u0103 <strong>hormonii feminini<\/strong>,<\/span><\/p>\n<p><span style=\"color: #000000\"> \ud83d\udc9a amelioreaz\u0103 <strong>simptomele premenstruale<\/strong>,<\/span><\/p>\n<p><span style=\"color: #000000\"> \ud83d\udc9a \u00eembun\u0103t\u0103\u021be\u0219te <strong>circula\u021bia s\u00e2ngelui<\/strong>,<\/span><\/p>\n<p><span style=\"color: #000000\"> \ud83d\udc9a ac\u021bioneaz\u0103 ca agent preventiv \u00eempotriva<strong>atacului de cord<\/strong> \u0219i a <strong>hipertensiunii<\/strong>,<\/span><\/p>\n<p><span style=\"color: #000000\"> \ud83d\udc9a reduce riscul de <strong>boli de inim\u0103<\/strong>,<\/span><\/p>\n<p><span style=\"color: #000000\"> \ud83d\udc9a regleaz\u0103 <strong>colesterolul<\/strong> \u0219i <strong>tensiunea arterial\u0103<\/strong>,<\/span><\/p>\n<p><span style=\"color: #000000\"> \ud83d\udc9a ajut\u0103 \u00een cazul <strong>anemiei<\/strong>,<\/span><\/p>\n<p><span style=\"color: #000000\"> \ud83d\udc9a ajut\u0103 \u00een cazul <strong>durerilor de cap<\/strong>,<\/span><\/p>\n<p><span style=\"color: #000000\"> \ud83d\udc9a ajut\u0103 la <strong>detoxifiere<\/strong>,<\/span><\/p>\n<p><span style=\"color: #000000\"> \ud83d\udc9a este un <strong>afrodisiac<\/strong>,<\/span><\/p>\n<p><span style=\"color: #000000\"> \ud83d\udc9a favorizeaz\u0103 <strong>fertilitatea masculin\u0103<\/strong>,<\/span><\/p>\n<p><span style=\"color: #000000\"> \ud83d\udc9a cre\u0219te <strong>energia<\/strong>,<\/span><\/p>\n<p><span style=\"color: #000000\"> \ud83d\udc9a previne <strong>osteoporoza<\/strong> prin \u00eent\u0103rirea oaselor,<\/span><\/p>\n<p><span style=\"color: #000000\"> \ud83d\udc9a reduce <strong>durerile articulare<\/strong>,<\/span><\/p>\n<p><span style=\"color: #000000\"> \ud83d\udc9a previne <strong>inflama\u021biile cronice ale tractului gastrointestinal<\/strong>,<\/span><\/p>\n<p><span style=\"color: #000000\"> \ud83d\udc9a ajut\u0103 la ameliorarea st\u0103rilor de inflama\u021bie a<strong>sistemului nervos<\/strong> (de exemplu, neurodermatit\u0103),<\/span><\/p>\n<p><span style=\"color: #000000\"> \ud83d\udc9a \u00eembun\u0103t\u0103\u021be\u0219te <strong>afec\u021biunile pielii<\/strong>.<\/span><\/p>\n<h2 style=\"text-align: justify\"><span style=\"color: #000000\">Ambalaj<\/span><\/h2>\n<p style=\"text-align: justify\"><span style=\"color: #000000\">Pung\u0103 cu fermoar nepermeabil \u00een care produsul \u00ee\u0219i p\u0103streaz\u0103 toat\u0103 prospe\u021bimea \u0219i aroma. Ambalajul protejeaz\u0103 \u00eempotriva luminii \u0219i a aerului, fiind compus din mai multe straturi de protec\u021bie care p\u0103streaz\u0103 propriet\u0103\u021bile con\u021binutului.<\/span><\/p>\n<p style=\"text-align: justify\"><span style=\"color: #000000\">Ambalajul este foarte practic \u0219i reciclabil.<\/span><\/p>\n<h2 style=\"text-align: justify\"><span style=\"color: #000000\">Origine<\/span><\/h2>\n<p style=\"text-align: justify\"><span style=\"color: #000000\">China<\/span><\/p>\n<p><span style=\"color: #000000\">Avem furnizori foarte de \u00eencredere care ne trimit o analiz\u0103 chimic\u0103 detaliat\u0103 a produselor alimentare pentru fiecare lot. \u00cen mai bine de zece ani nu am avut niciodat\u0103 o retragere de pe pia\u021b\u0103 sau orice alt\u0103 problem\u0103 cu acest articol, nici cu alte articole de la acela\u0219i furnizor.<\/span><\/p>\n<p><span style=\"color: #000000\">Articolul este 100% certificat organic.<\/span><\/p>\n","protected":false},"excerpt":{"rendered":"<p>Dong Quai este o plant\u0103 chinezeasc\u0103 str\u0103veche, cunoscut\u0103 \u0219i sub numele de Angelica sinensis (angelica chinezeasc\u0103) \u0219i numit\u0103 \u0219i Dang Gui (pronun\u021bat tang Kuei), fiind una dintre cele mai importante plante din lumea occidental\u0103. R\u0103d\u0103cinile uscate de angelic\u0103 sunt utilizate \u00een principal \u00een medicina tradi\u021bional\u0103 chinez\u0103 pentru tratarea problemelor ginecologice, a anemiei moderate, a tensiunii arteriale ridicate \u0219i a oboselii.<\/p>\n<p>\ud83d\udc9a Antiinflamator<br \/>\n\ud83d\udc9a Reduce riscul de boli de inim\u0103<br \/>\n\ud83d\udc9a \u00cembun\u0103t\u0103\u021be\u0219te afec\u021biunile pielii<br \/>\n\ud83d\udc9a Previne inflama\u021biile gastrointestinale cronice<br \/>\n\ud83d\udc9a Amelioreaz\u0103 simptomele premenstruale<\/p>\n","protected":false},"featured_media":6580,"comment_status":"open","ping_status":"closed","template":"","meta":{"_acf_changed":false},"product_brand":[],"product_cat":[224,229,225],"product_tag":[],"class_list":{"0":"post-6579","1":"product","2":"type-product","3":"status-publish","4":"has-post-thumbnail","6":"product_cat-oferta","7":"product_cat-superalimente","8":"product_cat-toate-produsele","10":"first","11":"instock","12":"sale","13":"taxable","14":"shipping-taxable","15":"purchasable","16":"product-type-simple"},"acf":[],"_links":{"self":[{"href":"https:\/\/fengchashop.com\/ro\/wp-json\/wp\/v2\/product\/6579","targetHints":{"allow":["GET"]}}],"collection":[{"href":"https:\/\/fengchashop.com\/ro\/wp-json\/wp\/v2\/product"}],"about":[{"href":"https:\/\/fengchashop.com\/ro\/wp-json\/wp\/v2\/types\/product"}],"replies":[{"embeddable":true,"href":"https:\/\/fengchashop.com\/ro\/wp-json\/wp\/v2\/comments?post=6579"}],"wp:featuredmedia":[{"embeddable":true,"href":"https:\/\/fengchashop.com\/ro\/wp-json\/wp\/v2\/media\/6580"}],"wp:attachment":[{"href":"https:\/\/fengchashop.com\/ro\/wp-json\/wp\/v2\/media?parent=6579"}],"wp:term":[{"taxonomy":"product_brand","embeddable":true,"href":"https:\/\/fengchashop.com\/ro\/wp-json\/wp\/v2\/product_brand?post=6579"},{"taxonomy":"product_cat","embeddable":true,"href":"https:\/\/fengchashop.com\/ro\/wp-json\/wp\/v2\/product_cat?post=6579"},{"taxonomy":"product_tag","embeddable":true,"href":"https:\/\/fengchashop.com\/ro\/wp-json\/wp\/v2\/product_tag?post=6579"}],"curies":[{"name":"wp","href":"https:\/\/api.w.org\/{rel}","templated":true}]}}