{"id":6577,"date":"2022-10-01T10:40:23","date_gmt":"2022-10-01T08:40:23","guid":{"rendered":"https:\/\/fengchashop.com\/ro\/product\/catina-de-mare-pulbere-bio-250-g\/"},"modified":"2026-04-29T02:56:14","modified_gmt":"2026-04-29T00:56:14","slug":"catina-de-mare-pulbere-bio","status":"publish","type":"product","link":"https:\/\/fengchashop.com\/ro\/product\/catina-de-mare-pulbere-bio\/","title":{"rendered":"C\u0103tin\u0103 de mare pulbere BIO 250 g"},"content":{"rendered":"<h2 style=\"text-align: justify\"><span style=\"color: #000000\">Pudr\u0103 de c\u0103tin\u0103 de mare BIO<\/span><\/h2>\n<p style=\"text-align: justify\"><span style=\"color: #000000\"><strong>Spinul<\/strong> c\u00e2inelui este un arbust cu spini, cu frunze caduce, care cre\u0219te \u00een toat\u0103 lumea, dar mai ales \u00een Asia Central\u0103 \u0219i de Vest (China, Siberia, India etc.) \u0219i \u00een Europa Central\u0103 \u0219i de Nord (Finlanda, Anglia, Germania, Polonia etc.). Este o plant\u0103 care <strong>nu necesit\u0103 condi\u021bii speciale de cre\u0219tere<\/strong>, prosper\u00e2nd at\u00e2t \u00een zonele montane \u00eenalte, c\u00e2t \u0219i la malul m\u0103rii.<\/span><\/p>\n<p style=\"text-align: justify\"><span style=\"color: #000000\">Forma \u0219i forma frunzelor de c\u0103tin\u0103 de mare se aseam\u0103n\u0103 cu cele ale m\u0103slinului. <strong>Fructele<\/strong> se coc pe tuf\u0103 \u0219i <strong>sunt de culoare galben-portocalie<\/strong>. Cel mai bun moment pentru a culege fructele sau boabele este \u00een lunile de \u00eenceput de toamn\u0103. Fructele trebuie \u00eendep\u0103rtate cu grij\u0103 de pe ramur\u0103, deoarece <strong>fructele de c\u0103tin\u0103 de mare sunt foarte importante, deoarece con\u021bin un suc medicinal, bogat \u00een vitamina C<\/strong>. Gustul s\u0103u este suculent \u0219i u\u0219or acidulat. \u00centreaga plant\u0103 are propriet\u0103\u021bi pozitive pentru s\u0103n\u0103tate \u0219i uz general, inclusiv pentru cosmetic\u0103, iar frunzele, fructele, ramurile \u0219i r\u0103d\u0103cina sunt utile.<\/span><\/p>\n<p style=\"text-align: justify\"><span style=\"color: #000000\">Istoria efectelor sale medicinale dateaz\u0103 din <strong>Grecia antic\u0103<\/strong>, unde ramurile de c\u0103tin\u0103 erau date ca hran\u0103 cailor pentru a-i men\u021bine \u00een form\u0103. \u00cen plus, c\u0103tina de mare era folosit\u0103 de solda\u021bi pentru rezisten\u021b\u0103 \u00een timpul luptei. <strong>&#8222;rGyud Bzi&#8221;<\/strong> este o carte medical\u0103 tibetan\u0103 scris\u0103 \u00een secolul al VIII-lea, care con\u021bine <strong>primele \u00eenregistr\u0103ri ale efectelor medicinale ale c\u0103tin\u0103i de mare<\/strong>. Cercet\u0103rile ulterioare efectuate \u00een Rusia au confirmat \u0219i mai mult efectele sale vindec\u0103toare.<\/span><\/p>\n<h2 style=\"text-align: justify\"><span style=\"color: #000000\">Care sunt propriet\u0103\u021bile cheie pe care ni le ofer\u0103 c\u0103tina de mare?<\/span><\/h2>\n<p style=\"text-align: justify\"><span style=\"color: #000000\">C\u0103tin\u0103 \u00eenmagazineaz\u0103 toat\u0103 energia soarelui \u00een fructele sale, care con\u021bin o multitudine de substan\u021be bioactive, cum ar fi <strong>acizi gra\u0219i esen\u021biali, vitamine, carotenoizi, fitosteroli, flavonoide \u0219i tocotrienoli<\/strong>.<\/span><\/p>\n<p style=\"text-align: justify\"><span style=\"color: #000000\">Dintre acizii gra\u0219i esen\u021biali, cea mai bun\u0103 surs\u0103 se g\u0103se\u0219te \u00een plante, \u0219i anume<strong> acizii gra\u0219i omega-7 (acidul palmitic<\/strong>). Cu toate acestea, al\u021bi acizi gra\u0219i foarte importan\u021bi pentru noi sunt extra\u0219i din fructele de c\u0103tin\u0103 de mare prin metode speciale, \u0219i anume acizii gra\u0219i omega-3 (acid \u03b1-linolenic), omega-6 (acid linolenic) \u0219i omega-9 (acid oleic).<\/span><\/p>\n<p style=\"text-align: justify\"><span style=\"color: #000000\">C\u0103tin\u0103 de mare este \u00eembog\u0103\u021bit\u0103 cu vitamine, \u00een special cu <strong>vitamina C<\/strong>, care este de 10 ori mai abundent\u0103 dec\u00e2t \u00een l\u0103m\u00e2i. Coaja fructului este bogat\u0103 \u00een vitamina B-12, dar \u0219i \u00een vitaminele B, B1, B2, B3 \u0219i B9. <strong>Vitaminele A \u0219i E<\/strong> sunt, de asemenea, importante, deoarece <strong>protejeaz\u0103 pielea \u00eempotriva radicalilor liberi periculo\u0219i<\/strong>. <strong>Uleiul<\/strong> care se g\u0103se\u0219te \u00een <strong>fruct<\/strong> are, de asemenea, efecte pozitive asupra s\u0103n\u0103t\u0103\u021bii noastre, deoarece <strong>este bogat \u00een aminoacizi, minerale, acizi gra\u0219i esen\u021biali \u0219i fotosteroli<\/strong>.<\/span><\/p>\n<p style=\"text-align: justify\"><span style=\"color: #000000\">Cea mai important\u0103 component\u0103 a c\u0103tin\u0103i de mare este <strong>quercetina<\/strong>, un flavonoid, un compus polifenolic natural care se g\u0103se\u0219te \u00een fructe \u0219i legume. Este un <strong>antioxidant puternic \u0219i are efecte antiinflamatorii \u0219i antitumorale<\/strong>, <strong>cresc\u00e2nd rezisten\u021ba mu\u0219chiului cardiac \u0219i \u00eembun\u0103t\u0103\u021bind \u00een acela\u0219i timp fluxul sanguin<\/strong>.<\/span><\/p>\n<p style=\"text-align: justify\"><span style=\"color: #000000\">Alte componente la fel de importante ale c\u0103tin\u0103i de mare sunt mineralele fosfor, potasiu \u0219i fier, \u00een special magneziul \u0219i calciul sunt esen\u021biale.<\/span><\/p>\n<p style=\"text-align: justify\"><span style=\"color: #000000\">Pulberea noastr\u0103 de c\u0103tin\u0103 de mare este cultivat\u0103 organic \u0219i este un <strong>antioxidant natural<\/strong>. Este o adev\u0103rat\u0103 surs\u0103 de for\u021b\u0103, deoarece <strong>\u00eent\u0103re\u0219te organismul<\/strong>, \u00een special <strong>sistemul nervos<\/strong>.<\/span><\/p>\n<h2 style=\"text-align: justify\"><span style=\"color: #000000\">Care sunt beneficiile pentru s\u0103n\u0103tate ale c\u0103tin\u0103i de mare?<\/span><\/h2>\n<p style=\"text-align: justify\"><span style=\"color: #000000\">Datorit\u0103 con\u021binutului ridicat de antioxidan\u021bi, extractele de fructe de c\u0103tin\u0103 de mare ajut\u0103 la \u00eent\u0103rirea sistemului imunitar, vindec\u0103 gingiile s\u00e2nger\u00e2nde, repar\u0103 celulele deteriorate, ajut\u0103 la vindecarea bolilor de piele, protejeaz\u0103 pielea de arsuri \u0219i eczeme \u0219i de razele UV \u0219i ajut\u0103 \u00een cazul r\u0103nilor,&#8230;<\/span><\/p>\n<p style=\"text-align: justify\"><span style=\"color: #000000\"><strong>Acizii gra\u0219i Omega-7 sunt extrem de importan\u021bi<\/strong><strong>pentru repararea \u021besuturilor<\/strong>, cum ar fi membranele mucoase \u0219i pielea, deoarece hidrateaz\u0103 pielea \u0219i \u00eencetinesc \u00eemb\u0103tr\u00e2nirea. Omega-7 protejeaz\u0103, de asemenea, intestinul \u0219i stomacul \u00eempotriva leziunilor mucoaselor, cum ar fi gastrita, colita \u0219i holera, \u0219i ajut\u0103 la hidratarea mucoasei uscate a vaginului.<\/span><\/p>\n<p style=\"text-align: justify\"><span style=\"color: #000000\"><em><strong>Efecte benefice asupra s\u0103n\u0103t\u0103\u021bii \u0219i organismului nostru:<\/strong><\/em><\/span><\/p>\n<p><span style=\"color: #000000\">\ud83d\udc9a Este un <strong>antioxidant puternic<\/strong>,<\/span><\/p>\n<p><span style=\"color: #000000\">\ud83d\udc9a \u00eent\u0103re\u0219te <strong>sistemul imunitar<\/strong>,<\/span><\/p>\n<p><span style=\"color: #000000\">\ud83d\udc9a are un <strong>efect antiinflamator<\/strong>,<\/span><\/p>\n<p><span style=\"color: #000000\">\ud83d\udc9a regleaz\u0103 <strong>tensiunea arterial\u0103, colesterolul \u0219i zah\u0103rul din s\u00e2nge<\/strong>,<\/span><\/p>\n<p><span style=\"color: #000000\">\ud83d\udc9a trateaz\u0103 <strong>bolile de piele<\/strong> (inflama\u021bii, arsuri, eczeme, psoriazis, dermatit\u0103&#8230;),<\/span><\/p>\n<p><span style=\"color: #000000\">\ud83d\udc9a vindec\u0103 <strong>leziunile pielii<\/strong> (vindec\u0103 r\u0103nile \u0219i reduce durerea),<\/span><\/p>\n<p><span style=\"color: #000000\">\ud83d\udc9a are un efect de <strong>\u00eentinerire<\/strong>,<\/span><\/p>\n<p><span style=\"color: #000000\">\ud83d\udc9a regenereaz\u0103 <strong>celulele deteriorate<\/strong>,<\/span><\/p>\n<p><span style=\"color: #000000\">\ud83d\udc9a ajut\u0103 \u00een cazul <strong>picioarelor umflate<\/strong>,<\/span><\/p>\n<p><span style=\"color: #000000\">\ud83d\udc9a protejeaz\u0103 <strong>ficatul \u0219i tractul digestiv<\/strong>,<\/span><\/p>\n<p><span style=\"color: #000000\">\ud83d\udc9a are rolul de a men\u021bine <strong>s\u0103n\u0103tatea inimii \u0219i a sistemului vascular<\/strong>,<\/span><\/p>\n<p><span style=\"color: #000000\">\ud83d\udc9a protejeaz\u0103 \u00eempotriva <strong>s\u00e2nger\u0103rii gingiilor<\/strong>,<\/span><\/p>\n<p><span style=\"color: #000000\">\ud83d\udc9a ajut\u0103 \u00een cazul<strong> gripei, pneumoniei, difteriei<\/strong> etc.<\/span><\/p>\n<p><span style=\"color: #000000\">\ud83d\udc9a protejeaz\u0103 <strong>ochii usca\u021bi \u0219i irita\u021bi<\/strong>,<\/span><\/p>\n<p><span style=\"color: #000000\">\ud83d\udc9a amelioreaz\u0103 <strong>simptomele de oboseal\u0103 cronic\u0103<\/strong>,<\/span><\/p>\n<p><span style=\"color: #000000\">\ud83d\udc9a \u00eembun\u0103t\u0103\u021be\u0219te <strong>apetitul sexual<\/strong>,<\/span><\/p>\n<p><span style=\"color: #000000\">\ud83d\udc9a amelioreaz\u0103 <strong>simptomele menopauzei<\/strong>,<\/span><\/p>\n<p><span style=\"color: #000000\">\ud83d\udc9a amelioreaz\u0103 <strong>stresul \u0219i anxietatea<\/strong>,<\/span><\/p>\n<p><span style=\"color: #000000\">\ud83d\udc9a a <strong>nti-tumoral<\/strong>.<\/span><\/p>\n<h2 style=\"text-align: justify\"><span style=\"color: #000000\">Depozitare \u0219i avertismente<\/span><\/h2>\n<p style=\"text-align: justify\"><span style=\"color: #000000\">A se p\u0103stra \u00eentr-un loc r\u0103coros \u0219i uscat, la o temperatur\u0103 de p\u00e2n\u0103 la 25 \u00b0C. A nu se l\u0103sa la \u00eendem\u00e2na copiilor!<\/span><br \/>\n<span style=\"color: #000000\">Nu uita\u021bi importan\u021ba unei diete variate \u0219i a unui stil de via\u021b\u0103 s\u0103n\u0103tos, un supliment alimentar nu este, prin urmare, un substitut pentru o diet\u0103 echilibrat\u0103 \u0219i variat\u0103. Cantitatea sau doza zilnic\u0103 recomandat\u0103 nu trebuie s\u0103 fie dep\u0103\u0219it\u0103.<\/span><\/p>\n<p style=\"text-align: justify\"><span style=\"color: #000000\">Siropul \u0219i sucul de c\u0103tin\u0103 de mare pot ac\u021biona ca un stimulent, de aceea nu se recomand\u0103 utilizarea sa seara.<\/span><\/p>\n<p style=\"text-align: justify\"><span style=\"color: #000000\">Se recomand\u0103 a fi administrat \u00een cantit\u0103\u021bi mici \u00een primele luni de sarcin\u0103.<\/span><\/p>\n<p style=\"text-align: justify\"><span style=\"color: #000000\">Este important s\u0103 nu se ia c\u0103tin\u0103 de mare \u00een acela\u0219i timp cu medicamente \u00eempotriva coagul\u0103rii.<\/span><\/p>\n<h2 style=\"text-align: justify\"><span style=\"color: #000000\">Ambalaj<\/span><\/h2>\n<p style=\"text-align: justify\"><span style=\"color: #000000\">Pung\u0103 cu fermoar nepermeabil, \u00een care produsul \u00ee\u0219i p\u0103streaz\u0103 toat\u0103 prospe\u021bimea \u0219i aroma. Ambalajul protejeaz\u0103 \u00eempotriva luminii \u0219i a aerului, deoarece este compus din mai multe straturi de protec\u021bie care p\u0103streaz\u0103 propriet\u0103\u021bile con\u021binutului.<\/span><\/p>\n<p style=\"text-align: justify\"><span style=\"color: #000000\">Ambalajul este foarte practic \u0219i reciclabil.<\/span><\/p>\n<h2 style=\"text-align: justify\"><span style=\"color: #000000\">Origine<\/span><\/h2>\n<p style=\"text-align: justify\"><span class=\"jCAhz ChMk0b\"><span class=\"ryNqvb\">China.<\/span><\/span> <span class=\"jCAhz ChMk0b\"><span class=\"ryNqvb\">Avem furnizori foarte de \u00eencredere care ne trimit o analiz\u0103 chimic\u0103 detaliat\u0103 a alimentelor pentru fiecare lot.<\/span><\/span> <span class=\"jCAhz ChMk0b\"><span class=\"ryNqvb\">\u00cen mai bine de zece ani, nu am avut nicio rechemare sau alte probleme cu acest articol, nici cu alte articole de la acela\u0219i furnizor.<\/span><\/span><\/p>\n","protected":false},"excerpt":{"rendered":"<p><span style=\"color: #000000\">Lemnul de c\u00e2ine, sau spinul c\u00e2inelui, este un arbust de foioase cu spini. Fructele de c\u0103tin\u0103 sunt foarte importante, deoarece con\u021bin un suc medicinal, bogat \u00een vitamina C. Gustul s\u0103u este suculent \u0219i u\u0219or acid. C\u00e2rciuma de mare stocheaz\u0103 toat\u0103 energia soarelui \u00een fructele sale, care con\u021bin o multitudine de substan\u021be bioactive, cum ar fi acizi gra\u0219i esen\u021biali, vitamine, carotenoizi, fitosteroli, flavonoizi \u0219i tocotrienoli. Acizii gra\u0219i Omega-7 sunt extrem de importan\u021bi pentru repararea \u021besuturilor, cum ar fi membranele mucoase \u0219i pielea, deoarece hidrateaz\u0103 pielea \u0219i \u00eencetinesc \u00eemb\u0103tr\u00e2nirea. Uleiul g\u0103sit \u00een fructe are, de asemenea, efecte pozitive asupra s\u0103n\u0103t\u0103\u021bii noastre, deoarece este bogat \u00een aminoacizi, minerale, acizi gra\u0219i esen\u021biali \u0219i fotosteroli.<\/span><\/p>\n<p><span style=\"color: #000000\">\ud83d\udc9a Are propriet\u0103\u021bi antiinflamatorii, antitumorale \u0219i antioxidante ridicate.<\/span><br \/>\n<span style=\"color: #000000\">\ud83d\udc9a Scade glicemia \u0219i colesterolul \u0219i regleaz\u0103 tensiunea arterial\u0103.<\/span><br \/>\n<span style=\"color: #000000\">\ud83d\udc9a Cre\u0219te rezisten\u021ba mu\u0219chiului cardiac \u0219i, \u00een acela\u0219i timp, \u00eembun\u0103t\u0103\u021be\u0219te fluxul sanguin.<\/span><br \/>\n<span style=\"color: #000000\">\ud83d\udc9a Protejeaz\u0103 pielea \u00eempotriva radicalilor liberi periculo\u0219i (vindec\u0103 bolile de piele \u0219i leziunile cutanate.)<\/span><br \/>\n<span style=\"color: #000000\">\ud83d\udc9a Protejeaz\u0103 \u00eempotriva s\u00e2nger\u0103rii gingiilor.<\/span><\/p>\n","protected":false},"featured_media":6578,"comment_status":"open","ping_status":"closed","template":"","meta":{"_acf_changed":false},"product_brand":[],"product_cat":[15,224,229,225],"product_tag":[],"class_list":{"0":"post-6577","1":"product","2":"type-product","3":"status-publish","4":"has-post-thumbnail","6":"product_cat-uncategorized","7":"product_cat-oferta","8":"product_cat-superalimente","9":"product_cat-toate-produsele","11":"first","12":"instock","13":"sale","14":"taxable","15":"shipping-taxable","16":"purchasable","17":"product-type-simple"},"acf":[],"_links":{"self":[{"href":"https:\/\/fengchashop.com\/ro\/wp-json\/wp\/v2\/product\/6577","targetHints":{"allow":["GET"]}}],"collection":[{"href":"https:\/\/fengchashop.com\/ro\/wp-json\/wp\/v2\/product"}],"about":[{"href":"https:\/\/fengchashop.com\/ro\/wp-json\/wp\/v2\/types\/product"}],"replies":[{"embeddable":true,"href":"https:\/\/fengchashop.com\/ro\/wp-json\/wp\/v2\/comments?post=6577"}],"wp:featuredmedia":[{"embeddable":true,"href":"https:\/\/fengchashop.com\/ro\/wp-json\/wp\/v2\/media\/6578"}],"wp:attachment":[{"href":"https:\/\/fengchashop.com\/ro\/wp-json\/wp\/v2\/media?parent=6577"}],"wp:term":[{"taxonomy":"product_brand","embeddable":true,"href":"https:\/\/fengchashop.com\/ro\/wp-json\/wp\/v2\/product_brand?post=6577"},{"taxonomy":"product_cat","embeddable":true,"href":"https:\/\/fengchashop.com\/ro\/wp-json\/wp\/v2\/product_cat?post=6577"},{"taxonomy":"product_tag","embeddable":true,"href":"https:\/\/fengchashop.com\/ro\/wp-json\/wp\/v2\/product_tag?post=6577"}],"curies":[{"name":"wp","href":"https:\/\/api.w.org\/{rel}","templated":true}]}}