{"id":6575,"date":"2022-01-10T00:00:00","date_gmt":"2022-01-09T23:00:00","guid":{"rendered":"https:\/\/fengchashop.com\/ro\/product\/mangosteen-liofilizat-pulbere-bio-125\/"},"modified":"2025-09-30T18:58:17","modified_gmt":"2025-09-30T16:58:17","slug":"mangosteen-liofilizat-pulbere-bio","status":"publish","type":"product","link":"https:\/\/fengchashop.com\/ro\/product\/mangosteen-liofilizat-pulbere-bio\/","title":{"rendered":"Mangosteen (liofilizat) pulbere BIO 125"},"content":{"rendered":"<h2 style=\"text-align: justify;\"><span style=\"color: #000000;\">Mangosteen (liofilizat) bio<\/span><\/h2>\n<p style=\"text-align: justify;\"><span style=\"color: #000000;\">Mangostanul (Garcinia mangostana), numit adesea <strong>mangostanul purpuriu<\/strong>, este un pom fructifer comestibil care se g\u0103se\u0219te \u00een regiunile tropicale de-a lungul ecuatorului \u00een Asia de Sud-Est \u0219i \u00een Pacific, \u00een apropiere de Oceanul Indian.<\/span><\/p>\n<p style=\"text-align: justify;\"><span style=\"color: #000000;\">Un arbore de mangostan trebuie s\u0103 creasc\u0103 cel pu\u021bin 10 ani \u00eenainte de a da fructe. Arborele cre\u0219te p\u00e2n\u0103 la o \u00een\u0103l\u021bime de 6 p\u00e2n\u0103 la 25 de metri. Este una dintre <strong>pu\u021binele plante care nu este tratat\u0103 cu pesticide<\/strong>. Mangostanul este un fruct tropical \u0219i apar\u021bine aceleia\u0219i familii ca \u0219i sun\u0103toarea.<\/span><\/p>\n<p style=\"text-align: justify;\"><span style=\"color: #000000;\">Fructul de mangustan are o coaj\u0103 de culoare mov \u00eenchis \u0219i o pulp\u0103 alb\u0103 ca z\u0103pada, suculent\u0103 \u0219i gustoas\u0103. Parfumul s\u0103u este dulce \u0219i delicat. Fructul din interior seam\u0103n\u0103 cu o mandarin\u0103 \u0219i are gust de piersic\u0103. \u00cen Asia de Sud-Est, mangustanul este considerat <strong>&#8222;regina fructelor tropicale<\/strong>&#8221; pentru gustul s\u0103u delicios \u0219i substan\u021bele nutritive pe care le con\u021bine, <strong>iar<\/strong> \u00een Caraibe este cunoscut ca <strong>&#8222;hrana zeilor&#8221;<\/strong>.<\/span><\/p>\n<h2 style=\"text-align: justify;\"><span style=\"color: #000000;\">Propriet\u0103\u021bi cheie pe care ni le ofer\u0103 mangustanul<\/span><\/h2>\n<p style=\"text-align: justify;\"><span style=\"color: #000000;\">Mangostanul con\u021bine <strong>toate ingredientele cheie necesare pentru o cre\u0219tere s\u0103n\u0103toas\u0103, dezvoltare \u0219i bun\u0103stare nutri\u021bional\u0103 general\u0103<\/strong>. Este <strong>s\u0103rac \u00een calorii \u0219i nu con\u021bine colesterol<\/strong> sau <strong>gr\u0103simi saturate<\/strong>. Este, de asemenea, <strong>bogat \u00een fibre alimentare<\/strong>. Pe l\u00e2ng\u0103 vitaminele din complexul B, inclusiv tiamina, niacina \u0219i acidul folic, mangostanul este, de asemenea, o <strong>surs\u0103 puternic\u0103 de vitamina C<\/strong>. Mangostanul este, de asemenea, bogat \u00een minerale, inclusiv cupru, mangan, potasiu \u0219i magneziu. <strong>Acizii polifenolici<\/strong>, cum ar fi xantonele \u0219i taninurile, se g\u0103sesc \u00een coaja mangustanului \u0219i <strong>furnizeaz\u0103 antioxidan\u021bi foarte importan\u021bi, catechine \u0219i epicatechine<\/strong>. <strong>Xantonele<\/strong> au <strong>propriet\u0103\u021bi antiinflamatorii \u0219i antitumorale<\/strong> importante din punct de vedere farmaceutic.<\/span><\/p>\n<p style=\"text-align: justify;\"><span style=\"color: #000000;\">\u00cen trecut, a fost folosit \u00een medicina tradi\u021bional\u0103, \u00een special \u00een Asia de Sud-Est, pentru a <strong>trata infec\u021biile cutanate, r\u0103nile, diareea, infec\u021biile tractului urinar \u0219i bolile gastrointestinale<\/strong>.<\/span><\/p>\n<p style=\"text-align: justify;\"><span style=\"color: #000000;\"><em><strong>Efecte care au un efect pozitiv asupra s\u0103n\u0103t\u0103\u021bii \u0219i organismului nostru:<\/strong><\/em><\/span><\/p>\n<p><span style=\"color: #000000;\">\ud83d\udc9a are <strong>propriet\u0103\u021bi antiinflamatorii \u0219i antioxidante<\/strong> ridicate,<\/span><\/p>\n<p><span style=\"color: #000000;\">\ud83d\udc9a stimuleaz\u0103 <strong>sistemul imunitar<\/strong>,<\/span><\/p>\n<p><span style=\"color: #000000;\">\ud83d\udc9a scade <strong>glicemia \u0219i colesterolul din s\u00e2nge<\/strong>,<\/span><\/p>\n<p><span style=\"color: #000000;\">\ud83d\udc9a are <strong>propriet\u0103\u021bi anti-tumorale \u0219i antibacteriene<\/strong>,<\/span><\/p>\n<p><span style=\"color: #000000;\">\ud83d\udc9a ajut\u0103 la <strong>ameliorarea artritei<\/strong>,<\/span><\/p>\n<p><span style=\"color: #000000;\">\ud83d\udc9a regleaz\u0103 <strong>tensiunea arterial\u0103<\/strong>,<\/span><\/p>\n<p><span style=\"color: #000000;\">\ud83d\udc9a men\u021bine <strong>s\u0103n\u0103tatea pielii<\/strong>,<\/span><\/p>\n<p><span style=\"color: #000000;\">\ud83d\udc9a are un efect <strong>antiinfec\u021bios<\/strong> \u00eempotriva <strong>infec\u021biilor tractului urinar<\/strong>,<\/span><\/p>\n<p><span style=\"color: #000000;\">\ud83d\udc9a ajut\u0103 \u00een cazul <strong>problemelor menstruale<\/strong>,<\/span><\/p>\n<p><span style=\"color: #000000;\">\ud83d\udc9a reduce <strong>indigestia<\/strong> (diareea),<\/span><\/p>\n<p><span style=\"color: #000000;\">\ud83d\udc9a amelioreaz\u0103 problemele de<strong> gastrit\u0103<\/strong>,<\/span><\/p>\n<p><span style=\"color: #000000;\">\ud83d\udc9a previne <strong>tuberculoza<\/strong>,<\/span><\/p>\n<p><span style=\"color: #000000;\">\ud83d\udc9a amelioreaz\u0103 <strong>simptomele alergiilor<\/strong>,<\/span><\/p>\n<p><span style=\"color: #000000;\"><strong>\ud83d\udc9a antifungic, anti-candida<\/strong>,<\/span><\/p>\n<p><span style=\"color: #000000;\">\ud83d\udc9a favorizeaz\u0103 <strong>pierderea \u00een greutate<\/strong>,<\/span><\/p>\n<p><span style=\"color: #000000;\">\ud83d\udc9a protejeaz\u0103 organismul <strong>\u00eempotriva multor boli<\/strong>.<\/span><\/p>\n<p style=\"text-align: justify;\"><span style=\"color: #000000;\">Mangosteenul este utilizat \u00een diverse scopuri, de la utilizarea \u00een produse importante din punct de vedere industrial p\u00e2n\u0103 la utilizarea \u00een tehnologii avansate \u0219i inova\u021bii biomedicale.<\/span><\/p>\n<h2 style=\"text-align: justify;\"><span style=\"color: #000000;\">Depozitare \u0219i avertismente<\/span><\/h2>\n<p style=\"text-align: justify;\"><span style=\"color: #000000;\">A se p\u0103stra \u00eentr-un loc r\u0103coros \u0219i uscat, la o temperatur\u0103 de p\u00e2n\u0103 la 25 \u00b0C. Evita\u021bi lumina puternic\u0103 \u0219i c\u0103ldura. P\u0103stra\u021bi suplimentul alimentar \u00een afara razei de ac\u021biune a copiilor!<\/span><\/p>\n<p style=\"text-align: justify;\"><span style=\"color: #000000;\">Nu uita\u021bi importan\u021ba unei alimenta\u021bii variate \u0219i a unui stil de via\u021b\u0103 s\u0103n\u0103tos, un supliment alimentar nu \u00eenlocuie\u0219te, prin urmare, o alimenta\u021bie echilibrat\u0103 \u0219i variat\u0103. Cantitatea sau doza zilnic\u0103 recomandat\u0103 nu trebuie s\u0103 fie dep\u0103\u0219it\u0103.<\/span><\/p>\n<h2 style=\"text-align: justify;\"><span style=\"color: #000000;\">Ambalaj<\/span><\/h2>\n<p style=\"text-align: justify;\"><span style=\"color: #000000;\">Pung\u0103 cu fermoar nepermeabil, \u00een care produsul \u00ee\u0219i p\u0103streaz\u0103 toat\u0103 prospe\u021bimea \u0219i aroma. Ambalajul protejeaz\u0103 produsul de lumin\u0103 \u0219i de aer, fiind compus din mai multe straturi de protec\u021bie care p\u0103streaz\u0103 propriet\u0103\u021bile con\u021binutului.<\/span><\/p>\n<p style=\"text-align: justify;\"><span style=\"color: #000000;\">Ambalajul este foarte practic \u0219i reciclabil.<\/span><\/p>\n<h2 style=\"text-align: justify;\"><span style=\"color: #000000;\">Origine<\/span><\/h2>\n<p style=\"text-align: justify;\"><span style=\"color: #000000;\">Thailanda<\/span><\/p>\n","protected":false},"excerpt":{"rendered":"<p>\u00cen Asia de Sud-Est, mangustanul este considerat &#8222;regina fructelor tropicale&#8221; pentru gustul s\u0103u delicios \u0219i pentru substan\u021bele nutritive pe care le con\u021bine, iar \u00een Caraibe este cunoscut sub numele de &#8222;hrana zeilor&#8221;. Mangosteenul este bogat \u00een fibre alimentare \u0219i o surs\u0103 puternic\u0103 de vitamina C. Acesta con\u021bine toate ingredientele cheie necesare pentru o cre\u0219tere s\u0103n\u0103toas\u0103, dezvoltare \u0219i bun\u0103stare nutri\u021bional\u0103 general\u0103. Acizii polifenolici, cum ar fi xantonele \u0219i taninurile, se g\u0103sesc \u00een coaja mangustanului \u0219i furnizeaz\u0103 antioxidan\u021bi foarte importan\u021bi, catechine \u0219i epicatechine. Xantonele au propriet\u0103\u021bi antiinflamatorii \u0219i antitumorale importante din punct de vedere farmaceutic.<\/p>\n<p><span style=\"color: #000000;\">\ud83d\udc9a Are <\/span>propriet\u0103\u021bi antiinflamatorii \u0219i antioxidante ridicate.<br \/>\n\ud83d\udc9a Reduce glicemia \u0219i colesterolul \u0219i regleaz\u0103 tensiunea arterial\u0103.<br \/>\n\ud83d\udc9a Are propriet\u0103\u021bi antitumorale \u0219i antibacteriene<span style=\"color: #000000;\">. <\/span><br \/>\n\ud83d\udc9a<span style=\"color: #000000;\">A <\/span>jut\u0103 la ameliorarea artritei.<br \/>\n\ud83d\udc9a<span style=\"color: #000000;\">A <\/span>re un efect antiinfec\u021bios \u00eempotriva infec\u021biilor urinare \u0219i reduce indigestia.<\/p>\n","protected":false},"featured_media":6576,"comment_status":"open","ping_status":"closed","template":"","meta":{"_acf_changed":false},"product_brand":[],"product_cat":[15,224,229,225],"product_tag":[],"class_list":{"0":"post-6575","1":"product","2":"type-product","3":"status-publish","4":"has-post-thumbnail","6":"product_cat-uncategorized","7":"product_cat-oferta","8":"product_cat-superalimente","9":"product_cat-toate-produsele","11":"first","12":"outofstock","13":"sale","14":"taxable","15":"shipping-taxable","16":"purchasable","17":"product-type-simple"},"acf":[],"_links":{"self":[{"href":"https:\/\/fengchashop.com\/ro\/wp-json\/wp\/v2\/product\/6575","targetHints":{"allow":["GET"]}}],"collection":[{"href":"https:\/\/fengchashop.com\/ro\/wp-json\/wp\/v2\/product"}],"about":[{"href":"https:\/\/fengchashop.com\/ro\/wp-json\/wp\/v2\/types\/product"}],"replies":[{"embeddable":true,"href":"https:\/\/fengchashop.com\/ro\/wp-json\/wp\/v2\/comments?post=6575"}],"wp:featuredmedia":[{"embeddable":true,"href":"https:\/\/fengchashop.com\/ro\/wp-json\/wp\/v2\/media\/6576"}],"wp:attachment":[{"href":"https:\/\/fengchashop.com\/ro\/wp-json\/wp\/v2\/media?parent=6575"}],"wp:term":[{"taxonomy":"product_brand","embeddable":true,"href":"https:\/\/fengchashop.com\/ro\/wp-json\/wp\/v2\/product_brand?post=6575"},{"taxonomy":"product_cat","embeddable":true,"href":"https:\/\/fengchashop.com\/ro\/wp-json\/wp\/v2\/product_cat?post=6575"},{"taxonomy":"product_tag","embeddable":true,"href":"https:\/\/fengchashop.com\/ro\/wp-json\/wp\/v2\/product_tag?post=6575"}],"curies":[{"name":"wp","href":"https:\/\/api.w.org\/{rel}","templated":true}]}}