{"id":6573,"date":"2022-10-01T08:26:55","date_gmt":"2022-10-01T06:26:55","guid":{"rendered":"https:\/\/fengchashop.com\/ro\/product\/shilajit-pulbere-125-g\/"},"modified":"2026-04-29T23:20:29","modified_gmt":"2026-04-29T21:20:29","slug":"shilajit-pulbere-125-g","status":"publish","type":"product","link":"https:\/\/fengchashop.com\/ro\/product\/shilajit-pulbere-125-g\/","title":{"rendered":"Shilajit pulbere 125 g"},"content":{"rendered":"<div class=\"wpb-content-wrapper\"><p>[vc_row][vc_column][vc_column_text css=&#8221;&#8221;]<\/p>\n<h2 style=\"text-align: justify\"><span style=\"color: #000000\">Shilajit (Mumio)<\/span><\/h2>\n<p style=\"text-align: justify\"><span style=\"color: #000000\">Shijalit este un supliment alimentar.<\/span><\/p>\n<p style=\"text-align: justify\"><span style=\"color: #000000\">Shilajit, sau a\u0219a-numitul <strong>Mumio<\/strong>, este o <strong>substan\u021b\u0103 organic\u0103 bogat\u0103 \u00een minerale<\/strong> care curge prin st\u00e2ncile <strong>\u0219i cr\u0103p\u0103turile dintre rocile din mun\u021bii \u00eenal\u021bi<\/strong> din nord-estul Indiei \u0219i din alte p\u0103r\u021bi ale Asiei \u0219i din sud-estul Himalayei \u00een timpul lunilor de var\u0103. Shilajit este o <strong>r\u0103\u0219in\u0103 de munte<\/strong> despre care se crede c\u0103 s-a format \u00een urm\u0103 cu peste 50 de milioane de ani, c\u00e2nd Asia s-a ciocnit cu continentul indian. Este cunoscut\u0103 \u0219i sub denumirea de r\u0103\u0219in\u0103 mineral\u0103. Shilajit este folosit de mii de ani de c\u0103tre popula\u021bia din sud-estul Himalayei. R\u0103\u0219ina de munte se g\u0103se\u0219te \u00een mai multe nuan\u021be diferite, \u0219i anume auriu, argintiu, cupru \u0219i \u00een negru, care este culoarea cea mai frecvent utilizat\u0103 \u00een medicina ayuvedic\u0103.<\/span><\/p>\n<h2 style=\"text-align: justify\"><span style=\"color: #000000\">Cum se ob\u021bine shilajit?<\/span><\/h2>\n<p style=\"text-align: justify\"><span style=\"color: #000000\">Shilajit a fost folosit \u00een medicina ayurvedic\u0103 <strong>de peste 3000 de ani<\/strong> ca remediu pentru diverse probleme de s\u0103n\u0103tate. R\u0103\u0219ina de shilajit este alc\u0103tuit\u0103 <strong>din diverse r\u0103\u0219ini, sedimente \u0219i alte materiale<\/strong> colectate din mun\u021bi afla\u021bi la altitudini de 3000 m sau chiar mai mult.<\/span><\/p>\n<p style=\"text-align: justify\"><span style=\"color: #000000\">Procesul de extrac\u021bie a shilajitului este foarte solicitant, deoarece dup\u0103 colectare <strong>este<\/strong> mai \u00eent\u00e2i <strong>purificat prin procese organice<\/strong>, apoi extras prin extrudare pentru a ob\u021bine un <strong>extract concentrat, de \u00eenalt\u0103 calitate<\/strong>. <strong>Shilajit<\/strong> este extras printr-o metod\u0103 special\u0103 care <strong>p\u0103streaz\u0103 compozi\u021bia \u0219i puritatea natural\u0103 a shilajitului<\/strong>. \u00cen plus, <strong>nutrien\u021bii cheie sunt p\u0103stra\u021bi<\/strong> \u0219i energia sa nu se pierde. R\u0103\u0219ina utilizat\u0103 ca supliment alimentar este unul dintre cele mai bune tipuri, deoarece trece printr-un <strong>proces riguros de purificare pentru a se asigura c\u0103 este adecvat\u0103 pentru consum<\/strong>.<\/span><\/p>\n<h2 style=\"text-align: justify\"><span style=\"color: #000000\">Care sunt propriet\u0103\u021bile cheie pe care ni le ofer\u0103 shilajit?<\/span><\/h2>\n<p style=\"text-align: justify\"><span style=\"color: #000000\">Shilajit este fabricat dintr-o substan\u021b\u0103 natural\u0103, \u0219i anume humusul, care se formeaz\u0103 atunci c\u00e2nd microorganismele descompun de\u0219eurile vegetale \u0219i animale. Shilajit are efecte benefice asupra organismului \u0219i s\u0103n\u0103t\u0103\u021bii noastre.<\/span><\/p>\n<p style=\"text-align: justify\"><span style=\"color: #000000\"><em><strong>Efecte care au un efect pozitiv asupra s\u0103n\u0103t\u0103\u021bii \u0219i corpului nostru:<\/strong><\/em><\/span><\/p>\n<p><span style=\"color: #000000\">\ud83d\udc9a Sus\u021bine func\u021bia mental\u0103 \u0219i cognitiv\u0103.<\/span><\/p>\n<p><span style=\"color: #000000\">\ud83d\udc9a Sus\u021bine func\u021bia sexual\u0103 la b\u0103rba\u021bi \u0219i femei.<\/span><\/p>\n<p><span style=\"color: #000000\">\ud83d\udc9a Sus\u021bine metabolismul gr\u0103similor.<\/span><\/p>\n<p><span style=\"color: #000000\">\ud83d\udc9a Sus\u021bine metabolismul zaharurilor.<\/span><\/p>\n<p><span style=\"color: #000000\">\ud83d\udc9a Ajut\u0103 la normalizarea greut\u0103\u021bii corporale.<\/span><\/p>\n<p><span style=\"color: #000000\">\ud83d\udc9a Ajut\u0103 la men\u021binerea s\u0103n\u0103t\u0103\u021bii tractului urinar.<\/span><\/p>\n<p><span style=\"color: #000000\">\ud83d\udc9a Ajut\u0103 la men\u021binerea s\u0103n\u0103t\u0103\u021bii prostatei.<\/span><\/p>\n<p><span style=\"color: #000000\">\ud83d\udc9a Ajut\u0103 la men\u021binerea echilibrului \u0219i confortului ciclului menstrual.<\/span><\/p>\n<h2 style=\"text-align: justify\"><span style=\"color: #000000\">P\u0103strare \u0219i avertismente<\/span><\/h2>\n<p style=\"text-align: justify\"><span style=\"color: #000000\">A se p\u0103stra \u00eentr-un loc r\u0103coros \u0219i uscat, la o temperatur\u0103 de p\u00e2n\u0103 la 25 \u00b0C. \u021aine\u021bi suplimentul alimentar departe de \u00eendem\u00e2na copiilor!<\/span><\/p>\n<p style=\"text-align: justify\"><span style=\"color: #000000\">Nu uita\u021bi importan\u021ba unei alimenta\u021bii variate \u0219i a unui stil de via\u021b\u0103 s\u0103n\u0103tos, un supliment alimentar nu este, prin urmare, un substitut pentru o diet\u0103 echilibrat\u0103 \u0219i variat\u0103. Cantitatea sau doza zilnic\u0103 recomandat\u0103 nu trebuie s\u0103 fie dep\u0103\u0219it\u0103. Femeilor \u00eens\u0103rcinate \u0219i mamelor care al\u0103pteaz\u0103 li se recomand\u0103 s\u0103 nu \u00eel foloseasc\u0103.<\/span><\/p>\n<p style=\"text-align: justify\"><span style=\"color: #000000\">Reduce\u021bi utilizarea de shilajit dac\u0103 apar efecte secundare negative. Be\u021bi mai mult\u0103 ap\u0103.<\/span><\/p>\n<p style=\"text-align: justify\"><span style=\"color: #000000\">Shilajit este un compus \u00eembog\u0103\u021bit cu minerale, astfel \u00eenc\u00e2t exist\u0103 riscul de supra\u00eenc\u0103rcare toxic\u0103 din partea unor minerale precum fierul, mai ales dac\u0103 lua\u021bi \u0219i suplimente care con\u021bin unele dintre acelea\u0219i minerale. Prin urmare, este \u00eentotdeauna indicat s\u0103 v\u0103 consulta\u021bi medicul pentru mai multe informa\u021bii.<\/span><\/p>\n<h2 style=\"text-align: justify\"><span style=\"color: #000000\">Ambalare<\/span><\/h2>\n<p style=\"text-align: justify\"><span style=\"color: #000000\">Pung\u0103 cu fermoar nepermeabil \u00een care produsul \u00ee\u0219i p\u0103streaz\u0103 toat\u0103 prospe\u021bimea \u0219i aroma. Ambalajul protejeaz\u0103 produsul de lumin\u0103 \u0219i de aer, fiind format din mai multe straturi de protec\u021bie pentru a p\u0103stra propriet\u0103\u021bile con\u021binutului.<\/span><\/p>\n<p style=\"text-align: justify\"><span style=\"color: #000000\">Ambalajul este foarte practic \u0219i reciclabil.<\/span><\/p>\n<h2 style=\"text-align: justify\"><span style=\"color: #000000\">Origine<\/span><\/h2>\n<p style=\"text-align: justify\"><span style=\"color: #000000\">India<\/span><\/p>\n<p>[\/vc_column_text][\/vc_column][\/vc_row]<\/p>\n<\/div>","protected":false},"excerpt":{"rendered":"<p style=\"text-align: justify\"><span style=\"color: #000000\">Shilajit, sau Mumio, este un material organic bogat \u00een minerale care curge prin st\u00e2ncile \u0219i cr\u0103p\u0103turile dintre rocile din mun\u021bii \u00eenal\u021bi din nord-estul Indiei \u0219i din alte p\u0103r\u021bi ale Asiei \u0219i din sud-estul Himalayei \u00een timpul lunilor de var\u0103. Shilajit este o r\u0103\u0219in\u0103 de munte despre care se crede c\u0103 s-a format \u00een urm\u0103 cu peste 50 de milioane de ani, c\u00e2nd Asia s-a ciocnit cu continentul indian. Este cunoscut\u0103 \u0219i sub denumirea de r\u0103\u0219in\u0103 mineral\u0103. Shilajit este folosit de mii de ani de c\u0103tre popula\u021bia din sud-estul Himalayei. <\/span><span style=\"color: #000000\"><em>Efecte care au un efect pozitiv asupra s\u0103n\u0103t\u0103\u021bii \u0219i organismului nostru:<\/em><\/span><\/p>\n<p><span style=\"color: #000000\">\ud83d\udc9a Sus\u021bine func\u021bia mental\u0103 \u0219i cognitiv\u0103.<\/span><\/p>\n<p><span style=\"color: #000000\">\ud83d\udc9a Sus\u021bine func\u021bia sexual\u0103 la b\u0103rba\u021bi \u0219i femei.<\/span><\/p>\n<p><span style=\"color: #000000\">\ud83d\udc9a Sus\u021bine metabolismul gr\u0103similor \u0219i<\/span><span style=\"color: #000000\"> sus\u021bine metabolismul gr\u0103similor \u0219i al zaharurilor.<\/span><\/p>\n<p><span style=\"color: #000000\">\ud83d\udc9a Ajut\u0103 la normalizarea greut\u0103\u021bii corporale.<\/span><\/p>\n<p><span style=\"color: #000000\">\ud83d\udc9a Ajut\u0103 la men\u021binerea s\u0103n\u0103t\u0103\u021bii tractului urinar.<\/span><\/p>\n<p><span style=\"color: #000000\">\ud83d\udc9a Ajut\u0103 la men\u021binerea s\u0103n\u0103t\u0103\u021bii prostatei.<\/span><\/p>\n<p><span style=\"color: #000000\">\ud83d\udc9a Ajut\u0103 la men\u021binerea echilibrului \u0219i confortului ciclului menstrual.<\/span><\/p>\n","protected":false},"featured_media":6574,"comment_status":"open","ping_status":"closed","template":"","meta":{"_acf_changed":false},"product_brand":[],"product_cat":[15,230,224,225],"product_tag":[],"class_list":{"0":"post-6573","1":"product","2":"type-product","3":"status-publish","4":"has-post-thumbnail","6":"product_cat-uncategorized","7":"product_cat-ayurveda","8":"product_cat-oferta","9":"product_cat-toate-produsele","11":"first","12":"instock","13":"sale","14":"taxable","15":"shipping-taxable","16":"purchasable","17":"product-type-simple"},"acf":[],"_links":{"self":[{"href":"https:\/\/fengchashop.com\/ro\/wp-json\/wp\/v2\/product\/6573","targetHints":{"allow":["GET"]}}],"collection":[{"href":"https:\/\/fengchashop.com\/ro\/wp-json\/wp\/v2\/product"}],"about":[{"href":"https:\/\/fengchashop.com\/ro\/wp-json\/wp\/v2\/types\/product"}],"replies":[{"embeddable":true,"href":"https:\/\/fengchashop.com\/ro\/wp-json\/wp\/v2\/comments?post=6573"}],"wp:featuredmedia":[{"embeddable":true,"href":"https:\/\/fengchashop.com\/ro\/wp-json\/wp\/v2\/media\/6574"}],"wp:attachment":[{"href":"https:\/\/fengchashop.com\/ro\/wp-json\/wp\/v2\/media?parent=6573"}],"wp:term":[{"taxonomy":"product_brand","embeddable":true,"href":"https:\/\/fengchashop.com\/ro\/wp-json\/wp\/v2\/product_brand?post=6573"},{"taxonomy":"product_cat","embeddable":true,"href":"https:\/\/fengchashop.com\/ro\/wp-json\/wp\/v2\/product_cat?post=6573"},{"taxonomy":"product_tag","embeddable":true,"href":"https:\/\/fengchashop.com\/ro\/wp-json\/wp\/v2\/product_tag?post=6573"}],"curies":[{"name":"wp","href":"https:\/\/api.w.org\/{rel}","templated":true}]}}