{"id":6565,"date":"2022-08-19T05:47:44","date_gmt":"2022-08-19T03:47:44","guid":{"rendered":"https:\/\/fengchashop.com\/ro\/product\/guayusa-bio-100-g\/"},"modified":"2026-04-29T11:59:22","modified_gmt":"2026-04-29T09:59:22","slug":"guayusa-bio","status":"publish","type":"product","link":"https:\/\/fengchashop.com\/ro\/product\/guayusa-bio\/","title":{"rendered":"Guayusa BIO 100 g"},"content":{"rendered":"<h2><span style=\"color: #000000\">Guayusa BIO<\/span><\/h2>\n<p><span style=\"color: #000000\">Guayusa, pronun\u021bat ghwy-you-sa, \u00eenseamn\u0103 &#8222;paznic de noapte&#8221;, deoarece este folosit uneori pentru a \u021bine oamenii treji noaptea. Acesta este numele dat de poporul Kichwa arborelui ve\u0219nic verde ale c\u0103rui <strong>frunze sunt folosite pentru a face ceai<\/strong>. Copacii Guayusa, numi\u021bi \u0219i guayusa (Ilex guayusa), au o \u00een\u0103l\u021bime cuprins\u0103 \u00eentre 6 \u0219i 30 de metri \u0219i au frunze alungite, de culoare verde lucios.<\/span><\/p>\n<p><span style=\"color: #000000\">Cele mai vechi descoperiri dovedesc c\u0103 poporul indigen Kichwa a \u00eenceput s\u0103 cultive Guayusa \u00een urm\u0103 cu 1 000 de ani. Guayusa este probabil cea <strong>mai cofeinizat\u0103 frunz\u0103 de ceai din \u00eentreaga lume<\/strong>, con\u021bin\u00e2nd p\u00e2n\u0103 la 7,6 la sut\u0103 cofein\u0103!<\/span><\/p>\n<p><span style=\"color: #000000\">Guayusa este larg r\u0103sp\u00e2ndit\u0103 \u00een jungla amazonian\u0103, dar este cel mai frecvent cultivat\u0103 \u00een Ecuador. Frunzele sale sunt <strong>recoltate \u00een mod tradi\u021bional, uscate \u0219i folosite pentru a face ceai din plante<\/strong>, care este apreciat pentru <strong>con\u021binutul<\/strong> s\u0103u <strong>ridicat de cofein\u0103 \u0219i antioxidan\u021bi<\/strong>.<\/span><\/p>\n<p><span style=\"color: #000000\">Unii consider\u0103 c\u0103 guayusa are beneficii suplimentare. Este bogat\u0103 <strong>\u00een vitamine, aminoacizi \u0219i antioxidan\u021bi<\/strong>. \u00cen plus, are compu\u0219i precum <strong>teobromina<\/strong>, care este prezent\u0103 \u0219i \u00een cacao \u0219i este cunoscut\u0103 pentru propriet\u0103\u021bile sale de <strong>ridicare a st\u0103rii de spirit<\/strong>.<\/span><\/p>\n<h2><span style=\"color: #000000\">Ce este ceaiul de guayusa<\/span><\/h2>\n<p><span style=\"color: #000000\">Guayusa este o b\u0103utur\u0103 pe baz\u0103 de plante, adesea promovat\u0103 ca fiind un <strong>stimulent energetic mai s\u0103n\u0103tos dec\u00e2t cafeaua \u0219i b\u0103uturile energizante<\/strong>.<\/span><\/p>\n<p><span style=\"color: #000000\">Popula\u021bia indigen\u0103 Kichwa, care vorbe\u0219te o limb\u0103 autohton\u0103 originar\u0103 din p\u0103durea tropical\u0103 amazonian\u0103, bea ceai de guayusa de sute de ani, \u00een cadrul unor ceremonii rituale de v\u00e2n\u0103toare, pentru a ob\u021bine claritate spiritual\u0103 \u0219i pentru a se preg\u0103ti fizic pentru via\u021ba solicitant\u0103 din p\u0103durea tropical\u0103. Indigenii ecuadorieni \u00eel folosesc \u00een special la culcare pentru a se conecta cu st\u0103ri superioare de con\u0219tiin\u021b\u0103.<\/span><\/p>\n<p><span style=\"color: #000000\">De asemenea, este <strong>lipsit de am\u0103r\u0103ciune \u0219i de asprimea gustului<\/strong>, deoarece este aproape \u00een \u00eentregime lipsit de taninuri, ceea ce permite, de asemenea, <strong>ca frunzele s\u0103 fie irigate \u00een mod repetat<\/strong>. \u00cen schimb, are un <strong>gust crocant \u0219i dulce<\/strong>, care este minunat ca atare sau \u00een combina\u021bie cu lapte de soia, orez sau nuci.<\/span><\/p>\n<h2><span style=\"color: #000000\">Efectele guayusei<\/span><\/h2>\n<p><span style=\"color: #000000\">Ceaiul de guayusa are un efect interesant: pe de o parte <strong>este stimulant<\/strong> datorit\u0103 con\u021binutului ridicat de cofein\u0103, pe de alt\u0103 parte <strong>ofer\u0103 un calm \u0219i un echilibru pl\u0103cut<\/strong>, probabil datorit\u0103 compu\u0219ilor care \u00eel \u00eenso\u021besc, cum ar fi L-teanina \u0219i teobromina.<\/span><\/p>\n<p><span style=\"color: #000000\">Guayusa v\u0103 poate \u00eembun\u0103t\u0103\u021bi <strong>starea mental\u0103 \u0219i concentrarea<\/strong>. Con\u021bine o cantitate mare de cofein\u0103, care este cunoscut\u0103 ca fiind un stimulent. Este prezent\u0103 \u0219i teobromina, un alcaloid similar structural cu cofeina. \u00cen plus, alimente precum ciocolata \u0219i pudra de cacao con\u021bin teobromin\u0103. S-a demonstrat c\u0103 combina\u021bia dintre cafea \u0219i teobromin\u0103 <strong>\u00eembun\u0103t\u0103\u021be\u0219te starea de spirit, vigilen\u021ba \u0219i<\/strong> <strong>concentrarea<\/strong> \u0219i poate, de asemenea, s\u0103<strong> \u00eembun\u0103t\u0103\u021beasc\u0103 func\u021bia cerebral\u0103 pe termen scurt<\/strong>.<\/span><\/p>\n<p><span style=\"color: #000000\">Guayusa con\u021bine o <strong>serie de antioxidan\u021bi<\/strong>. Ace\u0219tia <strong>reduc stresul oxidativ<\/strong> prin combaterea radicalilor liberi, care sunt substan\u021be chimice instabile din organism. Astfel, ace\u0219tia pot <strong>reduce riscul de a dezvolta multe boli cronice<\/strong>. Guayusa con\u021bine cele mai ridicate niveluri de antioxidan\u021bi polifenolici numi\u021bi <strong>catechine<\/strong>, despre care se crede c\u0103 <strong>protejeaz\u0103 \u00eempotriva bolilor de inim\u0103, a cancerului, a diabetului de tip 2, a obezit\u0103\u021bii, a infec\u021biilor bacteriene \u0219i a bolilor<\/strong>, precum \u0219i a <strong>sc\u0103derii nivelului de colesterol \u0219i a regl\u0103rii nivelului de ph<\/strong>.<\/span><\/p>\n<p><span style=\"color: #000000\">Dac\u0103 organismul dumneavoastr\u0103 nu poate transporta eficient zah\u0103rul din s\u00e2nge c\u0103tre celule, pute\u021bi avea un nivel ridicat de zah\u0103r \u00een s\u00e2nge. Acest lucru poate duce, \u00een cele din urm\u0103, la diabet de tip 2 dac\u0103 nu este tratat. Guayusa poate <strong>ajuta la reducerea zah\u0103rului din s\u00e2nge<\/strong>.<\/span><\/p>\n<p><span style=\"color: #000000\">Concentra\u021bia puternic\u0103 de cofein\u0103 din Guayusa poate <strong>ajuta la pierderea \u00een greutate<\/strong>. Stimulan\u021bii naturali, cum ar fi cofeina, pot accelera metabolismul \u0219i pot cre\u0219te cantitatea de calorii pe care corpul t\u0103u le arde.<\/span><\/p>\n<h2><span style=\"color: #000000\">Depozitare \u0219i avertismente<\/span><\/h2>\n<p><span style=\"color: #000000\">A se p\u0103stra \u00eentr-un loc uscat, \u00eentunecat \u0219i r\u0103coros. Frunzele uscate trebuie p\u0103strate \u00eentr-o pung\u0103 sau \u00eentr-un recipient etan\u0219 p\u00e2n\u0103 la utilizare.<\/span><\/p>\n<p><span style=\"color: #000000\">Guayusa con\u021bine cofein\u0103 \u00een mod natural.<\/span><\/p>\n<h2><span style=\"color: #000000\">Ambalaj<\/span><\/h2>\n<p><span style=\"color: #000000\">Pung\u0103 ermetic\u0103 cu fermoar \u00een care produsul \u00ee\u0219i p\u0103streaz\u0103 toat\u0103 prospe\u021bimea \u0219i aroma. Ambalajul protejeaz\u0103 \u00eempotriva luminii \u0219i a aerului, fiind compus din mai multe straturi de protec\u021bie care p\u0103streaz\u0103 propriet\u0103\u021bile con\u021binutului.<\/span><\/p>\n<p><span style=\"color: #000000\">Ambalajul este foarte practic \u0219i reciclabil.<\/span><\/p>\n<h2><span style=\"color: #000000\">Origine<\/span><\/h2>\n<p><span style=\"color: #000000\">Ecuador<\/span><\/p>\n","protected":false},"excerpt":{"rendered":"<p>Ceai din plante cu multe ingrediente active <strong>pentru o via\u021b\u0103 lung\u0103, s\u0103n\u0103toas\u0103 \u0219i vital\u0103<\/strong>. Guayusa, pronun\u021bat ghwy-you-sa, \u00eenseamn\u0103 &#8222;paznic de noapte&#8221;, deoarece este folosit uneori pentru a \u021bine oamenii treji noaptea. Este, probabil, cea <strong>mai cofeinizat\u0103 frunz\u0103 de ceai<\/strong> din \u00eentreaga lume, <strong>con\u021bin\u00e2nd p\u00e2n\u0103 la 7,6 la sut\u0103 cofein\u0103<\/strong>!<\/p>\n<p>\ud83d\udc9a \u00ce\u021bi \u00eembun\u0103t\u0103\u021be\u0219te starea de spirit.<\/p>\n<p>\ud83d\udc9a Este bogat \u00een vitamine, aminoacizi \u0219i antioxidan\u021bi.<\/p>\n<p>\ud83d\udc9a Un impuls energetic mai s\u0103n\u0103tos dec\u00e2t cafeaua \u0219i b\u0103uturile energizante.<\/p>\n<p>\ud83d\udc9a \u00ce\u021bi \u00eembun\u0103t\u0103\u021be\u0219te starea mental\u0103 \u0219i concentrarea.<\/p>\n","protected":false},"featured_media":6566,"comment_status":"open","ping_status":"closed","template":"","meta":{"_acf_changed":false},"product_brand":[],"product_cat":[15,223,205,224,225],"product_tag":[],"class_list":{"0":"post-6565","1":"product","2":"type-product","3":"status-publish","4":"has-post-thumbnail","6":"product_cat-uncategorized","7":"product_cat-ceai","8":"product_cat-ceai-mancare-condimente","9":"product_cat-oferta","10":"product_cat-toate-produsele","12":"first","13":"instock","14":"taxable","15":"shipping-taxable","16":"purchasable","17":"product-type-simple"},"acf":[],"_links":{"self":[{"href":"https:\/\/fengchashop.com\/ro\/wp-json\/wp\/v2\/product\/6565","targetHints":{"allow":["GET"]}}],"collection":[{"href":"https:\/\/fengchashop.com\/ro\/wp-json\/wp\/v2\/product"}],"about":[{"href":"https:\/\/fengchashop.com\/ro\/wp-json\/wp\/v2\/types\/product"}],"replies":[{"embeddable":true,"href":"https:\/\/fengchashop.com\/ro\/wp-json\/wp\/v2\/comments?post=6565"}],"wp:featuredmedia":[{"embeddable":true,"href":"https:\/\/fengchashop.com\/ro\/wp-json\/wp\/v2\/media\/6566"}],"wp:attachment":[{"href":"https:\/\/fengchashop.com\/ro\/wp-json\/wp\/v2\/media?parent=6565"}],"wp:term":[{"taxonomy":"product_brand","embeddable":true,"href":"https:\/\/fengchashop.com\/ro\/wp-json\/wp\/v2\/product_brand?post=6565"},{"taxonomy":"product_cat","embeddable":true,"href":"https:\/\/fengchashop.com\/ro\/wp-json\/wp\/v2\/product_cat?post=6565"},{"taxonomy":"product_tag","embeddable":true,"href":"https:\/\/fengchashop.com\/ro\/wp-json\/wp\/v2\/product_tag?post=6565"}],"curies":[{"name":"wp","href":"https:\/\/api.w.org\/{rel}","templated":true}]}}