{"id":6557,"date":"2022-06-15T09:02:24","date_gmt":"2022-06-15T07:02:24","guid":{"rendered":"https:\/\/fengchashop.com\/ro\/product\/yam-salbatic-pulbere-250-g\/"},"modified":"2026-04-23T17:14:24","modified_gmt":"2026-04-23T15:14:24","slug":"yam-salbatic-pulbere","status":"publish","type":"product","link":"https:\/\/fengchashop.com\/ro\/product\/yam-salbatic-pulbere\/","title":{"rendered":"Yam s\u0103lbatic pulbere 250 g"},"content":{"rendered":"<h2><span style=\"color: #000000\">Pudr\u0103 de yam s\u0103lbatic<\/span><\/h2>\n<p style=\"text-align: justify\"><span style=\"color: #000000\">Ignama s\u0103lbatic\u0103<em>(Dioscorea polystachya<\/em>) este o plant\u0103 \u00eenalt\u0103 \u0219i c\u0103\u021b\u0103r\u0103toare originar\u0103 din America Central\u0103. Are frunze verzi frumoase, \u00een form\u0103 de inim\u0103, iar secretul s\u0103u const\u0103 \u00een r\u0103d\u0103cina sa alungit\u0103, cu o parte c\u0103rnoas\u0103 alb\u0103 distinct\u0103. Este, de asemenea, numit\u0103 uneori yam s\u0103lbatic mexican sau <strong>dioscorea<\/strong>.<\/span><\/p>\n<p style=\"text-align: justify\"><span style=\"color: #000000\">S-a demonstrat c\u0103 regleaz\u0103 dezechilibrele hormonale de progesteron \u0219i estrogen at\u00e2t la b\u0103rba\u021bi, c\u00e2t \u0219i la femei. Ca urmare, poate ajuta \u0219i \u00een cazul problemelor hepatice, al durerilor menstruale, al problemelor metabolice \u0219i tiroidiene, al colesterolului \u0219i al glicemiei.<\/span><\/p>\n<p style=\"text-align: justify\"><span style=\"color: #000000\">Ignamele s\u0103lbatice con\u021bin o substan\u021b\u0103 asem\u0103n\u0103toare cu estrogenul (fitoestrogen) numit\u0103 <strong>diosgenin\u0103<\/strong>. Acesta este un ingredient complet natural care poate compensa deficien\u021bele hormonale din organism. Deficitul de progesteron apare cel mai adesea dup\u0103 v\u00e2rsta de 30 de ani sau mai t\u00e2rziu la menopauz\u0103 \u0219i poate fi, de asemenea, o cauz\u0103 a menopauzei premature.<\/span><\/p>\n<p style=\"text-align: justify\"><span style=\"color: #000000\">Diosgenina este foarte asem\u0103n\u0103toare din punct de vedere chimic cu colesterolul, progesteronul \u0219i hormonul DHEA. Ea <strong>imit\u0103 activitatea hormonului progesteron<\/strong> \u00een organism <strong>\u0219i are un efect pozitiv asupra echilibrului hormonal<\/strong>.<\/span><\/p>\n<p style=\"text-align: justify\"><span style=\"color: #000000\">Ignama s\u0103lbatic\u0103 este popular\u0103 \u00een \u021bara noastr\u0103 de mul\u021bi ani sub form\u0103 de comprimate \u0219i creme. Este o practic\u0103 obi\u0219nuit\u0103 \u00een fitoterapie, deoarece efectul s\u0103u pozitiv asupra echilibrului hormonal a fost, de asemenea, confirmat \u0219tiin\u021bific.<\/span><\/p>\n<h2><span style=\"color: #000000\">Cui i se recomand\u0103 s\u0103 ia<\/span><\/h2>\n<p><span style=\"color: #000000\">Ast\u0103zi, ignama s\u0103lbatic\u0103 este cel mai frecvent utilizat\u0103 pentru toate tipurile de<strong> inflama\u021bii, crampe musculare, iritabilitate \u0219i lips\u0103 de energie<\/strong>. Este cel mai frecvent utilizat de femei pentru menstrua\u021bia dureroas\u0103 \u0219i sindromul premenstrual, precum \u0219i pentru problemele obi\u0219nuite care apar la tranzi\u021bie \u0219i \u00een timpul menopauzei.<\/span><\/p>\n<p><span style=\"color: #000000\">\u00cen trecut, a fost folosit\u0103 \u0219i pentru a trata indigestia. Printre acestea se num\u0103r\u0103 inflama\u021bia vezicii biliare \u0219i sindromul colonului iritabil. De asemenea, se crede c\u0103 ajut\u0103 \u00een cazul problemelor tractului urinar.<\/span><\/p>\n<h2><span style=\"color: #000000\">Care sunt beneficiile administr\u0103rii<\/span><\/h2>\n<p style=\"text-align: justify\"><span style=\"color: #000000\">Pe l\u00e2ng\u0103 cele de mai sus, ignama s\u0103lbatic\u0103 are \u0219i:<\/span><\/p>\n<p><span style=\"color: #000000\">\ud83d\udc9a Un supliment alimentar popular pentru femeile aflate la menopauz\u0103 (bufeuri, oboseal\u0103, anxietate) \u0219i pentru femeile care au probleme cu sindromul premenstrual (iritabilitate \u0219i dureri puternice).<\/span><br \/>\n<span style=\"color: #000000\">\ud83d\udc9a \u00cen timpul ciclului menstrual, amelioreaz\u0103 s\u00e2nger\u0103rile abundente.<\/span><br \/>\n<span style=\"color: #000000\">\ud83d\udc9a Este, de asemenea, adesea folosit ca ajutor \u00een cazul tulbur\u0103rilor autoimune.<\/span><br \/>\n<span style=\"color: #000000\">\ud83d\udc9a Deoarece dezechilibrele hormonale duc, de asemenea, la usc\u0103ciunea pielii \u0219i a p\u0103rului, la unghiile fragile \u0219i la celulit\u0103, femeile \u00eel iau \u00een special pentru aceste probleme.<\/span><br \/>\n<span style=\"color: #000000\">\ud83d\udc9a Ignamele s\u0103lbatice con\u021bin substan\u021be asem\u0103n\u0103toare hormonilor care se comport\u0103 \u00een organism ca progesteronul; acesta \u00eencepe s\u0103 scad\u0103 drastic la toate femeile dup\u0103 v\u00e2rsta de 30 de ani. \u00cencep s\u0103 apar\u0103 simptome ale deficitului de progesteron, cum ar fi sc\u0103derea libidoului, cre\u0219terea \u00een greutate \u0219i probleme psihologice, inclusiv depresie.<\/span><br \/>\n<span style=\"color: #000000\">\ud83d\udc9a Acesta are un efect benefic asupra inflama\u021biilor, artritei \u0219i altor boli reumatice \u0219i alergiilor.<\/span><\/p>\n<h2><span style=\"color: #000000\">Depozitare \u0219i avertismente<\/span><\/h2>\n<p style=\"text-align: justify\"><span style=\"color: #000000\">A se p\u0103stra \u00eentr-un loc r\u0103coros \u0219i uscat, la o temperatur\u0103 de p\u00e2n\u0103 la 25 \u00b0C. P\u0103stra\u021bi suplimentul alimentar departe de accesul copiilor!<\/span><\/p>\n<p style=\"text-align: justify\"><span style=\"color: #000000\">Nu uita\u021bi importan\u021ba unei diete variate \u0219i a unui stil de via\u021b\u0103 s\u0103n\u0103tos, un supliment alimentar nu este, prin urmare, un substitut pentru o diet\u0103 echilibrat\u0103 \u0219i variat\u0103. Cantitatea sau doza zilnic\u0103 recomandat\u0103 nu trebuie s\u0103 fie dep\u0103\u0219it\u0103. Ignama s\u0103lbatic\u0103 nu este potrivit\u0103 pentru femeile \u00eens\u0103rcinate, mamele care al\u0103pteaz\u0103 \u0219i copii. De asemenea, nu este recomandat femeilor care sufer\u0103 de boli hormonale, cum ar fi endometrioza, cancerul ovarian, mamar sau uterin etc. De asemenea, este nerecomandat b\u0103rba\u021bilor care sufer\u0103 de cancer de prostat\u0103.<\/span><\/p>\n<h2><span style=\"color: #000000\">Ambalaj<\/span><\/h2>\n<p style=\"text-align: justify\"><span style=\"color: #000000\">Pung\u0103 cu fermoar nepermeabil \u00een care produsul \u00ee\u0219i p\u0103streaz\u0103 toat\u0103 prospe\u021bimea \u0219i aroma. Ambalajul protejeaz\u0103 produsul de lumin\u0103 \u0219i de aer, fiind compus din mai multe straturi de protec\u021bie pentru a p\u0103stra propriet\u0103\u021bile con\u021binutului.<\/span><\/p>\n<p style=\"text-align: justify\"><span style=\"color: #000000\">Ambalajul este foarte practic \u0219i reciclabil.<\/span><\/p>\n<h2><span style=\"color: #000000\">Origine<\/span><\/h2>\n<p style=\"text-align: justify\"><span style=\"color: #000000\">China. Avem furnizori foarte de \u00eencredere care ne trimit o analiz\u0103 chimic\u0103 detaliat\u0103 a produselor alimentare pentru fiecare lot. \u00cen mai bine de zece ani, nu am avut nicio rechemare sau alte probleme cu acest articol, nici cu alte articole de la acela\u0219i furnizor.<\/span><\/p>\n<p style=\"text-align: justify\"><span style=\"color: #000000\">Produsul este 100% certificat ecologic.<\/span><\/p>\n","protected":false},"excerpt":{"rendered":"<p>S-a demonstrat c\u0103 regleaz\u0103 dezechilibrele hormonale ale progesteronului \u0219i estrogenului at\u00e2t la b\u0103rba\u021bi, c\u00e2t \u0219i la femei. Ca urmare, poate ajuta \u0219i \u00een cazul problemelor hepatice, al durerilor menstruale, al problemelor metabolice \u0219i tiroidiene, al colesterolului \u0219i al glicemiei. Ignamele s\u0103lbatice con\u021bin o substan\u021b\u0103 asem\u0103n\u0103toare cu estrogenul (fitoestrogen) numit\u0103 diosgenin\u0103. Acesta este un ingredient complet natural care poate compensa deficien\u021bele hormonale din organism. Deficitul de progesteron apare cel mai adesea dup\u0103 v\u00e2rsta de 30 de ani sau mai t\u00e2rziu la menopauz\u0103 \u0219i poate fi, de asemenea, o cauz\u0103 a menopauzei premature.<\/p>\n<p>\ud83d\udc9a Antiinflamator.<br \/>\n\ud83d\udc9a Pentru femeile aflate la menopauz\u0103 \u0219i femeile care au probleme cu sindromul premenstrual .<br \/>\n\ud83d\udc9a Amelioreaz\u0103 problemele menstruale.<\/p>\n","protected":false},"featured_media":6558,"comment_status":"open","ping_status":"closed","template":"","meta":{"_acf_changed":false},"product_brand":[],"product_cat":[15,224,225],"product_tag":[],"class_list":{"0":"post-6557","1":"product","2":"type-product","3":"status-publish","4":"has-post-thumbnail","6":"product_cat-uncategorized","7":"product_cat-oferta","8":"product_cat-toate-produsele","10":"first","11":"instock","12":"sale","13":"taxable","14":"shipping-taxable","15":"purchasable","16":"product-type-simple"},"acf":[],"_links":{"self":[{"href":"https:\/\/fengchashop.com\/ro\/wp-json\/wp\/v2\/product\/6557","targetHints":{"allow":["GET"]}}],"collection":[{"href":"https:\/\/fengchashop.com\/ro\/wp-json\/wp\/v2\/product"}],"about":[{"href":"https:\/\/fengchashop.com\/ro\/wp-json\/wp\/v2\/types\/product"}],"replies":[{"embeddable":true,"href":"https:\/\/fengchashop.com\/ro\/wp-json\/wp\/v2\/comments?post=6557"}],"wp:featuredmedia":[{"embeddable":true,"href":"https:\/\/fengchashop.com\/ro\/wp-json\/wp\/v2\/media\/6558"}],"wp:attachment":[{"href":"https:\/\/fengchashop.com\/ro\/wp-json\/wp\/v2\/media?parent=6557"}],"wp:term":[{"taxonomy":"product_brand","embeddable":true,"href":"https:\/\/fengchashop.com\/ro\/wp-json\/wp\/v2\/product_brand?post=6557"},{"taxonomy":"product_cat","embeddable":true,"href":"https:\/\/fengchashop.com\/ro\/wp-json\/wp\/v2\/product_cat?post=6557"},{"taxonomy":"product_tag","embeddable":true,"href":"https:\/\/fengchashop.com\/ro\/wp-json\/wp\/v2\/product_tag?post=6557"}],"curies":[{"name":"wp","href":"https:\/\/api.w.org\/{rel}","templated":true}]}}