{"id":6549,"date":"2022-02-06T00:00:00","date_gmt":"2022-02-05T23:00:00","guid":{"rendered":"https:\/\/fengchashop.com\/ro\/product\/bach-renunta-la-consiliere\/"},"modified":"2026-01-21T18:17:44","modified_gmt":"2026-01-21T17:17:44","slug":"bach-renunta-la-consiliere","status":"publish","type":"product","link":"https:\/\/fengchashop.com\/ro\/product\/bach-renunta-la-consiliere\/","title":{"rendered":"Bach renun\u021b\u0103 la consiliere"},"content":{"rendered":"<h2><span style=\"color: #000000;\">Bach renun\u021b\u0103 la consiliere<\/span><\/h2>\n<p><span style=\"color: #000000;\">Vrei s\u0103 preiei controlul asupra emo\u021biilor tale, s\u0103 g\u0103se\u0219ti armonie \u0219i pace interioar\u0103? Dac\u0103 ai r\u0103spuns da cel pu\u021bin o dat\u0103, terapia cu esen\u021be de flori de Bach poate fi solu\u021bia potrivit\u0103 pentru problemele tale.<\/span><\/p>\n<p><span style=\"color: #000000;\">Trimite-ne o scurt\u0103 descriere a problemelor pe care vrei s\u0103 le rezolvi.<\/span><\/p>\n<p><span style=\"color: #000000;\">dr. Edvard Bach, medic \u0219i homeopat, a descoperit 38 de esen\u021be de flori pentru st\u0103ri emo\u021bionale individuale \u00een anii 1930. Pic\u0103turile Bach ac\u021bioneaz\u0103 eficient \u00eempotriva diferitelor suferin\u021be emo\u021bionale ale individului. Nu au efecte secundare \u0219i sunt u\u0219or de utilizat. Ele ajut\u0103 \u00een diverse crize \u0219i situa\u021bii dificile de via\u021b\u0103.<\/span><\/p>\n<p><span style=\"color: #000000;\">Sunt potrivite pentru toate persoanele (femei \u00eens\u0103rcinate, b\u0103tr\u00e2ni, copii,&#8230;) \u0219i animale. Nu au efecte secundare, nu pot fi supradozate \u0219i nu creeaz\u0103 dependen\u021b\u0103.<\/span><\/p>\n<p><span style=\"color: #000000;\">Primele rezultate le pute\u021bi observa dup\u0103 c\u00e2teva zile sau s\u0103pt\u0103m\u00e2ni, depinde de fiecare individ.<\/span><\/p>\n<p><span style=\"color: #000000;\">Nu afecteaz\u0103 alte medicamente.<\/span><\/p>\n<p><span style=\"color: #000000;\">Cu ajutorul pic\u0103turilor Bach, prelu\u0103m controlul asupra emo\u021biilor noastre, g\u0103sim armonie \u0219i pace interioar\u0103. Amestecuri de pic\u0103turi Bach sunt preparate dup\u0103 metoda Dr. Bach \u0219i folosim doar esen\u021be originale Bach.<\/span><\/p>\n<h2><span style=\"color: #000000;\">Alegerea pic\u0103turilor<\/span><\/h2>\n<p><span style=\"color: #000000;\">Un consultant Bach certificat iti pregateste un amestec special conform descrierii trimise. Trimite\u021bi-ne un e-mail (info@fengcha.si) sau completa\u021bi caseta de mai sus \u0219i ad\u0103uga\u021bi articolul \u00een co\u0219. Dup\u0103 plasarea comenzii, v\u0103 vom preg\u0103ti amestecul personalizat.<\/span><br \/>\n<span style=\"color: #000000;\">Pic\u0103turile sunt preg\u0103tite manual \u0219i din mers \u00een ziua expedierii.<\/span><\/p>\n<h2><span style=\"color: #000000;\">Depozitare<\/span><\/h2>\n<p><span style=\"color: #000000;\">A se p\u0103stra \u00eentr-un loc uscat \u0219i \u00eentunecat, la o temperatur\u0103 de p\u00e2n\u0103 la +25 \u00b0C.<\/span><\/p>\n<h2><span style=\"color: #000000;\">Cantitate<\/span><\/h2>\n<p><span style=\"color: #000000;\">30 ml (suficient pentru 30 de zile de aport regulat)<\/span><\/p>\n","protected":false},"excerpt":{"rendered":"<p>Pic\u0103turile Bach ac\u021bioneaz\u0103 eficient \u00eempotriva diferitelor suferin\u021be emo\u021bionale ale individului. Ele ajut\u0103 \u00een diverse crize \u0219i situa\u021bii dificile de via\u021b\u0103. Cu ei, ne lini\u0219tim \u0219i p\u0103str\u0103m capul calm. Ac\u0163ioneaz\u0103 asupra st\u0103rii noastre emo\u0163ionale \u015fi ajut\u0103 la armonizarea acesteia.<\/p>\n<p>\ud83d\udc9a Pic\u0103turile se ambaleaz\u0103 manual, la fa\u021ba locului \u00een ziua expedierii.<br \/>\n\ud83d\udc9a Sunt potrivite pentru toate persoanele (femei \u00eens\u0103rcinate, b\u0103tr\u00e2ni, copii,&#8230;) \u0219i animale.<br \/>\n\ud83d\udc9a Nu au efecte secundare, nu creeaz\u0103 dependen\u021b\u0103 \u0219i nu pot fi supradozate.<br \/>\n\ud83d\udc9a Primele rezultate le pute\u021bi observa dup\u0103 c\u00e2teva zile sau s\u0103pt\u0103m\u00e2ni, depinde de fiecare individ.<br \/>\n\ud83d\udc9a Nu afecteaz\u0103 alte medicamente.<\/p>\n","protected":false},"featured_media":6539,"comment_status":"open","ping_status":"closed","template":"","meta":{"_acf_changed":false},"product_brand":[],"product_cat":[15,237,224,225],"product_tag":[],"class_list":{"0":"post-6549","1":"product","2":"type-product","3":"status-publish","4":"has-post-thumbnail","6":"product_cat-uncategorized","7":"product_cat-bach-picaturi","8":"product_cat-oferta","9":"product_cat-toate-produsele","11":"first","12":"instock","13":"taxable","14":"shipping-taxable","15":"purchasable","16":"product-type-simple"},"acf":[],"_links":{"self":[{"href":"https:\/\/fengchashop.com\/ro\/wp-json\/wp\/v2\/product\/6549","targetHints":{"allow":["GET"]}}],"collection":[{"href":"https:\/\/fengchashop.com\/ro\/wp-json\/wp\/v2\/product"}],"about":[{"href":"https:\/\/fengchashop.com\/ro\/wp-json\/wp\/v2\/types\/product"}],"replies":[{"embeddable":true,"href":"https:\/\/fengchashop.com\/ro\/wp-json\/wp\/v2\/comments?post=6549"}],"wp:featuredmedia":[{"embeddable":true,"href":"https:\/\/fengchashop.com\/ro\/wp-json\/wp\/v2\/media\/6539"}],"wp:attachment":[{"href":"https:\/\/fengchashop.com\/ro\/wp-json\/wp\/v2\/media?parent=6549"}],"wp:term":[{"taxonomy":"product_brand","embeddable":true,"href":"https:\/\/fengchashop.com\/ro\/wp-json\/wp\/v2\/product_brand?post=6549"},{"taxonomy":"product_cat","embeddable":true,"href":"https:\/\/fengchashop.com\/ro\/wp-json\/wp\/v2\/product_cat?post=6549"},{"taxonomy":"product_tag","embeddable":true,"href":"https:\/\/fengchashop.com\/ro\/wp-json\/wp\/v2\/product_tag?post=6549"}],"curies":[{"name":"wp","href":"https:\/\/api.w.org\/{rel}","templated":true}]}}