{"id":6544,"date":"2022-02-06T00:00:00","date_gmt":"2022-02-05T23:00:00","guid":{"rendered":"https:\/\/fengchashop.com\/ro\/product\/bachove-kapljice-utrujenost\/"},"modified":"2026-01-28T17:43:43","modified_gmt":"2026-01-28T16:43:43","slug":"picaturi-de-bach-oboseala","status":"publish","type":"product","link":"https:\/\/fengchashop.com\/ro\/product\/picaturi-de-bach-oboseala\/","title":{"rendered":"Pic\u0103turi de Bach oboseal\u0103"},"content":{"rendered":"<h2><span style=\"color: #000000;\">Pic\u0103turi de Bach oboseal\u0103<\/span><\/h2>\n<p><span style=\"color: #000000;\">Oboseala \u0219i insomnia apar de obicei \u00een acela\u0219i timp. Cu toate acestea, oboseala nu trebuie neap\u0103rat s\u0103 fie cauzat\u0103 de insomnie. Oboseala poate fi, de asemenea, asociat\u0103 cu burnout, care este o form\u0103 mai sever\u0103 de oboseal\u0103 care duce adesea la o c\u0103dere psihofizic\u0103. Oboseala este, de fapt, un r\u0103spuns normal la dezechilibrele din corpul nostru. Putem fi pur \u0219i simplu deficitari \u00een anumite substan\u021be nutritive, minerale sau vitamine. Putem fi prea epuiza\u021bi din punct de vedere fizic sau mental. Nu dormim \u0219i nu ne odihnim suficient. Oricare ar fi cauza, putem face noi \u00een\u0219ine multe prin efectuarea unor schimb\u0103ri. A\u0219adar, cu o diet\u0103 adecvat\u0103, un efort fizic \u0219i mental moderat (s\u0103 ne \u00eenv\u0103\u021b\u0103m limitele \u0219i s\u0103 le respect\u0103m) \u0219i \u00eencredere \u00een noi \u00een\u0219ine. Terapia cu pic\u0103turi de Bach poate fi, de asemenea, foarte util\u0103.<\/span><\/p>\n<p><span style=\"color: #000000;\">Este posibil s\u0103 observa\u021bi primele rezultate dup\u0103 c\u00e2teva zile sau s\u0103pt\u0103m\u00e2ni, depinde de fiecare individ \u00een parte. Amestecul preparat va dura 30 de zile, pur \u0219i simplu aplica\u021bi direct \u00een gur\u0103 sau picura\u021bi \u00eentr-un pahar cu ap\u0103.<\/span><\/p>\n<p><span style=\"color: #000000;\">Terapia Bach promoveaz\u0103 autovindecarea \u0219i relaxarea spiritual\u0103. Conform teoriei doctorului Bach, cauza bolilor se afl\u0103 \u00eentr-o stare nearmonioas\u0103 sau o lips\u0103 de armonie \u00eentre trup \u0219i suflet. Cu ajutorul esen\u021belor florale, \u00eencerc\u0103m s\u0103 vindec\u0103m bolile prin valorificarea propriet\u0103\u021bilor pozitive ale florilor pentru a ne ajuta s\u0103 restabilim echilibrul \u00een interiorul nostru.<\/span><\/p>\n<p><span style=\"color: #000000;\">Pic\u0103turile Bach sunt preparate conform metodei doctorului Bach, folosind numai esen\u021be originale Bach.<\/span><\/p>\n<p><span style=\"color: #000000;\">Pic\u0103turile Bach sunt luate dintr-o sticl\u0103 cu o pipet\u0103 ata\u0219at\u0103, ceea ce face ca dozarea s\u0103 fie extrem de u\u0219oar\u0103. Se iau 4 pic\u0103turi de 4 ori pe zi, repartizate pe parcursul zilei. Flaconul pe care \u00eel primi\u021bi este suficient pentru 1 lun\u0103 de terapie.<\/span><\/p>\n<p><span style=\"color: #000000;\">Fiecare flacon din amestecul selectat este preparat manual \u0219i \u00een timp real. Pentru a p\u0103stra amestecul proasp\u0103t pentru mai mult timp, folosim pu\u021bin alcool (coniac). Amestecul are un termen de valabilitate de 1 lun\u0103 de la data cump\u0103r\u0103rii.<\/span><\/p>\n<p><span style=\"color: #000000;\">Deoarece pic\u0103turile de Bach nu au efecte secundare, nu pot fi supradozate \u0219i nu creeaz\u0103 dependen\u021b\u0103. Sunt potrivite pentru toat\u0103 lumea &#8211; femei \u00eens\u0103rcinate, mame care al\u0103pteaz\u0103, persoane \u00een v\u00e2rst\u0103, copii \u0219i animale.<\/span><\/p>\n<p><span style=\"color: #000000;\">Nu interac\u021bioneaz\u0103 cu alte medicamente.<\/span><\/p>\n<h2><span style=\"color: #000000;\">Depozitare<\/span><\/h2>\n<p><span style=\"color: #000000;\">A se p\u0103stra \u00eentr-un loc uscat \u0219i \u00eentunecat, la o temperatur\u0103 de p\u00e2n\u0103 la +25 \u00b0C.<\/span><\/p>\n<h2><span style=\"color: #000000;\">Cantitate<\/span><\/h2>\n<p><span style=\"color: #000000;\">30 ml (suficient pentru 30 de zile de utilizare regulat\u0103)<\/span><\/p>\n","protected":false},"excerpt":{"rendered":"<p>Pic\u0103turile de Bach sunt eficiente \u00eempotriva diferitelor tulbur\u0103ri emo\u021bionale. Ele ajut\u0103 \u00een diverse crize \u0219i situa\u021bii dificile de via\u021b\u0103. Ele ajut\u0103 la calmarea \u0219i la men\u021binerea unui cap calm. Ele ac\u021bioneaz\u0103 asupra st\u0103rii noastre emo\u021bionale \u0219i ajut\u0103 la armonizarea acesteia.<\/p>\n<p>\ud83d\udc9a Pic\u0103turile sunt ambalate manual, \u00een ziua expedierii.<br \/>\n\ud83d\udc9a Sunt potrivite pentru toate persoanele (femei \u00eens\u0103rcinate, b\u0103tr\u00e2ni, copii,&#8230;) \u0219i pentru animale.<br \/>\n\ud83d\udc9a Nu au efecte secundare, nu creeaz\u0103 dependen\u021b\u0103 \u0219i nu pot fi supradozate.<br \/>\n\ud83d\udc9a Este posibil s\u0103 observa\u021bi primele rezultate dup\u0103 c\u00e2teva zile sau s\u0103pt\u0103m\u00e2ni, acest lucru depinde de fiecare individ \u00een parte.<br \/>\n\ud83d\udc9a Nu interac\u021bioneaz\u0103 cu alte medicamente.<\/p>\n","protected":false},"featured_media":6539,"comment_status":"open","ping_status":"closed","template":"","meta":{"_acf_changed":false},"product_brand":[],"product_cat":[15,237,224,225],"product_tag":[],"class_list":{"0":"post-6544","1":"product","2":"type-product","3":"status-publish","4":"has-post-thumbnail","6":"product_cat-uncategorized","7":"product_cat-bach-picaturi","8":"product_cat-oferta","9":"product_cat-toate-produsele","11":"first","12":"instock","13":"sale","14":"taxable","15":"shipping-taxable","16":"purchasable","17":"product-type-simple"},"acf":[],"_links":{"self":[{"href":"https:\/\/fengchashop.com\/ro\/wp-json\/wp\/v2\/product\/6544","targetHints":{"allow":["GET"]}}],"collection":[{"href":"https:\/\/fengchashop.com\/ro\/wp-json\/wp\/v2\/product"}],"about":[{"href":"https:\/\/fengchashop.com\/ro\/wp-json\/wp\/v2\/types\/product"}],"replies":[{"embeddable":true,"href":"https:\/\/fengchashop.com\/ro\/wp-json\/wp\/v2\/comments?post=6544"}],"wp:featuredmedia":[{"embeddable":true,"href":"https:\/\/fengchashop.com\/ro\/wp-json\/wp\/v2\/media\/6539"}],"wp:attachment":[{"href":"https:\/\/fengchashop.com\/ro\/wp-json\/wp\/v2\/media?parent=6544"}],"wp:term":[{"taxonomy":"product_brand","embeddable":true,"href":"https:\/\/fengchashop.com\/ro\/wp-json\/wp\/v2\/product_brand?post=6544"},{"taxonomy":"product_cat","embeddable":true,"href":"https:\/\/fengchashop.com\/ro\/wp-json\/wp\/v2\/product_cat?post=6544"},{"taxonomy":"product_tag","embeddable":true,"href":"https:\/\/fengchashop.com\/ro\/wp-json\/wp\/v2\/product_tag?post=6544"}],"curies":[{"name":"wp","href":"https:\/\/api.w.org\/{rel}","templated":true}]}}