{"id":6538,"date":"2022-02-06T00:00:00","date_gmt":"2022-02-05T23:00:00","guid":{"rendered":"https:\/\/fengchashop.com\/ro\/product\/bach-picaturi\/"},"modified":"2026-01-21T18:17:46","modified_gmt":"2026-01-21T17:17:46","slug":"bach-picaturi","status":"publish","type":"product","link":"https:\/\/fengchashop.com\/ro\/product\/bach-picaturi\/","title":{"rendered":"Bach picaturi"},"content":{"rendered":"<h2><span style=\"color: #000000;\">Bach picaturi &#8211; f\u0103-o singur<\/span><\/h2>\n<p><span style=\"color: #000000;\">Vrei s\u0103 preiei controlul asupra emo\u021biilor tale, s\u0103 g\u0103se\u0219ti armonie \u0219i pace interioar\u0103?<\/span><\/p>\n<p><span style=\"color: #000000;\">dr. Edvard Bach descoper\u0103 38 de esen\u021be de flori pentru st\u0103ri emo\u021bionale individuale. Pic\u0103turile Bach ac\u021bioneaz\u0103 eficient \u00eempotriva diferitelor suferin\u021be emo\u021bionale ale individului. Pic\u0103turile nu au efecte secundare \u0219i sunt u\u0219or de utilizat. Ele ajut\u0103 \u00een diverse crize \u0219i situa\u021bii dificile de via\u021b\u0103. Cu ei, ne lini\u0219tim \u0219i p\u0103str\u0103m capul calm. Ac\u0163ioneaz\u0103 asupra st\u0103rii noastre emo\u0163ionale \u015fi ajut\u0103 la armonizarea acesteia.<\/span><\/p>\n<p><span style=\"color: #000000;\">&#8211; Sunt potrivite pentru toate persoanele (femei \u00eens\u0103rcinate, b\u0103tr\u00e2ni, copii,&#8230;) \u0219i animale.<\/span><\/p>\n<p><span style=\"color: #000000;\">&#8211; Nu au efecte secundare, nu creeaz\u0103 dependen\u021b\u0103 \u0219i nu pot fi supradozate.<\/span><\/p>\n<p><span style=\"color: #000000;\">&#8211; Primele rezultate poti observa dupa cateva zile sau saptamani, depinde de fiecare individ.<\/span><\/p>\n<p><span style=\"color: #000000;\">&#8211; Nu afecteaz\u0103 alte medicamente.<\/span><\/p>\n<p><span style=\"color: #000000;\">&#8211; Picaturile se ambaleaza manual, la fata locului in ziua expedierii.<\/span><\/p>\n<p><span style=\"color: #000000;\">Cu ajutorul pic\u0103turilor Bach, prelu\u0103m controlul asupra emo\u021biilor noastre, g\u0103sim armonie \u0219i pace interioar\u0103. Amestecuri de pic\u0103turi Bach sunt preparate dup\u0103 metoda Dr. Bach \u0219i cu esen\u021be originale Bach.<\/span><\/p>\n<p><span style=\"color: #000000;\">Dac\u0103 nu \u0219tii ce esen\u021be \u021bi se potrivesc, alege serviciul de <a href=\"https:\/\/ro.fengchashop.com\/product\/bach-renunta-la-consiliere\/\">consultan\u021b\u0103 Bach<\/a>.<\/span><\/p>\n<h2><span style=\"color: #000000;\">Alegerea pic\u0103turilor<\/span><\/h2>\n<p>Po\u021bi alege amestecul t\u0103u de pic\u0103turi Bach \u00een func\u021bie de starea ta emo\u021bional\u0103 actual\u0103. Selecteaz\u0103 p\u00e2n\u0103 la <strong data-start=\"3703\" data-end=\"3724\">7 esen\u021be diferite<\/strong> din lista de mai jos. Te rug\u0103m s\u0103 le men\u021bionezi \u00een <strong data-start=\"3778\" data-end=\"3806\">c\u00e2mpul pentru observa\u021bii<\/strong> la finalizarea comenzii. Dup\u0103 primirea comenzii, vom preg\u0103ti amestecul t\u0103u personalizat.<\/p>\n<h2><span style=\"color: #000000;\">Cantitate<\/span><\/h2>\n<p><span style=\"color: #000000;\">30 ml (suficient pentru o lun\u0103).<\/span><\/p>\n<h2><span style=\"color: #000000;\">Lista de esen\u021be de flori Bach<\/span><\/h2>\n<p><span style=\"color: #000000;\">AGRIMONIE: tensiune \u0219i nelini\u0219te \u00een corp, joc z\u00e2mbet, masca, nu ar\u0103ta emo\u021bii, dependen\u021b\u0103<\/span><\/p>\n<p><span style=\"color: #000000;\">ASPEN: pentru frici necunoscute, presim\u021biri rele, co\u0219maruri, oameni timizi, anxietate \u0219i nelini\u0219te<\/span><\/p>\n<p><span style=\"color: #000000;\">BEECH: critic\u0103 excesiv\u0103, ner\u0103bdare, arogan\u021b\u0103, prejudecat\u0103<\/span><\/p>\n<p><span style=\"color: #000000;\">CENTAURY: prea util, nu poate spune nu, nu poate s\u0103 stabileasc\u0103 limite \u0219i nu se poate sus\u021bine singur<\/span><\/p>\n<p><span style=\"color: #000000;\">CERATO: nehot\u0103r\u00e2rea, din cauza lipsei de \u00eencredere \u00een propria p\u0103rere, cere constant sfatul altora<\/span><\/p>\n<p><span style=\"color: #000000;\">CHERRY PLUM: frica de a pierde controlul \u0219i de a face ceva pentru tine sau pentru al\u021bii, tensiune interioar\u0103, izbucniri de furie \u0219i furie<\/span><\/p>\n<p><span style=\"color: #000000;\">BUD DE CASTAN: repetarea acelora\u0219i gre\u0219eli \u0219i obiceiuri din nou \u0219i din nou, nemul\u021bumire<\/span><\/p>\n<p><span style=\"color: #000000;\">CICOARE: manipulare, \u0219antaj, posesivitate, gelozie intens\u0103<\/span><\/p>\n<p><span style=\"color: #000000;\">CLEMATIS: somnolen\u021b\u0103, confuzie, neaten\u021bie, g\u00e2ndire distras\u0103, dificult\u0103\u021bi de concentrare<\/span><\/p>\n<p><span style=\"color: #000000;\">CRAB MER: ru\u0219ine, senza\u021bie de murd\u0103rie, perfec\u021bionism, nevoie compulsiv\u0103 de cur\u0103\u021benie<\/span><\/p>\n<p><span style=\"color: #000000;\">ELM: o sc\u0103dere momentan\u0103 a energiei atunci c\u00e2nd e\u0219ti epuizat, c\u00e2nd lucrezi pentru al\u021bi oameni, stres, supra\u00eenc\u0103rcare<\/span><\/p>\n<p><span style=\"color: #000000;\">GENTIANA: pesimism, tristete de origine cunoscuta, depresie usoara<\/span><\/p>\n<p><span style=\"color: #000000;\">GORSE: disperare, nimic nu mai are sens<\/span><\/p>\n<p><span style=\"color: #000000;\">HEATHER: vorbe\u0219te mereu despre ea \u0219i despre problemele ei, monologuri, autocomp\u0103timire, vrea s\u0103 fie \u00een centrul aten\u021biei<\/span><\/p>\n<p><span style=\"color: #000000;\">HOLLY: gelozie, m\u00e2nie activ\u0103, m\u00e2nie exterioar\u0103, ne\u00eencredere, ur\u0103<\/span><\/p>\n<p><span style=\"color: #000000;\">CAPIPIRUL: tr\u0103ie\u0219ti \u00een trecut, triste\u021be, nostalgie, melancolie<\/span><\/p>\n<p><span style=\"color: #000000;\">HORNBEAM: pentru epuizare mental\u0103 \u0219i mental\u0103, oboseal\u0103 mental\u0103, lips\u0103 de energie, oboseal\u0103 matinal\u0103, plictiseal\u0103 \u0219i rutin\u0103<\/span><\/p>\n<p><span style=\"color: #000000;\">IMPATIENS: nerabdare, impulsivitate, nerabdare, tensiune, iritabilitate, intoleranta<\/span><\/p>\n<p><span style=\"color: #000000;\">ZUDIDA: lipsa increderii in sine, sentimente de inferioritate, renuntare la presiune, nervozitate inainte de examene si performante<\/span><\/p>\n<p><span style=\"color: #000000;\">MIMULUS: pentru frici cunoscute, fric\u0103, timiditate, hipersensibilitate<\/span><\/p>\n<p><span style=\"color: #000000;\">MUSTARD: depresie de cauza necunoscuta, perioade de tristete repetata fara cauza<\/span><\/p>\n<p><span style=\"color: #000000;\">STEJAR: nu te opre\u0219ti niciodat\u0103, nu \u0219tii s\u0103 te odihne\u0219ti, burnout, pui poverile altora asupra ta, faci sacrificii<\/span><\/p>\n<p><span style=\"color: #000000;\">MASLIN: epuizare psihica si fizica, oboseala, suprasolicitare, slabiciune<\/span><\/p>\n<p><span style=\"color: #000000;\">PIN: sentiment de vinov\u0103\u021bie, mereu scuze \u0219i mul\u021bumesc prea des, autocritic\u0103 excesiv\u0103<\/span><\/p>\n<p><span style=\"color: #000000;\">CASTAN ROSIU: preocupare pentru cei dragi, legatura excesiva cu persoanele apropiate<\/span><\/p>\n<p><span style=\"color: #000000;\">ROCK ROSE: panic\u0103, teroare, fric\u0103 extrem\u0103<\/span><\/p>\n<p><span style=\"color: #000000;\">ROCK WATER: tensiune, rigiditate, perfec\u021bionism<\/span><\/p>\n<p><span style=\"color: #000000;\">SCLERANTHUS: nehot\u0103r\u00e2re, instabilitate, diviziune mental\u0103 \u00eentre dou\u0103 op\u021biuni, schimbare constant\u0103 a opiniilor \u0219i st\u0103rilor de spirit<\/span><\/p>\n<p><span style=\"color: #000000;\">STEAUA BETLEMULUI: pentru tulbur\u0103ri fizice \u0219i psihice, \u0219ocuri, traume trecute \u0219i prezente, te ajut\u0103 s\u0103 te ridici dup\u0103 toate \u00eencerc\u0103rile vie\u021bii<\/span><\/p>\n<p><span style=\"color: #000000;\">CASTAN\u0102 DULCE: test sever de via\u021b\u0103 pe care nu \u00eel putem trece, doliu<\/span><\/p>\n<p><span style=\"color: #000000;\">VERVINA: entuziasm excesiv, fanatism, \u00eei convinge pe al\u021bii c\u0103 ideile lui sunt cele mai bune<\/span><\/p>\n<p><span style=\"color: #000000;\">VI\u021a\u0102: Conduc\u0103tor, comand\u0103, tiranie, autoritate, stricte\u021be<\/span><\/p>\n<p><span style=\"color: #000000;\">NUC: pentru noi pa\u0219i \u00een via\u021b\u0103 (divor\u021b, mutare, pensionare, pubertate, criz\u0103 de mijloc, menopauz\u0103&#8230;), pentru un somn mai bun, ajut\u0103 la g\u0103sirea bioritmului<\/span><\/p>\n<p><span style=\"color: #000000;\">WATER VIOLET: pentru oameni nobili c\u0103rora le place s\u0103 fie singuri<\/span><\/p>\n<p><span style=\"color: #000000;\">CASTAN ALB: g\u00e2nduri care ne trec constant prin cap, probleme de concentrare \u0219i insomnie<\/span><\/p>\n<p><span style=\"color: #000000;\">OVAZ SALBATIC: nu-si gaseste sensul vietii, nu are nici un scop<\/span><\/p>\n<p><span style=\"color: #000000;\">TRANDAFIAR SALBAT\u0102: angajament fa\u021b\u0103 de soart\u0103, indiferen\u021b\u0103, apatie<\/span><\/p>\n<p><span style=\"color: #000000;\">WILLOW: m\u00e2nie reprimat\u0103, rol de victim\u0103, \u00eenvinuie\u0219te \u00eentotdeauna pe al\u021bii \u0219i nu \u00ee\u0219i asum\u0103 responsabilitatea pentru ac\u021biunile lor, este amar, jignit, nemul\u021bumit \u0219i sup\u0103r\u0103tor<\/span><\/p>\n","protected":false},"excerpt":{"rendered":"<p>Pic\u0103turile Bach ac\u021bioneaz\u0103 eficient \u00eempotriva diferitelor suferin\u021be emo\u021bionale ale individului. Ele ajut\u0103 \u00een diverse crize \u0219i situa\u021bii dificile de via\u021b\u0103. Cu ei, ne lini\u0219tim \u0219i p\u0103str\u0103m capul calm. Ac\u0163ioneaz\u0103 asupra st\u0103rii noastre emo\u0163ionale \u015fi ajut\u0103 la armonizarea acesteia.<\/p>\n<p>\ud83d\udc9a Pic\u0103turile se ambaleaz\u0103 manual, la fa\u021ba locului \u00een ziua expedierii.<br \/>\n\ud83d\udc9a Sunt potrivite pentru toate persoanele (femei \u00eens\u0103rcinate, b\u0103tr\u00e2ni, copii,&#8230;) \u0219i animale.<br \/>\n\ud83d\udc9a Nu au efecte secundare, nu creeaz\u0103 dependen\u021b\u0103 \u0219i nu pot fi supradozate.<br \/>\n\ud83d\udc9a Primele rezultate le pute\u021bi observa dup\u0103 c\u00e2teva zile sau s\u0103pt\u0103m\u00e2ni, depinde de fiecare individ.<br \/>\n\ud83d\udc9a Nu afecteaz\u0103 alte medicamente.<\/p>\n","protected":false},"featured_media":6539,"comment_status":"open","ping_status":"closed","template":"","meta":{"_acf_changed":false},"product_brand":[],"product_cat":[15,237,224,225],"product_tag":[],"class_list":{"0":"post-6538","1":"product","2":"type-product","3":"status-publish","4":"has-post-thumbnail","6":"product_cat-uncategorized","7":"product_cat-bach-picaturi","8":"product_cat-oferta","9":"product_cat-toate-produsele","11":"first","12":"instock","13":"taxable","14":"shipping-taxable","15":"purchasable","16":"product-type-simple"},"acf":[],"_links":{"self":[{"href":"https:\/\/fengchashop.com\/ro\/wp-json\/wp\/v2\/product\/6538","targetHints":{"allow":["GET"]}}],"collection":[{"href":"https:\/\/fengchashop.com\/ro\/wp-json\/wp\/v2\/product"}],"about":[{"href":"https:\/\/fengchashop.com\/ro\/wp-json\/wp\/v2\/types\/product"}],"replies":[{"embeddable":true,"href":"https:\/\/fengchashop.com\/ro\/wp-json\/wp\/v2\/comments?post=6538"}],"wp:featuredmedia":[{"embeddable":true,"href":"https:\/\/fengchashop.com\/ro\/wp-json\/wp\/v2\/media\/6539"}],"wp:attachment":[{"href":"https:\/\/fengchashop.com\/ro\/wp-json\/wp\/v2\/media?parent=6538"}],"wp:term":[{"taxonomy":"product_brand","embeddable":true,"href":"https:\/\/fengchashop.com\/ro\/wp-json\/wp\/v2\/product_brand?post=6538"},{"taxonomy":"product_cat","embeddable":true,"href":"https:\/\/fengchashop.com\/ro\/wp-json\/wp\/v2\/product_cat?post=6538"},{"taxonomy":"product_tag","embeddable":true,"href":"https:\/\/fengchashop.com\/ro\/wp-json\/wp\/v2\/product_tag?post=6538"}],"curies":[{"name":"wp","href":"https:\/\/api.w.org\/{rel}","templated":true}]}}