{"id":6497,"date":"2022-01-06T00:00:00","date_gmt":"2022-01-05T23:00:00","guid":{"rendered":"https:\/\/fengchashop.com\/ro\/product\/matcha-bio-125-g\/"},"modified":"2026-04-29T12:29:33","modified_gmt":"2026-04-29T10:29:33","slug":"matcha-bio","status":"publish","type":"product","link":"https:\/\/fengchashop.com\/ro\/product\/matcha-bio\/","title":{"rendered":"Matcha BIO 250 g"},"content":{"rendered":"<h2 style=\"text-align: justify;\"><span style=\"color: #000000;\">Matcha bio<\/span><\/h2>\n<p style=\"text-align: justify;\"><span style=\"color: #000000;\">Popularul matcha este de fapt un<strong> ceai verde sub form\u0103 de pulbere<\/strong>. Versiunea noastr\u0103 de matcha este destinat\u0103 \u00een primul r\u00e2nd g\u0103titului \u0219i, ca atare, este de \u00eenalt\u0103 calitate.<\/span><\/p>\n<p style=\"text-align: justify;\"><span style=\"color: #000000;\">Matcha este <strong>ceaiul de cea mai bun\u0103 calitate, cu un caracter puternic<\/strong>. Planta de ceai matcha este cultivat\u0103 la umbr\u0103 timp de cel pu\u021bin o lun\u0103 \u00eenainte de recoltare, iar frunzele de ceai sunt cur\u0103\u021bate de nervurile \u0219i tulpinile frunzelor \u00eenainte de prelucrare. Frunzele de ceai produse \u00een acest mod sunt extrem de <strong>bogate \u00een cofein\u0103 \u0219i tein\u0103<\/strong>. De mul\u021bi ani, matcha este cunoscut ca fiind ceaiul c\u0103lug\u0103rilor budi\u0219ti, care \u00eel beau pentru a se concentra, a se focaliza \u0219i a-\u0219i limpezi mintea.<\/span><\/p>\n<p style=\"text-align: justify;\"><span style=\"color: #000000;\">Acesta con\u021bine multe ingrediente care au un efect <strong>antioxidant<\/strong> asupra organismului. A\u0219a cum este tipic pentru ceaiul verde, con\u021bine <strong>polifenoli<\/strong> \u0219i <strong>flavonoide<\/strong>. De asemenea, este bogat \u00een vitaminele A, B, C \u0219i E. Toate acestea contribuie la propriet\u0103\u021bile antiinflamatorii \u0219i de stimulare a imunit\u0103\u021bii ale ceaiului verde matcha. De asemenea, nu este la fel de amar ca unele ceaiuri verzi, datorit\u0103 a\u0219a-numitelor catechine, care nu sunt abundente \u00een ceaiul matcha datorit\u0103 produc\u021biei sale speciale cultivate la umbr\u0103. \u00cen plus, matcha ne \u021bine \u00een picioare datorit\u0103 con\u021binutului s\u0103u ridicat de tein\u0103 \u0219i cofein\u0103, dar nu provoac\u0103 agita\u021bia caracteristic\u0103 pe care o resimt adesea cei care beau prea mult\u0103 cafea.<\/span><\/p>\n<h2 style=\"text-align: justify;\"><span style=\"color: #000000;\">Depozitare \u0219i avertismente<\/span><\/h2>\n<p style=\"text-align: justify;\"><span style=\"color: #000000;\">A se p\u0103stra \u00eentr-un loc uscat, \u00eentunecat \u0219i r\u0103coros. Asigura\u021bi-v\u0103 c\u0103 punga sau cutia este bine \u00eenchis\u0103. Produsul poate fi depozitat \u0219i \u00een frigider.<\/span><\/p>\n<h2 style=\"text-align: justify;\"><span style=\"color: #000000;\">Ambalare<\/span><\/h2>\n<p style=\"text-align: justify;\"><span style=\"color: #000000;\">Pung\u0103 cu fermoar nepermeabil, \u00een care produsul \u00ee\u0219i p\u0103streaz\u0103 toat\u0103 prospe\u021bimea \u0219i aroma. Ambalajul protejeaz\u0103 produsul de lumin\u0103 \u0219i de aer, deoarece este compus din mai multe straturi de protec\u021bie pentru a p\u0103stra propriet\u0103\u021bile con\u021binutului.<\/span><\/p>\n<p style=\"text-align: justify;\"><span style=\"color: #000000;\">Ambalajul este foarte practic \u0219i reciclabil.<\/span><\/p>\n<h2 style=\"text-align: justify;\"><span style=\"color: #000000;\">Origine<\/span><\/h2>\n<p style=\"text-align: justify;\"><span style=\"color: #000000;\">China. <span class=\"jCAhz ChMk0b\"><span class=\"ryNqvb\">Avem furnizori foarte de \u00eencredere care ne trimit o analiz\u0103 chimic\u0103 detaliat\u0103 a alimentelor pentru fiecare lot.<\/span><\/span> <span class=\"jCAhz ChMk0b\"><span class=\"ryNqvb\">\u00cen mai bine de zece ani, nu am avut nicio rechemare sau alte probleme cu acest articol, nici cu alte articole de la acela\u0219i furnizor.<\/span><\/span><\/span><\/p>\n","protected":false},"excerpt":{"rendered":"<p>Matcha este un ceai verde de cea mai bun\u0103 calitate. Ceaiul Matcha este b\u0103utura c\u0103lug\u0103rilor budi\u0219ti, care \u00eel beau pentru a se concentra, a se focaliza \u0219i a-\u0219i limpezi mintea. Acesta con\u021bine multe ingrediente care au un efect antioxidant asupra organismului nostru. A\u0219a cum este tipic pentru ceaiul verde, acesta con\u021bine polifenoli \u0219i flavonoide. De asemenea, este bogat \u00een vitaminele A, B, C \u0219i E. Toate acestea contribuie la propriet\u0103\u021bile antiinflamatorii \u0219i de stimulare a imunit\u0103\u021bii ale ceaiului verde matcha. De asemenea, nu este la fel de amar ca unele ceaiuri verzi, datorit\u0103 a\u0219a-numitelor catechine, care nu abund\u0103 \u00een ceaiul matcha datorit\u0103 produc\u021biei sale speciale cultivate la umbr\u0103.<\/p>\n<p>\ud83d\udc9a Este plin de antioxidan\u021bi, aminoacizi \u0219i alte efecte benefice.<br \/>\n\ud83d\udc9a Produc\u021bie organic\u0103.<br \/>\n\ud83d\udc9a Calitate premium.<\/p>\n","protected":false},"featured_media":7543,"comment_status":"open","ping_status":"closed","template":"","meta":{"_acf_changed":false},"product_brand":[],"product_cat":[15,205,224,225],"product_tag":[],"class_list":{"0":"post-6497","1":"product","2":"type-product","3":"status-publish","4":"has-post-thumbnail","6":"product_cat-uncategorized","7":"product_cat-ceai-mancare-condimente","8":"product_cat-oferta","9":"product_cat-toate-produsele","11":"first","12":"instock","13":"sale","14":"taxable","15":"shipping-taxable","16":"purchasable","17":"product-type-simple"},"acf":[],"_links":{"self":[{"href":"https:\/\/fengchashop.com\/ro\/wp-json\/wp\/v2\/product\/6497","targetHints":{"allow":["GET"]}}],"collection":[{"href":"https:\/\/fengchashop.com\/ro\/wp-json\/wp\/v2\/product"}],"about":[{"href":"https:\/\/fengchashop.com\/ro\/wp-json\/wp\/v2\/types\/product"}],"replies":[{"embeddable":true,"href":"https:\/\/fengchashop.com\/ro\/wp-json\/wp\/v2\/comments?post=6497"}],"wp:featuredmedia":[{"embeddable":true,"href":"https:\/\/fengchashop.com\/ro\/wp-json\/wp\/v2\/media\/7543"}],"wp:attachment":[{"href":"https:\/\/fengchashop.com\/ro\/wp-json\/wp\/v2\/media?parent=6497"}],"wp:term":[{"taxonomy":"product_brand","embeddable":true,"href":"https:\/\/fengchashop.com\/ro\/wp-json\/wp\/v2\/product_brand?post=6497"},{"taxonomy":"product_cat","embeddable":true,"href":"https:\/\/fengchashop.com\/ro\/wp-json\/wp\/v2\/product_cat?post=6497"},{"taxonomy":"product_tag","embeddable":true,"href":"https:\/\/fengchashop.com\/ro\/wp-json\/wp\/v2\/product_tag?post=6497"}],"curies":[{"name":"wp","href":"https:\/\/api.w.org\/{rel}","templated":true}]}}